{"id":802,"date":"2026-03-28T17:18:15","date_gmt":"2026-03-28T15:18:15","guid":{"rendered":"https:\/\/www.organicwastetreatments.com\/accessibilitat\/"},"modified":"2026-03-31T20:08:25","modified_gmt":"2026-03-31T18:08:25","slug":"accessibilitat","status":"publish","type":"page","link":"https:\/\/www.organicwastetreatments.com\/ca\/accessibilitat\/","title":{"rendered":"Accessibilitat"},"content":{"rendered":"<div class=\"et_pb_section_0 et_pb_section et_section_regular et_block_section\">\n<div class=\"et_pb_row_0 et_pb_row et_block_row\">\n<div class=\"et_pb_column_0 et_pb_column et_pb_column_4_4 et-last-child et_block_column et_pb_css_mix_blend_mode_passthrough\">\n<div class=\"et_pb_text_0 et_pb_text et_pb_bg_layout_light et_animated et_pb_module et_block_module\"><div class=\"et_pb_text_inner\"><h1>Accessibilitat<\/h1>\n<\/div><\/div>\n<\/div>\n<\/div>\n<\/div>\n\n<div class=\"et_pb_section_1 et_pb_section et_section_regular et_block_section\">\n<div class=\"et_pb_row_1 et_pb_row et-vb-row--no-module et_block_row\">\n<div class=\"et_pb_column_1 et_pb_column et_pb_column_4_4 et-last-child et_block_column et_pb_column_empty et_pb_css_mix_blend_mode_passthrough\"><\/div>\n<\/div>\n<\/div>\n\n<div class=\"et_pb_section_2 et_pb_section et_section_regular et_block_section\">\n<div class=\"et_pb_row_2 et_pb_row et_block_row\">\n<div class=\"et_pb_column_2 et_pb_column et_pb_column_4_4 et-last-child et_block_column et_pb_css_mix_blend_mode_passthrough\">\n<div class=\"et_pb_text_1 et_pb_text et_pb_bg_layout_light et_pb_module et_block_module\"><div class=\"et_pb_text_inner\"><p><!-- wp:heading --><\/p>\n<h1 data-section-id=\"j6ry58\" data-start=\"280\" data-end=\"309\">Declaraci\u00f3 d'accessibilitat<\/h1>\n<p data-start=\"311\" data-end=\"712\"><strong data-start=\"311\" data-end=\"339\">Organic Waste Treatments<\/strong> es compromet a fer accessible el seu lloc web, de conformitat amb el <strong data-start=\"402\" data-end=\"446\">Reial decret 1112\/2018, de 7 de setembre<\/strong>, sobre l'accessibilitat dels llocs web i aplicacions per a dispositius m\u00f2bils del sector p\u00fablic, aix\u00ed com amb els requisits d'accessibilitat establerts en la norma <strong data-start=\"610\" data-end=\"627\">UNE-EN 301549<\/strong> i les <strong data-start=\"634\" data-end=\"703\">Pautes d'Accessibilitat per al Contingut Web (WCAG) 2.1 nivell AA<\/strong> del W3C.<\/p>\n<h2 data-section-id=\"4l274l\" data-start=\"714\" data-end=\"736\">Estat de compliment<\/h2>\n<p data-start=\"738\" data-end=\"919\">Aquest lloc web \u00e9s <strong data-start=\"757\" data-end=\"811\">parcialment conforme amb el Reial decret 1112\/2018<\/strong>, a causa de possibles excepcions i a alguns aspectes que es troben en proc\u00e9s de revisi\u00f3 i millora cont\u00ednua.<\/p>\n<p data-start=\"921\" data-end=\"1116\">L'objectiu \u00e9s garantir que totes les persones, independentment de les seves capacitats o del dispositiu utilitzat, puguin accedir a la informaci\u00f3 i als serveis que s'ofereixen en aquest lloc web.<\/p>\n<h2 data-section-id=\"1l1ocs5\" data-start=\"1118\" data-end=\"1144\">Contingut no accessible<\/h2>\n<p data-start=\"1146\" data-end=\"1247\">El contingut que es detalla a continuaci\u00f3 podria no ser completament accessible pels motius seg\u00fcents:<\/p>\n<h3 data-section-id=\"1mj647n\" data-start=\"1249\" data-end=\"1293\">Falta de conformitat amb el RD 1112\/2018<\/h3>\n<p data-start=\"1295\" data-end=\"1417\">Podrien existir alguns elements puntuals que no compleixin totalment tots els requisits d'accessibilitat, com ara:<\/p>\n<ul data-start=\"1419\" data-end=\"1732\">\n<li data-section-id=\"rq6rb7\" data-start=\"1419\" data-end=\"1518\">\n<p data-start=\"1421\" data-end=\"1518\">Alguns continguts multim\u00e8dia que poden no disposar de totes les alternatives textuals completes.<\/p>\n<\/li>\n<li data-section-id=\"1mlumyh\" data-start=\"1519\" data-end=\"1600\">\n<p data-start=\"1521\" data-end=\"1600\">Possibles inconsist\u00e8ncies menors en l'estructura sem\u00e0ntica d'alguns continguts.<\/p>\n<\/li>\n<li data-section-id=\"18e407x\" data-start=\"1601\" data-end=\"1732\">\n<p data-start=\"1603\" data-end=\"1732\">Alguns formularis o elements interactius que podrien presentar limitacions puntuals per a determinades tecnologies d'assist\u00e8ncia.<\/p>\n<\/li>\n<\/ul>\n<p data-start=\"1734\" data-end=\"1836\">Aquestes situacions es revisen peri\u00f2dicament amb l'objectiu de millorar l'accessibilitat del lloc web.<\/p>\n<h3 data-section-id=\"1mpnuhn\" data-start=\"1838\" data-end=\"1866\">C\u00e0rrega desproporcionada<\/h3>\n<p data-start=\"1868\" data-end=\"1878\">No s'aplica.<\/p>\n<h3 data-section-id=\"1myrwcc\" data-start=\"1880\" data-end=\"1936\">Contingut fora de l'\u00e0mbit de la legislaci\u00f3 aplicable<\/h3>\n<p data-start=\"1938\" data-end=\"2148\">Podrien existir documents en formats ofim\u00e0tics, com ara <strong data-start=\"1994\" data-end=\"2020\">PDF o altres documents<\/strong>, publicats abans de l'entrada en vigor de la normativa, que no compleixin completament amb tots els requisits d'accessibilitat.<\/p>\n<h2 data-section-id=\"z1wzqw\" data-start=\"2150\" data-end=\"2201\">Preparaci\u00f3 d'aquesta declaraci\u00f3 d'accessibilitat<\/h2>\n<p data-start=\"2203\" data-end=\"2265\">Aquesta declaraci\u00f3 es va preparar el 09\/03\/2026.<\/p>\n<p data-start=\"2267\" data-end=\"2440\">El m\u00e8tode utilitzat per preparar aquesta declaraci\u00f3 ha estat una <strong data-start=\"2332\" data-end=\"2357\">autoavaluaci\u00f3 interna<\/strong>, basada en revisions t\u00e8cniques i en eines autom\u00e0tiques d'an\u00e0lisi d'accessibilitat.<\/p>\n<p data-start=\"2442\" data-end=\"2538\">La declaraci\u00f3 ser\u00e0 revisada peri\u00f2dicament per continuar millorant l'accessibilitat del lloc web.<\/p>\n<h2 data-section-id=\"19syaux\" data-start=\"2540\" data-end=\"2575\">Observacions i dades de contacte<\/h2>\n<p data-start=\"2577\" data-end=\"2768\">Si trobeu dificultats per accedir a qualsevol contingut d'aquest lloc web o voleu realitzar alguna consulta o suggeriment relacionat amb l'accessibilitat, podeu contactar amb nosaltres a trav\u00e9s de:<\/p>\n<ul data-start=\"2770\" data-end=\"2855\">\n<li data-section-id=\"10idwvy\" data-start=\"2770\" data-end=\"2824\">\n<p data-start=\"2772\" data-end=\"2824\">Correu electr\u00f2nic:  <strong data-start=\"2791\" data-end=\"2824\"><a data-start=\"2793\" data-end=\"2822\" class=\"decorated-link cursor-pointer\" rel=\"noopener\">alter-entorn@alter-entorn.com<span aria-hidden=\"true\" class=\"ms-0.5 inline-block align-middle leading-none\"><svg xmlns=\"http:\/\/www.w3.org\/2000\/svg\" width=\"20\" height=\"20\" aria-hidden=\"true\" data-rtl-flip=\"\" class=\"block h-[0.75em] w-[0.75em] stroke-current stroke-[0.75]\"><use href=\"\/cdn\/assets\/sprites-core-ni7q5mnh.svg#304883\" fill=\"currentColor\"><\/use><\/svg><\/span><\/a><\/strong><\/p>\n<\/li>\n<li data-section-id=\"16ntr0x\" data-start=\"2825\" data-end=\"2855\">\n<p data-start=\"2827\" data-end=\"2855\">Tel\u00e8fon: <strong data-start=\"2836\" data-end=\"2855\">+34 977 407 788<\/strong><\/p>\n<\/li>\n<\/ul>\n<p data-start=\"2857\" data-end=\"2965\">Tamb\u00e9 podeu comunicar qualsevol incid\u00e8ncia d'accessibilitat o sol\u00b7licitar informaci\u00f3 en formats accessibles.<\/p>\n<h2 data-section-id=\"5m9zmr\" data-start=\"2967\" data-end=\"2993\">Procediment d'aplicaci\u00f3<\/h2>\n<p data-start=\"2995\" data-end=\"3270\">Si, una vegada realitzada una sol\u00b7licitud d'informaci\u00f3 accessible o una queixa relacionada amb l'accessibilitat, aquesta fos desestimada o no esteu d'acord amb la decisi\u00f3 adoptada, podeu iniciar una reclamaci\u00f3 conforme al procediment previst en el <strong data-start=\"3243\" data-end=\"3269\">Reial decret 1112\/2018<\/strong>.<\/p>\n<h2 data-section-id=\"1cqbktu\" data-start=\"3277\" data-end=\"3299\">Finan\u00e7ament europeu<\/h2>\n<p data-start=\"3301\" data-end=\"3492\">Aquest lloc web ha estat desenvolupat en el marc del <strong data-start=\"3354\" data-end=\"3378\">Programa Kit Digital<\/strong>, finan\u00e7at pels fons europeus <strong data-start=\"3408\" data-end=\"3430\">Next Generation EU<\/strong> dins del <strong data-start=\"3440\" data-end=\"3491\">Pla de Recuperaci\u00f3, Transformaci\u00f3 i Resili\u00e8ncia<\/strong>.<\/p>\n<p><!-- \/wp:paragraph --><\/p>\n<\/div><\/div>\n<\/div>\n<\/div>\n<\/div>\n\n<div class=\"et_pb_section_3 et_pb_section et_section_regular et_block_section\"><\/div>\n\n<div class=\"et_pb_section_4 et_pb_section et_section_regular et_block_section\">\n<div class=\"et_pb_row_3 et_pb_row et_block_row\">\n<div class=\"et_pb_column_3 et_pb_column et_pb_column_4_4 et-last-child et_block_column et_pb_css_mix_blend_mode_passthrough\">\n<div class=\"et_pb_text_2 et_pb_text et_pb_bg_layout_dark et_animated et_pb_module et_block_module et_pb_text_align_center\"><div class=\"et_pb_text_inner\"><p><strong>Trobeu la vostra soluci\u00f3 microbiol\u00f2gica!<\/strong><\/p>\n<\/div><\/div>\n\n<div class=\"et_pb_module et_pb_button_module_wrapper et_pb_button_0_wrapper\"><a class=\"et_pb_button_0 et_pb_button et_pb_bg_layout_light et_animated et_pb_module et_block_module\" href=\"https:\/\/www.organicwastetreatments.com\/ca\/?page_id=916\">Contacte<\/a><\/div>\n<\/div>\n<\/div>\n<\/div>","protected":false},"excerpt":{"rendered":"","protected":false},"author":3,"featured_media":0,"parent":0,"menu_order":0,"comment_status":"closed","ping_status":"closed","template":"","meta":{"footnotes":""},"class_list":["post-802","page","type-page","status-publish","hentry"],"yoast_head":"<!-- This site is optimized with the Yoast SEO plugin v27.0 - https:\/\/yoast.com\/product\/yoast-seo-wordpress\/ -->\n<title>Accessibilitat - Organic Waste Treatments<\/title>\n<meta name=\"description\" content=\"Organic Waste Treatments es compromet a fer accessible el seu lloc web, de conformitat amb el Reial decret 1112\/2018, de 7 de setembre\" \/>\n<meta name=\"robots\" content=\"index, follow, max-snippet:-1, max-image-preview:large, max-video-preview:-1\" \/>\n<link rel=\"canonical\" href=\"https:\/\/www.organicwastetreatments.com\/ca\/accessibilitat\/\" \/>\n<meta property=\"og:locale\" content=\"ca_ES\" \/>\n<meta property=\"og:type\" content=\"article\" \/>\n<meta property=\"og:title\" content=\"Accessibilitat - Organic Waste Treatments\" \/>\n<meta property=\"og:description\" content=\"Organic Waste Treatments es compromet a fer accessible el seu lloc web, de conformitat amb el Reial decret 1112\/2018, de 7 de setembre\" \/>\n<meta property=\"og:url\" content=\"https:\/\/www.organicwastetreatments.com\/ca\/accessibilitat\/\" \/>\n<meta property=\"og:site_name\" content=\"Organic Waste Treatments\" \/>\n<meta property=\"article:modified_time\" content=\"2026-03-31T18:08:25+00:00\" \/>\n<meta name=\"twitter:card\" content=\"summary_large_image\" \/>\n<script type=\"application\/ld+json\" class=\"yoast-schema-graph\">{\"@context\":\"https:\/\/schema.org\",\"@graph\":[{\"@type\":\"WebPage\",\"@id\":\"https:\/\/www.organicwastetreatments.com\/ca\/accessibilitat\/\",\"url\":\"https:\/\/www.organicwastetreatments.com\/ca\/accessibilitat\/\",\"name\":\"Accessibilitat - Organic Waste Treatments\",\"isPartOf\":{\"@id\":\"https:\/\/www.organicwastetreatments.com\/ca\/#website\"},\"datePublished\":\"2026-03-28T15:18:15+00:00\",\"dateModified\":\"2026-03-31T18:08:25+00:00\",\"description\":\"Organic Waste Treatments es compromet a fer accessible el seu lloc web, de conformitat amb el Reial decret 1112\/2018, de 7 de setembre\",\"breadcrumb\":{\"@id\":\"https:\/\/www.organicwastetreatments.com\/ca\/accessibilitat\/#breadcrumb\"},\"inLanguage\":\"ca\",\"potentialAction\":[{\"@type\":\"ReadAction\",\"target\":[\"https:\/\/www.organicwastetreatments.com\/ca\/accessibilitat\/\"]}]},{\"@type\":\"BreadcrumbList\",\"@id\":\"https:\/\/www.organicwastetreatments.com\/ca\/accessibilitat\/#breadcrumb\",\"itemListElement\":[{\"@type\":\"ListItem\",\"position\":1,\"name\":\"Inici\",\"item\":\"https:\/\/www.organicwastetreatments.com\/ca\/\"},{\"@type\":\"ListItem\",\"position\":2,\"name\":\"Accessibilitat\"}]},{\"@type\":\"WebSite\",\"@id\":\"https:\/\/www.organicwastetreatments.com\/ca\/#website\",\"url\":\"https:\/\/www.organicwastetreatments.com\/ca\/\",\"name\":\"Organic Waste Treatments\",\"description\":\"\",\"potentialAction\":[{\"@type\":\"SearchAction\",\"target\":{\"@type\":\"EntryPoint\",\"urlTemplate\":\"https:\/\/www.organicwastetreatments.com\/ca\/?s={search_term_string}\"},\"query-input\":{\"@type\":\"PropertyValueSpecification\",\"valueRequired\":true,\"valueName\":\"search_term_string\"}}],\"inLanguage\":\"ca\"}]}<\/script>\n<!-- \/ Yoast SEO plugin. -->","yoast_head_json":{"title":"Accessibilitat - Organic Waste Treatments","description":"Organic Waste Treatments es compromet a fer accessible el seu lloc web, de conformitat amb el Reial decret 1112\/2018, de 7 de setembre","robots":{"index":"index","follow":"follow","max-snippet":"max-snippet:-1","max-image-preview":"max-image-preview:large","max-video-preview":"max-video-preview:-1"},"canonical":"https:\/\/www.organicwastetreatments.com\/ca\/accessibilitat\/","og_locale":"ca_ES","og_type":"article","og_title":"Accessibilitat - Organic Waste Treatments","og_description":"Organic Waste Treatments es compromet a fer accessible el seu lloc web, de conformitat amb el Reial decret 1112\/2018, de 7 de setembre","og_url":"https:\/\/www.organicwastetreatments.com\/ca\/accessibilitat\/","og_site_name":"Organic Waste Treatments","article_modified_time":"2026-03-31T18:08:25+00:00","twitter_card":"summary_large_image","schema":{"@context":"https:\/\/schema.org","@graph":[{"@type":"WebPage","@id":"https:\/\/www.organicwastetreatments.com\/ca\/accessibilitat\/","url":"https:\/\/www.organicwastetreatments.com\/ca\/accessibilitat\/","name":"Accessibilitat - Organic Waste Treatments","isPartOf":{"@id":"https:\/\/www.organicwastetreatments.com\/ca\/#website"},"datePublished":"2026-03-28T15:18:15+00:00","dateModified":"2026-03-31T18:08:25+00:00","description":"Organic Waste Treatments es compromet a fer accessible el seu lloc web, de conformitat amb el Reial decret 1112\/2018, de 7 de setembre","breadcrumb":{"@id":"https:\/\/www.organicwastetreatments.com\/ca\/accessibilitat\/#breadcrumb"},"inLanguage":"ca","potentialAction":[{"@type":"ReadAction","target":["https:\/\/www.organicwastetreatments.com\/ca\/accessibilitat\/"]}]},{"@type":"BreadcrumbList","@id":"https:\/\/www.organicwastetreatments.com\/ca\/accessibilitat\/#breadcrumb","itemListElement":[{"@type":"ListItem","position":1,"name":"Inici","item":"https:\/\/www.organicwastetreatments.com\/ca\/"},{"@type":"ListItem","position":2,"name":"Accessibilitat"}]},{"@type":"WebSite","@id":"https:\/\/www.organicwastetreatments.com\/ca\/#website","url":"https:\/\/www.organicwastetreatments.com\/ca\/","name":"Organic Waste Treatments","description":"","potentialAction":[{"@type":"SearchAction","target":{"@type":"EntryPoint","urlTemplate":"https:\/\/www.organicwastetreatments.com\/ca\/?s={search_term_string}"},"query-input":{"@type":"PropertyValueSpecification","valueRequired":true,"valueName":"search_term_string"}}],"inLanguage":"ca"}]}},"_links":{"self":[{"href":"https:\/\/www.organicwastetreatments.com\/ca\/wp-json\/wp\/v2\/pages\/802","targetHints":{"allow":["GET"]}}],"collection":[{"href":"https:\/\/www.organicwastetreatments.com\/ca\/wp-json\/wp\/v2\/pages"}],"about":[{"href":"https:\/\/www.organicwastetreatments.com\/ca\/wp-json\/wp\/v2\/types\/page"}],"author":[{"embeddable":true,"href":"https:\/\/www.organicwastetreatments.com\/ca\/wp-json\/wp\/v2\/users\/3"}],"replies":[{"embeddable":true,"href":"https:\/\/www.organicwastetreatments.com\/ca\/wp-json\/wp\/v2\/comments?post=802"}],"version-history":[{"count":5,"href":"https:\/\/www.organicwastetreatments.com\/ca\/wp-json\/wp\/v2\/pages\/802\/revisions"}],"predecessor-version":[{"id":941,"href":"https:\/\/www.organicwastetreatments.com\/ca\/wp-json\/wp\/v2\/pages\/802\/revisions\/941"}],"wp:attachment":[{"href":"https:\/\/www.organicwastetreatments.com\/ca\/wp-json\/wp\/v2\/media?parent=802"}],"curies":[{"name":"wp","href":"https:\/\/api.w.org\/{rel}","templated":true}]}}