{"id":822,"date":"2026-03-28T16:16:36","date_gmt":"2026-03-28T14:16:36","guid":{"rendered":"https:\/\/www.organicwastetreatments.com\/qui-som\/"},"modified":"2026-04-02T11:13:22","modified_gmt":"2026-04-02T09:13:22","slug":"qui-som","status":"publish","type":"page","link":"https:\/\/www.organicwastetreatments.com\/ca\/qui-som\/","title":{"rendered":"Qui som"},"content":{"rendered":"<div class=\"et_pb_section_0 et_pb_section et_section_regular et_block_section\">\n<div class=\"et_pb_row_0 et_pb_row et_block_row\">\n<div class=\"et_pb_column_0 et_pb_column et_pb_column_4_4 et-last-child et_block_column et_pb_css_mix_blend_mode_passthrough\">\n<div class=\"et_pb_text_0 et_pb_text et_pb_bg_layout_light et_animated et_pb_module et_block_module\"><div class=\"et_pb_text_inner\"><h1>Qui som<\/h1>\n<\/div><\/div>\n\n<div class=\"et_pb_text_1 et_pb_text et_pb_bg_layout_light et_animated et_pb_module et_block_module\"><div class=\"et_pb_text_inner\"><p class=\"p1\"><strong>Organic waste Treatment \u00e9s una empresa orientada a proposar solucions sostenibles en diferents \u00e0mbits, especialitzada en el tractament de la mat\u00e8ria org\u00e0nica i en l'adequaci\u00f3 d'aquesta als seus tractaments posteriors.<\/strong><\/p>\n<\/div><\/div>\n<\/div>\n<\/div>\n<\/div>\n\n<div class=\"et_pb_section_1 et_pb_section et_section_regular et_block_section\">\n<div class=\"et_pb_row_1 et_pb_row et-vb-row--no-module et_block_row\">\n<div class=\"et_pb_column_1 et_pb_column et_pb_column_4_4 et-last-child et_block_column et_pb_column_empty et_pb_css_mix_blend_mode_passthrough\"><\/div>\n<\/div>\n<\/div>\n\n<div class=\"et_pb_section_2 et_pb_section et_section_regular et_block_section\">\n<div class=\"et_pb_row_2 et_pb_row et_block_row\">\n<div class=\"et_pb_column_2 et_pb_column et_pb_column_4_4 et-last-child et_block_column et_pb_css_mix_blend_mode_passthrough\">\n<div class=\"et_pb_divider_0 et_pb_divider et_pb_space et_pb_divider_position_top et_animated et_pb_module\"><div class=\"et_pb_divider_internal\"><\/div><\/div>\n\n<div class=\"et_pb_text_2 et_pb_text et_pb_bg_layout_light et_animated et_pb_module et_block_module et_pb_text_align_center\"><div class=\"et_pb_text_inner\"><p class=\"p1\">El tractament i aprofitament de la mat\u00e8ria org\u00e0nica porta associada una s\u00e8rie de reptes i necessitats que troben soluci\u00f3 amb l'\u00fas de la microbiologia: olors, mosques, processos deficients, elevats costos energ\u00e8tics\u2026<\/p>\n<\/div><\/div>\n\n<div class=\"et_pb_divider_1 et_pb_divider et_pb_space et_pb_divider_position_top et_animated et_pb_module\"><div class=\"et_pb_divider_internal\"><\/div><\/div>\n<\/div>\n<\/div>\n<\/div>\n\n<div class=\"et_pb_section_3 et_pb_section et_section_regular et_block_section\">\n<div class=\"et_pb_row_3 et_pb_row et-vb-row--no-module et_grid_row et_animated\">\n<div class=\"et_pb_column_3 et_pb_column et_block_column et_pb_column_empty et_pb_css_mix_blend_mode_passthrough\"><\/div>\n\n<div class=\"et_pb_column_4 et_pb_column et_flex_column et_pb_column_empty et_pb_css_mix_blend_mode_passthrough\"><\/div>\n\n<div class=\"et_pb_column_5 et_pb_column et-last-child et_flex_column et_pb_column_empty et_pb_css_mix_blend_mode_passthrough\"><\/div>\n<\/div>\n<\/div>\n\n<div class=\"et_pb_section_4 et_pb_section et_section_regular et_block_section\">\n<div class=\"et_pb_row_4 et_pb_row et_block_row\">\n<div class=\"et_pb_column_6 et_pb_column et_pb_column_4_4 et-last-child et_block_column et_pb_css_mix_blend_mode_passthrough\">\n<div class=\"et_pb_divider_2 et_pb_divider et_pb_space et_pb_divider_position_top et_animated et_pb_module\"><div class=\"et_pb_divider_internal\"><\/div><\/div>\n\n<div class=\"et_pb_text_3 et_pb_text et_pb_bg_layout_light et_animated et_pb_module et_block_module et_pb_text_align_center\"><div class=\"et_pb_text_inner\"><p class=\"p1\">Oferim la nostra experi\u00e8ncia i coneixement per desenvolupar les solucions m\u00e9s eficients en cada cas. La recuperaci\u00f3 de materials i el seu aprofitament comercial tamb\u00e9 estan en el nostre \u00e0mbit d'actuaci\u00f3, i per extensi\u00f3, qualsevol problem\u00e0tica que afecti la instal\u00b7laci\u00f3 de tractament.<\/p>\n<\/div><\/div>\n\n<div class=\"et_pb_divider_3 et_pb_divider et_pb_space et_pb_divider_position_top et_animated et_pb_module\"><div class=\"et_pb_divider_internal\"><\/div><\/div>\n<\/div>\n<\/div>\n<\/div>\n\n<div class=\"et_pb_section_5 et_pb_section et_section_regular et_block_section\">\n<div class=\"et_pb_row_5 et_pb_row et-vb-row--no-module et_grid_row et_animated\">\n<div class=\"et_pb_column_7 et_pb_column et_block_column et_pb_column_empty et_pb_css_mix_blend_mode_passthrough\"><\/div>\n\n<div class=\"et_pb_column_8 et_pb_column et_flex_column et_pb_column_empty et_pb_css_mix_blend_mode_passthrough\"><\/div>\n\n<div class=\"et_pb_column_9 et_pb_column et-last-child et_flex_column et_pb_column_empty et_pb_css_mix_blend_mode_passthrough\"><\/div>\n<\/div>\n<\/div>\n\n<div class=\"et_pb_section_6 et_pb_section et_section_regular et_block_section\">\n<div class=\"et_pb_row_6 et_pb_row et_block_row\">\n<div class=\"et_pb_column_10 et_pb_column et_pb_column_4_4 et-last-child et_block_column et_pb_css_mix_blend_mode_passthrough\">\n<div class=\"et_pb_divider_4 et_pb_divider et_pb_space et_pb_divider_position_top et_animated et_pb_module\"><div class=\"et_pb_divider_internal\"><\/div><\/div>\n\n<div class=\"et_pb_text_4 et_pb_text et_pb_bg_layout_light et_animated et_pb_module et_block_module et_pb_text_align_center\"><div class=\"et_pb_text_inner\"><p class=\"p1\">Els gestors de residus s\u00f2lids urbans i d'ind\u00fastria aliment\u00e0ria s\u00f3n potencialment clients de la nostra empresa, per\u00f2 tamb\u00e9 els sectors agr\u00edcoles, ramaders i del tractament d'aig\u00fces residuals.<\/p>\n<\/div><\/div>\n\n<div class=\"et_pb_divider_5 et_pb_divider et_pb_space et_pb_divider_position_top et_animated et_pb_module\"><div class=\"et_pb_divider_internal\"><\/div><\/div>\n<\/div>\n<\/div>\n<\/div>\n\n<div class=\"et_pb_section_7 et_pb_section et_section_regular et_block_section\"><\/div>\n\n<div class=\"et_pb_section_8 et_pb_section et_section_regular et_block_section\">\n<div class=\"et_pb_row_7 et_pb_row et_block_row\">\n<div class=\"et_pb_column_11 et_pb_column et_pb_column_4_4 et-last-child et_block_column et_pb_css_mix_blend_mode_passthrough\">\n<div class=\"et_pb_text_5 et_pb_text et_pb_bg_layout_dark et_animated et_pb_module et_block_module et_pb_text_align_center\"><div class=\"et_pb_text_inner\"><p><strong>Trobeu la vostra soluci\u00f3 microbiol\u00f2gica!<\/strong><\/p>\n<\/div><\/div>\n\n<div class=\"et_pb_module et_pb_button_module_wrapper et_pb_button_0_wrapper\"><a class=\"et_pb_button_0 et_pb_button et_pb_bg_layout_light et_animated et_pb_module et_block_module\" href=\"https:\/\/www.organicwastetreatments.com\/ca\/contacte\/\">Contacte<\/a><\/div>\n<\/div>\n<\/div>\n<\/div>","protected":false},"excerpt":{"rendered":"","protected":false},"author":3,"featured_media":0,"parent":0,"menu_order":0,"comment_status":"closed","ping_status":"closed","template":"","meta":{"footnotes":""},"class_list":["post-822","page","type-page","status-publish","hentry"],"yoast_head":"<!-- This site is optimized with the Yoast SEO plugin v27.0 - https:\/\/yoast.com\/product\/yoast-seo-wordpress\/ -->\n<title>Qui som - Organic Waste Treatments<\/title>\n<meta name=\"description\" content=\"Organic waste Treatment \u00e9s una empresa orientada a proposar solucions sostenibles en diferents \u00e0mbits, especialitzada en el tractament de la mat\u00e8ria org\u00e0nica i en l&#039;adequaci\u00f3 d&#039;aquesta als seus tractaments posteriors.\" \/>\n<meta name=\"robots\" content=\"index, follow, max-snippet:-1, max-image-preview:large, max-video-preview:-1\" \/>\n<link rel=\"canonical\" href=\"https:\/\/www.organicwastetreatments.com\/ca\/qui-som\/\" \/>\n<meta property=\"og:locale\" content=\"ca_ES\" \/>\n<meta property=\"og:type\" content=\"article\" \/>\n<meta property=\"og:title\" content=\"Qui som - Organic Waste Treatments\" \/>\n<meta property=\"og:description\" content=\"Organic waste Treatment \u00e9s una empresa orientada a proposar solucions sostenibles en diferents \u00e0mbits, especialitzada en el tractament de la mat\u00e8ria org\u00e0nica i en l&#039;adequaci\u00f3 d&#039;aquesta als seus tractaments posteriors.\" \/>\n<meta property=\"og:url\" content=\"https:\/\/www.organicwastetreatments.com\/ca\/qui-som\/\" \/>\n<meta property=\"og:site_name\" content=\"Organic Waste Treatments\" \/>\n<meta property=\"article:modified_time\" content=\"2026-04-02T09:13:22+00:00\" \/>\n<meta name=\"twitter:card\" content=\"summary_large_image\" \/>\n<script type=\"application\/ld+json\" class=\"yoast-schema-graph\">{\"@context\":\"https:\/\/schema.org\",\"@graph\":[{\"@type\":\"WebPage\",\"@id\":\"https:\/\/www.organicwastetreatments.com\/ca\/qui-som\/\",\"url\":\"https:\/\/www.organicwastetreatments.com\/ca\/qui-som\/\",\"name\":\"Qui som - Organic Waste Treatments\",\"isPartOf\":{\"@id\":\"https:\/\/www.organicwastetreatments.com\/ca\/#website\"},\"datePublished\":\"2026-03-28T14:16:36+00:00\",\"dateModified\":\"2026-04-02T09:13:22+00:00\",\"description\":\"Organic waste Treatment \u00e9s una empresa orientada a proposar solucions sostenibles en diferents \u00e0mbits, especialitzada en el tractament de la mat\u00e8ria org\u00e0nica i en l'adequaci\u00f3 d'aquesta als seus tractaments posteriors.\",\"breadcrumb\":{\"@id\":\"https:\/\/www.organicwastetreatments.com\/ca\/qui-som\/#breadcrumb\"},\"inLanguage\":\"ca\",\"potentialAction\":[{\"@type\":\"ReadAction\",\"target\":[\"https:\/\/www.organicwastetreatments.com\/ca\/qui-som\/\"]}]},{\"@type\":\"BreadcrumbList\",\"@id\":\"https:\/\/www.organicwastetreatments.com\/ca\/qui-som\/#breadcrumb\",\"itemListElement\":[{\"@type\":\"ListItem\",\"position\":1,\"name\":\"Inici\",\"item\":\"https:\/\/www.organicwastetreatments.com\/ca\/\"},{\"@type\":\"ListItem\",\"position\":2,\"name\":\"Qui som\"}]},{\"@type\":\"WebSite\",\"@id\":\"https:\/\/www.organicwastetreatments.com\/ca\/#website\",\"url\":\"https:\/\/www.organicwastetreatments.com\/ca\/\",\"name\":\"Organic Waste Treatments\",\"description\":\"\",\"potentialAction\":[{\"@type\":\"SearchAction\",\"target\":{\"@type\":\"EntryPoint\",\"urlTemplate\":\"https:\/\/www.organicwastetreatments.com\/ca\/?s={search_term_string}\"},\"query-input\":{\"@type\":\"PropertyValueSpecification\",\"valueRequired\":true,\"valueName\":\"search_term_string\"}}],\"inLanguage\":\"ca\"}]}<\/script>\n<!-- \/ Yoast SEO plugin. -->","yoast_head_json":{"title":"Qui som - Organic Waste Treatments","description":"Organic waste Treatment \u00e9s una empresa orientada a proposar solucions sostenibles en diferents \u00e0mbits, especialitzada en el tractament de la mat\u00e8ria org\u00e0nica i en l'adequaci\u00f3 d'aquesta als seus tractaments posteriors.","robots":{"index":"index","follow":"follow","max-snippet":"max-snippet:-1","max-image-preview":"max-image-preview:large","max-video-preview":"max-video-preview:-1"},"canonical":"https:\/\/www.organicwastetreatments.com\/ca\/qui-som\/","og_locale":"ca_ES","og_type":"article","og_title":"Qui som - Organic Waste Treatments","og_description":"Organic waste Treatment \u00e9s una empresa orientada a proposar solucions sostenibles en diferents \u00e0mbits, especialitzada en el tractament de la mat\u00e8ria org\u00e0nica i en l'adequaci\u00f3 d'aquesta als seus tractaments posteriors.","og_url":"https:\/\/www.organicwastetreatments.com\/ca\/qui-som\/","og_site_name":"Organic Waste Treatments","article_modified_time":"2026-04-02T09:13:22+00:00","twitter_card":"summary_large_image","schema":{"@context":"https:\/\/schema.org","@graph":[{"@type":"WebPage","@id":"https:\/\/www.organicwastetreatments.com\/ca\/qui-som\/","url":"https:\/\/www.organicwastetreatments.com\/ca\/qui-som\/","name":"Qui som - Organic Waste Treatments","isPartOf":{"@id":"https:\/\/www.organicwastetreatments.com\/ca\/#website"},"datePublished":"2026-03-28T14:16:36+00:00","dateModified":"2026-04-02T09:13:22+00:00","description":"Organic waste Treatment \u00e9s una empresa orientada a proposar solucions sostenibles en diferents \u00e0mbits, especialitzada en el tractament de la mat\u00e8ria org\u00e0nica i en l'adequaci\u00f3 d'aquesta als seus tractaments posteriors.","breadcrumb":{"@id":"https:\/\/www.organicwastetreatments.com\/ca\/qui-som\/#breadcrumb"},"inLanguage":"ca","potentialAction":[{"@type":"ReadAction","target":["https:\/\/www.organicwastetreatments.com\/ca\/qui-som\/"]}]},{"@type":"BreadcrumbList","@id":"https:\/\/www.organicwastetreatments.com\/ca\/qui-som\/#breadcrumb","itemListElement":[{"@type":"ListItem","position":1,"name":"Inici","item":"https:\/\/www.organicwastetreatments.com\/ca\/"},{"@type":"ListItem","position":2,"name":"Qui som"}]},{"@type":"WebSite","@id":"https:\/\/www.organicwastetreatments.com\/ca\/#website","url":"https:\/\/www.organicwastetreatments.com\/ca\/","name":"Organic Waste Treatments","description":"","potentialAction":[{"@type":"SearchAction","target":{"@type":"EntryPoint","urlTemplate":"https:\/\/www.organicwastetreatments.com\/ca\/?s={search_term_string}"},"query-input":{"@type":"PropertyValueSpecification","valueRequired":true,"valueName":"search_term_string"}}],"inLanguage":"ca"}]}},"_links":{"self":[{"href":"https:\/\/www.organicwastetreatments.com\/ca\/wp-json\/wp\/v2\/pages\/822","targetHints":{"allow":["GET"]}}],"collection":[{"href":"https:\/\/www.organicwastetreatments.com\/ca\/wp-json\/wp\/v2\/pages"}],"about":[{"href":"https:\/\/www.organicwastetreatments.com\/ca\/wp-json\/wp\/v2\/types\/page"}],"author":[{"embeddable":true,"href":"https:\/\/www.organicwastetreatments.com\/ca\/wp-json\/wp\/v2\/users\/3"}],"replies":[{"embeddable":true,"href":"https:\/\/www.organicwastetreatments.com\/ca\/wp-json\/wp\/v2\/comments?post=822"}],"version-history":[{"count":5,"href":"https:\/\/www.organicwastetreatments.com\/ca\/wp-json\/wp\/v2\/pages\/822\/revisions"}],"predecessor-version":[{"id":1011,"href":"https:\/\/www.organicwastetreatments.com\/ca\/wp-json\/wp\/v2\/pages\/822\/revisions\/1011"}],"wp:attachment":[{"href":"https:\/\/www.organicwastetreatments.com\/ca\/wp-json\/wp\/v2\/media?parent=822"}],"curies":[{"name":"wp","href":"https:\/\/api.w.org\/{rel}","templated":true}]}}