{"id":831,"date":"2026-03-28T17:11:31","date_gmt":"2026-03-28T15:11:31","guid":{"rendered":"https:\/\/www.organicwastetreatments.com\/avis-legal\/"},"modified":"2026-04-10T19:40:38","modified_gmt":"2026-04-10T17:40:38","slug":"aviso-legal","status":"publish","type":"page","link":"https:\/\/www.organicwastetreatments.com\/ca\/aviso-legal\/","title":{"rendered":"Av\u00eds legal"},"content":{"rendered":"<div class=\"et_pb_section_0 et_pb_section et_section_regular et_block_section\">\n<div class=\"et_pb_row_0 et_pb_row et_block_row\">\n<div class=\"et_pb_column_0 et_pb_column et_pb_column_4_4 et-last-child et_block_column et_pb_css_mix_blend_mode_passthrough\">\n<div class=\"et_pb_text_0 et_pb_text et_pb_bg_layout_light et_animated et_pb_module et_block_module\"><div class=\"et_pb_text_inner\"><h1>Av\u00eds Legal<\/h1>\n<\/div><\/div>\n<\/div>\n<\/div>\n<\/div>\n\n<div class=\"et_pb_section_1 et_pb_section et_section_regular et_block_section\">\n<div class=\"et_pb_row_1 et_pb_row et-vb-row--no-module et_block_row\">\n<div class=\"et_pb_column_1 et_pb_column et_pb_column_4_4 et-last-child et_block_column et_pb_column_empty et_pb_css_mix_blend_mode_passthrough\"><\/div>\n<\/div>\n<\/div>\n\n<div class=\"et_pb_section_2 et_pb_section et_section_regular et_block_section\">\n<div class=\"et_pb_row_2 et_pb_row et_block_row\">\n<div class=\"et_pb_column_2 et_pb_column et_pb_column_4_4 et-last-child et_block_column et_pb_css_mix_blend_mode_passthrough\">\n<div class=\"et_pb_text_1 et_pb_text et_pb_bg_layout_light et_pb_module et_block_module\"><div class=\"et_pb_text_inner\"><p><!-- wp:heading --><\/p>\n<h1 data-section-id=\"sckhd3\" data-start=\"260\" data-end=\"273\">Av\u00eds Legal<\/h1>\n<h2 data-section-id=\"9s92c6\" data-start=\"275\" data-end=\"302\"><\/h2>\n<h2 data-section-id=\"1vt3ifa\" data-start=\"143\" data-end=\"170\">1. Dades identificatives<\/h2>\n<p data-start=\"172\" data-end=\"403\">En compliment del deure d'informaci\u00f3 establert en l'<strong data-start=\"223\" data-end=\"349\">article 10 de la Llei 34\/2002, d'11 de juliol, de serveis de la societat de la informaci\u00f3 i de comer\u00e7 electr\u00f2nic (LSSI-CE)<\/strong>, s'informa que el present lloc web \u00e9s titularitat de:<\/p>\n<p data-start=\"405\" data-end=\"458\"><strong data-start=\"405\" data-end=\"417\">Titular:<\/strong> Alter Entorn S.L.<br data-start=\"435\" data-end=\"438\"><strong data-start=\"438\" data-end=\"446\">NIF:<\/strong> B43862473<\/p>\n<p data-start=\"460\" data-end=\"547\"><strong data-start=\"460\" data-end=\"480\">Domicili social:<\/strong><br data-start=\"480\" data-end=\"483\">Cam\u00ed de Sant Jeroni 3<br data-start=\"503\" data-end=\"506\">43740 M\u00f3ra d'Ebre (Tarragona) \u2013 Espanya<\/p>\n<p data-start=\"549\" data-end=\"634\"><strong data-start=\"549\" data-end=\"561\">Tel\u00e8fon:<\/strong> + 34 977 407 788<br data-start=\"577\" data-end=\"580\"><strong data-start=\"580\" data-end=\"602\">Correu electr\u00f2nic:<\/strong> <a data-start=\"980\" data-end=\"1009\" class=\"decorated-link cursor-pointer\" rel=\"noopener\">alter-entorn@alter-entorn.com<span aria-hidden=\"true\" class=\"ms-0.5 inline-block align-middle leading-none\"><\/span><\/a><\/p>\n<h2 data-section-id=\"1i0yn8p\" data-start=\"683\" data-end=\"696\"><\/h2>\n<h2 data-section-id=\"1i0yn8p\" data-start=\"683\" data-end=\"696\">2. Objecte<\/h2>\n<p data-start=\"698\" data-end=\"875\">El present Av\u00eds Legal regula l'acc\u00e9s, navegaci\u00f3 i \u00fas del lloc web <strong data-start=\"764\" data-end=\"794\">organicwastetreatments.com<\/strong>, aix\u00ed com les responsabilitats derivades de la utilitzaci\u00f3 dels seus continguts.<\/p>\n<p data-start=\"877\" data-end=\"1062\">L'acc\u00e9s i la navegaci\u00f3 per aquest lloc web atribueixen la condici\u00f3 d'<strong data-start=\"946\" data-end=\"956\">usuari<\/strong>, i impliquen l'acceptaci\u00f3 plena i sense reserves de totes les disposicions incloses en aquest Av\u00eds Legal.<\/p>\n<h2 data-section-id=\"8hnpi3\" data-start=\"1069\" data-end=\"1090\"><\/h2>\n<h2 data-section-id=\"8hnpi3\" data-start=\"1069\" data-end=\"1090\">3. Condicions d'\u00fas<\/h2>\n<p data-start=\"1092\" data-end=\"1253\">L'usuari es compromet a fer un \u00fas adequat dels continguts i serveis que ofereix el lloc web i, amb car\u00e0cter enunciatiu per\u00f2 no limitatiu, a no utilitzar-los per:<\/p>\n<ul data-start=\"1255\" data-end=\"1571\">\n<li data-section-id=\"7uj1uf\" data-start=\"1255\" data-end=\"1334\">\n<p data-start=\"1257\" data-end=\"1334\">Realitzar activitats il\u00b7l\u00edcites o contr\u00e0ries a la bona fe i a l'ordre p\u00fablic.<\/p>\n<\/li>\n<li data-section-id=\"ip8zy6\" data-start=\"1335\" data-end=\"1461\">\n<p data-start=\"1337\" data-end=\"1461\">Difondre continguts o propaganda de car\u00e0cter il\u00b7legal, racista, xen\u00f2fob, pornogr\u00e0fic o que atemptin contra els drets humans.<\/p>\n<\/li>\n<li data-section-id=\"1b673f9\" data-start=\"1462\" data-end=\"1571\">\n<p data-start=\"1464\" data-end=\"1571\">Provocar danys en els sistemes f\u00edsics i l\u00f2gics del titular del lloc web, dels seus prove\u00efdors o de tercers.<\/p>\n<\/li>\n<\/ul>\n<p data-start=\"1573\" data-end=\"1700\">El titular es reserva el dret de retirar qualsevol comentari o aportaci\u00f3 que vulneri la legislaci\u00f3 vigent o resulti inapropiat.<\/p>\n<h2 data-section-id=\"1k9h8dm\" data-start=\"1707\" data-end=\"1749\"><\/h2>\n<h2 data-section-id=\"1k9h8dm\" data-start=\"1707\" data-end=\"1749\">4. Propietat intel\u00b7lectual i industrial<\/h2>\n<p data-start=\"1751\" data-end=\"2006\">Tots els continguts del lloc web, incloent-hi, a t\u00edtol enunciatiu per\u00f2 no limitatiu, <strong data-start=\"1836\" data-end=\"1922\">textos, imatges, gr\u00e0fics, logotips, icones, programari, disseny gr\u00e0fic i codi font<\/strong>, s\u00f3n propietat d'<strong data-start=\"1940\" data-end=\"1961\">Alter Entorn S.L.<\/strong> o de tercers que n'han autoritzat l'\u00fas.<\/p>\n<p data-start=\"2008\" data-end=\"2147\">Queda prohibida la reproducci\u00f3, distribuci\u00f3, comunicaci\u00f3 p\u00fablica o transformaci\u00f3 dels continguts sense l'autoritzaci\u00f3 expressa del titular.<\/p>\n<h2 data-section-id=\"1vrprdi\" data-start=\"2154\" data-end=\"2175\"><\/h2>\n<h2 data-section-id=\"1vrprdi\" data-start=\"2154\" data-end=\"2175\">5. Responsabilitat<\/h2>\n<p data-start=\"2177\" data-end=\"2385\">Alter Entorn S.L. no es fa responsable dels danys o perjudicis que puguin derivar-se de l'\u00fas de la informaci\u00f3 continguda en aquest lloc web ni de la manca de disponibilitat o continu\u00eftat del seu funcionament.<\/p>\n<p data-start=\"2387\" data-end=\"2502\">Aix\u00ed mateix, el titular no es responsabilitza del contingut dels enlla\u00e7os externs que puguin apar\u00e8ixer al lloc web.<\/p>\n<h2 data-section-id=\"1wqwr9r\" data-start=\"2509\" data-end=\"2531\"><\/h2>\n<h2 data-section-id=\"1wqwr9r\" data-start=\"2509\" data-end=\"2531\">6. Enlla\u00e7os externs<\/h2>\n<p data-start=\"2533\" data-end=\"2705\">En cas que el lloc web inclogui enlla\u00e7os cap a altres llocs d'Internet, Alter Entorn S.L. no exercir\u00e0 cap mena de control sobre aquests llocs ni sobre els seus continguts.<\/p>\n<p data-start=\"2707\" data-end=\"2823\">En cap cas Alter Entorn S.L. assumir\u00e0 responsabilitat alguna pels continguts d'enlla\u00e7os pertanyents a llocs web de tercers.<\/p>\n<h2 data-section-id=\"a18owc\" data-start=\"2830\" data-end=\"2854\"><\/h2>\n<h2 data-section-id=\"a18owc\" data-start=\"2830\" data-end=\"2854\">7. Protecci\u00f3 de dades<\/h2>\n<p data-start=\"2856\" data-end=\"3034\">El tractament de les dades personals que es puguin recollir a trav\u00e9s d'aquest lloc web es regir\u00e0 pel que disposa la <strong data-start=\"2972\" data-end=\"2998\">Pol\u00edtica de Privadesa<\/strong>, disponible en aquest mateix lloc web.<\/p>\n<h2 data-section-id=\"1r3jjk7\" data-start=\"3041\" data-end=\"3081\"><\/h2>\n<h2 data-section-id=\"1r3jjk7\" data-start=\"3041\" data-end=\"3081\">8. Legislaci\u00f3 aplicable i jurisdicci\u00f3<\/h2>\n<p data-start=\"3083\" data-end=\"3179\">La relaci\u00f3 entre el titular del lloc web i l'usuari es regir\u00e0 per la normativa espanyola vigent.<\/p>\n<p data-start=\"3181\" data-end=\"3372\">Per a la resoluci\u00f3 de qualsevol conflicte que pugui derivar-se de l'acc\u00e9s o \u00fas del lloc web, les parts se sotmetran als <strong data-start=\"3301\" data-end=\"3371\">jutjats i tribunals competents d'acord amb la legislaci\u00f3 aplicable<\/strong>.<\/p>\n<p><!-- \/wp:paragraph --><\/p>\n<\/div><\/div>\n<\/div>\n<\/div>\n<\/div>\n\n<div class=\"et_pb_section_3 et_pb_section et_section_regular et_block_section\"><\/div>\n\n<div class=\"et_pb_section_4 et_pb_section et_section_regular et_block_section\">\n<div class=\"et_pb_row_3 et_pb_row et_block_row\">\n<div class=\"et_pb_column_3 et_pb_column et_pb_column_4_4 et-last-child et_block_column et_pb_css_mix_blend_mode_passthrough\">\n<div class=\"et_pb_text_2 et_pb_text et_pb_bg_layout_dark et_animated et_pb_module et_block_module et_pb_text_align_center\"><div class=\"et_pb_text_inner\"><p><strong>Trobeu la vostra soluci\u00f3 microbiol\u00f2gica!<\/strong><\/p>\n<\/div><\/div>\n\n<div class=\"et_pb_module et_pb_button_module_wrapper et_pb_button_0_wrapper\"><a class=\"et_pb_button_0 et_pb_button et_pb_bg_layout_light et_animated et_pb_module et_block_module\" href=\"https:\/\/www.organicwastetreatments.com\/ca\/contacte\/\">Contacte<\/a><\/div>\n<\/div>\n<\/div>\n<\/div>","protected":false},"excerpt":{"rendered":"","protected":false},"author":3,"featured_media":0,"parent":0,"menu_order":0,"comment_status":"closed","ping_status":"closed","template":"","meta":{"footnotes":""},"class_list":["post-831","page","type-page","status-publish","hentry"],"yoast_head":"<!-- This site is optimized with the Yoast SEO plugin v27.0 - https:\/\/yoast.com\/product\/yoast-seo-wordpress\/ -->\n<title>Av\u00eds legal - Organic Waste Treatments<\/title>\n<meta name=\"description\" content=\"En compliment del deure d&#039;informaci\u00f3 establert en l&#039;article 10 de la Llei 34\/2002, d&#039;11 de juliol, de serveis de la societat de la informaci\u00f3 i de comer\u00e7 electr\u00f2nic (LSSI-CE),\" \/>\n<meta name=\"robots\" content=\"index, follow, max-snippet:-1, max-image-preview:large, max-video-preview:-1\" \/>\n<link rel=\"canonical\" href=\"https:\/\/www.organicwastetreatments.com\/ca\/aviso-legal\/\" \/>\n<meta property=\"og:locale\" content=\"ca_ES\" \/>\n<meta property=\"og:type\" content=\"article\" \/>\n<meta property=\"og:title\" content=\"Av\u00eds legal - Organic Waste Treatments\" \/>\n<meta property=\"og:description\" content=\"En compliment del deure d&#039;informaci\u00f3 establert en l&#039;article 10 de la Llei 34\/2002, d&#039;11 de juliol, de serveis de la societat de la informaci\u00f3 i de comer\u00e7 electr\u00f2nic (LSSI-CE),\" \/>\n<meta property=\"og:url\" content=\"https:\/\/www.organicwastetreatments.com\/ca\/aviso-legal\/\" \/>\n<meta property=\"og:site_name\" content=\"Organic Waste Treatments\" \/>\n<meta property=\"article:modified_time\" content=\"2026-04-10T17:40:38+00:00\" \/>\n<meta name=\"twitter:card\" content=\"summary_large_image\" \/>\n<script type=\"application\/ld+json\" class=\"yoast-schema-graph\">{\"@context\":\"https:\/\/schema.org\",\"@graph\":[{\"@type\":\"WebPage\",\"@id\":\"https:\/\/www.organicwastetreatments.com\/ca\/aviso-legal\/\",\"url\":\"https:\/\/www.organicwastetreatments.com\/ca\/aviso-legal\/\",\"name\":\"Av\u00eds legal - Organic Waste Treatments\",\"isPartOf\":{\"@id\":\"https:\/\/www.organicwastetreatments.com\/ca\/#website\"},\"datePublished\":\"2026-03-28T15:11:31+00:00\",\"dateModified\":\"2026-04-10T17:40:38+00:00\",\"description\":\"En compliment del deure d'informaci\u00f3 establert en l'article 10 de la Llei 34\/2002, d'11 de juliol, de serveis de la societat de la informaci\u00f3 i de comer\u00e7 electr\u00f2nic (LSSI-CE),\",\"breadcrumb\":{\"@id\":\"https:\/\/www.organicwastetreatments.com\/ca\/aviso-legal\/#breadcrumb\"},\"inLanguage\":\"ca\",\"potentialAction\":[{\"@type\":\"ReadAction\",\"target\":[\"https:\/\/www.organicwastetreatments.com\/ca\/aviso-legal\/\"]}]},{\"@type\":\"BreadcrumbList\",\"@id\":\"https:\/\/www.organicwastetreatments.com\/ca\/aviso-legal\/#breadcrumb\",\"itemListElement\":[{\"@type\":\"ListItem\",\"position\":1,\"name\":\"Inici\",\"item\":\"https:\/\/www.organicwastetreatments.com\/ca\/\"},{\"@type\":\"ListItem\",\"position\":2,\"name\":\"Av\u00eds legal\"}]},{\"@type\":\"WebSite\",\"@id\":\"https:\/\/www.organicwastetreatments.com\/ca\/#website\",\"url\":\"https:\/\/www.organicwastetreatments.com\/ca\/\",\"name\":\"Organic Waste Treatments\",\"description\":\"\",\"potentialAction\":[{\"@type\":\"SearchAction\",\"target\":{\"@type\":\"EntryPoint\",\"urlTemplate\":\"https:\/\/www.organicwastetreatments.com\/ca\/?s={search_term_string}\"},\"query-input\":{\"@type\":\"PropertyValueSpecification\",\"valueRequired\":true,\"valueName\":\"search_term_string\"}}],\"inLanguage\":\"ca\"}]}<\/script>\n<!-- \/ Yoast SEO plugin. -->","yoast_head_json":{"title":"Av\u00eds legal - Organic Waste Treatments","description":"En compliment del deure d'informaci\u00f3 establert en l'article 10 de la Llei 34\/2002, d'11 de juliol, de serveis de la societat de la informaci\u00f3 i de comer\u00e7 electr\u00f2nic (LSSI-CE),","robots":{"index":"index","follow":"follow","max-snippet":"max-snippet:-1","max-image-preview":"max-image-preview:large","max-video-preview":"max-video-preview:-1"},"canonical":"https:\/\/www.organicwastetreatments.com\/ca\/aviso-legal\/","og_locale":"ca_ES","og_type":"article","og_title":"Av\u00eds legal - Organic Waste Treatments","og_description":"En compliment del deure d'informaci\u00f3 establert en l'article 10 de la Llei 34\/2002, d'11 de juliol, de serveis de la societat de la informaci\u00f3 i de comer\u00e7 electr\u00f2nic (LSSI-CE),","og_url":"https:\/\/www.organicwastetreatments.com\/ca\/aviso-legal\/","og_site_name":"Organic Waste Treatments","article_modified_time":"2026-04-10T17:40:38+00:00","twitter_card":"summary_large_image","schema":{"@context":"https:\/\/schema.org","@graph":[{"@type":"WebPage","@id":"https:\/\/www.organicwastetreatments.com\/ca\/aviso-legal\/","url":"https:\/\/www.organicwastetreatments.com\/ca\/aviso-legal\/","name":"Av\u00eds legal - Organic Waste Treatments","isPartOf":{"@id":"https:\/\/www.organicwastetreatments.com\/ca\/#website"},"datePublished":"2026-03-28T15:11:31+00:00","dateModified":"2026-04-10T17:40:38+00:00","description":"En compliment del deure d'informaci\u00f3 establert en l'article 10 de la Llei 34\/2002, d'11 de juliol, de serveis de la societat de la informaci\u00f3 i de comer\u00e7 electr\u00f2nic (LSSI-CE),","breadcrumb":{"@id":"https:\/\/www.organicwastetreatments.com\/ca\/aviso-legal\/#breadcrumb"},"inLanguage":"ca","potentialAction":[{"@type":"ReadAction","target":["https:\/\/www.organicwastetreatments.com\/ca\/aviso-legal\/"]}]},{"@type":"BreadcrumbList","@id":"https:\/\/www.organicwastetreatments.com\/ca\/aviso-legal\/#breadcrumb","itemListElement":[{"@type":"ListItem","position":1,"name":"Inici","item":"https:\/\/www.organicwastetreatments.com\/ca\/"},{"@type":"ListItem","position":2,"name":"Av\u00eds legal"}]},{"@type":"WebSite","@id":"https:\/\/www.organicwastetreatments.com\/ca\/#website","url":"https:\/\/www.organicwastetreatments.com\/ca\/","name":"Organic Waste Treatments","description":"","potentialAction":[{"@type":"SearchAction","target":{"@type":"EntryPoint","urlTemplate":"https:\/\/www.organicwastetreatments.com\/ca\/?s={search_term_string}"},"query-input":{"@type":"PropertyValueSpecification","valueRequired":true,"valueName":"search_term_string"}}],"inLanguage":"ca"}]}},"_links":{"self":[{"href":"https:\/\/www.organicwastetreatments.com\/ca\/wp-json\/wp\/v2\/pages\/831","targetHints":{"allow":["GET"]}}],"collection":[{"href":"https:\/\/www.organicwastetreatments.com\/ca\/wp-json\/wp\/v2\/pages"}],"about":[{"href":"https:\/\/www.organicwastetreatments.com\/ca\/wp-json\/wp\/v2\/types\/page"}],"author":[{"embeddable":true,"href":"https:\/\/www.organicwastetreatments.com\/ca\/wp-json\/wp\/v2\/users\/3"}],"replies":[{"embeddable":true,"href":"https:\/\/www.organicwastetreatments.com\/ca\/wp-json\/wp\/v2\/comments?post=831"}],"version-history":[{"count":4,"href":"https:\/\/www.organicwastetreatments.com\/ca\/wp-json\/wp\/v2\/pages\/831\/revisions"}],"predecessor-version":[{"id":1104,"href":"https:\/\/www.organicwastetreatments.com\/ca\/wp-json\/wp\/v2\/pages\/831\/revisions\/1104"}],"wp:attachment":[{"href":"https:\/\/www.organicwastetreatments.com\/ca\/wp-json\/wp\/v2\/media?parent=831"}],"curies":[{"name":"wp","href":"https:\/\/api.w.org\/{rel}","templated":true}]}}