{"id":840,"date":"2026-03-28T13:40:02","date_gmt":"2026-03-28T11:40:02","guid":{"rendered":"https:\/\/www.organicwastetreatments.com\/compost-microbiologic\/"},"modified":"2026-04-02T11:12:02","modified_gmt":"2026-04-02T09:12:02","slug":"compost-microbiologic","status":"publish","type":"page","link":"https:\/\/www.organicwastetreatments.com\/ca\/compost-microbiologic\/","title":{"rendered":"Compost microbiol\u00f2gic"},"content":{"rendered":"<div class=\"et_pb_section_0 et_pb_section et_section_regular et_block_section\">\n<div class=\"et_pb_row_0 et_pb_row et_block_row\">\n<div class=\"et_pb_column_0 et_pb_column et_pb_column_4_4 et-last-child et_block_column et_pb_css_mix_blend_mode_passthrough\">\n<div class=\"et_pb_text_0 et_pb_text et_pb_bg_layout_light et_animated et_pb_module et_block_module\"><div class=\"et_pb_text_inner\"><h1>Compost Microbiol\u00f2gic<\/h1>\n<\/div><\/div>\n\n<div class=\"et_pb_text_1 et_pb_text et_pb_bg_layout_light et_animated et_pb_module et_block_module\"><div class=\"et_pb_text_inner\"><p><strong>El compost microbiol\u00f2gic potencia l'activitat biol\u00f2gica<\/strong> <strong>de la mat\u00e8ria org\u00e0nica mitjan\u00e7ant microorganismes beneficiosos.<\/strong><\/p>\n<\/div><\/div>\n<\/div>\n<\/div>\n<\/div>\n\n<div class=\"et_pb_section_1 et_pb_section et_section_regular et_block_section\">\n<div class=\"et_pb_row_1 et_pb_row et-vb-row--no-module et_block_row\">\n<div class=\"et_pb_column_1 et_pb_column et_pb_column_4_4 et-last-child et_block_column et_pb_column_empty et_pb_css_mix_blend_mode_passthrough\"><\/div>\n<\/div>\n<\/div>\n\n<div class=\"et_pb_section_2 et_pb_section et_section_regular et_block_section\">\n<div class=\"et_pb_row_2 et_pb_row et_block_row\">\n<div class=\"et_pb_column_2 et_pb_column et_pb_column_4_4 et-last-child et_block_column et_pb_css_mix_blend_mode_passthrough\">\n<div class=\"et_pb_divider_0 et_pb_divider et_pb_space et_pb_divider_position_top et_animated et_pb_module\"><div class=\"et_pb_divider_internal\"><\/div><\/div>\n\n<div class=\"et_pb_text_2 et_pb_text et_pb_bg_layout_light et_animated et_pb_module et_block_module et_pb_text_align_center\"><div class=\"et_pb_text_inner\"><p class=\"p1\"><strong>Millora la descomposici\u00f3, accelera el proc\u00e9s de compostatge i redueix olors indesitjades.<\/strong> <strong>Contribueix a obtenir un compost m\u00e9s estable, higienitzat i de major qualitat. \u00c9s una soluci\u00f3 natural i eficient per optimitzar el tractament de residus org\u00e0nics.<\/strong><\/p>\n<\/div><\/div>\n\n<div class=\"et_pb_divider_1 et_pb_divider et_pb_space et_pb_divider_position_top et_animated et_pb_module\"><div class=\"et_pb_divider_internal\"><\/div><\/div>\n<\/div>\n<\/div>\n<\/div>\n\n<div class=\"et_pb_section_3 et_pb_section et_section_regular et_block_section\">\n<div class=\"et_pb_row_3 et_pb_row et-vb-row--no-module et_block_row\">\n<div class=\"et_pb_column_3 et_pb_column et_pb_column_4_4 et-last-child et_block_column et_pb_column_empty et_pb_css_mix_blend_mode_passthrough\"><\/div>\n<\/div>\n<\/div>\n\n<div class=\"et_pb_section_4 et_pb_section et_section_regular et_block_section\">\n<div class=\"et_pb_row_4 et_pb_row et_flex_row\">\n<div class=\"et_pb_column_4 et_pb_column et_flex_column et_pb_css_mix_blend_mode_passthrough et_flex_column_12_24 et_flex_column_12_24_tablet et_flex_column_24_24_phone\">\n<div class=\"et_pb_text_3 et_pb_text et_pb_bg_layout_light et_animated et_pb_module et_block_module et_pb_text_align_center\"><div class=\"et_pb_text_inner\" data-et-mv-hidden-tablet=\"true\"><h2 class=\"p1\"><b>Beneficis del compost microbiol\u00f2gic<\/b><b><\/b><\/h2>\n<p class=\"p1\"><strong>El compost microbiol\u00f2gic, ric en microorganismes ben\u00e8fics, millora l'estructura i fertilitat del s\u00f2l<\/strong> i <strong>suprimeix pat\u00f2gens, optimitzant la nutrici\u00f3 de les plantes.<\/strong><\/p>\n<p class=\"p1\">Actua com a esmena org\u00e0nica i bioestimulant, retenint m\u00e9s aigua, nodrint de forma gradual i reduint la depend\u00e8ncia de fertilitzants qu\u00edmics.<\/p>\n<\/div><\/div>\n<\/div>\n\n<div class=\"et_pb_column_5 et_pb_column et-last-child et_flex_column et_pb_css_mix_blend_mode_passthrough et_flex_column_12_24 et_flex_column_12_24_tablet et_flex_column_24_24_phone\">\n<div class=\"et_pb_image_0 et_pb_image et_pb_image_sticky et_animated et_pb_module et_flex_module\"><span class=\"et_pb_image_wrap\"><img loading=\"lazy\" decoding=\"async\" src=\"https:\/\/www.organicwastetreatments.com\/wp-content\/uploads\/2026\/03\/01-Compost-microbiologico.jpeg\" alt=\"foto muntanya de compost\" title=\"Compost microbiol\u00f2gic\" width=\"1600\" height=\"1200\" srcset=\"https:\/\/www.organicwastetreatments.com\/wp-content\/uploads\/2026\/03\/01-Compost-microbiologico.jpeg 1600w, https:\/\/www.organicwastetreatments.com\/wp-content\/uploads\/2026\/03\/01-Compost-microbiologico-1280x960.jpeg 1280w, https:\/\/www.organicwastetreatments.com\/wp-content\/uploads\/2026\/03\/01-Compost-microbiologico-980x735.jpeg 980w, https:\/\/www.organicwastetreatments.com\/wp-content\/uploads\/2026\/03\/01-Compost-microbiologico-480x360.jpeg 480w\" sizes=\"(min-width: 0px) and (max-width: 480px) 480px, (min-width: 481px) and (max-width: 980px) 980px, (min-width: 981px) and (max-width: 1280px) 1280px, (min-width: 1281px) 1600px, 100vw\" class=\"wp-image-577\" \/><\/span><\/div>\n<\/div>\n<\/div>\n<\/div>\n\n<div class=\"et_pb_section_5 et_pb_section et_section_regular et_block_section\">\n<div class=\"et_pb_row_5 et_pb_row et-vb-row--no-module et_block_row\">\n<div class=\"et_pb_column_6 et_pb_column et_pb_column_4_4 et-last-child et_block_column et_pb_column_empty et_pb_css_mix_blend_mode_passthrough\"><\/div>\n<\/div>\n<\/div>\n\n<div class=\"et_pb_section_6 et_pb_section et_section_regular et_block_section\">\n<div class=\"et_pb_row_6 et_pb_row et_block_row\">\n<div class=\"et_pb_column_7 et_pb_column et_pb_column_4_4 et-last-child et_block_column et_pb_css_mix_blend_mode_passthrough\">\n<div class=\"et_pb_divider_2 et_pb_divider et_pb_space et_pb_divider_position_top et_animated et_pb_module\"><div class=\"et_pb_divider_internal\"><\/div><\/div>\n\n<div class=\"et_pb_text_4 et_pb_text et_pb_bg_layout_light et_animated et_pb_module et_block_module et_pb_text_align_center\"><div class=\"et_pb_text_inner\"><h2 class=\"p1\"><b>Avantatges clau del compost microbiol\u00f2gic<\/b><\/h2>\n<\/div><\/div>\n\n<div class=\"et_pb_divider_3 et_pb_divider et_pb_space et_pb_divider_position_top et_animated et_pb_module\"><div class=\"et_pb_divider_internal\"><\/div><\/div>\n<\/div>\n<\/div>\n<\/div>\n\n<div class=\"et_pb_section_7 et_pb_section et_section_regular et_block_section\">\n<div class=\"et_pb_row_7 et_pb_row et-vb-row--no-module et_block_row\">\n<div class=\"et_pb_column_8 et_pb_column et_pb_column_4_4 et-last-child et_block_column et_pb_column_empty et_pb_css_mix_blend_mode_passthrough\"><\/div>\n<\/div>\n<\/div>\n\n<div class=\"et_pb_section_8 et_pb_section et_section_regular et_block_section\">\n<div class=\"et_pb_row_8 et_pb_row et_flex_row\">\n<div class=\"et_pb_column_9 et_pb_column et_flex_column et_pb_css_mix_blend_mode_passthrough et_flex_column_12_24 et_flex_column_12_24_tablet et_flex_column_24_24_phone\">\n<div class=\"et_pb_text_5 et_pb_text et_pb_bg_layout_light et_animated et_pb_module et_block_module et_pb_text_align_center\"><div class=\"et_pb_text_inner\" data-et-mv-hidden-tablet=\"true\"><h2 class=\"p1\"><b>Salut del s\u00f2l i nutrients<\/b><b><\/b><\/h2>\n<p class=\"p1\">- <strong>Millora l'estructura, aireaci\u00f3 i capacitat de retenci\u00f3 d'aigua<\/strong>, actuant com a esponja i afavorint el desenvolupament radicular. Augmenta la mat\u00e8ria org\u00e0nica i activa la microbiologia del s\u00f2l. <\/p>\n<p class=\"p2\">- <strong>L'adob org\u00e0nic microbiol\u00f2gic afavoreix la proliferaci\u00f3 de bacteris<\/strong> i fongs beneficiosos per al s\u00f2l i ajuden a l'aprofitament dels nutrients.<\/p>\n<p class=\"p2\">- <strong>Corregeix els efectes de l'\u00fas excessiu dels adobs de s\u00edntesi qu\u00edmica<\/strong>, evita la degradaci\u00f3 del s\u00f2l, la desertitzaci\u00f3.<\/p>\n<p class=\"p2\">- <strong>Reequilibra els s\u00f2ls<\/strong>, els mant\u00e9 lliures de pat\u00f2gens, millora l'aireaci\u00f3, evita la compactaci\u00f3 i millora el desenvolupament radicular dels arbres.<\/p>\n<\/div><\/div>\n<\/div>\n\n<div class=\"et_pb_column_10 et_pb_column et-last-child et_flex_column et_pb_css_mix_blend_mode_passthrough et_flex_column_12_24 et_flex_column_12_24_tablet et_flex_column_24_24_phone\">\n<div class=\"et_pb_image_1 et_pb_image et_animated et_pb_module et_flex_module\"><span class=\"et_pb_image_wrap\"><img loading=\"lazy\" decoding=\"async\" src=\"https:\/\/www.organicwastetreatments.com\/wp-content\/uploads\/2026\/03\/09-Compost-microbiologico.jpeg\" alt=\"foto grua compost\" title=\"Compost microbiol\u00f2gic\" width=\"369\" height=\"338\" srcset=\"https:\/\/www.organicwastetreatments.com\/wp-content\/uploads\/2026\/03\/09-Compost-microbiologico.jpeg 369w, https:\/\/www.organicwastetreatments.com\/wp-content\/uploads\/2026\/03\/09-Compost-microbiologico-300x275.jpeg 300w\" sizes=\"(max-width: 369px) 100vw, 369px\" class=\"wp-image-611 wp-image-604\" \/><\/span><\/div>\n<\/div>\n<\/div>\n<\/div>\n\n<div class=\"et_pb_section_9 et_pb_section et_section_regular et_block_section\">\n<div class=\"et_pb_row_9 et_pb_row et-vb-row--no-module et_block_row\">\n<div class=\"et_pb_column_11 et_pb_column et_pb_column_4_4 et-last-child et_block_column et_pb_column_empty et_pb_css_mix_blend_mode_passthrough\"><\/div>\n<\/div>\n<\/div>\n\n<div class=\"et_pb_section_10 et_pb_section et_section_regular et_block_section\">\n<div class=\"et_pb_row_10 et_pb_row et_flex_row\">\n<div class=\"et_pb_column_12 et_pb_column et_flex_column et_pb_css_mix_blend_mode_passthrough et_flex_column_12_24 et_flex_column_12_24_tablet et_flex_column_24_24_phone\">\n<div class=\"et_pb_text_6 et_pb_text et_pb_bg_layout_light et_animated et_pb_module et_block_module et_pb_text_align_center\"><div class=\"et_pb_text_inner\"><h2 class=\"p1\"><b>Nutrici\u00f3 vegetal<\/b><\/h2>\n<p class=\"p1\">- <strong>Allibera nutrients de forma lenta<\/strong>, incloent micronutrients, i facilita l'absorci\u00f3 de minerals insolubles <span class=\"s1\">bloquejats al s\u00f2l per fer-los assimilables per a les plantes <\/span>millorant el rendiment dels cultius.<\/p>\n<p class=\"p2\">- <strong>Afavoreix la pres\u00e8ncia de microorganismes<\/strong> \u00fatils per a l'alimentaci\u00f3 de la planta.<\/p>\n<p class=\"p2\">- <strong>Els adobs org\u00e0nics microbiol\u00f2gics milloren l'estructura del s\u00f2l<\/strong>, permeten la fixaci\u00f3 del carboni i afavoreixen la capacitat del cultiu per retenir nutrients i aigua.<\/p>\n<p class=\"p2\">- <strong>Augmenten la producci\u00f3 dels cultius<\/strong> i milloren l'estr\u00e8s h\u00eddric.<\/p>\n<\/div><\/div>\n<\/div>\n\n<div class=\"et_pb_column_13 et_pb_column et-last-child et_flex_column et_pb_css_mix_blend_mode_passthrough et_flex_column_12_24 et_flex_column_12_24_tablet et_flex_column_24_24_phone\">\n<div class=\"et_pb_image_2 et_pb_image et_pb_image_sticky et_animated et_pb_module et_flex_module\"><span class=\"et_pb_image_wrap\"><img loading=\"lazy\" decoding=\"async\" src=\"https:\/\/www.organicwastetreatments.com\/wp-content\/uploads\/2026\/03\/06-Compost-microbiologico.jpeg\" alt=\"foto plantes amb compost\" title=\"Compost microbiol\u00f2gic\" width=\"480\" height=\"453\" srcset=\"https:\/\/www.organicwastetreatments.com\/wp-content\/uploads\/2026\/03\/06-Compost-microbiologico.jpeg 480w, https:\/\/www.organicwastetreatments.com\/wp-content\/uploads\/2026\/03\/06-Compost-microbiologico-300x283.jpeg 300w\" sizes=\"(max-width: 480px) 100vw, 480px\" class=\"wp-image-599\" \/><\/span><\/div>\n<\/div>\n<\/div>\n<\/div>\n\n<div class=\"et_pb_section_11 et_pb_section et_section_regular et_block_section\">\n<div class=\"et_pb_row_11 et_pb_row et-vb-row--no-module et_block_row\">\n<div class=\"et_pb_column_14 et_pb_column et_pb_column_4_4 et-last-child et_block_column et_pb_column_empty et_pb_css_mix_blend_mode_passthrough\"><\/div>\n<\/div>\n<\/div>\n\n<div class=\"et_pb_section_12 et_pb_section et_section_regular et_block_section\">\n<div class=\"et_pb_row_12 et_pb_row et_flex_row\">\n<div class=\"et_pb_column_15 et_pb_column et_flex_column et_pb_css_mix_blend_mode_passthrough et_flex_column_12_24 et_flex_column_12_24_tablet et_flex_column_24_24_phone\">\n<div class=\"et_pb_text_7 et_pb_text et_pb_bg_layout_light et_animated et_pb_module et_block_module et_pb_text_align_center\"><div class=\"et_pb_text_inner\"><h2 class=\"p1\"><b>Supressi\u00f3 de malalties<\/b><b><\/b><\/h2>\n<p class=\"p1\"><strong>La seva alta c\u00e0rrega biol\u00f2gica actua com a barrera natural<\/strong> contra pat\u00f2gens del s\u00f2l, reduint la necessitat de pesticides qu\u00edmics.<\/p>\n<p class=\"p2\">- Aporta diversitat biol\u00f2gica.<\/p>\n<p class=\"p2\">- Reequilibra la flora local, per la qual cosa, a m\u00e9s i per domin\u00e0ncia del medi, evita l'\u00fas de fungicides.<\/p>\n<h2 class=\"p1\" b=\"\"><strong><\/strong><\/h2>\n<h2 class=\"p1\" b=\"\"><strong>Sostenibilitat:<\/strong><\/h2>\n<p class=\"p1\"><strong>Fomenta un cicle de nutrients tancat<\/strong>, ideal per a l'agricultura ecol\u00f2gica en aportar humus ric en enzims i hormones.<\/p>\n<p class=\"p2\">- Els adobs org\u00e0nics microbiol\u00f2gics no contaminen les aig\u00fces subterr\u00e0nies.<\/p>\n<p class=\"p2\">- Permeten recuperar s\u00f2ls que amb el temps s'han tornat inf\u00e8rtils o s\u00f2ls contaminats per qu\u00edmics i fongs pat\u00f2gens.<\/p>\n<p class=\"p1\"><strong>Aquest tipus de compost converteix s\u00f2ls inerts o degradats en ecosistemes vius, esponjosos i productius, augmentant la resili\u00e8ncia davant la sequera i reduint l'erosi\u00f3.<\/strong><\/p>\n<\/div><\/div>\n<\/div>\n\n<div class=\"et_pb_column_16 et_pb_column et-last-child et_flex_column et_pb_css_mix_blend_mode_passthrough et_flex_column_12_24 et_flex_column_12_24_tablet et_flex_column_24_24_phone\">\n<div class=\"et_pb_image_3 et_pb_image et_animated et_pb_module et_flex_module\"><span class=\"et_pb_image_wrap\"><img loading=\"lazy\" decoding=\"async\" src=\"https:\/\/www.organicwastetreatments.com\/wp-content\/uploads\/2026\/03\/08-Compost-microbiologico.jpeg\" alt=\"foto brots de fulles\" title=\"Compost microbiol\u00f2gic\" width=\"671\" height=\"790\" srcset=\"https:\/\/www.organicwastetreatments.com\/wp-content\/uploads\/2026\/03\/08-Compost-microbiologico.jpeg 671w, https:\/\/www.organicwastetreatments.com\/wp-content\/uploads\/2026\/03\/08-Compost-microbiologico-480x565.jpeg 480w\" sizes=\"(min-width: 0px) and (max-width: 480px) 480px, (min-width: 481px) 671px, 100vw\" class=\"wp-image-608 wp-image-580 wp-image-612\" \/><\/span><\/div>\n<\/div>\n<\/div>\n<\/div>\n\n<div class=\"et_pb_section_13 et_pb_section et_section_regular et_block_section\">\n<div class=\"et_pb_row_13 et_pb_row et_block_row\">\n<div class=\"et_pb_column_17 et_pb_column et_pb_column_4_4 et-last-child et_block_column et_pb_css_mix_blend_mode_passthrough\">\n<div class=\"et_pb_text_8 et_pb_text et_pb_bg_layout_dark et_animated et_pb_module et_block_module et_pb_text_align_center\"><div class=\"et_pb_text_inner\"><p><strong>Trobeu la vostra soluci\u00f3 microbiol\u00f2gica!<\/strong><\/p>\n<\/div><\/div>\n\n<div class=\"et_pb_module et_pb_button_module_wrapper et_pb_button_0_wrapper\"><a class=\"et_pb_button_0 et_pb_button et_pb_bg_layout_light et_animated et_pb_module et_block_module\" href=\"https:\/\/www.organicwastetreatments.com\/ca\/contacte\/\">Contacte<\/a><\/div>\n<\/div>\n<\/div>\n<\/div>","protected":false},"excerpt":{"rendered":"","protected":false},"author":3,"featured_media":0,"parent":0,"menu_order":0,"comment_status":"closed","ping_status":"closed","template":"","meta":{"footnotes":""},"class_list":["post-840","page","type-page","status-publish","hentry"],"yoast_head":"<!-- This site is optimized with the Yoast SEO plugin v27.0 - https:\/\/yoast.com\/product\/yoast-seo-wordpress\/ -->\n<title>Compost microbiol\u00f2gic - Organic Waste Treatments<\/title>\n<meta name=\"description\" content=\"El compost microbiol\u00f2gic potencia l&#039;activitat biol\u00f2gica de la mat\u00e8ria org\u00e0nica mitjan\u00e7ant microorganismes beneficiosos.\" \/>\n<meta name=\"robots\" content=\"index, follow, max-snippet:-1, max-image-preview:large, max-video-preview:-1\" \/>\n<link rel=\"canonical\" href=\"https:\/\/www.organicwastetreatments.com\/ca\/compost-microbiologic\/\" \/>\n<meta property=\"og:locale\" content=\"ca_ES\" \/>\n<meta property=\"og:type\" content=\"article\" \/>\n<meta property=\"og:title\" content=\"Compost microbiol\u00f2gic - Organic Waste Treatments\" \/>\n<meta property=\"og:description\" content=\"El compost microbiol\u00f2gic potencia l&#039;activitat biol\u00f2gica de la mat\u00e8ria org\u00e0nica mitjan\u00e7ant microorganismes beneficiosos.\" \/>\n<meta property=\"og:url\" content=\"https:\/\/www.organicwastetreatments.com\/ca\/compost-microbiologic\/\" \/>\n<meta property=\"og:site_name\" content=\"Organic Waste Treatments\" \/>\n<meta property=\"article:modified_time\" content=\"2026-04-02T09:12:02+00:00\" \/>\n<meta name=\"twitter:card\" content=\"summary_large_image\" \/>\n<script type=\"application\/ld+json\" class=\"yoast-schema-graph\">{\"@context\":\"https:\/\/schema.org\",\"@graph\":[{\"@type\":\"WebPage\",\"@id\":\"https:\/\/www.organicwastetreatments.com\/ca\/compost-microbiologic\/\",\"url\":\"https:\/\/www.organicwastetreatments.com\/ca\/compost-microbiologic\/\",\"name\":\"Compost microbiol\u00f2gic - Organic Waste Treatments\",\"isPartOf\":{\"@id\":\"https:\/\/www.organicwastetreatments.com\/ca\/#website\"},\"datePublished\":\"2026-03-28T11:40:02+00:00\",\"dateModified\":\"2026-04-02T09:12:02+00:00\",\"description\":\"El compost microbiol\u00f2gic potencia l'activitat biol\u00f2gica de la mat\u00e8ria org\u00e0nica mitjan\u00e7ant microorganismes beneficiosos.\",\"breadcrumb\":{\"@id\":\"https:\/\/www.organicwastetreatments.com\/ca\/compost-microbiologic\/#breadcrumb\"},\"inLanguage\":\"ca\",\"potentialAction\":[{\"@type\":\"ReadAction\",\"target\":[\"https:\/\/www.organicwastetreatments.com\/ca\/compost-microbiologic\/\"]}]},{\"@type\":\"BreadcrumbList\",\"@id\":\"https:\/\/www.organicwastetreatments.com\/ca\/compost-microbiologic\/#breadcrumb\",\"itemListElement\":[{\"@type\":\"ListItem\",\"position\":1,\"name\":\"Inici\",\"item\":\"https:\/\/www.organicwastetreatments.com\/ca\/\"},{\"@type\":\"ListItem\",\"position\":2,\"name\":\"Compost microbiol\u00f2gic\"}]},{\"@type\":\"WebSite\",\"@id\":\"https:\/\/www.organicwastetreatments.com\/ca\/#website\",\"url\":\"https:\/\/www.organicwastetreatments.com\/ca\/\",\"name\":\"Organic Waste Treatments\",\"description\":\"\",\"potentialAction\":[{\"@type\":\"SearchAction\",\"target\":{\"@type\":\"EntryPoint\",\"urlTemplate\":\"https:\/\/www.organicwastetreatments.com\/ca\/?s={search_term_string}\"},\"query-input\":{\"@type\":\"PropertyValueSpecification\",\"valueRequired\":true,\"valueName\":\"search_term_string\"}}],\"inLanguage\":\"ca\"}]}<\/script>\n<!-- \/ Yoast SEO plugin. -->","yoast_head_json":{"title":"Compost microbiol\u00f2gic - Organic Waste Treatments","description":"El compost microbiol\u00f2gic potencia l'activitat biol\u00f2gica de la mat\u00e8ria org\u00e0nica mitjan\u00e7ant microorganismes beneficiosos.","robots":{"index":"index","follow":"follow","max-snippet":"max-snippet:-1","max-image-preview":"max-image-preview:large","max-video-preview":"max-video-preview:-1"},"canonical":"https:\/\/www.organicwastetreatments.com\/ca\/compost-microbiologic\/","og_locale":"ca_ES","og_type":"article","og_title":"Compost microbiol\u00f2gic - Organic Waste Treatments","og_description":"El compost microbiol\u00f2gic potencia l'activitat biol\u00f2gica de la mat\u00e8ria org\u00e0nica mitjan\u00e7ant microorganismes beneficiosos.","og_url":"https:\/\/www.organicwastetreatments.com\/ca\/compost-microbiologic\/","og_site_name":"Organic Waste Treatments","article_modified_time":"2026-04-02T09:12:02+00:00","twitter_card":"summary_large_image","schema":{"@context":"https:\/\/schema.org","@graph":[{"@type":"WebPage","@id":"https:\/\/www.organicwastetreatments.com\/ca\/compost-microbiologic\/","url":"https:\/\/www.organicwastetreatments.com\/ca\/compost-microbiologic\/","name":"Compost microbiol\u00f2gic - Organic Waste Treatments","isPartOf":{"@id":"https:\/\/www.organicwastetreatments.com\/ca\/#website"},"datePublished":"2026-03-28T11:40:02+00:00","dateModified":"2026-04-02T09:12:02+00:00","description":"El compost microbiol\u00f2gic potencia l'activitat biol\u00f2gica de la mat\u00e8ria org\u00e0nica mitjan\u00e7ant microorganismes beneficiosos.","breadcrumb":{"@id":"https:\/\/www.organicwastetreatments.com\/ca\/compost-microbiologic\/#breadcrumb"},"inLanguage":"ca","potentialAction":[{"@type":"ReadAction","target":["https:\/\/www.organicwastetreatments.com\/ca\/compost-microbiologic\/"]}]},{"@type":"BreadcrumbList","@id":"https:\/\/www.organicwastetreatments.com\/ca\/compost-microbiologic\/#breadcrumb","itemListElement":[{"@type":"ListItem","position":1,"name":"Inici","item":"https:\/\/www.organicwastetreatments.com\/ca\/"},{"@type":"ListItem","position":2,"name":"Compost microbiol\u00f2gic"}]},{"@type":"WebSite","@id":"https:\/\/www.organicwastetreatments.com\/ca\/#website","url":"https:\/\/www.organicwastetreatments.com\/ca\/","name":"Organic Waste Treatments","description":"","potentialAction":[{"@type":"SearchAction","target":{"@type":"EntryPoint","urlTemplate":"https:\/\/www.organicwastetreatments.com\/ca\/?s={search_term_string}"},"query-input":{"@type":"PropertyValueSpecification","valueRequired":true,"valueName":"search_term_string"}}],"inLanguage":"ca"}]}},"_links":{"self":[{"href":"https:\/\/www.organicwastetreatments.com\/ca\/wp-json\/wp\/v2\/pages\/840","targetHints":{"allow":["GET"]}}],"collection":[{"href":"https:\/\/www.organicwastetreatments.com\/ca\/wp-json\/wp\/v2\/pages"}],"about":[{"href":"https:\/\/www.organicwastetreatments.com\/ca\/wp-json\/wp\/v2\/types\/page"}],"author":[{"embeddable":true,"href":"https:\/\/www.organicwastetreatments.com\/ca\/wp-json\/wp\/v2\/users\/3"}],"replies":[{"embeddable":true,"href":"https:\/\/www.organicwastetreatments.com\/ca\/wp-json\/wp\/v2\/comments?post=840"}],"version-history":[{"count":5,"href":"https:\/\/www.organicwastetreatments.com\/ca\/wp-json\/wp\/v2\/pages\/840\/revisions"}],"predecessor-version":[{"id":1006,"href":"https:\/\/www.organicwastetreatments.com\/ca\/wp-json\/wp\/v2\/pages\/840\/revisions\/1006"}],"wp:attachment":[{"href":"https:\/\/www.organicwastetreatments.com\/ca\/wp-json\/wp\/v2\/media?parent=840"}],"curies":[{"name":"wp","href":"https:\/\/api.w.org\/{rel}","templated":true}]}}