{"id":889,"date":"2026-03-27T12:31:55","date_gmt":"2026-03-27T10:31:55","guid":{"rendered":"https:\/\/www.organicwastetreatments.com\/sectors-i-solucions\/"},"modified":"2026-04-02T11:08:52","modified_gmt":"2026-04-02T09:08:52","slug":"sectors-i-solucions","status":"publish","type":"page","link":"https:\/\/www.organicwastetreatments.com\/ca\/sectors-i-solucions\/","title":{"rendered":"Sectors i Solucions"},"content":{"rendered":"<div class=\"et_pb_section_0 et_pb_section et_section_regular et_block_section\">\n<div class=\"et_pb_row_0 et_pb_row et_block_row\">\n<div class=\"et_pb_column_0 et_pb_column et_pb_column_4_4 et-last-child et_block_column et_pb_css_mix_blend_mode_passthrough\">\n<div class=\"et_pb_text_0 et_pb_text et_pb_bg_layout_light et_animated et_pb_module et_block_module\"><div class=\"et_pb_text_inner\"><h1>Sectors i Solucions<\/h1>\n<\/div><\/div>\n\n<div class=\"et_pb_text_1 et_pb_text et_pb_bg_layout_light et_animated et_pb_module et_block_module\"><div class=\"et_pb_text_inner\"><p><strong>Els nostres serveis s'adapten a diferents sectors vinculats a la gesti\u00f3 de residus org\u00e0nics, oferint solucions eficients i sostenibles.<\/strong><\/p>\n<\/div><\/div>\n<\/div>\n<\/div>\n<\/div>\n\n<div class=\"et_pb_section_1 et_pb_section et_section_regular et_block_section\">\n<div class=\"et_pb_row_1 et_pb_row et-vb-row--no-module et_block_row\">\n<div class=\"et_pb_column_1 et_pb_column et_pb_column_4_4 et-last-child et_block_column et_pb_column_empty et_pb_css_mix_blend_mode_passthrough\"><\/div>\n<\/div>\n<\/div>\n\n<div class=\"et_pb_section_2 et_pb_section et_section_regular et_block_section\">\n<div class=\"et_pb_row_2 et_pb_row et_block_row\">\n<div class=\"et_pb_column_2 et_pb_column et_pb_column_4_4 et-last-child et_block_column et_pb_css_mix_blend_mode_passthrough\">\n<div class=\"et_pb_divider_0 et_pb_divider et_pb_space et_pb_divider_position_top et_animated et_pb_module\"><div class=\"et_pb_divider_internal\"><\/div><\/div>\n\n<div class=\"et_pb_text_2 et_pb_text et_pb_bg_layout_light et_animated et_pb_module et_block_module et_pb_text_align_center\"><div class=\"et_pb_text_inner\"><p class=\"p1\"><strong>Actuem en plantes de compostatge, ecoparcs, granges i sistemes dom\u00e8stics. Apliquem tractaments per reduir olors, controlar plagues i millorar els processos biol\u00f2gics. Adaptem el disseny en funci\u00f3 de les necessitats espec\u00edfiques de cada instal\u00b7laci\u00f3  <\/strong><\/p>\n<\/div><\/div>\n\n<div class=\"et_pb_divider_1 et_pb_divider et_pb_space et_pb_divider_position_top et_animated et_pb_module\"><div class=\"et_pb_divider_internal\"><\/div><\/div>\n<\/div>\n<\/div>\n<\/div>\n\n<div class=\"et_pb_section_3 et_pb_section et_section_regular et_block_section\">\n<div class=\"et_pb_row_3 et_pb_row et-vb-row--no-module et_block_row\">\n<div class=\"et_pb_column_3 et_pb_column et_pb_column_4_4 et-last-child et_block_column et_pb_column_empty et_pb_css_mix_blend_mode_passthrough\"><\/div>\n<\/div>\n<\/div>\n\n<div class=\"et_pb_section_4 et_pb_section et_section_regular et_block_section\">\n<div class=\"et_pb_row_4 et_pb_row et_block_row\">\n<div class=\"et_pb_column_4 et_pb_column et_pb_column_4_4 et-last-child et_block_column et_pb_css_mix_blend_mode_passthrough\">\n<div class=\"et_pb_image_0 et_pb_image et_animated et_pb_module et_flex_module\"><span class=\"et_pb_image_wrap\"><img loading=\"lazy\" decoding=\"async\" src=\"https:\/\/www.organicwastetreatments.com\/wp-content\/uploads\/2026\/03\/Plantas-de-01-compostaje-w200.png\" alt=\"una casa i un cami\u00f3 de reciclatge\" title=\"Plantes de compostatge\" width=\"200\" height=\"100\" sizes=\"(max-width: 200px) 100vw, 200px\" class=\"wp-image-417\" \/><\/span><\/div>\n\n<div class=\"et_pb_heading_0 et_pb_heading et_animated et_pb_module et_flex_module\"><div class=\"et_pb_heading_container\"><h2 class=\"et_pb_module_header\">Plantes de compostatge<\/h2><\/div><\/div>\n\n<div class=\"et_pb_text_3 et_pb_text et_pb_bg_layout_light et_animated et_pb_module et_flex_module\"><div class=\"et_pb_text_inner\"><p class=\"p1\"><span style=\"font-size: x-large;\"><b>Beneficis de la Microbiologia Elgan\u00ae per a plantes de compost en general:<\/b><\/span><\/p>\n<p class=\"p1\"><span style=\"color: #000000;\"><strong>Redueix males olors i mosques <\/strong><\/span><\/p>\n<p class=\"p1\"><span style=\"color: #000000;\"><strong>Millora la qualitat del compost <\/strong><\/span><\/p>\n<p class=\"p1\"><span style=\"color: #000000;\"><strong>Millora els processos de garbellat<\/strong><\/span><b><\/b><\/p>\n<p class=\"p3\"><strong><span style=\"text-decoration: underline;\"><span class=\"s1\"><i>Plataforma de compost:<\/i><\/span> <\/span><\/strong><\/p>\n<p class=\"p3\"><strong>La incorporaci\u00f3 de microbiologia Elgan\u00ae en una pila de residus (llots, fems, pinyolada, poda, FORM, MOR\u2026),<span class=\"Apple-converted-space\">  <\/span>proporciona l'oxigenaci\u00f3 necess\u00e0ria per obtenir un excel\u00b7lent proc\u00e9s de compost reduint aix\u00ed el nombre de voltejos.<\/strong><\/p>\n<p class=\"p3\">Elgan\u00ae (juntament amb Nutri-Start\u00ae i Nutri-Active\u00ae) \u00e9s un sistema de compostatge que permet reduir despeses energ\u00e8tiques (menys voltejos), optimitzar la superf\u00edcie \u00fatil de la planta (formaci\u00f3 de mesetes optimitzant els espais i superf\u00edcies de les plantes), reduir males olors i mosques, millorar els processos de garbellat (menys obstruccions, m\u00e9s compost, rebuig m\u00e9s net), millorar la qualitat del compost (sost\u00e9 i augmenta la microbiologia de la mateixa pila i millora el compost obtingut).<\/p>\n<p class=\"p3\">De vegades, oblidem que el compostatge \u00e9s un proc\u00e9s biol\u00f2gic i no mec\u00e0nic.<\/p>\n<\/div><\/div>\n<\/div>\n<\/div>\n<\/div>\n\n<div class=\"et_pb_section_5 et_pb_section et_section_regular et_block_section\">\n<div class=\"et_pb_row_5 et_pb_row et-vb-row--no-module et_flex_row et_animated\">\n<div class=\"et_pb_column_5 et_pb_column et_flex_column et_pb_column_empty et_pb_css_mix_blend_mode_passthrough et_flex_column_12_24 et_flex_column_12_24_tablet et_flex_column_24_24_phone\"><\/div>\n\n<div class=\"et_pb_column_6 et_pb_column et-last-child et_flex_column et_pb_column_empty et_pb_css_mix_blend_mode_passthrough et_flex_column_12_24 et_flex_column_12_24_tablet et_flex_column_24_24_phone\"><\/div>\n<\/div>\n<\/div>\n\n<div class=\"et_pb_section_6 et_pb_section et_section_regular et_block_section\">\n<div class=\"et_pb_row_6 et_pb_row et-vb-row--no-module et_block_row\">\n<div class=\"et_pb_column_7 et_pb_column et_pb_column_4_4 et-last-child et_block_column et_pb_column_empty et_pb_css_mix_blend_mode_passthrough\"><\/div>\n<\/div>\n<\/div>\n\n<div class=\"et_pb_section_7 et_pb_section et_section_regular et_block_section\">\n<div class=\"et_pb_row_7 et_pb_row et_block_row\">\n<div class=\"et_pb_column_8 et_pb_column et_pb_column_4_4 et-last-child et_block_column et_pb_css_mix_blend_mode_passthrough\">\n<div class=\"et_pb_image_1 et_pb_image et_animated et_pb_module et_flex_module\"><span class=\"et_pb_image_wrap\"><img loading=\"lazy\" decoding=\"async\" src=\"https:\/\/www.organicwastetreatments.com\/wp-content\/uploads\/2026\/03\/02-Plantas-de-tratamiento-de-residuos-w200.png\" alt=\"una planta de residus i un cami\u00f3\" title=\"Plantes de tractament de residus\" width=\"200\" height=\"100\" sizes=\"(max-width: 200px) 100vw, 200px\" class=\"wp-image-419\" \/><\/span><\/div>\n\n<div class=\"et_pb_heading_1 et_pb_heading et_animated et_pb_module et_flex_module\"><div class=\"et_pb_heading_container\"><h2 class=\"et_pb_module_header\">Plantes de tractament de residus i transfer\u00e8ncia<\/h2><\/div><\/div>\n\n<div class=\"et_pb_text_4 et_pb_text et_pb_bg_layout_light et_animated et_pb_module et_flex_module\"><div class=\"et_pb_text_inner\"><p class=\"p1\"><span style=\"font-size: x-large;\"><strong>Microbiologia Elgan\u00ae per a la reducci\u00f3 de males olors i mosques<\/strong><\/span><\/p>\n<p class=\"p1\"><strong>Elgan\u00ae bloqueja les reaccions putrefactives causants de les males olors<\/strong>. <strong>A m\u00e9s, el seu metabolisme permet recombinar millor el Nitrogen amb el Carboni, de manera que la seva p\u00e8rdua \u00e9s molt inferior.<\/strong><br \/><strong><\/strong><\/p>\n<p class=\"p1\"><strong>Aplicacions amb \u00e8xit en:<\/strong><\/p>\n<p class=\"p1\">Plantes de compost (llots, fems, pinyolada, poda, FORM, MOR\u2026), estacions de depuraci\u00f3 d'aigua (aliment\u00e0ries, t\u00e8xtil, paper, c\u00e0rniques\u2026), granges, escorxadors (sang, plomes\u2026) entre altres ind\u00fastries.<\/p>\n<p class=\"p1\"><strong>Reducci\u00f3 poblaci\u00f3 mosques:<\/strong> la seva acci\u00f3 bloqueja la s\u00edntesi de quitina en ous, de manera que no progressen a adults i es talla el cicle biol\u00f2gic.<\/p>\n<\/div><\/div>\n<\/div>\n<\/div>\n<\/div>\n\n<div class=\"et_pb_section_8 et_pb_section et_section_regular et_block_section\">\n<div class=\"et_pb_row_8 et_pb_row et-vb-row--no-module et_flex_row et_animated\">\n<div class=\"et_pb_column_9 et_pb_column et_flex_column et_pb_column_empty et_pb_css_mix_blend_mode_passthrough et_flex_column_12_24 et_flex_column_12_24_tablet et_flex_column_24_24_phone\"><\/div>\n\n<div class=\"et_pb_column_10 et_pb_column et-last-child et_flex_column et_pb_column_empty et_pb_css_mix_blend_mode_passthrough et_flex_column_12_24 et_flex_column_12_24_tablet et_flex_column_24_24_phone\"><\/div>\n<\/div>\n<\/div>\n\n<div class=\"et_pb_section_9 et_pb_section et_section_regular et_block_section\">\n<div class=\"et_pb_row_9 et_pb_row et-vb-row--no-module et_block_row\">\n<div class=\"et_pb_column_11 et_pb_column et_pb_column_4_4 et-last-child et_block_column et_pb_column_empty et_pb_css_mix_blend_mode_passthrough\"><\/div>\n<\/div>\n<\/div>\n\n<div class=\"et_pb_section_10 et_pb_section et_section_regular et_block_section\">\n<div class=\"et_pb_row_10 et_pb_row et_block_row\">\n<div class=\"et_pb_column_12 et_pb_column et_pb_column_4_4 et-last-child et_block_column et_pb_css_mix_blend_mode_passthrough\">\n<div class=\"et_pb_image_2 et_pb_image et_animated et_pb_module et_flex_module\"><span class=\"et_pb_image_wrap\"><img loading=\"lazy\" decoding=\"async\" src=\"https:\/\/www.organicwastetreatments.com\/wp-content\/uploads\/2026\/03\/03-Digestion-anaerobia-w200.png\" alt=\"f\u00e0brica de digesti\u00f3\" title=\"Digesti\u00f3 anaer\u00f2bia\" width=\"200\" height=\"100\" sizes=\"(max-width: 200px) 100vw, 200px\" class=\"wp-image-422\" \/><\/span><\/div>\n\n<div class=\"et_pb_heading_2 et_pb_heading et_animated et_pb_module et_flex_module\"><div class=\"et_pb_heading_container\"><h2 class=\"et_pb_module_header\">Digesti\u00f3 anaer\u00f2bia<\/h2><\/div><\/div>\n\n<div class=\"et_pb_text_5 et_pb_text et_pb_bg_layout_light et_animated et_pb_module et_flex_module\"><div class=\"et_pb_text_inner\"><p class=\"p1\"><strong>Aportem solucions per a:<\/strong><\/p>\n<p class=\"p1\">- La <strong>reducci\u00f3<\/strong> de la concentraci\u00f3 de NH<span class=\"s1\"><sub>3<\/sub><\/span> en els digestors i H<span class=\"s1\"><sub>2<\/sub><\/span>S.<\/p>\n<p class=\"p1\">- Problemes per no assolir la <strong>producci\u00f3 nominal<\/strong> de biog\u00e0s per concentraci\u00f3 elevada de NH<span class=\"s1\"><sub>3.<\/sub><sub><\/sub><\/span><\/p>\n<p class=\"p1\">- La <strong>millora de la c\u00e0rrega<\/strong> org\u00e0nica (optimitzaci\u00f3 de rendiments).<\/p>\n<p class=\"p1\">- Tractar el <strong>digestat en processos<\/strong> de compostatge.<\/p>\n<\/div><\/div>\n<\/div>\n<\/div>\n<\/div>\n\n<div class=\"et_pb_section_11 et_pb_section et_section_regular et_block_section\">\n<div class=\"et_pb_row_11 et_pb_row et-vb-row--no-module et_flex_row et_animated\">\n<div class=\"et_pb_column_13 et_pb_column et_flex_column et_pb_column_empty et_pb_css_mix_blend_mode_passthrough et_flex_column_12_24 et_flex_column_12_24_tablet et_flex_column_24_24_phone\"><\/div>\n\n<div class=\"et_pb_column_14 et_pb_column et-last-child et_flex_column et_pb_column_empty et_pb_css_mix_blend_mode_passthrough et_flex_column_12_24 et_flex_column_12_24_tablet et_flex_column_24_24_phone\"><\/div>\n<\/div>\n<\/div>\n\n<div class=\"et_pb_section_12 et_pb_section et_section_regular et_block_section\">\n<div class=\"et_pb_row_12 et_pb_row et-vb-row--no-module et_block_row\">\n<div class=\"et_pb_column_15 et_pb_column et_pb_column_4_4 et-last-child et_block_column et_pb_column_empty et_pb_css_mix_blend_mode_passthrough\"><\/div>\n<\/div>\n<\/div>\n\n<div class=\"et_pb_section_13 et_pb_section et_section_regular et_block_section\">\n<div class=\"et_pb_row_13 et_pb_row et_block_row\">\n<div class=\"et_pb_column_16 et_pb_column et_pb_column_4_4 et-last-child et_block_column et_pb_css_mix_blend_mode_passthrough\">\n<div class=\"et_pb_image_3 et_pb_image et_animated et_pb_module et_flex_module\"><span class=\"et_pb_image_wrap\"><img loading=\"lazy\" decoding=\"async\" src=\"https:\/\/www.organicwastetreatments.com\/wp-content\/uploads\/2026\/03\/04-Balsas-de-lixiviados-w200.png\" title=\"04-Balsas de lixiviados-w200\" width=\"200\" height=\"100\" sizes=\"(max-width: 200px) 100vw, 200px\" class=\"wp-image-424\" alt=\"una casa i un cami\u00f3 de reciclatge\" \/><\/span><\/div>\n\n<div class=\"et_pb_heading_3 et_pb_heading et_animated et_pb_module et_flex_module\"><div class=\"et_pb_heading_container\"><h2 class=\"et_pb_module_header\">Basses de lixiviats i fosses s\u00e8ptiques<\/h2><\/div><\/div>\n\n<div class=\"et_pb_text_6 et_pb_text et_pb_bg_layout_light et_animated et_pb_module et_flex_module\"><div class=\"et_pb_text_inner\"><p class=\"p1\">Per <strong>evitar problemes d'olors, cal afegir oxigen<\/strong> tant en les basses de lixiviats com en les fosses s\u00e8ptiques. Aquest proc\u00e9s pot fer-se mec\u00e0nicament o b\u00e9 gr\u00e0cies a l'aportaci\u00f3 d'Elgan\u00ae que <strong>a m\u00e9s d'aportar oxigen, reduir\u00e0 males olors, i el volum de sediment al fons.<\/strong> <\/p>\n<\/div><\/div>\n<\/div>\n<\/div>\n<\/div>\n\n<div class=\"et_pb_section_14 et_pb_section et_section_regular et_block_section\">\n<div class=\"et_pb_row_14 et_pb_row et-vb-row--no-module et_flex_row et_animated\">\n<div class=\"et_pb_column_17 et_pb_column et-last-child et_flex_column et_pb_column_empty et_pb_css_mix_blend_mode_passthrough et_flex_column_12_24 et_flex_column_12_24_tablet et_flex_column_24_24_phone\"><\/div>\n<\/div>\n<\/div>\n\n<div class=\"et_pb_section_15 et_pb_section et_section_regular et_block_section\">\n<div class=\"et_pb_row_15 et_pb_row et-vb-row--no-module et_block_row\">\n<div class=\"et_pb_column_18 et_pb_column et_pb_column_4_4 et-last-child et_block_column et_pb_column_empty et_pb_css_mix_blend_mode_passthrough\"><\/div>\n<\/div>\n<\/div>\n\n<div class=\"et_pb_section_16 et_pb_section et_section_regular et_block_section\">\n<div class=\"et_pb_row_16 et_pb_row et_block_row\">\n<div class=\"et_pb_column_19 et_pb_column et_pb_column_4_4 et-last-child et_block_column et_pb_css_mix_blend_mode_passthrough\">\n<div class=\"et_pb_image_4 et_pb_image et_animated et_pb_module et_flex_module\"><span class=\"et_pb_image_wrap\"><img loading=\"lazy\" decoding=\"async\" src=\"https:\/\/www.organicwastetreatments.com\/wp-content\/uploads\/2026\/03\/Plantas-de-01-compostaje-w200.png\" alt=\"una casa i un cami\u00f3 de reciclatge\" title=\"Plantes de compostatge\" width=\"200\" height=\"100\" sizes=\"(max-width: 200px) 100vw, 200px\" class=\"wp-image-417\" \/><\/span><\/div>\n\n<div class=\"et_pb_heading_4 et_pb_heading et_animated et_pb_module et_flex_module\"><div class=\"et_pb_heading_container\"><h2 class=\"et_pb_module_header\">Compostar a casa<\/h2><\/div><\/div>\n\n<div class=\"et_pb_text_7 et_pb_text et_pb_bg_layout_light et_animated et_pb_module et_flex_module\"><div class=\"et_pb_text_inner\"><p class=\"p1\"><strong>Mai va ser tan simple i plaent compostar! <\/strong><\/p>\n<p class=\"p1\">Moltes vegades, per no dir sempre, <strong>s'assimila de manera equivocada<\/strong>, compostar amb males olors, mosques i treball. Aix\u00ed que no ens animem a compostar a casa. Doncs b\u00e9, aix\u00f2 t\u00e9 soluci\u00f3. Tal com afegeixes els teus residus org\u00e0nics al compostador, afegeix Elgan\u00ae abans de tapar-lo de nou. Remou de cop i <strong>en poques setmanes obtindr\u00e0s un compost sense males olors ni mosques, carregat de microrganismes i nutrients.<\/strong>   <\/p>\n<\/div><\/div>\n<\/div>\n<\/div>\n<\/div>\n\n<div class=\"et_pb_section_17 et_pb_section et_section_regular et_block_section\">\n<div class=\"et_pb_row_17 et_pb_row et-vb-row--no-module et_flex_row et_animated\">\n<div class=\"et_pb_column_20 et_pb_column et_flex_column et_pb_column_empty et_pb_css_mix_blend_mode_passthrough et_flex_column_12_24 et_flex_column_12_24_tablet et_flex_column_24_24_phone\"><\/div>\n\n<div class=\"et_pb_column_21 et_pb_column et-last-child et_flex_column et_pb_column_empty et_pb_css_mix_blend_mode_passthrough et_flex_column_12_24 et_flex_column_12_24_tablet et_flex_column_24_24_phone\"><\/div>\n<\/div>\n<\/div>\n\n<div class=\"et_pb_section_18 et_pb_section et_section_regular et_block_section\">\n<div class=\"et_pb_row_18 et_pb_row et-vb-row--no-module et_block_row\">\n<div class=\"et_pb_column_22 et_pb_column et_pb_column_4_4 et-last-child et_block_column et_pb_column_empty et_pb_css_mix_blend_mode_passthrough\"><\/div>\n<\/div>\n<\/div>\n\n<div class=\"et_pb_section_19 et_pb_section et_section_regular et_block_section\">\n<div class=\"et_pb_row_19 et_pb_row et_block_row\">\n<div class=\"et_pb_column_23 et_pb_column et_pb_column_4_4 et-last-child et_block_column et_pb_css_mix_blend_mode_passthrough\">\n<div class=\"et_pb_text_8 et_pb_text et_pb_bg_layout_dark et_animated et_pb_module et_block_module et_pb_text_align_center\"><div class=\"et_pb_text_inner\"><p><strong>Trobeu la vostra soluci\u00f3 microbiol\u00f2gica!<\/strong><\/p>\n<\/div><\/div>\n\n<div class=\"et_pb_module et_pb_button_module_wrapper et_pb_button_0_wrapper\"><a class=\"et_pb_button_0 et_pb_button et_pb_bg_layout_light et_animated et_pb_module et_block_module\" href=\"https:\/\/www.organicwastetreatments.com\/ca\/contacte\/\">Contacte<\/a><\/div>\n<\/div>\n<\/div>\n<\/div>","protected":false},"excerpt":{"rendered":"","protected":false},"author":3,"featured_media":0,"parent":0,"menu_order":0,"comment_status":"closed","ping_status":"closed","template":"","meta":{"footnotes":""},"class_list":["post-889","page","type-page","status-publish","hentry"],"yoast_head":"<!-- This site is optimized with the Yoast SEO plugin v27.0 - https:\/\/yoast.com\/product\/yoast-seo-wordpress\/ -->\n<title>Sectors i Solucions - Organic Waste Treatments<\/title>\n<meta name=\"description\" content=\"Els nostres serveis s&#039;adapten a diferents sectors vinculats a la gesti\u00f3 de residus org\u00e0nics, oferint solucions eficients i sostenibles.\" \/>\n<meta name=\"robots\" content=\"index, follow, max-snippet:-1, max-image-preview:large, max-video-preview:-1\" \/>\n<link rel=\"canonical\" href=\"https:\/\/www.organicwastetreatments.com\/ca\/sectors-i-solucions\/\" \/>\n<meta property=\"og:locale\" content=\"ca_ES\" \/>\n<meta property=\"og:type\" content=\"article\" \/>\n<meta property=\"og:title\" content=\"Sectors i Solucions - Organic Waste Treatments\" \/>\n<meta property=\"og:description\" content=\"Els nostres serveis s&#039;adapten a diferents sectors vinculats a la gesti\u00f3 de residus org\u00e0nics, oferint solucions eficients i sostenibles.\" \/>\n<meta property=\"og:url\" content=\"https:\/\/www.organicwastetreatments.com\/ca\/sectors-i-solucions\/\" \/>\n<meta property=\"og:site_name\" content=\"Organic Waste Treatments\" \/>\n<meta property=\"article:modified_time\" content=\"2026-04-02T09:08:52+00:00\" \/>\n<meta name=\"twitter:card\" content=\"summary_large_image\" \/>\n<script type=\"application\/ld+json\" class=\"yoast-schema-graph\">{\"@context\":\"https:\/\/schema.org\",\"@graph\":[{\"@type\":\"WebPage\",\"@id\":\"https:\/\/www.organicwastetreatments.com\/ca\/sectors-i-solucions\/\",\"url\":\"https:\/\/www.organicwastetreatments.com\/ca\/sectors-i-solucions\/\",\"name\":\"Sectors i Solucions - Organic Waste Treatments\",\"isPartOf\":{\"@id\":\"https:\/\/www.organicwastetreatments.com\/ca\/#website\"},\"datePublished\":\"2026-03-27T10:31:55+00:00\",\"dateModified\":\"2026-04-02T09:08:52+00:00\",\"description\":\"Els nostres serveis s'adapten a diferents sectors vinculats a la gesti\u00f3 de residus org\u00e0nics, oferint solucions eficients i sostenibles.\",\"breadcrumb\":{\"@id\":\"https:\/\/www.organicwastetreatments.com\/ca\/sectors-i-solucions\/#breadcrumb\"},\"inLanguage\":\"ca\",\"potentialAction\":[{\"@type\":\"ReadAction\",\"target\":[\"https:\/\/www.organicwastetreatments.com\/ca\/sectors-i-solucions\/\"]}]},{\"@type\":\"BreadcrumbList\",\"@id\":\"https:\/\/www.organicwastetreatments.com\/ca\/sectors-i-solucions\/#breadcrumb\",\"itemListElement\":[{\"@type\":\"ListItem\",\"position\":1,\"name\":\"Inici\",\"item\":\"https:\/\/www.organicwastetreatments.com\/ca\/\"},{\"@type\":\"ListItem\",\"position\":2,\"name\":\"Sectors i Solucions\"}]},{\"@type\":\"WebSite\",\"@id\":\"https:\/\/www.organicwastetreatments.com\/ca\/#website\",\"url\":\"https:\/\/www.organicwastetreatments.com\/ca\/\",\"name\":\"Organic Waste Treatments\",\"description\":\"\",\"potentialAction\":[{\"@type\":\"SearchAction\",\"target\":{\"@type\":\"EntryPoint\",\"urlTemplate\":\"https:\/\/www.organicwastetreatments.com\/ca\/?s={search_term_string}\"},\"query-input\":{\"@type\":\"PropertyValueSpecification\",\"valueRequired\":true,\"valueName\":\"search_term_string\"}}],\"inLanguage\":\"ca\"}]}<\/script>\n<!-- \/ Yoast SEO plugin. -->","yoast_head_json":{"title":"Sectors i Solucions - Organic Waste Treatments","description":"Els nostres serveis s'adapten a diferents sectors vinculats a la gesti\u00f3 de residus org\u00e0nics, oferint solucions eficients i sostenibles.","robots":{"index":"index","follow":"follow","max-snippet":"max-snippet:-1","max-image-preview":"max-image-preview:large","max-video-preview":"max-video-preview:-1"},"canonical":"https:\/\/www.organicwastetreatments.com\/ca\/sectors-i-solucions\/","og_locale":"ca_ES","og_type":"article","og_title":"Sectors i Solucions - Organic Waste Treatments","og_description":"Els nostres serveis s'adapten a diferents sectors vinculats a la gesti\u00f3 de residus org\u00e0nics, oferint solucions eficients i sostenibles.","og_url":"https:\/\/www.organicwastetreatments.com\/ca\/sectors-i-solucions\/","og_site_name":"Organic Waste Treatments","article_modified_time":"2026-04-02T09:08:52+00:00","twitter_card":"summary_large_image","schema":{"@context":"https:\/\/schema.org","@graph":[{"@type":"WebPage","@id":"https:\/\/www.organicwastetreatments.com\/ca\/sectors-i-solucions\/","url":"https:\/\/www.organicwastetreatments.com\/ca\/sectors-i-solucions\/","name":"Sectors i Solucions - Organic Waste Treatments","isPartOf":{"@id":"https:\/\/www.organicwastetreatments.com\/ca\/#website"},"datePublished":"2026-03-27T10:31:55+00:00","dateModified":"2026-04-02T09:08:52+00:00","description":"Els nostres serveis s'adapten a diferents sectors vinculats a la gesti\u00f3 de residus org\u00e0nics, oferint solucions eficients i sostenibles.","breadcrumb":{"@id":"https:\/\/www.organicwastetreatments.com\/ca\/sectors-i-solucions\/#breadcrumb"},"inLanguage":"ca","potentialAction":[{"@type":"ReadAction","target":["https:\/\/www.organicwastetreatments.com\/ca\/sectors-i-solucions\/"]}]},{"@type":"BreadcrumbList","@id":"https:\/\/www.organicwastetreatments.com\/ca\/sectors-i-solucions\/#breadcrumb","itemListElement":[{"@type":"ListItem","position":1,"name":"Inici","item":"https:\/\/www.organicwastetreatments.com\/ca\/"},{"@type":"ListItem","position":2,"name":"Sectors i Solucions"}]},{"@type":"WebSite","@id":"https:\/\/www.organicwastetreatments.com\/ca\/#website","url":"https:\/\/www.organicwastetreatments.com\/ca\/","name":"Organic Waste Treatments","description":"","potentialAction":[{"@type":"SearchAction","target":{"@type":"EntryPoint","urlTemplate":"https:\/\/www.organicwastetreatments.com\/ca\/?s={search_term_string}"},"query-input":{"@type":"PropertyValueSpecification","valueRequired":true,"valueName":"search_term_string"}}],"inLanguage":"ca"}]}},"_links":{"self":[{"href":"https:\/\/www.organicwastetreatments.com\/ca\/wp-json\/wp\/v2\/pages\/889","targetHints":{"allow":["GET"]}}],"collection":[{"href":"https:\/\/www.organicwastetreatments.com\/ca\/wp-json\/wp\/v2\/pages"}],"about":[{"href":"https:\/\/www.organicwastetreatments.com\/ca\/wp-json\/wp\/v2\/types\/page"}],"author":[{"embeddable":true,"href":"https:\/\/www.organicwastetreatments.com\/ca\/wp-json\/wp\/v2\/users\/3"}],"replies":[{"embeddable":true,"href":"https:\/\/www.organicwastetreatments.com\/ca\/wp-json\/wp\/v2\/comments?post=889"}],"version-history":[{"count":5,"href":"https:\/\/www.organicwastetreatments.com\/ca\/wp-json\/wp\/v2\/pages\/889\/revisions"}],"predecessor-version":[{"id":994,"href":"https:\/\/www.organicwastetreatments.com\/ca\/wp-json\/wp\/v2\/pages\/889\/revisions\/994"}],"wp:attachment":[{"href":"https:\/\/www.organicwastetreatments.com\/ca\/wp-json\/wp\/v2\/media?parent=889"}],"curies":[{"name":"wp","href":"https:\/\/api.w.org\/{rel}","templated":true}]}}