{"id":913,"date":"2025-11-27T17:05:45","date_gmt":"2025-11-27T15:05:45","guid":{"rendered":"https:\/\/www.organicwastetreatments.com\/politica-de-privacitat\/"},"modified":"2026-04-02T11:15:58","modified_gmt":"2026-04-02T09:15:58","slug":"politica-de-privadesa","status":"publish","type":"page","link":"https:\/\/www.organicwastetreatments.com\/ca\/politica-de-privadesa\/","title":{"rendered":"Pol\u00edtica de privadesa"},"content":{"rendered":"<div class=\"et_pb_section_0 et_pb_section et_section_regular et_block_section\">\n<div class=\"et_pb_row_0 et_pb_row et_block_row\">\n<div class=\"et_pb_column_0 et_pb_column et_pb_column_4_4 et-last-child et_block_column et_pb_css_mix_blend_mode_passthrough\">\n<div class=\"et_pb_text_0 et_pb_text et_pb_bg_layout_light et_animated et_pb_module et_block_module\"><div class=\"et_pb_text_inner\"><h1>Pol\u00edtica de privadesa<\/h1>\n<\/div><\/div>\n<\/div>\n<\/div>\n<\/div>\n\n<div class=\"et_pb_section_1 et_pb_section et_section_regular et_block_section\">\n<div class=\"et_pb_row_1 et_pb_row et-vb-row--no-module et_block_row\">\n<div class=\"et_pb_column_1 et_pb_column et_pb_column_4_4 et-last-child et_block_column et_pb_column_empty et_pb_css_mix_blend_mode_passthrough\"><\/div>\n<\/div>\n<\/div>\n\n<div class=\"et_pb_section_2 et_pb_section et_section_regular et_block_section\">\n<div class=\"et_pb_row_2 et_pb_row et_block_row\">\n<div class=\"et_pb_column_2 et_pb_column et_pb_column_4_4 et-last-child et_block_column et_pb_css_mix_blend_mode_passthrough\">\n<div class=\"et_pb_text_1 et_pb_text et_pb_bg_layout_light et_pb_module et_block_module\"><div class=\"et_pb_text_inner\"><p><!-- wp:heading --><\/p>\n<h2 data-section-id=\"kt5j8d\" data-start=\"443\" data-end=\"476\">1. Responsable del tractament<\/h2>\n<p data-start=\"478\" data-end=\"800\">En compliment del que disposa el <strong data-start=\"516\" data-end=\"588\">Reglament (UE) 2016\/679 del Parlament Europeu i del Consell (RGPD)<\/strong> i en la <strong data-start=\"597\" data-end=\"701\">Llei Org\u00e0nica 3\/2018 de Protecci\u00f3 de Dades Personals i garantia dels drets digitals (LOPDGDD)<\/strong>, s'informa els usuaris d'aquesta p\u00e0gina web sobre el tractament de les seves dades personals.<\/p>\n<p data-start=\"802\" data-end=\"833\"><strong data-start=\"802\" data-end=\"833\">Responsable del tractament<\/strong><\/p>\n<p data-start=\"835\" data-end=\"930\"><strong data-start=\"835\" data-end=\"856\">Alter Entorn S.L.<\/strong><br data-start=\"856\" data-end=\"859\">Cam\u00ed de Sant Jeroni 3<br data-start=\"879\" data-end=\"882\">43740 M\u00f3ra d'Ebre (Tarragona)<br data-start=\"911\" data-end=\"914\">NIF: B43862473<\/p>\n<p data-start=\"4163\" data-end=\"4214\">Tel\u00e8fon: +34 977 407 788<\/p>\n<p data-start=\"4163\" data-end=\"4214\">Correu electr\u00f2nic: <a data-start=\"980\" data-end=\"1009\" class=\"decorated-link cursor-pointer\" rel=\"noopener\">alter-entorn@alter-entorn.com<span aria-hidden=\"true\" class=\"ms-0.5 inline-block align-middle leading-none\"><\/span><\/a><\/p>\n<h2 data-section-id=\"9tuxnu\" data-start=\"1018\" data-end=\"1062\"><\/h2>\n<h2 data-section-id=\"9tuxnu\" data-start=\"1018\" data-end=\"1062\">2. Finalitat del tractament de les dades<\/h2>\n<p data-start=\"1064\" data-end=\"1188\">Les dades personals que l'usuari faciliti a trav\u00e9s d'aquesta p\u00e0gina web podran ser tractades amb les finalitats seg\u00fcents:<\/p>\n<ul data-start=\"1190\" data-end=\"1602\">\n<li data-section-id=\"1e3ysvx\" data-start=\"1190\" data-end=\"1302\">\n<p data-start=\"1192\" data-end=\"1302\">Atendre consultes o sol\u00b7licituds realitzades a trav\u00e9s dels formularis de contacte o per correu electr\u00f2nic.<\/p>\n<\/li>\n<li data-section-id=\"t33x3n\" data-start=\"1303\" data-end=\"1368\">\n<p data-start=\"1305\" data-end=\"1368\">Gestionar la relaci\u00f3 comercial o professional amb l'usuari.<\/p>\n<\/li>\n<li data-section-id=\"hfc83h\" data-start=\"1369\" data-end=\"1507\">\n<p data-start=\"1371\" data-end=\"1507\">Enviar informaci\u00f3 relacionada amb els serveis oferts per l'empresa, quan hi hagi consentiment previ o relaci\u00f3 contractual.<\/p>\n<\/li>\n<li data-section-id=\"1pegneo\" data-start=\"1508\" data-end=\"1602\">\n<p data-start=\"1510\" data-end=\"1602\">Millorar la navegaci\u00f3 i experi\u00e8ncia de l'usuari al web mitjan\u00e7ant eines d'an\u00e0lisi.<\/p>\n<\/li>\n<\/ul>\n<p>&nbsp;<\/p>\n<h2 data-section-id=\"ixqx2s\" data-start=\"1609\" data-end=\"1647\">3. Legitimaci\u00f3 per al tractament<\/h2>\n<p data-start=\"1649\" data-end=\"1710\">La base legal per al tractament de les dades personals \u00e9s:<\/p>\n<ul data-start=\"1712\" data-end=\"2092\">\n<li data-section-id=\"ao9cqg\" data-start=\"1712\" data-end=\"1830\">\n<p data-start=\"1714\" data-end=\"1830\"><strong data-start=\"1714\" data-end=\"1747\">El consentiment de l'usuari<\/strong>, atorgat en acceptar les caselles corresponents als formularis del web.<\/p>\n<\/li>\n<li data-section-id=\"1rh2qiu\" data-start=\"1831\" data-end=\"1981\">\n<p data-start=\"1833\" data-end=\"1981\"><strong data-start=\"1833\" data-end=\"1908\">L'execuci\u00f3 d'un contracte o l'aplicaci\u00f3 de mesures precontractuals<\/strong>, quan l'usuari sol\u00b7licita informaci\u00f3 sobre els serveis oferts.<\/p>\n<\/li>\n<li data-section-id=\"wzhwft\" data-start=\"1982\" data-end=\"2092\">\n<p data-start=\"1984\" data-end=\"2092\"><strong data-start=\"1984\" data-end=\"2023\">L'inter\u00e8s leg\u00edtim del responsable<\/strong>, per millorar la qualitat del servei i el funcionament del web.<\/p>\n<\/li>\n<\/ul>\n<h2 data-section-id=\"1130t2d\" data-start=\"2099\" data-end=\"2130\"><\/h2>\n<h2 data-section-id=\"1130t2d\" data-start=\"2099\" data-end=\"2130\">4. Conservaci\u00f3 de les dades<\/h2>\n<p data-start=\"2132\" data-end=\"2405\">Les dades personals es conservaran \u00fanicament durant el temps necessari per complir amb la finalitat per a la qual van ser recollides i per determinar les possibles responsabilitats derivades del tractament, a m\u00e9s dels per\u00edodes establerts per la normativa aplicable.<\/p>\n<h2 data-section-id=\"1o5pdps\" data-start=\"2412\" data-end=\"2444\"><\/h2>\n<h2 data-section-id=\"1o5pdps\" data-start=\"2412\" data-end=\"2444\">5. Destinataris de les dades<\/h2>\n<p data-start=\"2446\" data-end=\"2538\">Amb car\u00e0cter general, les dades personals no se cediran a tercers, excepte obligaci\u00f3 legal.<\/p>\n<p data-start=\"2540\" data-end=\"2905\">No obstant aix\u00f2, determinats prove\u00efdors de serveis que presten suport t\u00e8cnic o serveis relacionats amb la p\u00e0gina web (per exemple, hosting o eines d'anal\u00edtica web) poden tenir acc\u00e9s a les dades en qualitat d'<strong data-start=\"2763\" data-end=\"2793\">encarregats del tractament<\/strong>, sota les corresponents garanties de confidencialitat i compliment de la normativa de protecci\u00f3 de dades.<\/p>\n<h2 data-section-id=\"1oa1oc8\" data-start=\"2912\" data-end=\"2942\"><\/h2>\n<h2 data-section-id=\"1oa1oc8\" data-start=\"2912\" data-end=\"2942\">6. Drets dels usuaris<\/h2>\n<p data-start=\"2944\" data-end=\"3014\">L'usuari pot exercir en qualsevol moment els drets seg\u00fcents:<\/p>\n<ul data-start=\"3016\" data-end=\"3362\">\n<li data-section-id=\"i67tx6\" data-start=\"3016\" data-end=\"3065\">\n<p data-start=\"3018\" data-end=\"3065\">Dret d'<strong data-start=\"3029\" data-end=\"3039\">acc\u00e9s<\/strong> a les seves dades personals.<\/p>\n<\/li>\n<li data-section-id=\"bwwp5m\" data-start=\"3066\" data-end=\"3118\">\n<p data-start=\"3068\" data-end=\"3118\">Dret de <strong data-start=\"3079\" data-end=\"3096\">rectificaci\u00f3<\/strong> de dades inexactes.<\/p>\n<\/li>\n<li data-section-id=\"62r1r4\" data-start=\"3119\" data-end=\"3190\">\n<p data-start=\"3121\" data-end=\"3190\">Dret de <strong data-start=\"3132\" data-end=\"3145\">supressi\u00f3<\/strong> de les seves dades quan ja no siguin necess\u00e0ries.<\/p>\n<\/li>\n<li data-section-id=\"phk4n8\" data-start=\"3191\" data-end=\"3250\">\n<p data-start=\"3193\" data-end=\"3250\">Dret de <strong data-start=\"3204\" data-end=\"3234\">limitaci\u00f3 del tractament<\/strong> de les seves dades.<\/p>\n<\/li>\n<li data-section-id=\"gw5wwz\" data-start=\"3251\" data-end=\"3295\">\n<p data-start=\"3253\" data-end=\"3295\">Dret d'<strong data-start=\"3264\" data-end=\"3277\">oposici\u00f3<\/strong> al tractament.<\/p>\n<\/li>\n<li data-section-id=\"dqsbij\" data-start=\"3296\" data-end=\"3362\">\n<p data-start=\"3298\" data-end=\"3362\">Dret a la <strong data-start=\"3311\" data-end=\"3340\">portabilitat de les dades<\/strong> quan sigui aplicable.<\/p>\n<\/li>\n<\/ul>\n<p data-start=\"3364\" data-end=\"3472\">Per exercir aquests drets, l'usuari pot enviar una sol\u00b7licitud indicant el dret que desitja exercir a: Correu electr\u00f2nic: <a data-start=\"980\" data-end=\"1009\" class=\"decorated-link cursor-pointer\" rel=\"noopener\">alter-entorn@alter-entorn.com<\/a><\/p>\n<p data-start=\"3364\" data-end=\"3472\">Tamb\u00e9 t\u00e9 dret a presentar una reclamaci\u00f3 davant l'<strong data-start=\"3567\" data-end=\"3617\">Ag\u00e8ncia Espanyola de Protecci\u00f3 de Dades (AEPD)<\/strong> si considera que el tractament de les seves dades no s'ajusta a la normativa vigent.<\/p>\n<h2 data-section-id=\"18gelfi\" data-start=\"3706\" data-end=\"3734\"><\/h2>\n<h2 data-section-id=\"18gelfi\" data-start=\"3706\" data-end=\"3734\">7. Seguretat de les dades<\/h2>\n<p data-start=\"3736\" data-end=\"3930\">Alter Entorn S.L. adopta les mesures t\u00e8cniques i organitzatives necess\u00e0ries per garantir la seguretat de les dades personals i evitar-ne l'alteraci\u00f3, p\u00e8rdua, tractament o acc\u00e9s no autoritzat.<\/p>\n<h2 data-section-id=\"1oo7yfu\" data-start=\"3937\" data-end=\"3979\"><\/h2>\n<h2 data-section-id=\"1oo7yfu\" data-start=\"3937\" data-end=\"3979\">8. Canvis en la pol\u00edtica de privacitat<\/h2>\n<p data-start=\"3981\" data-end=\"4161\">Alter Entorn S.L. es reserva el dret a modificar aquesta Pol\u00edtica de Privacitat per adaptar-la a novetats legislatives o jurisprudencials, aix\u00ed com a pr\u00e0ctiques del sector.<\/p>\n<p><!-- \/wp:paragraph --><\/p>\n<\/div><\/div>\n<\/div>\n<\/div>\n<\/div>\n\n<div class=\"et_pb_section_3 et_pb_section et_section_regular et_block_section\"><\/div>\n\n<div class=\"et_pb_section_4 et_pb_section et_section_regular et_block_section\">\n<div class=\"et_pb_row_3 et_pb_row et_block_row\">\n<div class=\"et_pb_column_3 et_pb_column et_pb_column_4_4 et-last-child et_block_column et_pb_css_mix_blend_mode_passthrough\">\n<div class=\"et_pb_text_2 et_pb_text et_pb_bg_layout_dark et_animated et_pb_module et_block_module et_pb_text_align_center\"><div class=\"et_pb_text_inner\"><p><strong>Trobeu la vostra soluci\u00f3 microbiol\u00f2gica!<\/strong><\/p>\n<\/div><\/div>\n\n<div class=\"et_pb_module et_pb_button_module_wrapper et_pb_button_0_wrapper\"><a class=\"et_pb_button_0 et_pb_button et_pb_bg_layout_light et_animated et_pb_module et_block_module\" href=\"https:\/\/www.organicwastetreatments.com\/ca\/contacte\/\">Contacte<\/a><\/div>\n<\/div>\n<\/div>\n<\/div>","protected":false},"excerpt":{"rendered":"","protected":false},"author":1,"featured_media":0,"parent":0,"menu_order":0,"comment_status":"closed","ping_status":"closed","template":"","meta":{"footnotes":""},"class_list":["post-913","page","type-page","status-publish","hentry"],"yoast_head":"<!-- This site is optimized with the Yoast SEO plugin v27.0 - https:\/\/yoast.com\/product\/yoast-seo-wordpress\/ -->\n<title>Pol\u00edtica de privadesa - Organic Waste Treatments<\/title>\n<meta name=\"description\" content=\"En compliment del que disposa el Reglament (UE) 2016\/679 del Parlament Europeu i del Consell (RGPD) i en la Llei Org\u00e0nica 3\/2018 de Protecci\u00f3 de Dades Personals\" \/>\n<meta name=\"robots\" content=\"index, follow, max-snippet:-1, max-image-preview:large, max-video-preview:-1\" \/>\n<link rel=\"canonical\" href=\"https:\/\/www.organicwastetreatments.com\/ca\/politica-de-privadesa\/\" \/>\n<meta property=\"og:locale\" content=\"ca_ES\" \/>\n<meta property=\"og:type\" content=\"article\" \/>\n<meta property=\"og:title\" content=\"Pol\u00edtica de privadesa - Organic Waste Treatments\" \/>\n<meta property=\"og:description\" content=\"En compliment del que disposa el Reglament (UE) 2016\/679 del Parlament Europeu i del Consell (RGPD) i en la Llei Org\u00e0nica 3\/2018 de Protecci\u00f3 de Dades Personals\" \/>\n<meta property=\"og:url\" content=\"https:\/\/www.organicwastetreatments.com\/ca\/politica-de-privadesa\/\" \/>\n<meta property=\"og:site_name\" content=\"Organic Waste Treatments\" \/>\n<meta property=\"article:modified_time\" content=\"2026-04-02T09:15:58+00:00\" \/>\n<meta name=\"twitter:card\" content=\"summary_large_image\" \/>\n<script type=\"application\/ld+json\" class=\"yoast-schema-graph\">{\"@context\":\"https:\/\/schema.org\",\"@graph\":[{\"@type\":\"WebPage\",\"@id\":\"https:\/\/www.organicwastetreatments.com\/ca\/politica-de-privadesa\/\",\"url\":\"https:\/\/www.organicwastetreatments.com\/ca\/politica-de-privadesa\/\",\"name\":\"Pol\u00edtica de privadesa - Organic Waste Treatments\",\"isPartOf\":{\"@id\":\"https:\/\/www.organicwastetreatments.com\/ca\/#website\"},\"datePublished\":\"2025-11-27T15:05:45+00:00\",\"dateModified\":\"2026-04-02T09:15:58+00:00\",\"description\":\"En compliment del que disposa el Reglament (UE) 2016\/679 del Parlament Europeu i del Consell (RGPD) i en la Llei Org\u00e0nica 3\/2018 de Protecci\u00f3 de Dades Personals\",\"breadcrumb\":{\"@id\":\"https:\/\/www.organicwastetreatments.com\/ca\/politica-de-privadesa\/#breadcrumb\"},\"inLanguage\":\"ca\",\"potentialAction\":[{\"@type\":\"ReadAction\",\"target\":[\"https:\/\/www.organicwastetreatments.com\/ca\/politica-de-privadesa\/\"]}]},{\"@type\":\"BreadcrumbList\",\"@id\":\"https:\/\/www.organicwastetreatments.com\/ca\/politica-de-privadesa\/#breadcrumb\",\"itemListElement\":[{\"@type\":\"ListItem\",\"position\":1,\"name\":\"Inici\",\"item\":\"https:\/\/www.organicwastetreatments.com\/ca\/\"},{\"@type\":\"ListItem\",\"position\":2,\"name\":\"Pol\u00edtica de privadesa\"}]},{\"@type\":\"WebSite\",\"@id\":\"https:\/\/www.organicwastetreatments.com\/ca\/#website\",\"url\":\"https:\/\/www.organicwastetreatments.com\/ca\/\",\"name\":\"Organic Waste Treatments\",\"description\":\"\",\"potentialAction\":[{\"@type\":\"SearchAction\",\"target\":{\"@type\":\"EntryPoint\",\"urlTemplate\":\"https:\/\/www.organicwastetreatments.com\/ca\/?s={search_term_string}\"},\"query-input\":{\"@type\":\"PropertyValueSpecification\",\"valueRequired\":true,\"valueName\":\"search_term_string\"}}],\"inLanguage\":\"ca\"}]}<\/script>\n<!-- \/ Yoast SEO plugin. -->","yoast_head_json":{"title":"Pol\u00edtica de privadesa - Organic Waste Treatments","description":"En compliment del que disposa el Reglament (UE) 2016\/679 del Parlament Europeu i del Consell (RGPD) i en la Llei Org\u00e0nica 3\/2018 de Protecci\u00f3 de Dades Personals","robots":{"index":"index","follow":"follow","max-snippet":"max-snippet:-1","max-image-preview":"max-image-preview:large","max-video-preview":"max-video-preview:-1"},"canonical":"https:\/\/www.organicwastetreatments.com\/ca\/politica-de-privadesa\/","og_locale":"ca_ES","og_type":"article","og_title":"Pol\u00edtica de privadesa - Organic Waste Treatments","og_description":"En compliment del que disposa el Reglament (UE) 2016\/679 del Parlament Europeu i del Consell (RGPD) i en la Llei Org\u00e0nica 3\/2018 de Protecci\u00f3 de Dades Personals","og_url":"https:\/\/www.organicwastetreatments.com\/ca\/politica-de-privadesa\/","og_site_name":"Organic Waste Treatments","article_modified_time":"2026-04-02T09:15:58+00:00","twitter_card":"summary_large_image","schema":{"@context":"https:\/\/schema.org","@graph":[{"@type":"WebPage","@id":"https:\/\/www.organicwastetreatments.com\/ca\/politica-de-privadesa\/","url":"https:\/\/www.organicwastetreatments.com\/ca\/politica-de-privadesa\/","name":"Pol\u00edtica de privadesa - Organic Waste Treatments","isPartOf":{"@id":"https:\/\/www.organicwastetreatments.com\/ca\/#website"},"datePublished":"2025-11-27T15:05:45+00:00","dateModified":"2026-04-02T09:15:58+00:00","description":"En compliment del que disposa el Reglament (UE) 2016\/679 del Parlament Europeu i del Consell (RGPD) i en la Llei Org\u00e0nica 3\/2018 de Protecci\u00f3 de Dades Personals","breadcrumb":{"@id":"https:\/\/www.organicwastetreatments.com\/ca\/politica-de-privadesa\/#breadcrumb"},"inLanguage":"ca","potentialAction":[{"@type":"ReadAction","target":["https:\/\/www.organicwastetreatments.com\/ca\/politica-de-privadesa\/"]}]},{"@type":"BreadcrumbList","@id":"https:\/\/www.organicwastetreatments.com\/ca\/politica-de-privadesa\/#breadcrumb","itemListElement":[{"@type":"ListItem","position":1,"name":"Inici","item":"https:\/\/www.organicwastetreatments.com\/ca\/"},{"@type":"ListItem","position":2,"name":"Pol\u00edtica de privadesa"}]},{"@type":"WebSite","@id":"https:\/\/www.organicwastetreatments.com\/ca\/#website","url":"https:\/\/www.organicwastetreatments.com\/ca\/","name":"Organic Waste Treatments","description":"","potentialAction":[{"@type":"SearchAction","target":{"@type":"EntryPoint","urlTemplate":"https:\/\/www.organicwastetreatments.com\/ca\/?s={search_term_string}"},"query-input":{"@type":"PropertyValueSpecification","valueRequired":true,"valueName":"search_term_string"}}],"inLanguage":"ca"}]}},"_links":{"self":[{"href":"https:\/\/www.organicwastetreatments.com\/ca\/wp-json\/wp\/v2\/pages\/913","targetHints":{"allow":["GET"]}}],"collection":[{"href":"https:\/\/www.organicwastetreatments.com\/ca\/wp-json\/wp\/v2\/pages"}],"about":[{"href":"https:\/\/www.organicwastetreatments.com\/ca\/wp-json\/wp\/v2\/types\/page"}],"author":[{"embeddable":true,"href":"https:\/\/www.organicwastetreatments.com\/ca\/wp-json\/wp\/v2\/users\/1"}],"replies":[{"embeddable":true,"href":"https:\/\/www.organicwastetreatments.com\/ca\/wp-json\/wp\/v2\/comments?post=913"}],"version-history":[{"count":6,"href":"https:\/\/www.organicwastetreatments.com\/ca\/wp-json\/wp\/v2\/pages\/913\/revisions"}],"predecessor-version":[{"id":1021,"href":"https:\/\/www.organicwastetreatments.com\/ca\/wp-json\/wp\/v2\/pages\/913\/revisions\/1021"}],"wp:attachment":[{"href":"https:\/\/www.organicwastetreatments.com\/ca\/wp-json\/wp\/v2\/media?parent=913"}],"curies":[{"name":"wp","href":"https:\/\/api.w.org\/{rel}","templated":true}]}}