{"id":3,"date":"2025-11-27T17:05:45","date_gmt":"2025-11-27T15:05:45","guid":{"rendered":"https:\/\/www.organicwastetreatments.com\/?page_id=3"},"modified":"2026-03-29T19:16:00","modified_gmt":"2026-03-29T17:16:00","slug":"politica-de-privacidad","status":"publish","type":"page","link":"https:\/\/www.organicwastetreatments.com\/es\/politica-de-privacidad\/","title":{"rendered":"Pol\u00edtica de privacidad"},"content":{"rendered":"<div class=\"et_pb_section_0 et_pb_section et_section_regular et_block_section\">\n<div class=\"et_pb_row_0 et_pb_row et_block_row\">\n<div class=\"et_pb_column_0 et_pb_column et_pb_column_4_4 et-last-child et_block_column et_pb_css_mix_blend_mode_passthrough\">\n<div class=\"et_pb_text_0 et_pb_text et_pb_bg_layout_light et_animated et_pb_module et_block_module\"><div class=\"et_pb_text_inner\"><h1>Pol\u00edtica de privacidad<\/h1>\n<\/div><\/div>\n<\/div>\n<\/div>\n<\/div>\n\n<div class=\"et_pb_section_1 et_pb_section et_section_regular et_block_section\">\n<div class=\"et_pb_row_1 et_pb_row et-vb-row--no-module et_block_row\">\n<div class=\"et_pb_column_1 et_pb_column et_pb_column_4_4 et-last-child et_block_column et_pb_column_empty et_pb_css_mix_blend_mode_passthrough\"><\/div>\n<\/div>\n<\/div>\n\n<div class=\"et_pb_section_2 et_pb_section et_section_regular et_block_section\">\n<div class=\"et_pb_row_2 et_pb_row et_block_row\">\n<div class=\"et_pb_column_2 et_pb_column et_pb_column_4_4 et-last-child et_block_column et_pb_css_mix_blend_mode_passthrough\">\n<div class=\"et_pb_text_1 et_pb_text et_pb_bg_layout_light et_pb_module et_block_module\"><div class=\"et_pb_text_inner\"><p><!-- wp:heading --><\/p>\n<h2 data-section-id=\"kt5j8d\" data-start=\"443\" data-end=\"476\">1. Responsable del tratamiento<\/h2>\n<p data-start=\"478\" data-end=\"800\">En cumplimiento de lo dispuesto en el <strong data-start=\"516\" data-end=\"588\">Reglamento (UE) 2016\/679 del Parlamento Europeo y del Consejo (RGPD)<\/strong> y en la <strong data-start=\"597\" data-end=\"701\">Ley Org\u00e1nica 3\/2018 de Protecci\u00f3n de Datos Personales y garant\u00eda de los derechos digitales (LOPDGDD)<\/strong>, se informa a los usuarios de la presente p\u00e1gina web sobre el tratamiento de sus datos personales.<\/p>\n<p data-start=\"802\" data-end=\"833\"><strong data-start=\"802\" data-end=\"833\">Responsable del tratamiento<\/strong><\/p>\n<p data-start=\"835\" data-end=\"930\"><strong data-start=\"835\" data-end=\"856\">Alter Entorn S.L.<\/strong><br data-start=\"856\" data-end=\"859\" \/>Cam\u00ed de San Jeroni 3<br data-start=\"879\" data-end=\"882\" \/>43740 M\u00f3ra d\u2019Ebre (Tarragona)<br data-start=\"911\" data-end=\"914\" \/>NIF: B43862473<\/p>\n<p data-start=\"4163\" data-end=\"4214\">Tel\u00e9fono: +34 977 407 788<\/p>\n<p data-start=\"4163\" data-end=\"4214\">Correo electr\u00f3nico: <a data-start=\"980\" data-end=\"1009\" class=\"decorated-link cursor-pointer\" rel=\"noopener\">alter-entorn@alter-entorn.com<span aria-hidden=\"true\" class=\"ms-0.5 inline-block align-middle leading-none\"><\/span><\/a><\/p>\n<h2 data-section-id=\"9tuxnu\" data-start=\"1018\" data-end=\"1062\"><\/h2>\n<h2 data-section-id=\"9tuxnu\" data-start=\"1018\" data-end=\"1062\">2. Finalidad del tratamiento de los datos<\/h2>\n<p data-start=\"1064\" data-end=\"1188\">Los datos personales que el usuario facilite a trav\u00e9s de esta p\u00e1gina web podr\u00e1n ser tratados con las siguientes finalidades:<\/p>\n<ul data-start=\"1190\" data-end=\"1602\">\n<li data-section-id=\"1e3ysvx\" data-start=\"1190\" data-end=\"1302\">\n<p data-start=\"1192\" data-end=\"1302\">Atender consultas o solicitudes realizadas a trav\u00e9s de los formularios de contacto o por correo electr\u00f3nico.<\/p>\n<\/li>\n<li data-section-id=\"t33x3n\" data-start=\"1303\" data-end=\"1368\">\n<p data-start=\"1305\" data-end=\"1368\">Gestionar la relaci\u00f3n comercial o profesional con el usuario.<\/p>\n<\/li>\n<li data-section-id=\"hfc83h\" data-start=\"1369\" data-end=\"1507\">\n<p data-start=\"1371\" data-end=\"1507\">Enviar informaci\u00f3n relacionada con los servicios ofrecidos por la empresa, cuando exista consentimiento previo o relaci\u00f3n contractual.<\/p>\n<\/li>\n<li data-section-id=\"1pegneo\" data-start=\"1508\" data-end=\"1602\">\n<p data-start=\"1510\" data-end=\"1602\">Mejorar la navegaci\u00f3n y experiencia del usuario en la web mediante herramientas de an\u00e1lisis.<\/p>\n<\/li>\n<\/ul>\n<p>&nbsp;<\/p>\n<h2 data-section-id=\"ixqx2s\" data-start=\"1609\" data-end=\"1647\">3. Legitimaci\u00f3n para el tratamiento<\/h2>\n<p data-start=\"1649\" data-end=\"1710\">La base legal para el tratamiento de los datos personales es:<\/p>\n<ul data-start=\"1712\" data-end=\"2092\">\n<li data-section-id=\"ao9cqg\" data-start=\"1712\" data-end=\"1830\">\n<p data-start=\"1714\" data-end=\"1830\"><strong data-start=\"1714\" data-end=\"1747\">El consentimiento del usuario<\/strong>, otorgado al aceptar las casillas correspondientes en los formularios de la web.<\/p>\n<\/li>\n<li data-section-id=\"1rh2qiu\" data-start=\"1831\" data-end=\"1981\">\n<p data-start=\"1833\" data-end=\"1981\"><strong data-start=\"1833\" data-end=\"1908\">La ejecuci\u00f3n de un contrato o la aplicaci\u00f3n de medidas precontractuales<\/strong>, cuando el usuario solicita informaci\u00f3n sobre los servicios ofrecidos.<\/p>\n<\/li>\n<li data-section-id=\"wzhwft\" data-start=\"1982\" data-end=\"2092\">\n<p data-start=\"1984\" data-end=\"2092\"><strong data-start=\"1984\" data-end=\"2023\">El inter\u00e9s leg\u00edtimo del responsable<\/strong>, para mejorar la calidad del servicio y el funcionamiento de la web.<\/p>\n<\/li>\n<\/ul>\n<h2 data-section-id=\"1130t2d\" data-start=\"2099\" data-end=\"2130\"><\/h2>\n<h2 data-section-id=\"1130t2d\" data-start=\"2099\" data-end=\"2130\">4. Conservaci\u00f3n de los datos<\/h2>\n<p data-start=\"2132\" data-end=\"2405\">Los datos personales se conservar\u00e1n \u00fanicamente durante el tiempo necesario para cumplir con la finalidad para la que fueron recabados y para determinar las posibles responsabilidades derivadas del tratamiento, adem\u00e1s de los periodos establecidos por la normativa aplicable.<\/p>\n<h2 data-section-id=\"1o5pdps\" data-start=\"2412\" data-end=\"2444\"><\/h2>\n<h2 data-section-id=\"1o5pdps\" data-start=\"2412\" data-end=\"2444\">5. Destinatarios de los datos<\/h2>\n<p data-start=\"2446\" data-end=\"2538\">Con car\u00e1cter general, los datos personales no se ceder\u00e1n a terceros, salvo obligaci\u00f3n legal.<\/p>\n<p data-start=\"2540\" data-end=\"2905\">No obstante, determinados proveedores de servicios que prestan soporte t\u00e9cnico o servicios relacionados con la p\u00e1gina web (por ejemplo, hosting o herramientas de anal\u00edtica web) pueden tener acceso a los datos en calidad de <strong data-start=\"2763\" data-end=\"2793\">encargados del tratamiento<\/strong>, bajo las correspondientes garant\u00edas de confidencialidad y cumplimiento de la normativa de protecci\u00f3n de datos.<\/p>\n<h2 data-section-id=\"1oa1oc8\" data-start=\"2912\" data-end=\"2942\"><\/h2>\n<h2 data-section-id=\"1oa1oc8\" data-start=\"2912\" data-end=\"2942\">6. Derechos de los usuarios<\/h2>\n<p data-start=\"2944\" data-end=\"3014\">El usuario puede ejercer en cualquier momento los siguientes derechos:<\/p>\n<ul data-start=\"3016\" data-end=\"3362\">\n<li data-section-id=\"i67tx6\" data-start=\"3016\" data-end=\"3065\">\n<p data-start=\"3018\" data-end=\"3065\">Derecho de <strong data-start=\"3029\" data-end=\"3039\">acceso<\/strong> a sus datos personales.<\/p>\n<\/li>\n<li data-section-id=\"bwwp5m\" data-start=\"3066\" data-end=\"3118\">\n<p data-start=\"3068\" data-end=\"3118\">Derecho de <strong data-start=\"3079\" data-end=\"3096\">rectificaci\u00f3n<\/strong> de datos inexactos.<\/p>\n<\/li>\n<li data-section-id=\"62r1r4\" data-start=\"3119\" data-end=\"3190\">\n<p data-start=\"3121\" data-end=\"3190\">Derecho de <strong data-start=\"3132\" data-end=\"3145\">supresi\u00f3n<\/strong> de sus datos cuando ya no sean necesarios.<\/p>\n<\/li>\n<li data-section-id=\"phk4n8\" data-start=\"3191\" data-end=\"3250\">\n<p data-start=\"3193\" data-end=\"3250\">Derecho de <strong data-start=\"3204\" data-end=\"3234\">limitaci\u00f3n del tratamiento<\/strong> de sus datos.<\/p>\n<\/li>\n<li data-section-id=\"gw5wwz\" data-start=\"3251\" data-end=\"3295\">\n<p data-start=\"3253\" data-end=\"3295\">Derecho de <strong data-start=\"3264\" data-end=\"3277\">oposici\u00f3n<\/strong> al tratamiento.<\/p>\n<\/li>\n<li data-section-id=\"dqsbij\" data-start=\"3296\" data-end=\"3362\">\n<p data-start=\"3298\" data-end=\"3362\">Derecho a la <strong data-start=\"3311\" data-end=\"3340\">portabilidad de los datos<\/strong> cuando sea aplicable.<\/p>\n<\/li>\n<\/ul>\n<p data-start=\"3364\" data-end=\"3472\">Para ejercer estos derechos, el usuario puede enviar una solicitud indicando el derecho que desea ejercer a: Correo electr\u00f3nico: <a data-start=\"980\" data-end=\"1009\" class=\"decorated-link cursor-pointer\" rel=\"noopener\">alter-entorn@alter-entorn.com<\/a><\/p>\n<p data-start=\"3364\" data-end=\"3472\">Tambi\u00e9n tiene derecho a presentar una reclamaci\u00f3n ante la <strong data-start=\"3567\" data-end=\"3617\">Agencia Espa\u00f1ola de Protecci\u00f3n de Datos (AEPD)<\/strong> si considera que el tratamiento de sus datos no se ajusta a la normativa vigente.<\/p>\n<h2 data-section-id=\"18gelfi\" data-start=\"3706\" data-end=\"3734\"><\/h2>\n<h2 data-section-id=\"18gelfi\" data-start=\"3706\" data-end=\"3734\">7. Seguridad de los datos<\/h2>\n<p data-start=\"3736\" data-end=\"3930\">Alter Entorn S.L. adopta las medidas t\u00e9cnicas y organizativas necesarias para garantizar la seguridad de los datos personales y evitar su alteraci\u00f3n, p\u00e9rdida, tratamiento o acceso no autorizado.<\/p>\n<h2 data-section-id=\"1oo7yfu\" data-start=\"3937\" data-end=\"3979\"><\/h2>\n<h2 data-section-id=\"1oo7yfu\" data-start=\"3937\" data-end=\"3979\">8. Cambios en la pol\u00edtica de privacidad<\/h2>\n<p data-start=\"3981\" data-end=\"4161\">Alter Entorn S.L. se reserva el derecho a modificar la presente Pol\u00edtica de Privacidad para adaptarla a novedades legislativas o jurisprudenciales, as\u00ed como a pr\u00e1cticas del sector.<\/p>\n<p><!-- \/wp:paragraph --><\/p>\n<\/div><\/div>\n<\/div>\n<\/div>\n<\/div>\n\n<div class=\"et_pb_section_3 et_pb_section et_section_regular et_block_section\"><\/div>\n\n<div class=\"et_pb_section_4 et_pb_section et_section_regular et_block_section\">\n<div class=\"et_pb_row_3 et_pb_row et_block_row\">\n<div class=\"et_pb_column_3 et_pb_column et_pb_column_4_4 et-last-child et_block_column et_pb_css_mix_blend_mode_passthrough\">\n<div class=\"et_pb_text_2 et_pb_text et_pb_bg_layout_dark et_animated et_pb_module et_block_module et_pb_text_align_center\"><div class=\"et_pb_text_inner\"><p><strong>\u00a1 Encuentra tu soluci\u00f3n microbiol\u00f3gica !<\/strong><\/p>\n<\/div><\/div>\n\n<div class=\"et_pb_module et_pb_button_module_wrapper et_pb_button_0_wrapper\"><a class=\"et_pb_button_0 et_pb_button et_pb_bg_layout_light et_animated et_pb_module et_block_module\" href=\"https:\/\/www.organicwastetreatments.com\/contacto\/\">Contacto<\/a><\/div>\n<\/div>\n<\/div>\n<\/div>","protected":false},"excerpt":{"rendered":"","protected":false},"author":1,"featured_media":0,"parent":0,"menu_order":0,"comment_status":"closed","ping_status":"closed","template":"","meta":{"footnotes":""},"class_list":["post-3","page","type-page","status-publish","hentry"],"yoast_head":"<!-- This site is optimized with the Yoast SEO plugin v27.0 - https:\/\/yoast.com\/product\/yoast-seo-wordpress\/ -->\n<title>Pol\u00edtica de privacidad - Organic Waste Treatments<\/title>\n<meta name=\"description\" content=\"En cumplimiento de lo dispuesto en el Reglamento (UE) 2016\/679 del Parlamento Europeo y del Consejo (RGPD) y en la Ley Org\u00e1nica 3\/2018 de Protecci\u00f3n de Datos Personales\" \/>\n<meta name=\"robots\" content=\"index, follow, max-snippet:-1, max-image-preview:large, max-video-preview:-1\" \/>\n<link rel=\"canonical\" href=\"https:\/\/www.organicwastetreatments.com\/es\/politica-de-privacidad\/\" \/>\n<meta property=\"og:locale\" content=\"es_ES\" \/>\n<meta property=\"og:type\" content=\"article\" \/>\n<meta property=\"og:title\" content=\"Pol\u00edtica de privacidad - Organic Waste Treatments\" \/>\n<meta property=\"og:description\" content=\"En cumplimiento de lo dispuesto en el Reglamento (UE) 2016\/679 del Parlamento Europeo y del Consejo (RGPD) y en la Ley Org\u00e1nica 3\/2018 de Protecci\u00f3n de Datos Personales\" \/>\n<meta property=\"og:url\" content=\"https:\/\/www.organicwastetreatments.com\/es\/politica-de-privacidad\/\" \/>\n<meta property=\"og:site_name\" content=\"Organic Waste Treatments\" \/>\n<meta property=\"article:modified_time\" content=\"2026-03-29T17:16:00+00:00\" \/>\n<meta name=\"twitter:card\" content=\"summary_large_image\" \/>\n<script type=\"application\/ld+json\" class=\"yoast-schema-graph\">{\"@context\":\"https:\/\/schema.org\",\"@graph\":[{\"@type\":\"WebPage\",\"@id\":\"https:\/\/www.organicwastetreatments.com\/es\/politica-de-privacidad\/\",\"url\":\"https:\/\/www.organicwastetreatments.com\/es\/politica-de-privacidad\/\",\"name\":\"Pol\u00edtica de privacidad - Organic Waste Treatments\",\"isPartOf\":{\"@id\":\"https:\/\/www.organicwastetreatments.com\/es\/#website\"},\"datePublished\":\"2025-11-27T15:05:45+00:00\",\"dateModified\":\"2026-03-29T17:16:00+00:00\",\"description\":\"En cumplimiento de lo dispuesto en el Reglamento (UE) 2016\/679 del Parlamento Europeo y del Consejo (RGPD) y en la Ley Org\u00e1nica 3\/2018 de Protecci\u00f3n de Datos Personales\",\"breadcrumb\":{\"@id\":\"https:\/\/www.organicwastetreatments.com\/es\/politica-de-privacidad\/#breadcrumb\"},\"inLanguage\":\"es\",\"potentialAction\":[{\"@type\":\"ReadAction\",\"target\":[\"https:\/\/www.organicwastetreatments.com\/es\/politica-de-privacidad\/\"]}]},{\"@type\":\"BreadcrumbList\",\"@id\":\"https:\/\/www.organicwastetreatments.com\/es\/politica-de-privacidad\/#breadcrumb\",\"itemListElement\":[{\"@type\":\"ListItem\",\"position\":1,\"name\":\"Inici\",\"item\":\"https:\/\/www.organicwastetreatments.com\/es\/\"},{\"@type\":\"ListItem\",\"position\":2,\"name\":\"Pol\u00edtica de privacidad\"}]},{\"@type\":\"WebSite\",\"@id\":\"https:\/\/www.organicwastetreatments.com\/es\/#website\",\"url\":\"https:\/\/www.organicwastetreatments.com\/es\/\",\"name\":\"Organic Waste Treatments\",\"description\":\"\",\"potentialAction\":[{\"@type\":\"SearchAction\",\"target\":{\"@type\":\"EntryPoint\",\"urlTemplate\":\"https:\/\/www.organicwastetreatments.com\/es\/?s={search_term_string}\"},\"query-input\":{\"@type\":\"PropertyValueSpecification\",\"valueRequired\":true,\"valueName\":\"search_term_string\"}}],\"inLanguage\":\"es\"}]}<\/script>\n<!-- \/ Yoast SEO plugin. -->","yoast_head_json":{"title":"Pol\u00edtica de privacidad - Organic Waste Treatments","description":"En cumplimiento de lo dispuesto en el Reglamento (UE) 2016\/679 del Parlamento Europeo y del Consejo (RGPD) y en la Ley Org\u00e1nica 3\/2018 de Protecci\u00f3n de Datos Personales","robots":{"index":"index","follow":"follow","max-snippet":"max-snippet:-1","max-image-preview":"max-image-preview:large","max-video-preview":"max-video-preview:-1"},"canonical":"https:\/\/www.organicwastetreatments.com\/es\/politica-de-privacidad\/","og_locale":"es_ES","og_type":"article","og_title":"Pol\u00edtica de privacidad - Organic Waste Treatments","og_description":"En cumplimiento de lo dispuesto en el Reglamento (UE) 2016\/679 del Parlamento Europeo y del Consejo (RGPD) y en la Ley Org\u00e1nica 3\/2018 de Protecci\u00f3n de Datos Personales","og_url":"https:\/\/www.organicwastetreatments.com\/es\/politica-de-privacidad\/","og_site_name":"Organic Waste Treatments","article_modified_time":"2026-03-29T17:16:00+00:00","twitter_card":"summary_large_image","schema":{"@context":"https:\/\/schema.org","@graph":[{"@type":"WebPage","@id":"https:\/\/www.organicwastetreatments.com\/es\/politica-de-privacidad\/","url":"https:\/\/www.organicwastetreatments.com\/es\/politica-de-privacidad\/","name":"Pol\u00edtica de privacidad - Organic Waste Treatments","isPartOf":{"@id":"https:\/\/www.organicwastetreatments.com\/es\/#website"},"datePublished":"2025-11-27T15:05:45+00:00","dateModified":"2026-03-29T17:16:00+00:00","description":"En cumplimiento de lo dispuesto en el Reglamento (UE) 2016\/679 del Parlamento Europeo y del Consejo (RGPD) y en la Ley Org\u00e1nica 3\/2018 de Protecci\u00f3n de Datos Personales","breadcrumb":{"@id":"https:\/\/www.organicwastetreatments.com\/es\/politica-de-privacidad\/#breadcrumb"},"inLanguage":"es","potentialAction":[{"@type":"ReadAction","target":["https:\/\/www.organicwastetreatments.com\/es\/politica-de-privacidad\/"]}]},{"@type":"BreadcrumbList","@id":"https:\/\/www.organicwastetreatments.com\/es\/politica-de-privacidad\/#breadcrumb","itemListElement":[{"@type":"ListItem","position":1,"name":"Inici","item":"https:\/\/www.organicwastetreatments.com\/es\/"},{"@type":"ListItem","position":2,"name":"Pol\u00edtica de privacidad"}]},{"@type":"WebSite","@id":"https:\/\/www.organicwastetreatments.com\/es\/#website","url":"https:\/\/www.organicwastetreatments.com\/es\/","name":"Organic Waste Treatments","description":"","potentialAction":[{"@type":"SearchAction","target":{"@type":"EntryPoint","urlTemplate":"https:\/\/www.organicwastetreatments.com\/es\/?s={search_term_string}"},"query-input":{"@type":"PropertyValueSpecification","valueRequired":true,"valueName":"search_term_string"}}],"inLanguage":"es"}]}},"_links":{"self":[{"href":"https:\/\/www.organicwastetreatments.com\/es\/wp-json\/wp\/v2\/pages\/3","targetHints":{"allow":["GET"]}}],"collection":[{"href":"https:\/\/www.organicwastetreatments.com\/es\/wp-json\/wp\/v2\/pages"}],"about":[{"href":"https:\/\/www.organicwastetreatments.com\/es\/wp-json\/wp\/v2\/types\/page"}],"author":[{"embeddable":true,"href":"https:\/\/www.organicwastetreatments.com\/es\/wp-json\/wp\/v2\/users\/1"}],"replies":[{"embeddable":true,"href":"https:\/\/www.organicwastetreatments.com\/es\/wp-json\/wp\/v2\/comments?post=3"}],"version-history":[{"count":8,"href":"https:\/\/www.organicwastetreatments.com\/es\/wp-json\/wp\/v2\/pages\/3\/revisions"}],"predecessor-version":[{"id":712,"href":"https:\/\/www.organicwastetreatments.com\/es\/wp-json\/wp\/v2\/pages\/3\/revisions\/712"}],"wp:attachment":[{"href":"https:\/\/www.organicwastetreatments.com\/es\/wp-json\/wp\/v2\/media?parent=3"}],"curies":[{"name":"wp","href":"https:\/\/api.w.org\/{rel}","templated":true}]}}