{"id":448,"date":"2026-03-26T21:21:07","date_gmt":"2026-03-26T19:21:07","guid":{"rendered":"https:\/\/www.organicwastetreatments.com\/?page_id=448"},"modified":"2026-03-31T16:52:11","modified_gmt":"2026-03-31T14:52:11","slug":"microbiologia-elgan","status":"publish","type":"page","link":"https:\/\/www.organicwastetreatments.com\/es\/microbiologia-elgan\/","title":{"rendered":"Microbiolog\u00eda Elgan \u00a0"},"content":{"rendered":"<div class=\"et_pb_section_0 et_pb_section et_section_regular et_block_section\">\n<div class=\"et_pb_row_0 et_pb_row et_block_row\">\n<div class=\"et_pb_column_0 et_pb_column et_pb_column_4_4 et-last-child et_block_column et_pb_css_mix_blend_mode_passthrough\">\n<div class=\"et_pb_text_0 et_pb_text et_pb_bg_layout_light et_animated et_pb_module et_block_module\"><div class=\"et_pb_text_inner\"><h1>Microbiolog\u00eda Elgan\u00ae <\/h1>\n<\/div><\/div>\n\n<div class=\"et_pb_text_1 et_pb_text et_pb_bg_layout_light et_animated et_pb_module et_block_module\"><div class=\"et_pb_text_inner\"><p class=\"p1\"><strong>Elgan\u00ae es una tecnolog\u00eda microbiana con diferentes aplicaciones y beneficios sostenibles en el tratamiento de residuos org\u00e1nicos de diferentes sectores de actividad.<\/strong><\/p>\n<\/div><\/div>\n<\/div>\n<\/div>\n<\/div>\n\n<div class=\"et_pb_section_1 et_pb_section et_section_regular et_block_section\">\n<div class=\"et_pb_row_1 et_pb_row et-vb-row--no-module et_block_row\">\n<div class=\"et_pb_column_1 et_pb_column et_pb_column_4_4 et-last-child et_block_column et_pb_column_empty et_pb_css_mix_blend_mode_passthrough\"><\/div>\n<\/div>\n<\/div>\n\n<div class=\"et_pb_section_2 et_pb_section et_section_regular et_block_section\">\n<div class=\"et_pb_row_2 et_pb_row et_block_row\">\n<div class=\"et_pb_column_2 et_pb_column et_pb_column_4_4 et-last-child et_block_column et_pb_css_mix_blend_mode_passthrough\">\n<div class=\"et_pb_divider_0 et_pb_divider et_pb_space et_pb_divider_position_top et_animated et_pb_module\"><div class=\"et_pb_divider_internal\"><\/div><\/div>\n\n<div class=\"et_pb_text_2 et_pb_text et_pb_bg_layout_light et_animated et_pb_module et_block_module et_pb_text_align_center\"><div class=\"et_pb_text_inner\"><p class=\"p1\"><strong>La microbiolog\u00eda Elgan\u00ae es tanto un sistema de compostaje en s\u00ed mismo como una herramienta para reducir malos olores, poblaciones de moscas o limpiar superficies muy sucias y con materia org\u00e1nica incrustada.<\/strong><\/p>\n<\/div><\/div>\n\n<div class=\"et_pb_divider_1 et_pb_divider et_pb_space et_pb_divider_position_top et_animated et_pb_module\"><div class=\"et_pb_divider_internal\"><\/div><\/div>\n<\/div>\n<\/div>\n<\/div>\n\n<div class=\"et_pb_section_3 et_pb_section et_section_regular et_block_section et_animated\"><span class=\"et_pb_background_mask\"><\/span>\n<div class=\"et_pb_row_3 et_pb_row et_block_row\">\n<div class=\"et_pb_column_3 et_pb_column et_pb_column_4_4 et-last-child et_block_column et_pb_css_mix_blend_mode_passthrough\">\n<div class=\"et_pb_text_3 et_pb_text et_pb_bg_layout_light et_animated et_pb_module et_block_module\"><div class=\"et_pb_text_inner\"><h2>Certificados por<br \/>\nEcocert\u00ae <\/h2>\n<\/div><\/div>\n\n<div class=\"et_pb_text_4 et_pb_text et_pb_bg_layout_light et_animated et_pb_module et_block_module\"><div class=\"et_pb_text_inner\"><p class=\"p1\"><strong>Todos los productos est\u00e1n certificados<\/strong> por Ecocert\u00ae Espa\u00f1a y son aptos para su uso en Agricultura Ecol\u00f3gica seg\u00fan los Reglamentos UE n\u00ba 2018\/848 y 2021\/1165 Control ECOCERT SAS<\/p>\n<\/div><\/div>\n<\/div>\n<\/div>\n<\/div>\n\n<div class=\"et_pb_section_4 et_pb_section et_section_regular et_block_section et_animated\"><span class=\"et_pb_background_mask\"><\/span>\n<div class=\"et_pb_row_4 et_pb_row et_block_row\">\n<div class=\"et_pb_column_4 et_pb_column et_pb_column_4_4 et-last-child et_block_column et_pb_css_mix_blend_mode_passthrough\">\n<div class=\"et_pb_text_5 et_pb_text et_pb_bg_layout_dark et_animated et_pb_module et_block_module\"><div class=\"et_pb_text_inner\"><h2>Salud y Medioambiente<\/h2>\n<\/div><\/div>\n\n<div class=\"et_pb_text_6 et_pb_text et_pb_bg_layout_dark et_animated et_pb_module et_block_module\"><div class=\"et_pb_text_inner\"><p>Los productos se presentan en forma l\u00edquida, son f\u00e1ciles de mezclar y manipular. <\/p>\n<\/div><\/div>\n<\/div>\n<\/div>\n<\/div>\n\n<div class=\"et_pb_section_5 et_pb_section et_section_regular et_block_section\">\n<div class=\"et_pb_row_5 et_pb_row et_block_row\">\n<div class=\"et_pb_column_5 et_pb_column et_pb_column_4_4 et-last-child et_block_column et_pb_css_mix_blend_mode_passthrough\">\n<div class=\"et_pb_divider_2 et_pb_divider et_pb_space et_pb_divider_position_top et_animated et_pb_module\"><div class=\"et_pb_divider_internal\"><\/div><\/div>\n\n<div class=\"et_pb_text_7 et_pb_text et_pb_bg_layout_light et_animated et_pb_module et_block_module et_pb_text_align_center\"><div class=\"et_pb_text_inner\"><p class=\"p1\"><span style=\"font-size: x-large; font-family: 'Days One'; font-weight: normal;\"><strong>Respetuosos con la salud y el medioambiente<\/strong><\/span><\/p>\n<p class=\"p1\"><span class=\"s1\">Son el resultado de:<\/span><\/p>\n<p class=\"p2\">- La <strong>combinaci\u00f3n la microbiolog\u00eda<\/strong> con otros productos naturales y est\u00e1n libres de sustancias qu\u00edmicas da\u00f1inas.<\/p>\n<p class=\"p2\">- El fruto del <strong>trabajo diario<\/strong> con nuestros clientes.<\/p>\n<p class=\"p2\"><strong>Todo ello apoyado en el terreno por un equipo t\u00e9cnico con m\u00e1s de 30 a\u00f1os de experiencia en todo tipo de residuos org\u00e1nicos.<\/strong><\/p>\n<p style=\"font-weight: 400;\"><span style=\"font-family: inherit; font-weight: normal; font-size: x-large;\"><strong>\u00a1Conocemos, entendemos y gestionamos tus necesidades y desaf\u00edos!\u00a0\u00a0<\/strong><\/span><\/p>\n<\/div><\/div>\n\n<div class=\"et_pb_divider_3 et_pb_divider et_pb_space et_pb_divider_position_top et_animated et_pb_module\"><div class=\"et_pb_divider_internal\"><\/div><\/div>\n<\/div>\n<\/div>\n<\/div>\n\n<div class=\"et_pb_section_6 et_pb_section et_section_regular et_block_section\"><\/div>\n\n<div class=\"et_pb_section_7 et_pb_section et_section_regular et_block_section\">\n<div class=\"et_pb_row_6 et_pb_row et_block_row\">\n<div class=\"et_pb_column_6 et_pb_column et_pb_column_4_4 et-last-child et_block_column et_pb_css_mix_blend_mode_passthrough\">\n<div class=\"et_pb_text_8 et_pb_text et_pb_bg_layout_dark et_animated et_pb_module et_block_module et_pb_text_align_center\"><div class=\"et_pb_text_inner\"><p><strong>\u00a1Encuentra tu soluci\u00f3n microbiol\u00f3gica!<\/strong><\/p>\n<\/div><\/div>\n\n<div class=\"et_pb_module et_pb_button_module_wrapper et_pb_button_0_wrapper\"><a class=\"et_pb_button_0 et_pb_button et_pb_bg_layout_light et_animated et_pb_module et_block_module\" href=\"https:\/\/www.organicwastetreatments.com\/contacto\/\">Contacto<\/a><\/div>\n<\/div>\n<\/div>\n<\/div>","protected":false},"excerpt":{"rendered":"","protected":false},"author":3,"featured_media":0,"parent":0,"menu_order":0,"comment_status":"closed","ping_status":"closed","template":"","meta":{"footnotes":""},"class_list":["post-448","page","type-page","status-publish","hentry"],"yoast_head":"<!-- This site is optimized with the Yoast SEO plugin v27.0 - https:\/\/yoast.com\/product\/yoast-seo-wordpress\/ -->\n<title>Microbiolog\u00eda Elgan \u00a0 - Organic Waste Treatments<\/title>\n<meta name=\"description\" content=\"Elgan\u00ae es una tecnolog\u00eda microbiana con diferentes aplicaciones y beneficios sostenibles en el tratamiento de residuos org\u00e1nicos de diferentes sectores de actividad.\" \/>\n<meta name=\"robots\" content=\"index, follow, max-snippet:-1, max-image-preview:large, max-video-preview:-1\" \/>\n<link rel=\"canonical\" href=\"https:\/\/www.organicwastetreatments.com\/es\/microbiologia-elgan\/\" \/>\n<meta property=\"og:locale\" content=\"es_ES\" \/>\n<meta property=\"og:type\" content=\"article\" \/>\n<meta property=\"og:title\" content=\"Microbiolog\u00eda Elgan \u00a0 - Organic Waste Treatments\" \/>\n<meta property=\"og:description\" content=\"Elgan\u00ae es una tecnolog\u00eda microbiana con diferentes aplicaciones y beneficios sostenibles en el tratamiento de residuos org\u00e1nicos de diferentes sectores de actividad.\" \/>\n<meta property=\"og:url\" content=\"https:\/\/www.organicwastetreatments.com\/es\/microbiologia-elgan\/\" \/>\n<meta property=\"og:site_name\" content=\"Organic Waste Treatments\" \/>\n<meta property=\"article:modified_time\" content=\"2026-03-31T14:52:11+00:00\" \/>\n<meta name=\"twitter:card\" content=\"summary_large_image\" \/>\n<script type=\"application\/ld+json\" class=\"yoast-schema-graph\">{\"@context\":\"https:\/\/schema.org\",\"@graph\":[{\"@type\":\"WebPage\",\"@id\":\"https:\/\/www.organicwastetreatments.com\/es\/microbiologia-elgan\/\",\"url\":\"https:\/\/www.organicwastetreatments.com\/es\/microbiologia-elgan\/\",\"name\":\"Microbiolog\u00eda Elgan \u00a0 - Organic Waste Treatments\",\"isPartOf\":{\"@id\":\"https:\/\/www.organicwastetreatments.com\/es\/#website\"},\"datePublished\":\"2026-03-26T19:21:07+00:00\",\"dateModified\":\"2026-03-31T14:52:11+00:00\",\"description\":\"Elgan\u00ae es una tecnolog\u00eda microbiana con diferentes aplicaciones y beneficios sostenibles en el tratamiento de residuos org\u00e1nicos de diferentes sectores de actividad.\",\"breadcrumb\":{\"@id\":\"https:\/\/www.organicwastetreatments.com\/es\/microbiologia-elgan\/#breadcrumb\"},\"inLanguage\":\"es\",\"potentialAction\":[{\"@type\":\"ReadAction\",\"target\":[\"https:\/\/www.organicwastetreatments.com\/es\/microbiologia-elgan\/\"]}]},{\"@type\":\"BreadcrumbList\",\"@id\":\"https:\/\/www.organicwastetreatments.com\/es\/microbiologia-elgan\/#breadcrumb\",\"itemListElement\":[{\"@type\":\"ListItem\",\"position\":1,\"name\":\"Inici\",\"item\":\"https:\/\/www.organicwastetreatments.com\/es\/\"},{\"@type\":\"ListItem\",\"position\":2,\"name\":\"Microbiolog\u00eda Elgan \u00a0\"}]},{\"@type\":\"WebSite\",\"@id\":\"https:\/\/www.organicwastetreatments.com\/es\/#website\",\"url\":\"https:\/\/www.organicwastetreatments.com\/es\/\",\"name\":\"Organic Waste Treatments\",\"description\":\"\",\"potentialAction\":[{\"@type\":\"SearchAction\",\"target\":{\"@type\":\"EntryPoint\",\"urlTemplate\":\"https:\/\/www.organicwastetreatments.com\/es\/?s={search_term_string}\"},\"query-input\":{\"@type\":\"PropertyValueSpecification\",\"valueRequired\":true,\"valueName\":\"search_term_string\"}}],\"inLanguage\":\"es\"}]}<\/script>\n<!-- \/ Yoast SEO plugin. -->","yoast_head_json":{"title":"Microbiolog\u00eda Elgan \u00a0 - Organic Waste Treatments","description":"Elgan\u00ae es una tecnolog\u00eda microbiana con diferentes aplicaciones y beneficios sostenibles en el tratamiento de residuos org\u00e1nicos de diferentes sectores de actividad.","robots":{"index":"index","follow":"follow","max-snippet":"max-snippet:-1","max-image-preview":"max-image-preview:large","max-video-preview":"max-video-preview:-1"},"canonical":"https:\/\/www.organicwastetreatments.com\/es\/microbiologia-elgan\/","og_locale":"es_ES","og_type":"article","og_title":"Microbiolog\u00eda Elgan \u00a0 - Organic Waste Treatments","og_description":"Elgan\u00ae es una tecnolog\u00eda microbiana con diferentes aplicaciones y beneficios sostenibles en el tratamiento de residuos org\u00e1nicos de diferentes sectores de actividad.","og_url":"https:\/\/www.organicwastetreatments.com\/es\/microbiologia-elgan\/","og_site_name":"Organic Waste Treatments","article_modified_time":"2026-03-31T14:52:11+00:00","twitter_card":"summary_large_image","schema":{"@context":"https:\/\/schema.org","@graph":[{"@type":"WebPage","@id":"https:\/\/www.organicwastetreatments.com\/es\/microbiologia-elgan\/","url":"https:\/\/www.organicwastetreatments.com\/es\/microbiologia-elgan\/","name":"Microbiolog\u00eda Elgan \u00a0 - Organic Waste Treatments","isPartOf":{"@id":"https:\/\/www.organicwastetreatments.com\/es\/#website"},"datePublished":"2026-03-26T19:21:07+00:00","dateModified":"2026-03-31T14:52:11+00:00","description":"Elgan\u00ae es una tecnolog\u00eda microbiana con diferentes aplicaciones y beneficios sostenibles en el tratamiento de residuos org\u00e1nicos de diferentes sectores de actividad.","breadcrumb":{"@id":"https:\/\/www.organicwastetreatments.com\/es\/microbiologia-elgan\/#breadcrumb"},"inLanguage":"es","potentialAction":[{"@type":"ReadAction","target":["https:\/\/www.organicwastetreatments.com\/es\/microbiologia-elgan\/"]}]},{"@type":"BreadcrumbList","@id":"https:\/\/www.organicwastetreatments.com\/es\/microbiologia-elgan\/#breadcrumb","itemListElement":[{"@type":"ListItem","position":1,"name":"Inici","item":"https:\/\/www.organicwastetreatments.com\/es\/"},{"@type":"ListItem","position":2,"name":"Microbiolog\u00eda Elgan \u00a0"}]},{"@type":"WebSite","@id":"https:\/\/www.organicwastetreatments.com\/es\/#website","url":"https:\/\/www.organicwastetreatments.com\/es\/","name":"Organic Waste Treatments","description":"","potentialAction":[{"@type":"SearchAction","target":{"@type":"EntryPoint","urlTemplate":"https:\/\/www.organicwastetreatments.com\/es\/?s={search_term_string}"},"query-input":{"@type":"PropertyValueSpecification","valueRequired":true,"valueName":"search_term_string"}}],"inLanguage":"es"}]}},"_links":{"self":[{"href":"https:\/\/www.organicwastetreatments.com\/es\/wp-json\/wp\/v2\/pages\/448","targetHints":{"allow":["GET"]}}],"collection":[{"href":"https:\/\/www.organicwastetreatments.com\/es\/wp-json\/wp\/v2\/pages"}],"about":[{"href":"https:\/\/www.organicwastetreatments.com\/es\/wp-json\/wp\/v2\/types\/page"}],"author":[{"embeddable":true,"href":"https:\/\/www.organicwastetreatments.com\/es\/wp-json\/wp\/v2\/users\/3"}],"replies":[{"embeddable":true,"href":"https:\/\/www.organicwastetreatments.com\/es\/wp-json\/wp\/v2\/comments?post=448"}],"version-history":[{"count":32,"href":"https:\/\/www.organicwastetreatments.com\/es\/wp-json\/wp\/v2\/pages\/448\/revisions"}],"predecessor-version":[{"id":757,"href":"https:\/\/www.organicwastetreatments.com\/es\/wp-json\/wp\/v2\/pages\/448\/revisions\/757"}],"wp:attachment":[{"href":"https:\/\/www.organicwastetreatments.com\/es\/wp-json\/wp\/v2\/media?parent=448"}],"curies":[{"name":"wp","href":"https:\/\/api.w.org\/{rel}","templated":true}]}}