{"id":500,"date":"2026-03-27T12:31:55","date_gmt":"2026-03-27T10:31:55","guid":{"rendered":"https:\/\/www.organicwastetreatments.com\/?page_id=500"},"modified":"2026-03-31T16:59:59","modified_gmt":"2026-03-31T14:59:59","slug":"sectores-y-soluciones","status":"publish","type":"page","link":"https:\/\/www.organicwastetreatments.com\/es\/sectores-y-soluciones\/","title":{"rendered":"Sectores y Soluciones"},"content":{"rendered":"<div class=\"et_pb_section_0 et_pb_section et_section_regular et_block_section\">\n<div class=\"et_pb_row_0 et_pb_row et_block_row\">\n<div class=\"et_pb_column_0 et_pb_column et_pb_column_4_4 et-last-child et_block_column et_pb_css_mix_blend_mode_passthrough\">\n<div class=\"et_pb_text_0 et_pb_text et_pb_bg_layout_light et_animated et_pb_module et_block_module\"><div class=\"et_pb_text_inner\"><h1>Sectores y Soluciones<\/h1>\n<\/div><\/div>\n\n<div class=\"et_pb_text_1 et_pb_text et_pb_bg_layout_light et_animated et_pb_module et_block_module\"><div class=\"et_pb_text_inner\"><p><strong>Nuestros servicios se adaptan a distintos sectores vinculados a la gesti\u00f3n de residuos org\u00e1nicos, ofreciendo soluciones eficientes y sostenibles.<\/strong><\/p>\n<\/div><\/div>\n<\/div>\n<\/div>\n<\/div>\n\n<div class=\"et_pb_section_1 et_pb_section et_section_regular et_block_section\">\n<div class=\"et_pb_row_1 et_pb_row et-vb-row--no-module et_block_row\">\n<div class=\"et_pb_column_1 et_pb_column et_pb_column_4_4 et-last-child et_block_column et_pb_column_empty et_pb_css_mix_blend_mode_passthrough\"><\/div>\n<\/div>\n<\/div>\n\n<div class=\"et_pb_section_2 et_pb_section et_section_regular et_block_section\">\n<div class=\"et_pb_row_2 et_pb_row et_block_row\">\n<div class=\"et_pb_column_2 et_pb_column et_pb_column_4_4 et-last-child et_block_column et_pb_css_mix_blend_mode_passthrough\">\n<div class=\"et_pb_divider_0 et_pb_divider et_pb_space et_pb_divider_position_top et_animated et_pb_module\"><div class=\"et_pb_divider_internal\"><\/div><\/div>\n\n<div class=\"et_pb_text_2 et_pb_text et_pb_bg_layout_light et_animated et_pb_module et_block_module et_pb_text_align_center\"><div class=\"et_pb_text_inner\"><p class=\"p1\"><strong>Actuamos en plantas de compostaje, ecoparques, granjas y sistemas dom\u00e9sticos. Aplicamos tratamientos para reducir olores, controlar plagas y mejorar los procesos biol\u00f3gicos. Adaptamos el dise\u00f1o en funci\u00f3n de las necesidades especificas de cada instalaci\u00f3n<\/strong><\/p>\n<\/div><\/div>\n\n<div class=\"et_pb_divider_1 et_pb_divider et_pb_space et_pb_divider_position_top et_animated et_pb_module\"><div class=\"et_pb_divider_internal\"><\/div><\/div>\n<\/div>\n<\/div>\n<\/div>\n\n<div class=\"et_pb_section_3 et_pb_section et_section_regular et_block_section\">\n<div class=\"et_pb_row_3 et_pb_row et-vb-row--no-module et_block_row\">\n<div class=\"et_pb_column_3 et_pb_column et_pb_column_4_4 et-last-child et_block_column et_pb_column_empty et_pb_css_mix_blend_mode_passthrough\"><\/div>\n<\/div>\n<\/div>\n\n<div class=\"et_pb_section_4 et_pb_section et_section_regular et_block_section\">\n<div class=\"et_pb_row_4 et_pb_row et_block_row\">\n<div class=\"et_pb_column_4 et_pb_column et_pb_column_4_4 et-last-child et_block_column et_pb_css_mix_blend_mode_passthrough\">\n<div class=\"et_pb_image_0 et_pb_image et_animated et_pb_module et_flex_module\"><span class=\"et_pb_image_wrap\"><img loading=\"lazy\" decoding=\"async\" src=\"https:\/\/www.organicwastetreatments.com\/wp-content\/uploads\/2026\/03\/Plantas-de-01-compostaje-w200.png\" alt=\"una casa y un cami\u00f3n de reciclaje\" title=\"Plantas de compostaje\" width=\"200\" height=\"100\" sizes=\"(max-width: 200px) 100vw, 200px\" class=\"wp-image-417\" \/><\/span><\/div>\n\n<div class=\"et_pb_heading_0 et_pb_heading et_animated et_pb_module et_flex_module\"><div class=\"et_pb_heading_container\"><h2 class=\"et_pb_module_header\">Plantas de compostaje<\/h2><\/div><\/div>\n\n<div class=\"et_pb_text_3 et_pb_text et_pb_bg_layout_light et_animated et_pb_module et_flex_module\"><div class=\"et_pb_text_inner\"><p class=\"p1\"><span style=\"font-size: x-large;\"><b>Beneficios de la Microbiologia Elgan\u00ae para plantas de compost en general:<\/b><\/span><\/p>\n<p class=\"p1\"><span style=\"color: #000000;\"><strong>Reduce malos olores y moscas <\/strong><\/span><\/p>\n<p class=\"p1\"><span style=\"color: #000000;\"><strong>Mejora la calidad del compost <\/strong><\/span><\/p>\n<p class=\"p1\"><span style=\"color: #000000;\"><strong>Mejora los procesos de criba<\/strong><\/span><b><\/b><\/p>\n<p class=\"p3\"><strong><span style=\"text-decoration: underline;\"><span class=\"s1\"><i>Plataforma de compost:<\/i><\/span> <\/span><\/strong><\/p>\n<p class=\"p3\"><strong>La incorporaci\u00f3n de microbiolog\u00eda\u00a0Elgan\u00ae\u00a0en una pila de residuos (lodos, esti\u00e9rcoles, alperujo, poda, FORM, MOR\u2026),<span class=\"Apple-converted-space\">\u00a0 <\/span>proporciona la oxigenaci\u00f3n necesaria para obtener un excelente proceso de compost reduciendo as\u00ed el n\u00famero de volteos.<\/strong><\/p>\n<p class=\"p3\">Elgan\u00ae (junto con Nutri-Start\u00ae y Nutri-Active\u00ae) es un sistema de compostaje que permite reducir gastos energ\u00e9ticos (menos volteos), optimizar la superficie \u00fatil de la planta (formaci\u00f3n de mesetas optimizando los espacios y superficies de las plantas), reducir malos olores y moscas, mejorar los procesos de criba (menos obstrucciones, m\u00e1s compost, rechazo m\u00e1s limpio), mejorar la calidad del compost (sostiene y aumenta la microbiolog\u00eda de la misma pila y mejora el compost obtenido).<\/p>\n<p class=\"p3\">A veces, se nos olvida que el compostaje es un proceso biol\u00f3gico y no mec\u00e1nico.<\/p>\n<\/div><\/div>\n<\/div>\n<\/div>\n<\/div>\n\n<div class=\"et_pb_section_5 et_pb_section et_section_regular et_block_section\">\n<div class=\"et_pb_row_5 et_pb_row et-vb-row--no-module et_flex_row et_animated\">\n<div class=\"et_pb_column_5 et_pb_column et_flex_column et_pb_column_empty et_pb_css_mix_blend_mode_passthrough et_flex_column_12_24 et_flex_column_12_24_tablet et_flex_column_24_24_phone\"><\/div>\n\n<div class=\"et_pb_column_6 et_pb_column et-last-child et_flex_column et_pb_column_empty et_pb_css_mix_blend_mode_passthrough et_flex_column_12_24 et_flex_column_12_24_tablet et_flex_column_24_24_phone\"><\/div>\n<\/div>\n<\/div>\n\n<div class=\"et_pb_section_6 et_pb_section et_section_regular et_block_section\">\n<div class=\"et_pb_row_6 et_pb_row et-vb-row--no-module et_block_row\">\n<div class=\"et_pb_column_7 et_pb_column et_pb_column_4_4 et-last-child et_block_column et_pb_column_empty et_pb_css_mix_blend_mode_passthrough\"><\/div>\n<\/div>\n<\/div>\n\n<div class=\"et_pb_section_7 et_pb_section et_section_regular et_block_section\">\n<div class=\"et_pb_row_7 et_pb_row et_block_row\">\n<div class=\"et_pb_column_8 et_pb_column et_pb_column_4_4 et-last-child et_block_column et_pb_css_mix_blend_mode_passthrough\">\n<div class=\"et_pb_image_1 et_pb_image et_animated et_pb_module et_flex_module\"><span class=\"et_pb_image_wrap\"><img loading=\"lazy\" decoding=\"async\" src=\"https:\/\/www.organicwastetreatments.com\/wp-content\/uploads\/2026\/03\/02-Plantas-de-tratamiento-de-residuos-w200.png\" alt=\"una planta de residuos y un cami\u00f3n\" title=\"Plantas de tratamiento de residuos\" width=\"200\" height=\"100\" sizes=\"(max-width: 200px) 100vw, 200px\" class=\"wp-image-419\" \/><\/span><\/div>\n\n<div class=\"et_pb_heading_1 et_pb_heading et_animated et_pb_module et_flex_module\"><div class=\"et_pb_heading_container\"><h2 class=\"et_pb_module_header\">Plantas de tratamiento de residuos y transferencia<\/h2><\/div><\/div>\n\n<div class=\"et_pb_text_4 et_pb_text et_pb_bg_layout_light et_animated et_pb_module et_flex_module\"><div class=\"et_pb_text_inner\"><p class=\"p1\"><span style=\"font-size: x-large;\"><strong>Microbiolog\u00eda Elgan\u00ae para la reducci\u00f3n de malos olores y moscas<\/strong><\/span><\/p>\n<p class=\"p1\"><strong>Elgan\u00ae bloquea las reacciones putrefactivas causantes de los malos olores<\/strong>. <strong>Adem\u00e1s, su metabolismo permite recombinar mejor el Nitr\u00f3geno con el Carbono, de modo que su p\u00e9rdida es muy inferior.<\/strong><br \/><strong><\/strong><\/p>\n<p class=\"p1\"><strong>Aplicaciones con \u00e9xito en:<\/strong><\/p>\n<p class=\"p1\">Plantas de compost (lodos, esti\u00e9rcoles, alperujo, poda, FORM, MOR\u2026), estaciones de depuraci\u00f3n de agua (alimentarias, textil, papel, c\u00e1rnicas\u2026), granjas, mataderos (sangre, plumas\u2026) entre otras industrias.<\/p>\n<p class=\"p1\"><strong>Reducci\u00f3n poblaci\u00f3n moscas:<\/strong> su acci\u00f3n bloquea la s\u00edntesis de quitina en huevos, por lo que no progresan a adultos y se corta el ciclo biol\u00f3gico.<\/p>\n<\/div><\/div>\n<\/div>\n<\/div>\n<\/div>\n\n<div class=\"et_pb_section_8 et_pb_section et_section_regular et_block_section\">\n<div class=\"et_pb_row_8 et_pb_row et-vb-row--no-module et_flex_row et_animated\">\n<div class=\"et_pb_column_9 et_pb_column et_flex_column et_pb_column_empty et_pb_css_mix_blend_mode_passthrough et_flex_column_12_24 et_flex_column_12_24_tablet et_flex_column_24_24_phone\"><\/div>\n\n<div class=\"et_pb_column_10 et_pb_column et-last-child et_flex_column et_pb_column_empty et_pb_css_mix_blend_mode_passthrough et_flex_column_12_24 et_flex_column_12_24_tablet et_flex_column_24_24_phone\"><\/div>\n<\/div>\n<\/div>\n\n<div class=\"et_pb_section_9 et_pb_section et_section_regular et_block_section\">\n<div class=\"et_pb_row_9 et_pb_row et-vb-row--no-module et_block_row\">\n<div class=\"et_pb_column_11 et_pb_column et_pb_column_4_4 et-last-child et_block_column et_pb_column_empty et_pb_css_mix_blend_mode_passthrough\"><\/div>\n<\/div>\n<\/div>\n\n<div class=\"et_pb_section_10 et_pb_section et_section_regular et_block_section\">\n<div class=\"et_pb_row_10 et_pb_row et_block_row\">\n<div class=\"et_pb_column_12 et_pb_column et_pb_column_4_4 et-last-child et_block_column et_pb_css_mix_blend_mode_passthrough\">\n<div class=\"et_pb_image_2 et_pb_image et_animated et_pb_module et_flex_module\"><span class=\"et_pb_image_wrap\"><img loading=\"lazy\" decoding=\"async\" src=\"https:\/\/www.organicwastetreatments.com\/wp-content\/uploads\/2026\/03\/03-Digestion-anaerobia-w200.png\" alt=\"f\u00e1brica de digesti\u00f3n\" title=\"Digestio\u0301n anaerobia\" width=\"200\" height=\"100\" sizes=\"(max-width: 200px) 100vw, 200px\" class=\"wp-image-422\" \/><\/span><\/div>\n\n<div class=\"et_pb_heading_2 et_pb_heading et_animated et_pb_module et_flex_module\"><div class=\"et_pb_heading_container\"><h2 class=\"et_pb_module_header\">Digesti\u00f3n anaerobia<\/h2><\/div><\/div>\n\n<div class=\"et_pb_text_5 et_pb_text et_pb_bg_layout_light et_animated et_pb_module et_flex_module\"><div class=\"et_pb_text_inner\"><p class=\"p1\"><strong>Aportamos soluciones para:<\/strong><\/p>\n<p class=\"p1\">- La <strong>reducci\u00f3n<\/strong> de la concentraci\u00f3n de NH<span class=\"s1\"><sub>3<\/sub><\/span> en los digestores y H<span class=\"s1\"><sub>2<\/sub><\/span>S.<\/p>\n<p class=\"p1\">- Problemas por no alcanzar a la <strong>producci\u00f3n nominal<\/strong> de biog\u00e1s por concentraci\u00f3n elevada de NH<span class=\"s1\"><sub>3.<\/sub><sub><\/sub><\/span><\/p>\n<p class=\"p1\">- La <strong>mejora de la carga<\/strong> org\u00e1nica (optimizaci\u00f3n de rendimientos).<\/p>\n<p class=\"p1\">- Tratar el <strong>digestado en procesos<\/strong> de compostaje.<\/p>\n<\/div><\/div>\n<\/div>\n<\/div>\n<\/div>\n\n<div class=\"et_pb_section_11 et_pb_section et_section_regular et_block_section\">\n<div class=\"et_pb_row_11 et_pb_row et-vb-row--no-module et_flex_row et_animated\">\n<div class=\"et_pb_column_13 et_pb_column et_flex_column et_pb_column_empty et_pb_css_mix_blend_mode_passthrough et_flex_column_12_24 et_flex_column_12_24_tablet et_flex_column_24_24_phone\"><\/div>\n\n<div class=\"et_pb_column_14 et_pb_column et-last-child et_flex_column et_pb_column_empty et_pb_css_mix_blend_mode_passthrough et_flex_column_12_24 et_flex_column_12_24_tablet et_flex_column_24_24_phone\"><\/div>\n<\/div>\n<\/div>\n\n<div class=\"et_pb_section_12 et_pb_section et_section_regular et_block_section\">\n<div class=\"et_pb_row_12 et_pb_row et-vb-row--no-module et_block_row\">\n<div class=\"et_pb_column_15 et_pb_column et_pb_column_4_4 et-last-child et_block_column et_pb_column_empty et_pb_css_mix_blend_mode_passthrough\"><\/div>\n<\/div>\n<\/div>\n\n<div class=\"et_pb_section_13 et_pb_section et_section_regular et_block_section\">\n<div class=\"et_pb_row_13 et_pb_row et_block_row\">\n<div class=\"et_pb_column_16 et_pb_column et_pb_column_4_4 et-last-child et_block_column et_pb_css_mix_blend_mode_passthrough\">\n<div class=\"et_pb_image_3 et_pb_image et_animated et_pb_module et_flex_module\"><span class=\"et_pb_image_wrap\"><img loading=\"lazy\" decoding=\"async\" src=\"https:\/\/www.organicwastetreatments.com\/wp-content\/uploads\/2026\/03\/04-Balsas-de-lixiviados-w200.png\" title=\"04-Balsas de lixiviados-w200\" width=\"200\" height=\"100\" sizes=\"(max-width: 200px) 100vw, 200px\" class=\"wp-image-424\" alt=\"una casa y un cami\u00f3n de reciclaje\" \/><\/span><\/div>\n\n<div class=\"et_pb_heading_3 et_pb_heading et_animated et_pb_module et_flex_module\"><div class=\"et_pb_heading_container\"><h2 class=\"et_pb_module_header\">Balsas de lixiviados y fosas s\u00e9pticas<\/h2><\/div><\/div>\n\n<div class=\"et_pb_text_6 et_pb_text et_pb_bg_layout_light et_animated et_pb_module et_flex_module\"><div class=\"et_pb_text_inner\"><p class=\"p1\">Para <strong>evitar problemas de olores, es necesario a\u00f1adir ox\u00edgeno<\/strong> tanto en las balsas de lixiviados como en las fosas s\u00e9pticas. Este proceso puede hacerse mec\u00e1nicamente o bien gracias a la aportaci\u00f3n de Elgan\u00ae que <strong>adem\u00e1s de aportar ox\u00edgeno, reducir\u00e1 malos olores, y el volumen de sedimento en el fondo.<\/strong><\/p>\n<\/div><\/div>\n<\/div>\n<\/div>\n<\/div>\n\n<div class=\"et_pb_section_14 et_pb_section et_section_regular et_block_section\">\n<div class=\"et_pb_row_14 et_pb_row et-vb-row--no-module et_flex_row et_animated\">\n<div class=\"et_pb_column_17 et_pb_column et-last-child et_flex_column et_pb_column_empty et_pb_css_mix_blend_mode_passthrough et_flex_column_12_24 et_flex_column_12_24_tablet et_flex_column_24_24_phone\"><\/div>\n<\/div>\n<\/div>\n\n<div class=\"et_pb_section_15 et_pb_section et_section_regular et_block_section\">\n<div class=\"et_pb_row_15 et_pb_row et-vb-row--no-module et_block_row\">\n<div class=\"et_pb_column_18 et_pb_column et_pb_column_4_4 et-last-child et_block_column et_pb_column_empty et_pb_css_mix_blend_mode_passthrough\"><\/div>\n<\/div>\n<\/div>\n\n<div class=\"et_pb_section_16 et_pb_section et_section_regular et_block_section\">\n<div class=\"et_pb_row_16 et_pb_row et_block_row\">\n<div class=\"et_pb_column_19 et_pb_column et_pb_column_4_4 et-last-child et_block_column et_pb_css_mix_blend_mode_passthrough\">\n<div class=\"et_pb_image_4 et_pb_image et_animated et_pb_module et_flex_module\"><span class=\"et_pb_image_wrap\"><img loading=\"lazy\" decoding=\"async\" src=\"https:\/\/www.organicwastetreatments.com\/wp-content\/uploads\/2026\/03\/Plantas-de-01-compostaje-w200.png\" alt=\"una casa y un cami\u00f3n de reciclaje\" title=\"Plantas de compostaje\" width=\"200\" height=\"100\" sizes=\"(max-width: 200px) 100vw, 200px\" class=\"wp-image-417\" \/><\/span><\/div>\n\n<div class=\"et_pb_heading_4 et_pb_heading et_animated et_pb_module et_flex_module\"><div class=\"et_pb_heading_container\"><h2 class=\"et_pb_module_header\">Compostar en casa<\/h2><\/div><\/div>\n\n<div class=\"et_pb_text_7 et_pb_text et_pb_bg_layout_light et_animated et_pb_module et_flex_module\"><div class=\"et_pb_text_inner\"><p class=\"p1\"><strong>\u00a1Nunca fue tan simple y placentero compostar! <\/strong><\/p>\n<p class=\"p1\">Muchas veces, para no decir siempre, <strong>se asimila de manera equivocada<\/strong>, compostar con malos olores, moscas y trabajo. As\u00ed que no nos animamos a compostar en casa. Pues bien, esto tiene soluci\u00f3n. Tal como a\u00f1ades tus residuos org\u00e1nicos en el compostador, a\u00f1ade Elgan\u00ae antes de taparlo de nuevo. Remueve de vez en cuando y <strong>en pocas semanas obtendr\u00e1s un compost sin malos olores ni moscas, cargado de microrganismos y nutrientes.<\/strong><\/p>\n<\/div><\/div>\n<\/div>\n<\/div>\n<\/div>\n\n<div class=\"et_pb_section_17 et_pb_section et_section_regular et_block_section\">\n<div class=\"et_pb_row_17 et_pb_row et-vb-row--no-module et_flex_row et_animated\">\n<div class=\"et_pb_column_20 et_pb_column et_flex_column et_pb_column_empty et_pb_css_mix_blend_mode_passthrough et_flex_column_12_24 et_flex_column_12_24_tablet et_flex_column_24_24_phone\"><\/div>\n\n<div class=\"et_pb_column_21 et_pb_column et-last-child et_flex_column et_pb_column_empty et_pb_css_mix_blend_mode_passthrough et_flex_column_12_24 et_flex_column_12_24_tablet et_flex_column_24_24_phone\"><\/div>\n<\/div>\n<\/div>\n\n<div class=\"et_pb_section_18 et_pb_section et_section_regular et_block_section\">\n<div class=\"et_pb_row_18 et_pb_row et-vb-row--no-module et_block_row\">\n<div class=\"et_pb_column_22 et_pb_column et_pb_column_4_4 et-last-child et_block_column et_pb_column_empty et_pb_css_mix_blend_mode_passthrough\"><\/div>\n<\/div>\n<\/div>\n\n<div class=\"et_pb_section_19 et_pb_section et_section_regular et_block_section\">\n<div class=\"et_pb_row_19 et_pb_row et_block_row\">\n<div class=\"et_pb_column_23 et_pb_column et_pb_column_4_4 et-last-child et_block_column et_pb_css_mix_blend_mode_passthrough\">\n<div class=\"et_pb_text_8 et_pb_text et_pb_bg_layout_dark et_animated et_pb_module et_block_module et_pb_text_align_center\"><div class=\"et_pb_text_inner\"><p><strong>\u00a1Encuentra tu soluci\u00f3n microbiol\u00f3gica!<\/strong><\/p>\n<\/div><\/div>\n\n<div class=\"et_pb_module et_pb_button_module_wrapper et_pb_button_0_wrapper\"><a class=\"et_pb_button_0 et_pb_button et_pb_bg_layout_light et_animated et_pb_module et_block_module\" href=\"https:\/\/www.organicwastetreatments.com\/contacto\/\">Contacto<\/a><\/div>\n<\/div>\n<\/div>\n<\/div>","protected":false},"excerpt":{"rendered":"","protected":false},"author":3,"featured_media":0,"parent":0,"menu_order":0,"comment_status":"closed","ping_status":"closed","template":"","meta":{"footnotes":""},"class_list":["post-500","page","type-page","status-publish","hentry"],"yoast_head":"<!-- This site is optimized with the Yoast SEO plugin v27.0 - https:\/\/yoast.com\/product\/yoast-seo-wordpress\/ -->\n<title>Sectores y Soluciones - Organic Waste Treatments<\/title>\n<meta name=\"description\" content=\"Nuestros servicios se adaptan a distintos sectores vinculados a la gesti\u00f3n de residuos org\u00e1nicos, ofreciendo soluciones eficientes y sostenibles.\" \/>\n<meta name=\"robots\" content=\"index, follow, max-snippet:-1, max-image-preview:large, max-video-preview:-1\" \/>\n<link rel=\"canonical\" href=\"https:\/\/www.organicwastetreatments.com\/es\/sectores-y-soluciones\/\" \/>\n<meta property=\"og:locale\" content=\"es_ES\" \/>\n<meta property=\"og:type\" content=\"article\" \/>\n<meta property=\"og:title\" content=\"Sectores y Soluciones - Organic Waste Treatments\" \/>\n<meta property=\"og:description\" content=\"Nuestros servicios se adaptan a distintos sectores vinculados a la gesti\u00f3n de residuos org\u00e1nicos, ofreciendo soluciones eficientes y sostenibles.\" \/>\n<meta property=\"og:url\" content=\"https:\/\/www.organicwastetreatments.com\/es\/sectores-y-soluciones\/\" \/>\n<meta property=\"og:site_name\" content=\"Organic Waste Treatments\" \/>\n<meta property=\"article:modified_time\" content=\"2026-03-31T14:59:59+00:00\" \/>\n<meta name=\"twitter:card\" content=\"summary_large_image\" \/>\n<script type=\"application\/ld+json\" class=\"yoast-schema-graph\">{\"@context\":\"https:\/\/schema.org\",\"@graph\":[{\"@type\":\"WebPage\",\"@id\":\"https:\/\/www.organicwastetreatments.com\/es\/sectores-y-soluciones\/\",\"url\":\"https:\/\/www.organicwastetreatments.com\/es\/sectores-y-soluciones\/\",\"name\":\"Sectores y Soluciones - Organic Waste Treatments\",\"isPartOf\":{\"@id\":\"https:\/\/www.organicwastetreatments.com\/es\/#website\"},\"datePublished\":\"2026-03-27T10:31:55+00:00\",\"dateModified\":\"2026-03-31T14:59:59+00:00\",\"description\":\"Nuestros servicios se adaptan a distintos sectores vinculados a la gesti\u00f3n de residuos org\u00e1nicos, ofreciendo soluciones eficientes y sostenibles.\",\"breadcrumb\":{\"@id\":\"https:\/\/www.organicwastetreatments.com\/es\/sectores-y-soluciones\/#breadcrumb\"},\"inLanguage\":\"es\",\"potentialAction\":[{\"@type\":\"ReadAction\",\"target\":[\"https:\/\/www.organicwastetreatments.com\/es\/sectores-y-soluciones\/\"]}]},{\"@type\":\"BreadcrumbList\",\"@id\":\"https:\/\/www.organicwastetreatments.com\/es\/sectores-y-soluciones\/#breadcrumb\",\"itemListElement\":[{\"@type\":\"ListItem\",\"position\":1,\"name\":\"Inici\",\"item\":\"https:\/\/www.organicwastetreatments.com\/es\/\"},{\"@type\":\"ListItem\",\"position\":2,\"name\":\"Sectores y Soluciones\"}]},{\"@type\":\"WebSite\",\"@id\":\"https:\/\/www.organicwastetreatments.com\/es\/#website\",\"url\":\"https:\/\/www.organicwastetreatments.com\/es\/\",\"name\":\"Organic Waste Treatments\",\"description\":\"\",\"potentialAction\":[{\"@type\":\"SearchAction\",\"target\":{\"@type\":\"EntryPoint\",\"urlTemplate\":\"https:\/\/www.organicwastetreatments.com\/es\/?s={search_term_string}\"},\"query-input\":{\"@type\":\"PropertyValueSpecification\",\"valueRequired\":true,\"valueName\":\"search_term_string\"}}],\"inLanguage\":\"es\"}]}<\/script>\n<!-- \/ Yoast SEO plugin. -->","yoast_head_json":{"title":"Sectores y Soluciones - Organic Waste Treatments","description":"Nuestros servicios se adaptan a distintos sectores vinculados a la gesti\u00f3n de residuos org\u00e1nicos, ofreciendo soluciones eficientes y sostenibles.","robots":{"index":"index","follow":"follow","max-snippet":"max-snippet:-1","max-image-preview":"max-image-preview:large","max-video-preview":"max-video-preview:-1"},"canonical":"https:\/\/www.organicwastetreatments.com\/es\/sectores-y-soluciones\/","og_locale":"es_ES","og_type":"article","og_title":"Sectores y Soluciones - Organic Waste Treatments","og_description":"Nuestros servicios se adaptan a distintos sectores vinculados a la gesti\u00f3n de residuos org\u00e1nicos, ofreciendo soluciones eficientes y sostenibles.","og_url":"https:\/\/www.organicwastetreatments.com\/es\/sectores-y-soluciones\/","og_site_name":"Organic Waste Treatments","article_modified_time":"2026-03-31T14:59:59+00:00","twitter_card":"summary_large_image","schema":{"@context":"https:\/\/schema.org","@graph":[{"@type":"WebPage","@id":"https:\/\/www.organicwastetreatments.com\/es\/sectores-y-soluciones\/","url":"https:\/\/www.organicwastetreatments.com\/es\/sectores-y-soluciones\/","name":"Sectores y Soluciones - Organic Waste Treatments","isPartOf":{"@id":"https:\/\/www.organicwastetreatments.com\/es\/#website"},"datePublished":"2026-03-27T10:31:55+00:00","dateModified":"2026-03-31T14:59:59+00:00","description":"Nuestros servicios se adaptan a distintos sectores vinculados a la gesti\u00f3n de residuos org\u00e1nicos, ofreciendo soluciones eficientes y sostenibles.","breadcrumb":{"@id":"https:\/\/www.organicwastetreatments.com\/es\/sectores-y-soluciones\/#breadcrumb"},"inLanguage":"es","potentialAction":[{"@type":"ReadAction","target":["https:\/\/www.organicwastetreatments.com\/es\/sectores-y-soluciones\/"]}]},{"@type":"BreadcrumbList","@id":"https:\/\/www.organicwastetreatments.com\/es\/sectores-y-soluciones\/#breadcrumb","itemListElement":[{"@type":"ListItem","position":1,"name":"Inici","item":"https:\/\/www.organicwastetreatments.com\/es\/"},{"@type":"ListItem","position":2,"name":"Sectores y Soluciones"}]},{"@type":"WebSite","@id":"https:\/\/www.organicwastetreatments.com\/es\/#website","url":"https:\/\/www.organicwastetreatments.com\/es\/","name":"Organic Waste Treatments","description":"","potentialAction":[{"@type":"SearchAction","target":{"@type":"EntryPoint","urlTemplate":"https:\/\/www.organicwastetreatments.com\/es\/?s={search_term_string}"},"query-input":{"@type":"PropertyValueSpecification","valueRequired":true,"valueName":"search_term_string"}}],"inLanguage":"es"}]}},"_links":{"self":[{"href":"https:\/\/www.organicwastetreatments.com\/es\/wp-json\/wp\/v2\/pages\/500","targetHints":{"allow":["GET"]}}],"collection":[{"href":"https:\/\/www.organicwastetreatments.com\/es\/wp-json\/wp\/v2\/pages"}],"about":[{"href":"https:\/\/www.organicwastetreatments.com\/es\/wp-json\/wp\/v2\/types\/page"}],"author":[{"embeddable":true,"href":"https:\/\/www.organicwastetreatments.com\/es\/wp-json\/wp\/v2\/users\/3"}],"replies":[{"embeddable":true,"href":"https:\/\/www.organicwastetreatments.com\/es\/wp-json\/wp\/v2\/comments?post=500"}],"version-history":[{"count":73,"href":"https:\/\/www.organicwastetreatments.com\/es\/wp-json\/wp\/v2\/pages\/500\/revisions"}],"predecessor-version":[{"id":762,"href":"https:\/\/www.organicwastetreatments.com\/es\/wp-json\/wp\/v2\/pages\/500\/revisions\/762"}],"wp:attachment":[{"href":"https:\/\/www.organicwastetreatments.com\/es\/wp-json\/wp\/v2\/media?parent=500"}],"curies":[{"name":"wp","href":"https:\/\/api.w.org\/{rel}","templated":true}]}}