{"id":572,"date":"2026-03-28T13:40:02","date_gmt":"2026-03-28T11:40:02","guid":{"rendered":"https:\/\/www.organicwastetreatments.com\/?page_id=572"},"modified":"2026-03-31T17:10:27","modified_gmt":"2026-03-31T15:10:27","slug":"compost-microbiologico","status":"publish","type":"page","link":"https:\/\/www.organicwastetreatments.com\/es\/compost-microbiologico\/","title":{"rendered":"Compost microbiol\u00f3gico"},"content":{"rendered":"<div class=\"et_pb_section_0 et_pb_section et_section_regular et_block_section\">\n<div class=\"et_pb_row_0 et_pb_row et_block_row\">\n<div class=\"et_pb_column_0 et_pb_column et_pb_column_4_4 et-last-child et_block_column et_pb_css_mix_blend_mode_passthrough\">\n<div class=\"et_pb_text_0 et_pb_text et_pb_bg_layout_light et_animated et_pb_module et_block_module\"><div class=\"et_pb_text_inner\"><h1>Compost Microbiol\u00f3gico<\/h1>\n<\/div><\/div>\n\n<div class=\"et_pb_text_1 et_pb_text et_pb_bg_layout_light et_animated et_pb_module et_block_module\"><div class=\"et_pb_text_inner\"><p><strong>El compost microbiol\u00f3gico potencia la actividad biol\u00f3gica<\/strong> <strong>de la materia org\u00e1nica mediante microorganismos beneficiosos.<\/strong><\/p>\n<\/div><\/div>\n<\/div>\n<\/div>\n<\/div>\n\n<div class=\"et_pb_section_1 et_pb_section et_section_regular et_block_section\">\n<div class=\"et_pb_row_1 et_pb_row et-vb-row--no-module et_block_row\">\n<div class=\"et_pb_column_1 et_pb_column et_pb_column_4_4 et-last-child et_block_column et_pb_column_empty et_pb_css_mix_blend_mode_passthrough\"><\/div>\n<\/div>\n<\/div>\n\n<div class=\"et_pb_section_2 et_pb_section et_section_regular et_block_section\">\n<div class=\"et_pb_row_2 et_pb_row et_block_row\">\n<div class=\"et_pb_column_2 et_pb_column et_pb_column_4_4 et-last-child et_block_column et_pb_css_mix_blend_mode_passthrough\">\n<div class=\"et_pb_divider_0 et_pb_divider et_pb_space et_pb_divider_position_top et_animated et_pb_module\"><div class=\"et_pb_divider_internal\"><\/div><\/div>\n\n<div class=\"et_pb_text_2 et_pb_text et_pb_bg_layout_light et_animated et_pb_module et_block_module et_pb_text_align_center\"><div class=\"et_pb_text_inner\"><p class=\"p1\"><strong>Mejora la descomposici\u00f3n, acelera el proceso de compostaje y reduce olores indeseados.<\/strong> <strong>Contribuye a obtener un compost m\u00e1s estable, higienizado y de mayor calidad. Es una soluci\u00f3n natural y eficiente para optimizar el tratamiento de residuos org\u00e1nicos.<\/strong><\/p>\n<\/div><\/div>\n\n<div class=\"et_pb_divider_1 et_pb_divider et_pb_space et_pb_divider_position_top et_animated et_pb_module\"><div class=\"et_pb_divider_internal\"><\/div><\/div>\n<\/div>\n<\/div>\n<\/div>\n\n<div class=\"et_pb_section_3 et_pb_section et_section_regular et_block_section\">\n<div class=\"et_pb_row_3 et_pb_row et-vb-row--no-module et_block_row\">\n<div class=\"et_pb_column_3 et_pb_column et_pb_column_4_4 et-last-child et_block_column et_pb_column_empty et_pb_css_mix_blend_mode_passthrough\"><\/div>\n<\/div>\n<\/div>\n\n<div class=\"et_pb_section_4 et_pb_section et_section_regular et_block_section\">\n<div class=\"et_pb_row_4 et_pb_row et_flex_row\">\n<div class=\"et_pb_column_4 et_pb_column et_flex_column et_pb_css_mix_blend_mode_passthrough et_flex_column_12_24 et_flex_column_12_24_tablet et_flex_column_24_24_phone\">\n<div class=\"et_pb_text_3 et_pb_text et_pb_bg_layout_light et_animated et_pb_module et_block_module et_pb_text_align_center\"><div class=\"et_pb_text_inner\" data-et-mv-hidden-tablet=\"true\"><h2 class=\"p1\"><b>Beneficios del compost microbiol\u00f3gico<\/b><b><\/b><\/h2>\n<p class=\"p1\"><strong>El compost microbiol\u00f3gico, rico en microorganismos ben\u00e9ficos, mejora la estructura y fertilidad del suelo<\/strong> y <strong>suprime pat\u00f3genos, optimizando la nutrici\u00f3n de las plantas.<\/strong><\/p>\n<p class=\"p1\">Act\u00faa como enmienda org\u00e1nica y bioestimulante, reteniendo m\u00e1s agua, nutriendo de forma gradual y reduciendo la dependencia de fertilizantes qu\u00edmicos.<\/p>\n<\/div><\/div>\n<\/div>\n\n<div class=\"et_pb_column_5 et_pb_column et-last-child et_flex_column et_pb_css_mix_blend_mode_passthrough et_flex_column_12_24 et_flex_column_12_24_tablet et_flex_column_24_24_phone\">\n<div class=\"et_pb_image_0 et_pb_image et_pb_image_sticky et_animated et_pb_module et_flex_module\"><span class=\"et_pb_image_wrap\"><img loading=\"lazy\" decoding=\"async\" src=\"https:\/\/www.organicwastetreatments.com\/wp-content\/uploads\/2026\/03\/01-Compost-microbiologico.jpeg\" alt=\"foto monta\u00f1a de compost\" title=\"Compost microbiolo\u0301gico\" width=\"1600\" height=\"1200\" srcset=\"https:\/\/www.organicwastetreatments.com\/wp-content\/uploads\/2026\/03\/01-Compost-microbiologico.jpeg 1600w, https:\/\/www.organicwastetreatments.com\/wp-content\/uploads\/2026\/03\/01-Compost-microbiologico-1280x960.jpeg 1280w, https:\/\/www.organicwastetreatments.com\/wp-content\/uploads\/2026\/03\/01-Compost-microbiologico-980x735.jpeg 980w, https:\/\/www.organicwastetreatments.com\/wp-content\/uploads\/2026\/03\/01-Compost-microbiologico-480x360.jpeg 480w\" sizes=\"(min-width: 0px) and (max-width: 480px) 480px, (min-width: 481px) and (max-width: 980px) 980px, (min-width: 981px) and (max-width: 1280px) 1280px, (min-width: 1281px) 1600px, 100vw\" class=\"wp-image-577\" \/><\/span><\/div>\n<\/div>\n<\/div>\n<\/div>\n\n<div class=\"et_pb_section_5 et_pb_section et_section_regular et_block_section\">\n<div class=\"et_pb_row_5 et_pb_row et-vb-row--no-module et_block_row\">\n<div class=\"et_pb_column_6 et_pb_column et_pb_column_4_4 et-last-child et_block_column et_pb_column_empty et_pb_css_mix_blend_mode_passthrough\"><\/div>\n<\/div>\n<\/div>\n\n<div class=\"et_pb_section_6 et_pb_section et_section_regular et_block_section\">\n<div class=\"et_pb_row_6 et_pb_row et_block_row\">\n<div class=\"et_pb_column_7 et_pb_column et_pb_column_4_4 et-last-child et_block_column et_pb_css_mix_blend_mode_passthrough\">\n<div class=\"et_pb_divider_2 et_pb_divider et_pb_space et_pb_divider_position_top et_animated et_pb_module\"><div class=\"et_pb_divider_internal\"><\/div><\/div>\n\n<div class=\"et_pb_text_4 et_pb_text et_pb_bg_layout_light et_animated et_pb_module et_block_module et_pb_text_align_center\"><div class=\"et_pb_text_inner\"><h2 class=\"p1\"><b>Ventajas clave del compost microbiol\u00f3gico<\/b><\/h2>\n<\/div><\/div>\n\n<div class=\"et_pb_divider_3 et_pb_divider et_pb_space et_pb_divider_position_top et_animated et_pb_module\"><div class=\"et_pb_divider_internal\"><\/div><\/div>\n<\/div>\n<\/div>\n<\/div>\n\n<div class=\"et_pb_section_7 et_pb_section et_section_regular et_block_section\">\n<div class=\"et_pb_row_7 et_pb_row et-vb-row--no-module et_block_row\">\n<div class=\"et_pb_column_8 et_pb_column et_pb_column_4_4 et-last-child et_block_column et_pb_column_empty et_pb_css_mix_blend_mode_passthrough\"><\/div>\n<\/div>\n<\/div>\n\n<div class=\"et_pb_section_8 et_pb_section et_section_regular et_block_section\">\n<div class=\"et_pb_row_8 et_pb_row et_flex_row\">\n<div class=\"et_pb_column_9 et_pb_column et_flex_column et_pb_css_mix_blend_mode_passthrough et_flex_column_12_24 et_flex_column_12_24_tablet et_flex_column_24_24_phone\">\n<div class=\"et_pb_text_5 et_pb_text et_pb_bg_layout_light et_animated et_pb_module et_block_module et_pb_text_align_center\"><div class=\"et_pb_text_inner\" data-et-mv-hidden-tablet=\"true\"><h2 class=\"p1\"><b>Salud del suelo y nutrientes<\/b><b><\/b><\/h2>\n<p class=\"p1\">- <strong>Mejora la estructura, aireaci\u00f3n y capacidad de retenci\u00f3n de agua<\/strong>, actuando como esponja y favoreciendo el desarrollo radicular. Aumenta la materia org\u00e1nica y activa la microbiolog\u00eda del suelo.<\/p>\n<p class=\"p2\">- <strong>El abono org\u00e1nico microbiol\u00f3gico favorece la proliferaci\u00f3n de bacterias<\/strong> y hongos beneficiosos para el suelo y ayudan al aprovechamiento de los nutrientes.<\/p>\n<p class=\"p2\">- <strong>Corrige los efectos del uso excesivo de los abonos de s\u00edntesis qu\u00edmica<\/strong>, evita la degradaci\u00f3n del suelo, la desertizaci\u00f3n.<\/p>\n<p class=\"p2\">- <strong>Reequilibra los suelos<\/strong>, los mantiene libres de pat\u00f3genos, mejora la aireaci\u00f3n, evita la compactaci\u00f3n y mejora el desarrollo radicular de los \u00e1rboles.<\/p>\n<\/div><\/div>\n<\/div>\n\n<div class=\"et_pb_column_10 et_pb_column et-last-child et_flex_column et_pb_css_mix_blend_mode_passthrough et_flex_column_12_24 et_flex_column_12_24_tablet et_flex_column_24_24_phone\">\n<div class=\"et_pb_image_1 et_pb_image et_animated et_pb_module et_flex_module\"><span class=\"et_pb_image_wrap\"><img loading=\"lazy\" decoding=\"async\" src=\"https:\/\/www.organicwastetreatments.com\/wp-content\/uploads\/2026\/03\/09-Compost-microbiologico.jpeg\" alt=\"foro grua compost\" title=\"Compost microbiolo\u0301gico\" width=\"369\" height=\"338\" srcset=\"https:\/\/www.organicwastetreatments.com\/wp-content\/uploads\/2026\/03\/09-Compost-microbiologico.jpeg 369w, https:\/\/www.organicwastetreatments.com\/wp-content\/uploads\/2026\/03\/09-Compost-microbiologico-300x275.jpeg 300w\" sizes=\"(max-width: 369px) 100vw, 369px\" class=\"wp-image-611 wp-image-604\" \/><\/span><\/div>\n<\/div>\n<\/div>\n<\/div>\n\n<div class=\"et_pb_section_9 et_pb_section et_section_regular et_block_section\">\n<div class=\"et_pb_row_9 et_pb_row et-vb-row--no-module et_block_row\">\n<div class=\"et_pb_column_11 et_pb_column et_pb_column_4_4 et-last-child et_block_column et_pb_column_empty et_pb_css_mix_blend_mode_passthrough\"><\/div>\n<\/div>\n<\/div>\n\n<div class=\"et_pb_section_10 et_pb_section et_section_regular et_block_section\">\n<div class=\"et_pb_row_10 et_pb_row et_flex_row\">\n<div class=\"et_pb_column_12 et_pb_column et_flex_column et_pb_css_mix_blend_mode_passthrough et_flex_column_12_24 et_flex_column_12_24_tablet et_flex_column_24_24_phone\">\n<div class=\"et_pb_text_6 et_pb_text et_pb_bg_layout_light et_animated et_pb_module et_block_module et_pb_text_align_center\"><div class=\"et_pb_text_inner\"><h2 class=\"p1\"><b>Nutrici\u00f3n vegetal<\/b><\/h2>\n<p class=\"p1\">- <strong>Libera nutrientes de forma lenta<\/strong>, incluyendo micronutrientes, y facilita la absorci\u00f3n de minerales insolubles <span class=\"s1\">bloqueados en el suelo para hacerlos asimilables para las plantas <\/span>mejorando el rendimiento de los cultivos.<\/p>\n<p class=\"p2\">- <strong>Favorece la presencia de microrganismos<\/strong> \u00fatiles para la alimentaci\u00f3n de la planta.<\/p>\n<p class=\"p2\">- <strong>Los abonos org\u00e1nicos microbiol\u00f3gicos mejoran la estructura del suelo<\/strong>, permiten la fijaci\u00f3n del carbono y favorecen la capacidad del cultivo para retener nutrientes y agua.<\/p>\n<p class=\"p2\">- <strong>Aumentan la producci\u00f3n de los cultivos<\/strong> y mejoran el estr\u00e9s h\u00eddrico.<\/p>\n<\/div><\/div>\n<\/div>\n\n<div class=\"et_pb_column_13 et_pb_column et-last-child et_flex_column et_pb_css_mix_blend_mode_passthrough et_flex_column_12_24 et_flex_column_12_24_tablet et_flex_column_24_24_phone\">\n<div class=\"et_pb_image_2 et_pb_image et_pb_image_sticky et_animated et_pb_module et_flex_module\"><span class=\"et_pb_image_wrap\"><img loading=\"lazy\" decoding=\"async\" src=\"https:\/\/www.organicwastetreatments.com\/wp-content\/uploads\/2026\/03\/06-Compost-microbiologico.jpeg\" alt=\"foto plantas con compost\" title=\"Compost microbiolo\u0301gico\" width=\"480\" height=\"453\" srcset=\"https:\/\/www.organicwastetreatments.com\/wp-content\/uploads\/2026\/03\/06-Compost-microbiologico.jpeg 480w, https:\/\/www.organicwastetreatments.com\/wp-content\/uploads\/2026\/03\/06-Compost-microbiologico-300x283.jpeg 300w\" sizes=\"(max-width: 480px) 100vw, 480px\" class=\"wp-image-599\" \/><\/span><\/div>\n<\/div>\n<\/div>\n<\/div>\n\n<div class=\"et_pb_section_11 et_pb_section et_section_regular et_block_section\">\n<div class=\"et_pb_row_11 et_pb_row et-vb-row--no-module et_block_row\">\n<div class=\"et_pb_column_14 et_pb_column et_pb_column_4_4 et-last-child et_block_column et_pb_column_empty et_pb_css_mix_blend_mode_passthrough\"><\/div>\n<\/div>\n<\/div>\n\n<div class=\"et_pb_section_12 et_pb_section et_section_regular et_block_section\">\n<div class=\"et_pb_row_12 et_pb_row et_flex_row\">\n<div class=\"et_pb_column_15 et_pb_column et_flex_column et_pb_css_mix_blend_mode_passthrough et_flex_column_12_24 et_flex_column_12_24_tablet et_flex_column_24_24_phone\">\n<div class=\"et_pb_text_7 et_pb_text et_pb_bg_layout_light et_animated et_pb_module et_block_module et_pb_text_align_center\"><div class=\"et_pb_text_inner\"><h2 class=\"p1\"><b>Supresi\u00f3n de enfermedades<\/b><b><\/b><\/h2>\n<p class=\"p1\"><strong>Su alta carga biol\u00f3gica act\u00faa como barrera natural<\/strong> contra pat\u00f3genos del suelo, reduciendo la necesidad de pesticidas qu\u00edmicos.<\/p>\n<p class=\"p2\">- Aporta diversidad biol\u00f3gica.<\/p>\n<p class=\"p2\">- Reequilibra la flora local por lo que, adem\u00e1s y por dominancia del medio, evita el uso de fungicidas.<\/p>\n<h2 class=\"p1\" b=\"\"><strong><\/strong><\/h2>\n<h2 class=\"p1\" b=\"\"><strong>Sostenibilidad:<\/strong><\/h2>\n<p class=\"p1\"><strong>Fomenta un ciclo de nutrientes cerrado<\/strong>, ideal para la agricultura ecol\u00f3gica al aportar humus rico en enzimas y hormonas.<\/p>\n<p class=\"p2\">- Los abonos org\u00e1nicos microbiol\u00f3gicos no contaminan las aguas subterr\u00e1neas.<\/p>\n<p class=\"p2\">- Permiten recuperar suelos que con el tiempo se han vuelto inf\u00e9rtiles o suelos contaminados por qu\u00edmicos y hongos pat\u00f3genos.<\/p>\n<p class=\"p1\"><strong>Este tipo de compost convierte suelos inertes o degradados en ecosistemas vivos, esponjosos y productivos, aumentando la resiliencia ante la sequ\u00eda y reduciendo la erosi\u00f3n.<\/strong><\/p>\n<\/div><\/div>\n<\/div>\n\n<div class=\"et_pb_column_16 et_pb_column et-last-child et_flex_column et_pb_css_mix_blend_mode_passthrough et_flex_column_12_24 et_flex_column_12_24_tablet et_flex_column_24_24_phone\">\n<div class=\"et_pb_image_3 et_pb_image et_animated et_pb_module et_flex_module\"><span class=\"et_pb_image_wrap\"><img loading=\"lazy\" decoding=\"async\" src=\"https:\/\/www.organicwastetreatments.com\/wp-content\/uploads\/2026\/03\/08-Compost-microbiologico.jpeg\" alt=\"foto brotes de hojas\" title=\"Compost microbiolo\u0301gico\" width=\"671\" height=\"790\" srcset=\"https:\/\/www.organicwastetreatments.com\/wp-content\/uploads\/2026\/03\/08-Compost-microbiologico.jpeg 671w, https:\/\/www.organicwastetreatments.com\/wp-content\/uploads\/2026\/03\/08-Compost-microbiologico-480x565.jpeg 480w\" sizes=\"(min-width: 0px) and (max-width: 480px) 480px, (min-width: 481px) 671px, 100vw\" class=\"wp-image-608 wp-image-580 wp-image-612\" \/><\/span><\/div>\n<\/div>\n<\/div>\n<\/div>\n\n<div class=\"et_pb_section_13 et_pb_section et_section_regular et_block_section\">\n<div class=\"et_pb_row_13 et_pb_row et_block_row\">\n<div class=\"et_pb_column_17 et_pb_column et_pb_column_4_4 et-last-child et_block_column et_pb_css_mix_blend_mode_passthrough\">\n<div class=\"et_pb_text_8 et_pb_text et_pb_bg_layout_dark et_animated et_pb_module et_block_module et_pb_text_align_center\"><div class=\"et_pb_text_inner\"><p><strong>\u00a1Encuentra tu soluci\u00f3n microbiol\u00f3gica!<\/strong><\/p>\n<\/div><\/div>\n\n<div class=\"et_pb_module et_pb_button_module_wrapper et_pb_button_0_wrapper\"><a class=\"et_pb_button_0 et_pb_button et_pb_bg_layout_light et_animated et_pb_module et_block_module\" href=\"https:\/\/www.organicwastetreatments.com\/contacto\/\">Contacto<\/a><\/div>\n<\/div>\n<\/div>\n<\/div>","protected":false},"excerpt":{"rendered":"","protected":false},"author":3,"featured_media":0,"parent":0,"menu_order":0,"comment_status":"closed","ping_status":"closed","template":"","meta":{"footnotes":""},"class_list":["post-572","page","type-page","status-publish","hentry"],"yoast_head":"<!-- This site is optimized with the Yoast SEO plugin v27.0 - https:\/\/yoast.com\/product\/yoast-seo-wordpress\/ -->\n<title>Compost microbiol\u00f3gico - Organic Waste Treatments<\/title>\n<meta name=\"description\" content=\"El compost microbiol\u00f3gico potencia la actividad biol\u00f3gica de la materia org\u00e1nica mediante microorganismos beneficiosos.\" \/>\n<meta name=\"robots\" content=\"index, follow, max-snippet:-1, max-image-preview:large, max-video-preview:-1\" \/>\n<link rel=\"canonical\" href=\"https:\/\/www.organicwastetreatments.com\/es\/compost-microbiologico\/\" \/>\n<meta property=\"og:locale\" content=\"es_ES\" \/>\n<meta property=\"og:type\" content=\"article\" \/>\n<meta property=\"og:title\" content=\"Compost microbiol\u00f3gico - Organic Waste Treatments\" \/>\n<meta property=\"og:description\" content=\"El compost microbiol\u00f3gico potencia la actividad biol\u00f3gica de la materia org\u00e1nica mediante microorganismos beneficiosos.\" \/>\n<meta property=\"og:url\" content=\"https:\/\/www.organicwastetreatments.com\/es\/compost-microbiologico\/\" \/>\n<meta property=\"og:site_name\" content=\"Organic Waste Treatments\" \/>\n<meta property=\"article:modified_time\" content=\"2026-03-31T15:10:27+00:00\" \/>\n<meta name=\"twitter:card\" content=\"summary_large_image\" \/>\n<script type=\"application\/ld+json\" class=\"yoast-schema-graph\">{\"@context\":\"https:\/\/schema.org\",\"@graph\":[{\"@type\":\"WebPage\",\"@id\":\"https:\/\/www.organicwastetreatments.com\/es\/compost-microbiologico\/\",\"url\":\"https:\/\/www.organicwastetreatments.com\/es\/compost-microbiologico\/\",\"name\":\"Compost microbiol\u00f3gico - Organic Waste Treatments\",\"isPartOf\":{\"@id\":\"https:\/\/www.organicwastetreatments.com\/es\/#website\"},\"datePublished\":\"2026-03-28T11:40:02+00:00\",\"dateModified\":\"2026-03-31T15:10:27+00:00\",\"description\":\"El compost microbiol\u00f3gico potencia la actividad biol\u00f3gica de la materia org\u00e1nica mediante microorganismos beneficiosos.\",\"breadcrumb\":{\"@id\":\"https:\/\/www.organicwastetreatments.com\/es\/compost-microbiologico\/#breadcrumb\"},\"inLanguage\":\"es\",\"potentialAction\":[{\"@type\":\"ReadAction\",\"target\":[\"https:\/\/www.organicwastetreatments.com\/es\/compost-microbiologico\/\"]}]},{\"@type\":\"BreadcrumbList\",\"@id\":\"https:\/\/www.organicwastetreatments.com\/es\/compost-microbiologico\/#breadcrumb\",\"itemListElement\":[{\"@type\":\"ListItem\",\"position\":1,\"name\":\"Inici\",\"item\":\"https:\/\/www.organicwastetreatments.com\/es\/\"},{\"@type\":\"ListItem\",\"position\":2,\"name\":\"Compost microbiol\u00f3gico\"}]},{\"@type\":\"WebSite\",\"@id\":\"https:\/\/www.organicwastetreatments.com\/es\/#website\",\"url\":\"https:\/\/www.organicwastetreatments.com\/es\/\",\"name\":\"Organic Waste Treatments\",\"description\":\"\",\"potentialAction\":[{\"@type\":\"SearchAction\",\"target\":{\"@type\":\"EntryPoint\",\"urlTemplate\":\"https:\/\/www.organicwastetreatments.com\/es\/?s={search_term_string}\"},\"query-input\":{\"@type\":\"PropertyValueSpecification\",\"valueRequired\":true,\"valueName\":\"search_term_string\"}}],\"inLanguage\":\"es\"}]}<\/script>\n<!-- \/ Yoast SEO plugin. -->","yoast_head_json":{"title":"Compost microbiol\u00f3gico - Organic Waste Treatments","description":"El compost microbiol\u00f3gico potencia la actividad biol\u00f3gica de la materia org\u00e1nica mediante microorganismos beneficiosos.","robots":{"index":"index","follow":"follow","max-snippet":"max-snippet:-1","max-image-preview":"max-image-preview:large","max-video-preview":"max-video-preview:-1"},"canonical":"https:\/\/www.organicwastetreatments.com\/es\/compost-microbiologico\/","og_locale":"es_ES","og_type":"article","og_title":"Compost microbiol\u00f3gico - Organic Waste Treatments","og_description":"El compost microbiol\u00f3gico potencia la actividad biol\u00f3gica de la materia org\u00e1nica mediante microorganismos beneficiosos.","og_url":"https:\/\/www.organicwastetreatments.com\/es\/compost-microbiologico\/","og_site_name":"Organic Waste Treatments","article_modified_time":"2026-03-31T15:10:27+00:00","twitter_card":"summary_large_image","schema":{"@context":"https:\/\/schema.org","@graph":[{"@type":"WebPage","@id":"https:\/\/www.organicwastetreatments.com\/es\/compost-microbiologico\/","url":"https:\/\/www.organicwastetreatments.com\/es\/compost-microbiologico\/","name":"Compost microbiol\u00f3gico - Organic Waste Treatments","isPartOf":{"@id":"https:\/\/www.organicwastetreatments.com\/es\/#website"},"datePublished":"2026-03-28T11:40:02+00:00","dateModified":"2026-03-31T15:10:27+00:00","description":"El compost microbiol\u00f3gico potencia la actividad biol\u00f3gica de la materia org\u00e1nica mediante microorganismos beneficiosos.","breadcrumb":{"@id":"https:\/\/www.organicwastetreatments.com\/es\/compost-microbiologico\/#breadcrumb"},"inLanguage":"es","potentialAction":[{"@type":"ReadAction","target":["https:\/\/www.organicwastetreatments.com\/es\/compost-microbiologico\/"]}]},{"@type":"BreadcrumbList","@id":"https:\/\/www.organicwastetreatments.com\/es\/compost-microbiologico\/#breadcrumb","itemListElement":[{"@type":"ListItem","position":1,"name":"Inici","item":"https:\/\/www.organicwastetreatments.com\/es\/"},{"@type":"ListItem","position":2,"name":"Compost microbiol\u00f3gico"}]},{"@type":"WebSite","@id":"https:\/\/www.organicwastetreatments.com\/es\/#website","url":"https:\/\/www.organicwastetreatments.com\/es\/","name":"Organic Waste Treatments","description":"","potentialAction":[{"@type":"SearchAction","target":{"@type":"EntryPoint","urlTemplate":"https:\/\/www.organicwastetreatments.com\/es\/?s={search_term_string}"},"query-input":{"@type":"PropertyValueSpecification","valueRequired":true,"valueName":"search_term_string"}}],"inLanguage":"es"}]}},"_links":{"self":[{"href":"https:\/\/www.organicwastetreatments.com\/es\/wp-json\/wp\/v2\/pages\/572","targetHints":{"allow":["GET"]}}],"collection":[{"href":"https:\/\/www.organicwastetreatments.com\/es\/wp-json\/wp\/v2\/pages"}],"about":[{"href":"https:\/\/www.organicwastetreatments.com\/es\/wp-json\/wp\/v2\/types\/page"}],"author":[{"embeddable":true,"href":"https:\/\/www.organicwastetreatments.com\/es\/wp-json\/wp\/v2\/users\/3"}],"replies":[{"embeddable":true,"href":"https:\/\/www.organicwastetreatments.com\/es\/wp-json\/wp\/v2\/comments?post=572"}],"version-history":[{"count":58,"href":"https:\/\/www.organicwastetreatments.com\/es\/wp-json\/wp\/v2\/pages\/572\/revisions"}],"predecessor-version":[{"id":767,"href":"https:\/\/www.organicwastetreatments.com\/es\/wp-json\/wp\/v2\/pages\/572\/revisions\/767"}],"wp:attachment":[{"href":"https:\/\/www.organicwastetreatments.com\/es\/wp-json\/wp\/v2\/media?parent=572"}],"curies":[{"name":"wp","href":"https:\/\/api.w.org\/{rel}","templated":true}]}}