{"id":630,"date":"2026-03-28T16:12:59","date_gmt":"2026-03-28T14:12:59","guid":{"rendered":"https:\/\/www.organicwastetreatments.com\/?page_id=630"},"modified":"2026-03-31T20:48:32","modified_gmt":"2026-03-31T18:48:32","slug":"inicio","status":"publish","type":"page","link":"https:\/\/www.organicwastetreatments.com\/es\/","title":{"rendered":"Inicio"},"content":{"rendered":"<div class=\"et_pb_section_0 et_pb_section et_section_regular et_block_section\">\n<div class=\"et_pb_row_0 et_pb_row et_block_row\">\n<div class=\"et_pb_column_0 et_pb_column et_pb_column_4_4 et-last-child et_block_column et_pb_css_mix_blend_mode_passthrough\">\n<div class=\"et_pb_text_0 et_pb_text et_pb_bg_layout_light et_animated et_pb_module et_block_module\"><div class=\"et_pb_text_inner\"><h1>Organic Waste Treatments<\/h1>\n<\/div><\/div>\n\n<div class=\"et_pb_text_1 et_pb_text et_pb_bg_layout_light et_animated et_pb_module et_block_module\"><div class=\"et_pb_text_inner\"><p class=\"p1\">Tecnolog\u00eda microbiana con diferentes aplicaciones y beneficios sostenibles en el tratamiento de residuos org\u00e1nicos.<\/p>\n<\/div><\/div>\n\n<div class=\"et_pb_module et_pb_button_module_wrapper et_pb_button_0_wrapper\"><a class=\"et_pb_button_0 et_pb_button et_pb_bg_layout_light et_animated et_pb_module et_block_module\" href=\"https:\/\/www.organicwastetreatments.com\/contacto\/\">ContACTO<\/a><\/div>\n<\/div>\n<\/div>\n<\/div>\n\n<div class=\"et_pb_section_1 et_pb_section et_section_regular et_block_section\">\n<div class=\"et_pb_row_1 et_pb_row et-vb-row--no-module et_block_row\">\n<div class=\"et_pb_column_1 et_pb_column et_pb_column_4_4 et-last-child et_block_column et_pb_column_empty et_pb_css_mix_blend_mode_passthrough\"><\/div>\n<\/div>\n<\/div>\n\n<div class=\"et_pb_section_2 et_pb_section et_section_regular et_block_section\">\n<div class=\"et_pb_row_2 et_pb_row et_block_row\">\n<div class=\"et_pb_column_2 et_pb_column et_pb_column_4_4 et-last-child et_block_column et_pb_css_mix_blend_mode_passthrough\">\n<div class=\"et_pb_divider_0 et_pb_divider et_pb_space et_pb_divider_position_top et_animated et_pb_module\"><div class=\"et_pb_divider_internal\"><\/div><\/div>\n\n<div class=\"et_pb_text_2 et_pb_text et_pb_bg_layout_light et_animated et_pb_module et_block_module et_pb_text_align_center\"><div class=\"et_pb_text_inner\"><p>Organic waste Treatments es una empresa orientada a proponer soluciones sostenibles en diferentes \u00e1mbitos, especializada en el tratamiento de la materia org\u00e1nica y en la adecuaci\u00f3n de esta a sus tratamientos posteriores.<\/p>\n<\/div><\/div>\n\n<div class=\"et_pb_divider_1 et_pb_divider et_pb_space et_pb_divider_position_top et_animated et_pb_module\"><div class=\"et_pb_divider_internal\"><\/div><\/div>\n\n<div class=\"et_pb_module et_pb_button_module_wrapper et_pb_button_1_wrapper\"><a class=\"et_pb_button_1 et_pb_button et_pb_bg_layout_light et_animated et_pb_module et_block_module\" href=\"https:\/\/www.organicwastetreatments.com\/quienes-somos\/\">quienes somos<\/a><\/div>\n<\/div>\n<\/div>\n<\/div>\n\n<div class=\"et_pb_section_3 et_pb_section et_section_regular et_block_section\">\n<div class=\"et_pb_row_3 et_pb_row et_block_row\">\n<div class=\"et_pb_column_3 et_pb_column et_pb_column_4_4 et-last-child et_block_column et_pb_css_mix_blend_mode_passthrough\">\n<div class=\"et_pb_text_3 et_pb_text et_pb_bg_layout_dark et_animated et_pb_module et_block_module\"><div class=\"et_pb_text_inner\"><h2>Microbiolog\u00eda Elgan\u00ae<\/h2>\n<\/div><\/div>\n\n<div class=\"et_pb_text_4 et_pb_text et_pb_bg_layout_dark et_animated et_pb_module et_block_module\"><div class=\"et_pb_text_inner\"><p>Elgan\u00ae es una tecnolog\u00eda microbiana con diferentes aplicaciones y beneficios sostenibles en el tratamiento de residuos org\u00e1nicos de diferentes sectores de actividad.<\/p>\n<\/div><\/div>\n\n<div class=\"et_pb_module et_pb_button_module_wrapper et_pb_button_2_wrapper\"><a class=\"et_pb_button_2 et_pb_button et_pb_bg_layout_light et_animated et_pb_module et_block_module\" href=\"https:\/\/www.organicwastetreatments.com\/microbiologia-elgan\/\">Microbiolog\u00eda Elgan<\/a><\/div>\n<\/div>\n<\/div>\n<\/div>\n\n<div class=\"et_pb_section_4 et_pb_section et_section_regular et_block_section\">\n<div class=\"et_pb_row_4 et_pb_row et_block_row\">\n<div class=\"et_pb_column_4 et_pb_column et_pb_column_4_4 et-last-child et_block_column et_pb_css_mix_blend_mode_passthrough\">\n<div class=\"et_pb_text_5 et_pb_text et_pb_bg_layout_light et_animated et_pb_module et_block_module\"><div class=\"et_pb_text_inner\"><h2>Sectores y Soluciones<\/h2>\n<\/div><\/div>\n\n<div class=\"et_pb_divider_2 et_pb_divider et_pb_space et_pb_divider_position_top et_animated et_pb_module\"><div class=\"et_pb_divider_internal\"><\/div><\/div>\n<\/div>\n<\/div>\n\n<div class=\"et_pb_row_5 et_pb_row et_block_row\">\n<div class=\"et_pb_column_5 et_pb_column et_pb_column_1_3 et_block_column et_pb_css_mix_blend_mode_passthrough\">\n<div class=\"et_pb_blurb_0 et_pb_blurb et_pb_bg_layout_light et_pb_blurb_position_top et_animated et_pb_module et_block_module\"><div class=\"et_pb_blurb_content\"><div class=\"et_pb_main_blurb_image\"><span class=\"et_pb_image_wrap et_pb_only_image_mode_wrap\"><img loading=\"lazy\" decoding=\"async\" src=\"https:\/\/www.organicwastetreatments.com\/wp-content\/uploads\/2026\/03\/Plantas-de-01-compostaje-w200.png\" alt=\"una casa y un cami\u00f3n de reciclaje\" width=\"200\" height=\"100\" sizes=\"(max-width: 200px) 100vw, 200px\" class=\"et-waypoint et_pb_animation_top et_pb_animation_top_tablet et_pb_animation_top_phone wp-image-417\" title=\"Plantas de compostaje\" \/><\/span><\/div><div class=\"et_pb_blurb_container\"><h4 class=\"et_pb_module_header\">Plantas de compostaje<\/h4><div class=\"et_pb_blurb_description\"><p>Los Beneficios de la Microbiologia Elgan\u00ae para plantas de compost en general...<\/p>\n<\/div><\/div><\/div><\/div>\n<\/div>\n\n<div class=\"et_pb_column_6 et_pb_column et_pb_column_1_3 et_block_column et_pb_css_mix_blend_mode_passthrough\">\n<div class=\"et_pb_blurb_1 et_pb_blurb et_pb_bg_layout_light et_pb_blurb_position_top et_animated et_pb_module et_block_module\"><div class=\"et_pb_blurb_content\"><div class=\"et_pb_main_blurb_image\"><span class=\"et_pb_image_wrap et_pb_only_image_mode_wrap\"><img loading=\"lazy\" decoding=\"async\" src=\"https:\/\/www.organicwastetreatments.com\/wp-content\/uploads\/2026\/03\/02-Plantas-de-tratamiento-de-residuos-w200.png\" alt=\"una planta de residuos y un cami\u00f3n\" width=\"200\" height=\"100\" sizes=\"(max-width: 200px) 100vw, 200px\" class=\"et-waypoint et_pb_animation_top et_pb_animation_top_tablet et_pb_animation_top_phone wp-image-419\" title=\"Plantas de tratamiento de residuos\" \/><\/span><\/div><div class=\"et_pb_blurb_container\"><h4 class=\"et_pb_module_header\">Plantas de tratamiento de residuos y transferencia<\/h4><div class=\"et_pb_blurb_description\"><p>Microbiolog\u00eda Elgan\u00ae para la reducci\u00f3n de malos olores y moscas.<\/p>\n<\/div><\/div><\/div><\/div>\n<\/div>\n\n<div class=\"et_pb_column_7 et_pb_column et_pb_column_1_3 et-last-child et_block_column et_pb_css_mix_blend_mode_passthrough\">\n<div class=\"et_pb_blurb_2 et_pb_blurb et_pb_bg_layout_light et_pb_blurb_position_top et_animated et_pb_module et_block_module\"><div class=\"et_pb_blurb_content\"><div class=\"et_pb_main_blurb_image\"><span class=\"et_pb_image_wrap et_pb_only_image_mode_wrap\"><img loading=\"lazy\" decoding=\"async\" src=\"https:\/\/www.organicwastetreatments.com\/wp-content\/uploads\/2026\/03\/03-Digestion-anaerobia-w200.png\" alt=\"f\u00e1brica de digesti\u00f3n\" width=\"200\" height=\"100\" sizes=\"(max-width: 200px) 100vw, 200px\" class=\"et-waypoint et_pb_animation_top et_pb_animation_top_tablet et_pb_animation_top_phone wp-image-422\" title=\"Digestio\u0301n anaerobia\" \/><\/span><\/div><div class=\"et_pb_blurb_container\"><h4 class=\"et_pb_module_header\">Digesti\u00f3n anaerobia<\/h4><div class=\"et_pb_blurb_description\"><p>Aportamos soluciones para:<br \/>\nLa reducci\u00f3n de la concentraci\u00f3n de NH3 en los digestores y H2S.<\/p>\n<\/div><\/div><\/div><\/div>\n<\/div>\n<\/div>\n\n<div class=\"et_pb_row_6 et_pb_row et_block_row\">\n<div class=\"et_pb_column_8 et_pb_column et_pb_column_1_2 et_block_column et_pb_css_mix_blend_mode_passthrough\">\n<div class=\"et_pb_blurb_3 et_pb_blurb et_pb_bg_layout_light et_pb_blurb_position_top et_animated et_pb_module et_block_module\"><div class=\"et_pb_blurb_content\"><div class=\"et_pb_main_blurb_image\"><span class=\"et_pb_image_wrap et_pb_only_image_mode_wrap\"><img loading=\"lazy\" decoding=\"async\" src=\"https:\/\/www.organicwastetreatments.com\/wp-content\/uploads\/2026\/03\/04-Balsas-de-lixiviados-w200.png\" width=\"200\" height=\"100\" sizes=\"(max-width: 200px) 100vw, 200px\" class=\"et-waypoint et_pb_animation_top et_pb_animation_top_tablet et_pb_animation_top_phone wp-image-424\" title=\"04-Balsas de lixiviados-w200\" \/><\/span><\/div><div class=\"et_pb_blurb_container\"><h4 class=\"et_pb_module_header\">Balsas de lixiviados y fosas s\u00e9pticas<\/h4><div class=\"et_pb_blurb_description\"><p>Para evitar problemas de olores, es necesario a\u00f1adir ox\u00edgeno tanto en las balsas de lixiviados como en las fosas s\u00e9pticas.<\/p>\n<\/div><\/div><\/div><\/div>\n<\/div>\n\n<div class=\"et_pb_column_9 et_pb_column et_pb_column_1_2 et-last-child et_block_column et_pb_css_mix_blend_mode_passthrough\">\n<div class=\"et_pb_blurb_4 et_pb_blurb et_pb_bg_layout_light et_pb_blurb_position_top et_animated et_pb_module et_block_module\"><div class=\"et_pb_blurb_content\"><div class=\"et_pb_main_blurb_image\"><span class=\"et_pb_image_wrap et_pb_only_image_mode_wrap\"><img loading=\"lazy\" decoding=\"async\" src=\"https:\/\/www.organicwastetreatments.com\/wp-content\/uploads\/2026\/03\/05-Compostar-en-casa-w200.png\" width=\"200\" height=\"100\" sizes=\"(max-width: 200px) 100vw, 200px\" class=\"et-waypoint et_pb_animation_top et_pb_animation_top_tablet et_pb_animation_top_phone wp-image-425\" title=\"05-Compostar en casa-w200\" \/><\/span><\/div><div class=\"et_pb_blurb_container\"><h4 class=\"et_pb_module_header\">Compostar en casa<\/h4><div class=\"et_pb_blurb_description\"><p>Muchas veces, para no decir siempre, se asimila de manera equivocada, compostar con malos olores, moscas y trabajo.<\/p>\n<\/div><\/div><\/div><\/div>\n<\/div>\n<\/div>\n\n<div class=\"et_pb_row_7 et_pb_row et_block_row\">\n<div class=\"et_pb_column_10 et_pb_column et_pb_column_4_4 et-last-child et_block_column et_pb_css_mix_blend_mode_passthrough\">\n<div class=\"et_pb_module et_pb_button_module_wrapper et_pb_button_3_wrapper\"><a class=\"et_pb_button_3 et_pb_button et_pb_bg_layout_light et_animated et_pb_module et_block_module\" href=\"https:\/\/www.organicwastetreatments.com\/sectores-y-soluciones\/\">Sectores y Soluciones<\/a><\/div>\n<\/div>\n<\/div>\n<\/div>\n\n<div class=\"et_pb_section_5 et_pb_section et_section_regular et_block_section\">\n<div class=\"et_pb_row_8 et_pb_row et_block_row\">\n<div class=\"et_pb_column_11 et_pb_column et_pb_column_4_4 et-last-child et_block_column et_pb_css_mix_blend_mode_passthrough\">\n<div class=\"et_pb_text_6 et_pb_text et_pb_bg_layout_dark et_animated et_pb_module et_block_module\"><div class=\"et_pb_text_inner\"><h2>Compost Microbiol\u00f3gico<\/h2>\n<\/div><\/div>\n\n<div class=\"et_pb_text_7 et_pb_text et_pb_bg_layout_dark et_animated et_pb_module et_block_module\"><div class=\"et_pb_text_inner\"><p>Elgan\u00ae es una tecnolog\u00eda microbiana con diferentes aplicaciones y beneficios sostenibles en el tratamiento de residuos org\u00e1nicos de diferentes sectores de actividad.<\/p>\n<\/div><\/div>\n\n<div class=\"et_pb_module et_pb_button_module_wrapper et_pb_button_4_wrapper\"><a class=\"et_pb_button_4 et_pb_button et_pb_bg_layout_light et_animated et_pb_module et_block_module\" href=\"https:\/\/www.organicwastetreatments.com\/compost-microbiologico\/\">Compost Microbiol\u00f3gico<\/a><\/div>\n<\/div>\n<\/div>\n<\/div>\n\n<div class=\"et_pb_section_6 et_pb_section et_section_regular et_block_section\">\n<div class=\"et_pb_row_9 et_pb_row et_block_row\">\n<div class=\"et_pb_column_12 et_pb_column et_pb_column_4_4 et-last-child et_block_column et_pb_css_mix_blend_mode_passthrough\">\n<div class=\"et_pb_text_8 et_pb_text et_pb_bg_layout_light et_animated et_pb_module et_block_module\"><div class=\"et_pb_text_inner\"><h2>De los residuos a la materia prima<\/h2>\n<\/div><\/div>\n\n<div class=\"et_pb_divider_3 et_pb_divider et_pb_space et_pb_divider_position_top et_animated et_pb_module\"><div class=\"et_pb_divider_internal\"><\/div><\/div>\n<\/div>\n<\/div>\n\n<div class=\"et_pb_row_10 et_pb_row et_flex_row\">\n<div class=\"et_pb_column_13 et_pb_column et-last-child et_flex_column et_pb_css_mix_blend_mode_passthrough et_flex_column_24_24 et_flex_column_24_24_tablet et_flex_column_24_24_phone\">\n<div class=\"et_pb_video_0 et_pb_video et_animated et_pb_module et_flex_module\"><div class=\"et_pb_video_box\"><video controls><source type=\"video\/mp4\" src=\"https:\/\/www.organicwastetreatments.com\/wp-content\/uploads\/2026\/02\/ORGANICWASTETREATMENTS-Limpieza-y-desincrustacion-de-excremento-360p.mp4\" \/><\/video><\/div><\/div>\n<\/div>\n<\/div>\n\n<div class=\"et_pb_row_11 et_pb_row et_flex_row\">\n<div class=\"et_pb_column_14 et_pb_column et-last-child et_flex_column et_pb_css_mix_blend_mode_passthrough et_flex_column_24_24 et_flex_column_24_24_tablet et_flex_column_24_24_phone\">\n<div class=\"et_pb_text_9 et_pb_text et_pb_bg_layout_light et_pb_module et_flex_module\"><div class=\"et_pb_text_inner\"><p>Transcripci\u00f3n del v\u00eddeo: Demostraci\u00f3n de limpieza de restos org\u00e1nicos en una instalaci\u00f3n industrial mediante la aplicaci\u00f3n de un tratamiento biol\u00f3gico con pulverizador manual.<\/p>\n<\/div><\/div>\n<\/div>\n<\/div>\n\n<div class=\"et_pb_row_12 et_pb_row et_flex_row\">\n<div class=\"et_pb_column_15 et_pb_column et-last-child et_flex_column et_pb_css_mix_blend_mode_passthrough et_flex_column_24_24 et_flex_column_24_24_tablet et_flex_column_24_24_phone\">\n<div class=\"et_pb_text_10 et_pb_text et_pb_bg_layout_light et_pb_module et_block_module\"><div class=\"et_pb_text_inner\"><p>Tratamos materia org\u00e1nica en plantas de compostaje, ecoparques, granjas y depuradoras para reducir olores, consumo energ\u00e9tico y tiempo de proceso.<\/p>\n<\/div><\/div>\n<\/div>\n<\/div>\n\n<div class=\"et_pb_row_13 et_pb_row et_block_row et_animated\">\n<div class=\"et_pb_column_16 et_pb_column et_pb_column_1_3 et_block_column et_pb_css_mix_blend_mode_passthrough\">\n<div class=\"et_pb_text_11 et_pb_text et_pb_bg_layout_light et_pb_module et_block_module\"><div class=\"et_pb_text_inner\"><h5>Impacto social<\/h5>\n<p>Hasta 90% de olores y moscas, mejoras de las condiciones de trabajo, mejor imagen.<\/p>\n<\/div><\/div>\n<\/div>\n\n<div class=\"et_pb_column_17 et_pb_column et_pb_column_1_3 et_block_column et_pb_css_mix_blend_mode_passthrough\">\n<div class=\"et_pb_text_12 et_pb_text et_pb_bg_layout_light et_pb_module et_block_module\"><div class=\"et_pb_text_inner\"><h5>Impacto econ\u00f3mico y ambiental<\/h5>\n<p>Menos volteo y menos emisiones, Reducci\u00f3n del tiempo de procesos de compostaje.<\/p>\n<\/div><\/div>\n<\/div>\n\n<div class=\"et_pb_column_18 et_pb_column et_pb_column_1_3 et-last-child et_block_column et_pb_css_mix_blend_mode_passthrough\">\n<div class=\"et_pb_text_13 et_pb_text et_pb_bg_layout_light et_pb_module et_block_module\"><div class=\"et_pb_text_inner\"><h5>Productos certificados<\/h5>\n<p>Certificado por ECOCERT\u00ae, seguros para personas y medio ambiente.<\/p>\n<\/div><\/div>\n<\/div>\n<\/div>\n<\/div>\n\n<div class=\"et_pb_section_7 et_pb_section et_section_regular et_block_section\">\n<div class=\"et_pb_row_14 et_pb_row et_block_row\">\n<div class=\"et_pb_column_19 et_pb_column et_pb_column_4_4 et-last-child et_block_column et_pb_css_mix_blend_mode_passthrough\">\n<div class=\"et_pb_text_14 et_pb_text et_pb_bg_layout_dark et_animated et_pb_module et_block_module et_pb_text_align_center\"><div class=\"et_pb_text_inner\"><p><strong>\u00a1 Encuentra tu soluci\u00f3n microbiol\u00f3gica !<\/strong><\/p>\n<\/div><\/div>\n\n<div class=\"et_pb_module et_pb_button_module_wrapper et_pb_button_5_wrapper\"><a class=\"et_pb_button_5 et_pb_button et_pb_bg_layout_light et_animated et_pb_module et_block_module\" href=\"https:\/\/www.organicwastetreatments.com\/contacto\/\">Contacto<\/a><\/div>\n<\/div>\n<\/div>\n<\/div>","protected":false},"excerpt":{"rendered":"","protected":false},"author":3,"featured_media":0,"parent":0,"menu_order":0,"comment_status":"closed","ping_status":"closed","template":"","meta":{"footnotes":""},"class_list":["post-630","page","type-page","status-publish","hentry"],"yoast_head":"<!-- This site is optimized with the Yoast SEO plugin v27.0 - https:\/\/yoast.com\/product\/yoast-seo-wordpress\/ -->\n<title>Bienvenidos - Organic Waste Treatments<\/title>\n<meta name=\"description\" content=\"Tecnolog\u00eda microbiana con diferentes aplicaciones y beneficios sostenibles en el tratamiento de residuos org\u00e1nicos.\" \/>\n<meta name=\"robots\" content=\"index, follow, max-snippet:-1, max-image-preview:large, max-video-preview:-1\" \/>\n<link rel=\"canonical\" href=\"https:\/\/www.organicwastetreatments.com\/es\/\" \/>\n<meta property=\"og:locale\" content=\"es_ES\" \/>\n<meta property=\"og:type\" content=\"article\" \/>\n<meta property=\"og:title\" content=\"Bienvenidos - Organic Waste Treatments\" \/>\n<meta property=\"og:description\" content=\"Tecnolog\u00eda microbiana con diferentes aplicaciones y beneficios sostenibles en el tratamiento de residuos org\u00e1nicos.\" \/>\n<meta property=\"og:url\" content=\"https:\/\/www.organicwastetreatments.com\/es\/\" \/>\n<meta property=\"og:site_name\" content=\"Organic Waste Treatments\" \/>\n<meta property=\"article:modified_time\" content=\"2026-03-31T18:48:32+00:00\" \/>\n<meta name=\"twitter:card\" content=\"summary_large_image\" \/>\n<script type=\"application\/ld+json\" class=\"yoast-schema-graph\">{\"@context\":\"https:\/\/schema.org\",\"@graph\":[{\"@type\":\"WebPage\",\"@id\":\"https:\/\/www.organicwastetreatments.com\/es\/\",\"url\":\"https:\/\/www.organicwastetreatments.com\/es\/\",\"name\":\"Bienvenidos - Organic Waste Treatments\",\"isPartOf\":{\"@id\":\"https:\/\/www.organicwastetreatments.com\/es\/#website\"},\"datePublished\":\"2026-03-28T14:12:59+00:00\",\"dateModified\":\"2026-03-31T18:48:32+00:00\",\"description\":\"Tecnolog\u00eda microbiana con diferentes aplicaciones y beneficios sostenibles en el tratamiento de residuos org\u00e1nicos.\",\"breadcrumb\":{\"@id\":\"https:\/\/www.organicwastetreatments.com\/es\/#breadcrumb\"},\"inLanguage\":\"es\",\"potentialAction\":[{\"@type\":\"ReadAction\",\"target\":[\"https:\/\/www.organicwastetreatments.com\/es\/\"]}]},{\"@type\":\"BreadcrumbList\",\"@id\":\"https:\/\/www.organicwastetreatments.com\/es\/#breadcrumb\",\"itemListElement\":[{\"@type\":\"ListItem\",\"position\":1,\"name\":\"Inici\",\"item\":\"https:\/\/www.organicwastetreatments.com\/es\/\"},{\"@type\":\"ListItem\",\"position\":2,\"name\":\"Inicio\"}]},{\"@type\":\"WebSite\",\"@id\":\"https:\/\/www.organicwastetreatments.com\/es\/#website\",\"url\":\"https:\/\/www.organicwastetreatments.com\/es\/\",\"name\":\"Organic Waste Treatments\",\"description\":\"\",\"potentialAction\":[{\"@type\":\"SearchAction\",\"target\":{\"@type\":\"EntryPoint\",\"urlTemplate\":\"https:\/\/www.organicwastetreatments.com\/es\/?s={search_term_string}\"},\"query-input\":{\"@type\":\"PropertyValueSpecification\",\"valueRequired\":true,\"valueName\":\"search_term_string\"}}],\"inLanguage\":\"es\"}]}<\/script>\n<!-- \/ Yoast SEO plugin. -->","yoast_head_json":{"title":"Bienvenidos - Organic Waste Treatments","description":"Tecnolog\u00eda microbiana con diferentes aplicaciones y beneficios sostenibles en el tratamiento de residuos org\u00e1nicos.","robots":{"index":"index","follow":"follow","max-snippet":"max-snippet:-1","max-image-preview":"max-image-preview:large","max-video-preview":"max-video-preview:-1"},"canonical":"https:\/\/www.organicwastetreatments.com\/es\/","og_locale":"es_ES","og_type":"article","og_title":"Bienvenidos - Organic Waste Treatments","og_description":"Tecnolog\u00eda microbiana con diferentes aplicaciones y beneficios sostenibles en el tratamiento de residuos org\u00e1nicos.","og_url":"https:\/\/www.organicwastetreatments.com\/es\/","og_site_name":"Organic Waste Treatments","article_modified_time":"2026-03-31T18:48:32+00:00","twitter_card":"summary_large_image","schema":{"@context":"https:\/\/schema.org","@graph":[{"@type":"WebPage","@id":"https:\/\/www.organicwastetreatments.com\/es\/","url":"https:\/\/www.organicwastetreatments.com\/es\/","name":"Bienvenidos - Organic Waste Treatments","isPartOf":{"@id":"https:\/\/www.organicwastetreatments.com\/es\/#website"},"datePublished":"2026-03-28T14:12:59+00:00","dateModified":"2026-03-31T18:48:32+00:00","description":"Tecnolog\u00eda microbiana con diferentes aplicaciones y beneficios sostenibles en el tratamiento de residuos org\u00e1nicos.","breadcrumb":{"@id":"https:\/\/www.organicwastetreatments.com\/es\/#breadcrumb"},"inLanguage":"es","potentialAction":[{"@type":"ReadAction","target":["https:\/\/www.organicwastetreatments.com\/es\/"]}]},{"@type":"BreadcrumbList","@id":"https:\/\/www.organicwastetreatments.com\/es\/#breadcrumb","itemListElement":[{"@type":"ListItem","position":1,"name":"Inici","item":"https:\/\/www.organicwastetreatments.com\/es\/"},{"@type":"ListItem","position":2,"name":"Inicio"}]},{"@type":"WebSite","@id":"https:\/\/www.organicwastetreatments.com\/es\/#website","url":"https:\/\/www.organicwastetreatments.com\/es\/","name":"Organic Waste Treatments","description":"","potentialAction":[{"@type":"SearchAction","target":{"@type":"EntryPoint","urlTemplate":"https:\/\/www.organicwastetreatments.com\/es\/?s={search_term_string}"},"query-input":{"@type":"PropertyValueSpecification","valueRequired":true,"valueName":"search_term_string"}}],"inLanguage":"es"}]}},"_links":{"self":[{"href":"https:\/\/www.organicwastetreatments.com\/es\/wp-json\/wp\/v2\/pages\/630","targetHints":{"allow":["GET"]}}],"collection":[{"href":"https:\/\/www.organicwastetreatments.com\/es\/wp-json\/wp\/v2\/pages"}],"about":[{"href":"https:\/\/www.organicwastetreatments.com\/es\/wp-json\/wp\/v2\/types\/page"}],"author":[{"embeddable":true,"href":"https:\/\/www.organicwastetreatments.com\/es\/wp-json\/wp\/v2\/users\/3"}],"replies":[{"embeddable":true,"href":"https:\/\/www.organicwastetreatments.com\/es\/wp-json\/wp\/v2\/comments?post=630"}],"version-history":[{"count":16,"href":"https:\/\/www.organicwastetreatments.com\/es\/wp-json\/wp\/v2\/pages\/630\/revisions"}],"predecessor-version":[{"id":961,"href":"https:\/\/www.organicwastetreatments.com\/es\/wp-json\/wp\/v2\/pages\/630\/revisions\/961"}],"wp:attachment":[{"href":"https:\/\/www.organicwastetreatments.com\/es\/wp-json\/wp\/v2\/media?parent=630"}],"curies":[{"name":"wp","href":"https:\/\/api.w.org\/{rel}","templated":true}]}}