{"id":656,"date":"2026-03-28T17:11:31","date_gmt":"2026-03-28T15:11:31","guid":{"rendered":"https:\/\/www.organicwastetreatments.com\/?page_id=656"},"modified":"2026-04-10T19:40:25","modified_gmt":"2026-04-10T17:40:25","slug":"aviso-legal","status":"publish","type":"page","link":"https:\/\/www.organicwastetreatments.com\/es\/aviso-legal\/","title":{"rendered":"Aviso legal"},"content":{"rendered":"<div class=\"et_pb_section_0 et_pb_section et_section_regular et_block_section\">\n<div class=\"et_pb_row_0 et_pb_row et_block_row\">\n<div class=\"et_pb_column_0 et_pb_column et_pb_column_4_4 et-last-child et_block_column et_pb_css_mix_blend_mode_passthrough\">\n<div class=\"et_pb_text_0 et_pb_text et_pb_bg_layout_light et_animated et_pb_module et_block_module\"><div class=\"et_pb_text_inner\"><h1>Aviso Legal<\/h1>\n<\/div><\/div>\n<\/div>\n<\/div>\n<\/div>\n\n<div class=\"et_pb_section_1 et_pb_section et_section_regular et_block_section\">\n<div class=\"et_pb_row_1 et_pb_row et-vb-row--no-module et_block_row\">\n<div class=\"et_pb_column_1 et_pb_column et_pb_column_4_4 et-last-child et_block_column et_pb_column_empty et_pb_css_mix_blend_mode_passthrough\"><\/div>\n<\/div>\n<\/div>\n\n<div class=\"et_pb_section_2 et_pb_section et_section_regular et_block_section\">\n<div class=\"et_pb_row_2 et_pb_row et_block_row\">\n<div class=\"et_pb_column_2 et_pb_column et_pb_column_4_4 et-last-child et_block_column et_pb_css_mix_blend_mode_passthrough\">\n<div class=\"et_pb_text_1 et_pb_text et_pb_bg_layout_light et_pb_module et_block_module\"><div class=\"et_pb_text_inner\"><p><!-- wp:heading --><\/p>\n<h1 data-section-id=\"sckhd3\" data-start=\"260\" data-end=\"273\">Aviso Legal<\/h1>\n<h2 data-section-id=\"9s92c6\" data-start=\"275\" data-end=\"302\"><\/h2>\n<h2 data-section-id=\"1vt3ifa\" data-start=\"143\" data-end=\"170\">1. Datos identificativos<\/h2>\n<p data-start=\"172\" data-end=\"403\">En cumplimiento del deber de informaci\u00f3n establecido en el <strong data-start=\"223\" data-end=\"349\">art\u00edculo 10 de la Ley 34\/2002, de 11 de julio, de servicios de la sociedad de la informaci\u00f3n y de comercio electr\u00f3nico (LSSI-CE)<\/strong>, se informa que el presente sitio web es titularidad de:<\/p>\n<p data-start=\"405\" data-end=\"458\"><strong data-start=\"405\" data-end=\"417\">Titular:<\/strong> Alter Entorn S.L.<br data-start=\"435\" data-end=\"438\" \/><strong data-start=\"438\" data-end=\"446\">NIF:<\/strong> B43862473<\/p>\n<p data-start=\"460\" data-end=\"547\"><strong data-start=\"460\" data-end=\"480\">Domicilio social:<\/strong><br data-start=\"480\" data-end=\"483\" \/>Cam\u00ed de San Jeroni 3<br data-start=\"503\" data-end=\"506\" \/>43740 M\u00f3ra d\u2019Ebre (Tarragona) \u2013 Espa\u00f1a<\/p>\n<p data-start=\"549\" data-end=\"634\"><strong data-start=\"549\" data-end=\"561\">Tel\u00e9fono:<\/strong> +34 977 407 788<br data-start=\"577\" data-end=\"580\" \/><strong data-start=\"580\" data-end=\"602\">Correo electr\u00f3nico:<\/strong> <a data-start=\"980\" data-end=\"1009\" class=\"decorated-link cursor-pointer\" rel=\"noopener\">alter-entorn@alter-entorn.com<span aria-hidden=\"true\" class=\"ms-0.5 inline-block align-middle leading-none\"><\/span><\/a><\/p>\n<h2 data-section-id=\"1i0yn8p\" data-start=\"683\" data-end=\"696\"><\/h2>\n<h2 data-section-id=\"1i0yn8p\" data-start=\"683\" data-end=\"696\">2. Objeto<\/h2>\n<p data-start=\"698\" data-end=\"875\">El presente Aviso Legal regula el acceso, navegaci\u00f3n y uso del sitio web <strong data-start=\"764\" data-end=\"794\">organicwastetreatments.com<\/strong>, as\u00ed como las responsabilidades derivadas de la utilizaci\u00f3n de sus contenidos.<\/p>\n<p data-start=\"877\" data-end=\"1062\">El acceso y la navegaci\u00f3n por este sitio web atribuyen la condici\u00f3n de <strong data-start=\"946\" data-end=\"956\">usuario<\/strong>, e implican la aceptaci\u00f3n plena y sin reservas de todas las disposiciones incluidas en este Aviso Legal.<\/p>\n<h2 data-section-id=\"8hnpi3\" data-start=\"1069\" data-end=\"1090\"><\/h2>\n<h2 data-section-id=\"8hnpi3\" data-start=\"1069\" data-end=\"1090\">3. Condiciones de uso<\/h2>\n<p data-start=\"1092\" data-end=\"1253\">El usuario se compromete a hacer un uso adecuado de los contenidos y servicios que ofrece el sitio web y, con car\u00e1cter enunciativo pero no limitativo, a no utilizarlos para:<\/p>\n<ul data-start=\"1255\" data-end=\"1571\">\n<li data-section-id=\"7uj1uf\" data-start=\"1255\" data-end=\"1334\">\n<p data-start=\"1257\" data-end=\"1334\">Realizar actividades il\u00edcitas o contrarias a la buena fe y al orden p\u00fablico.<\/p>\n<\/li>\n<li data-section-id=\"ip8zy6\" data-start=\"1335\" data-end=\"1461\">\n<p data-start=\"1337\" data-end=\"1461\">Difundir contenidos o propaganda de car\u00e1cter ilegal, racista, xen\u00f3fobo, pornogr\u00e1fico o que atenten contra los derechos humanos.<\/p>\n<\/li>\n<li data-section-id=\"1b673f9\" data-start=\"1462\" data-end=\"1571\">\n<p data-start=\"1464\" data-end=\"1571\">Provocar da\u00f1os en los sistemas f\u00edsicos y l\u00f3gicos del titular del sitio web, de sus proveedores o de terceros.<\/p>\n<\/li>\n<\/ul>\n<p data-start=\"1573\" data-end=\"1700\">El titular se reserva el derecho de retirar cualquier comentario o aportaci\u00f3n que vulnere la legislaci\u00f3n vigente o resulte inapropiado.<\/p>\n<h2 data-section-id=\"1k9h8dm\" data-start=\"1707\" data-end=\"1749\"><\/h2>\n<h2 data-section-id=\"1k9h8dm\" data-start=\"1707\" data-end=\"1749\">4. Propiedad intelectual e industrial<\/h2>\n<p data-start=\"1751\" data-end=\"2006\">Todos los contenidos del sitio web, incluyendo, a t\u00edtulo enunciativo pero no limitativo, <strong data-start=\"1836\" data-end=\"1922\">textos, im\u00e1genes, gr\u00e1ficos, logotipos, iconos, software, dise\u00f1o gr\u00e1fico y c\u00f3digo fuente<\/strong>, son propiedad de <strong data-start=\"1940\" data-end=\"1961\">Alter Entorn S.L.<\/strong> o de terceros que han autorizado su uso.<\/p>\n<p data-start=\"2008\" data-end=\"2147\">Queda prohibida la reproducci\u00f3n, distribuci\u00f3n, comunicaci\u00f3n p\u00fablica o transformaci\u00f3n de los contenidos sin la autorizaci\u00f3n expresa del titular.<\/p>\n<h2 data-section-id=\"1vrprdi\" data-start=\"2154\" data-end=\"2175\"><\/h2>\n<h2 data-section-id=\"1vrprdi\" data-start=\"2154\" data-end=\"2175\">5. Responsabilidad<\/h2>\n<p data-start=\"2177\" data-end=\"2385\">Alter Entorn S.L. no se hace responsable de los da\u00f1os o perjuicios que puedan derivarse del uso de la informaci\u00f3n contenida en este sitio web ni de la falta de disponibilidad o continuidad de su funcionamiento.<\/p>\n<p data-start=\"2387\" data-end=\"2502\">Asimismo, el titular no se responsabiliza del contenido de los enlaces externos que puedan aparecer en el sitio web.<\/p>\n<h2 data-section-id=\"1wqwr9r\" data-start=\"2509\" data-end=\"2531\"><\/h2>\n<h2 data-section-id=\"1wqwr9r\" data-start=\"2509\" data-end=\"2531\">6. Enlaces externos<\/h2>\n<p data-start=\"2533\" data-end=\"2705\">En caso de que el sitio web incluya enlaces hacia otros sitios de Internet, Alter Entorn S.L. no ejercer\u00e1 ning\u00fan tipo de control sobre dichos sitios ni sobre sus contenidos.<\/p>\n<p data-start=\"2707\" data-end=\"2823\">En ning\u00fan caso Alter Entorn S.L. asumir\u00e1 responsabilidad alguna por los contenidos de enlaces pertenecientes a sitios web de terceros.<\/p>\n<h2 data-section-id=\"a18owc\" data-start=\"2830\" data-end=\"2854\"><\/h2>\n<h2 data-section-id=\"a18owc\" data-start=\"2830\" data-end=\"2854\">7. Protecci\u00f3n de datos<\/h2>\n<p data-start=\"2856\" data-end=\"3034\">El tratamiento de los datos personales que se puedan recoger a trav\u00e9s de este sitio web se regir\u00e1 por lo dispuesto en la <strong data-start=\"2972\" data-end=\"2998\">Pol\u00edtica de Privacidad<\/strong>, disponible en este mismo sitio web.<\/p>\n<h2 data-section-id=\"1r3jjk7\" data-start=\"3041\" data-end=\"3081\"><\/h2>\n<h2 data-section-id=\"1r3jjk7\" data-start=\"3041\" data-end=\"3081\">8. Legislaci\u00f3n aplicable y jurisdicci\u00f3n<\/h2>\n<p data-start=\"3083\" data-end=\"3179\">La relaci\u00f3n entre el titular del sitio web y el usuario se regir\u00e1 por la normativa espa\u00f1ola vigente.<\/p>\n<p data-start=\"3181\" data-end=\"3372\">Para la resoluci\u00f3n de cualquier conflicto que pueda derivarse del acceso o uso del sitio web, las partes se someter\u00e1n a los <strong data-start=\"3301\" data-end=\"3371\">juzgados y tribunales competentes de acuerdo con la legislaci\u00f3n aplicable<\/strong>.<\/p>\n<p><!-- \/wp:paragraph --><\/p>\n<\/div><\/div>\n<\/div>\n<\/div>\n<\/div>\n\n<div class=\"et_pb_section_3 et_pb_section et_section_regular et_block_section\"><\/div>\n\n<div class=\"et_pb_section_4 et_pb_section et_section_regular et_block_section\">\n<div class=\"et_pb_row_3 et_pb_row et_block_row\">\n<div class=\"et_pb_column_3 et_pb_column et_pb_column_4_4 et-last-child et_block_column et_pb_css_mix_blend_mode_passthrough\">\n<div class=\"et_pb_text_2 et_pb_text et_pb_bg_layout_dark et_animated et_pb_module et_block_module et_pb_text_align_center\"><div class=\"et_pb_text_inner\"><p><strong>\u00a1 Encuentra tu soluci\u00f3n microbiol\u00f3gica !<\/strong><\/p>\n<\/div><\/div>\n\n<div class=\"et_pb_module et_pb_button_module_wrapper et_pb_button_0_wrapper\"><a class=\"et_pb_button_0 et_pb_button et_pb_bg_layout_light et_animated et_pb_module et_block_module\" href=\"https:\/\/www.organicwastetreatments.com\/contacto\/\">Contacto<\/a><\/div>\n<\/div>\n<\/div>\n<\/div>","protected":false},"excerpt":{"rendered":"","protected":false},"author":3,"featured_media":0,"parent":0,"menu_order":0,"comment_status":"closed","ping_status":"closed","template":"","meta":{"footnotes":""},"class_list":["post-656","page","type-page","status-publish","hentry"],"yoast_head":"<!-- This site is optimized with the Yoast SEO plugin v27.0 - https:\/\/yoast.com\/product\/yoast-seo-wordpress\/ -->\n<title>Aviso legal - Organic Waste Treatments<\/title>\n<meta name=\"description\" content=\"En cumplimiento del deber de informaci\u00f3n establecido en el art\u00edculo 10 de la Ley 34\/2002, de 11 de julio, de servicios de la sociedad de la informaci\u00f3n y de comercio electr\u00f3nico (LSSI-CE),\" \/>\n<meta name=\"robots\" content=\"index, follow, max-snippet:-1, max-image-preview:large, max-video-preview:-1\" \/>\n<link rel=\"canonical\" href=\"https:\/\/www.organicwastetreatments.com\/es\/aviso-legal\/\" \/>\n<meta property=\"og:locale\" content=\"es_ES\" \/>\n<meta property=\"og:type\" content=\"article\" \/>\n<meta property=\"og:title\" content=\"Aviso legal - Organic Waste Treatments\" \/>\n<meta property=\"og:description\" content=\"En cumplimiento del deber de informaci\u00f3n establecido en el art\u00edculo 10 de la Ley 34\/2002, de 11 de julio, de servicios de la sociedad de la informaci\u00f3n y de comercio electr\u00f3nico (LSSI-CE),\" \/>\n<meta property=\"og:url\" content=\"https:\/\/www.organicwastetreatments.com\/es\/aviso-legal\/\" \/>\n<meta property=\"og:site_name\" content=\"Organic Waste Treatments\" \/>\n<meta property=\"article:modified_time\" content=\"2026-04-10T17:40:25+00:00\" \/>\n<meta name=\"twitter:card\" content=\"summary_large_image\" \/>\n<script type=\"application\/ld+json\" class=\"yoast-schema-graph\">{\"@context\":\"https:\/\/schema.org\",\"@graph\":[{\"@type\":\"WebPage\",\"@id\":\"https:\/\/www.organicwastetreatments.com\/es\/aviso-legal\/\",\"url\":\"https:\/\/www.organicwastetreatments.com\/es\/aviso-legal\/\",\"name\":\"Aviso legal - Organic Waste Treatments\",\"isPartOf\":{\"@id\":\"https:\/\/www.organicwastetreatments.com\/es\/#website\"},\"datePublished\":\"2026-03-28T15:11:31+00:00\",\"dateModified\":\"2026-04-10T17:40:25+00:00\",\"description\":\"En cumplimiento del deber de informaci\u00f3n establecido en el art\u00edculo 10 de la Ley 34\/2002, de 11 de julio, de servicios de la sociedad de la informaci\u00f3n y de comercio electr\u00f3nico (LSSI-CE),\",\"breadcrumb\":{\"@id\":\"https:\/\/www.organicwastetreatments.com\/es\/aviso-legal\/#breadcrumb\"},\"inLanguage\":\"es\",\"potentialAction\":[{\"@type\":\"ReadAction\",\"target\":[\"https:\/\/www.organicwastetreatments.com\/es\/aviso-legal\/\"]}]},{\"@type\":\"BreadcrumbList\",\"@id\":\"https:\/\/www.organicwastetreatments.com\/es\/aviso-legal\/#breadcrumb\",\"itemListElement\":[{\"@type\":\"ListItem\",\"position\":1,\"name\":\"Inici\",\"item\":\"https:\/\/www.organicwastetreatments.com\/es\/\"},{\"@type\":\"ListItem\",\"position\":2,\"name\":\"Aviso legal\"}]},{\"@type\":\"WebSite\",\"@id\":\"https:\/\/www.organicwastetreatments.com\/es\/#website\",\"url\":\"https:\/\/www.organicwastetreatments.com\/es\/\",\"name\":\"Organic Waste Treatments\",\"description\":\"\",\"potentialAction\":[{\"@type\":\"SearchAction\",\"target\":{\"@type\":\"EntryPoint\",\"urlTemplate\":\"https:\/\/www.organicwastetreatments.com\/es\/?s={search_term_string}\"},\"query-input\":{\"@type\":\"PropertyValueSpecification\",\"valueRequired\":true,\"valueName\":\"search_term_string\"}}],\"inLanguage\":\"es\"}]}<\/script>\n<!-- \/ Yoast SEO plugin. -->","yoast_head_json":{"title":"Aviso legal - Organic Waste Treatments","description":"En cumplimiento del deber de informaci\u00f3n establecido en el art\u00edculo 10 de la Ley 34\/2002, de 11 de julio, de servicios de la sociedad de la informaci\u00f3n y de comercio electr\u00f3nico (LSSI-CE),","robots":{"index":"index","follow":"follow","max-snippet":"max-snippet:-1","max-image-preview":"max-image-preview:large","max-video-preview":"max-video-preview:-1"},"canonical":"https:\/\/www.organicwastetreatments.com\/es\/aviso-legal\/","og_locale":"es_ES","og_type":"article","og_title":"Aviso legal - Organic Waste Treatments","og_description":"En cumplimiento del deber de informaci\u00f3n establecido en el art\u00edculo 10 de la Ley 34\/2002, de 11 de julio, de servicios de la sociedad de la informaci\u00f3n y de comercio electr\u00f3nico (LSSI-CE),","og_url":"https:\/\/www.organicwastetreatments.com\/es\/aviso-legal\/","og_site_name":"Organic Waste Treatments","article_modified_time":"2026-04-10T17:40:25+00:00","twitter_card":"summary_large_image","schema":{"@context":"https:\/\/schema.org","@graph":[{"@type":"WebPage","@id":"https:\/\/www.organicwastetreatments.com\/es\/aviso-legal\/","url":"https:\/\/www.organicwastetreatments.com\/es\/aviso-legal\/","name":"Aviso legal - Organic Waste Treatments","isPartOf":{"@id":"https:\/\/www.organicwastetreatments.com\/es\/#website"},"datePublished":"2026-03-28T15:11:31+00:00","dateModified":"2026-04-10T17:40:25+00:00","description":"En cumplimiento del deber de informaci\u00f3n establecido en el art\u00edculo 10 de la Ley 34\/2002, de 11 de julio, de servicios de la sociedad de la informaci\u00f3n y de comercio electr\u00f3nico (LSSI-CE),","breadcrumb":{"@id":"https:\/\/www.organicwastetreatments.com\/es\/aviso-legal\/#breadcrumb"},"inLanguage":"es","potentialAction":[{"@type":"ReadAction","target":["https:\/\/www.organicwastetreatments.com\/es\/aviso-legal\/"]}]},{"@type":"BreadcrumbList","@id":"https:\/\/www.organicwastetreatments.com\/es\/aviso-legal\/#breadcrumb","itemListElement":[{"@type":"ListItem","position":1,"name":"Inici","item":"https:\/\/www.organicwastetreatments.com\/es\/"},{"@type":"ListItem","position":2,"name":"Aviso legal"}]},{"@type":"WebSite","@id":"https:\/\/www.organicwastetreatments.com\/es\/#website","url":"https:\/\/www.organicwastetreatments.com\/es\/","name":"Organic Waste Treatments","description":"","potentialAction":[{"@type":"SearchAction","target":{"@type":"EntryPoint","urlTemplate":"https:\/\/www.organicwastetreatments.com\/es\/?s={search_term_string}"},"query-input":{"@type":"PropertyValueSpecification","valueRequired":true,"valueName":"search_term_string"}}],"inLanguage":"es"}]}},"_links":{"self":[{"href":"https:\/\/www.organicwastetreatments.com\/es\/wp-json\/wp\/v2\/pages\/656","targetHints":{"allow":["GET"]}}],"collection":[{"href":"https:\/\/www.organicwastetreatments.com\/es\/wp-json\/wp\/v2\/pages"}],"about":[{"href":"https:\/\/www.organicwastetreatments.com\/es\/wp-json\/wp\/v2\/types\/page"}],"author":[{"embeddable":true,"href":"https:\/\/www.organicwastetreatments.com\/es\/wp-json\/wp\/v2\/users\/3"}],"replies":[{"embeddable":true,"href":"https:\/\/www.organicwastetreatments.com\/es\/wp-json\/wp\/v2\/comments?post=656"}],"version-history":[{"count":5,"href":"https:\/\/www.organicwastetreatments.com\/es\/wp-json\/wp\/v2\/pages\/656\/revisions"}],"predecessor-version":[{"id":1103,"href":"https:\/\/www.organicwastetreatments.com\/es\/wp-json\/wp\/v2\/pages\/656\/revisions\/1103"}],"wp:attachment":[{"href":"https:\/\/www.organicwastetreatments.com\/es\/wp-json\/wp\/v2\/media?parent=656"}],"curies":[{"name":"wp","href":"https:\/\/api.w.org\/{rel}","templated":true}]}}