{"id":668,"date":"2026-03-28T17:18:15","date_gmt":"2026-03-28T15:18:15","guid":{"rendered":"https:\/\/www.organicwastetreatments.com\/?page_id=668"},"modified":"2026-03-29T19:15:08","modified_gmt":"2026-03-29T17:15:08","slug":"accesibilidad","status":"publish","type":"page","link":"https:\/\/www.organicwastetreatments.com\/es\/accesibilidad\/","title":{"rendered":"Accesibilidad"},"content":{"rendered":"<div class=\"et_pb_section_0 et_pb_section et_section_regular et_block_section\">\n<div class=\"et_pb_row_0 et_pb_row et_block_row\">\n<div class=\"et_pb_column_0 et_pb_column et_pb_column_4_4 et-last-child et_block_column et_pb_css_mix_blend_mode_passthrough\">\n<div class=\"et_pb_text_0 et_pb_text et_pb_bg_layout_light et_animated et_pb_module et_block_module\"><div class=\"et_pb_text_inner\"><h1>Accesibilidad<\/h1>\n<\/div><\/div>\n<\/div>\n<\/div>\n<\/div>\n\n<div class=\"et_pb_section_1 et_pb_section et_section_regular et_block_section\">\n<div class=\"et_pb_row_1 et_pb_row et-vb-row--no-module et_block_row\">\n<div class=\"et_pb_column_1 et_pb_column et_pb_column_4_4 et-last-child et_block_column et_pb_column_empty et_pb_css_mix_blend_mode_passthrough\"><\/div>\n<\/div>\n<\/div>\n\n<div class=\"et_pb_section_2 et_pb_section et_section_regular et_block_section\">\n<div class=\"et_pb_row_2 et_pb_row et_block_row\">\n<div class=\"et_pb_column_2 et_pb_column et_pb_column_4_4 et-last-child et_block_column et_pb_css_mix_blend_mode_passthrough\">\n<div class=\"et_pb_text_1 et_pb_text et_pb_bg_layout_light et_pb_module et_block_module\"><div class=\"et_pb_text_inner\"><p><!-- wp:heading --><\/p>\n<h1 data-section-id=\"j6ry58\" data-start=\"280\" data-end=\"309\">Declaraci\u00f3n de accesibilidad<\/h1>\n<p data-start=\"311\" data-end=\"712\"><strong data-start=\"311\" data-end=\"339\">Organic Waste Treatments<\/strong> se compromete a hacer accesible su sitio web, de conformidad con el <strong data-start=\"402\" data-end=\"446\">Real Decreto 1112\/2018, de 7 de septiembre<\/strong>, sobre la accesibilidad de los sitios web y aplicaciones para dispositivos m\u00f3viles del sector p\u00fablico, as\u00ed como con los requisitos de accesibilidad establecidos en la norma <strong data-start=\"610\" data-end=\"627\">UNE-EN 301549<\/strong> y las <strong data-start=\"634\" data-end=\"703\">Pautas de Accesibilidad para el Contenido Web (WCAG) 2.1 nivel AA<\/strong> del W3C.<\/p>\n<h2 data-section-id=\"4l274l\" data-start=\"714\" data-end=\"736\">Estado de cumplimiento<\/h2>\n<p data-start=\"738\" data-end=\"919\">Este sitio web es <strong data-start=\"757\" data-end=\"811\">parcialmente conforme con el Real Decreto 1112\/2018<\/strong>, debido a posibles excepciones y a algunos aspectos que se encuentran en proceso de revisi\u00f3n y mejora continua.<\/p>\n<p data-start=\"921\" data-end=\"1116\">El objetivo es garantizar que todas las personas, independientemente de sus capacidades o del dispositivo utilizado, puedan acceder a la informaci\u00f3n y a los servicios que se ofrecen en este sitio web.<\/p>\n<h2 data-section-id=\"1l1ocs5\" data-start=\"1118\" data-end=\"1144\">Contenido no accesible<\/h2>\n<p data-start=\"1146\" data-end=\"1247\">El contenido que se detalla a continuaci\u00f3n podr\u00eda no ser completamente accesible por los siguientes motivos:<\/p>\n<h3 data-section-id=\"1mj647n\" data-start=\"1249\" data-end=\"1293\">Falta de conformidad con el RD 1112\/2018<\/h3>\n<p data-start=\"1295\" data-end=\"1417\">Podr\u00edan existir algunos elementos puntuales que no cumplan totalmente todos los requisitos de accesibilidad, como por ejemplo:<\/p>\n<ul data-start=\"1419\" data-end=\"1732\">\n<li data-section-id=\"rq6rb7\" data-start=\"1419\" data-end=\"1518\">\n<p data-start=\"1421\" data-end=\"1518\">Algunos contenidos multimedia que puedan no disponer de todas las alternativas textuales completas.<\/p>\n<\/li>\n<li data-section-id=\"1mlumyh\" data-start=\"1519\" data-end=\"1600\">\n<p data-start=\"1521\" data-end=\"1600\">Posibles inconsistencias menores en la estructura sem\u00e1ntica de algunos contenidos.<\/p>\n<\/li>\n<li data-section-id=\"18e407x\" data-start=\"1601\" data-end=\"1732\">\n<p data-start=\"1603\" data-end=\"1732\">Algunos formularios o elementos interactivos que podr\u00edan presentar limitaciones puntuales para determinadas tecnolog\u00edas de asistencia.<\/p>\n<\/li>\n<\/ul>\n<p data-start=\"1734\" data-end=\"1836\">Estas situaciones se revisan peri\u00f3dicamente con el objetivo de mejorar la accesibilidad del sitio web.<\/p>\n<h3 data-section-id=\"1mpnuhn\" data-start=\"1838\" data-end=\"1866\">Carga desproporcionada<\/h3>\n<p data-start=\"1868\" data-end=\"1878\">No aplica.<\/p>\n<h3 data-section-id=\"1myrwcc\" data-start=\"1880\" data-end=\"1936\">Contenido fuera del \u00e1mbito de la legislaci\u00f3n aplicable<\/h3>\n<p data-start=\"1938\" data-end=\"2148\">Podr\u00edan existir documentos en formatos ofim\u00e1ticos, como <strong data-start=\"1994\" data-end=\"2020\">PDF u otros documentos<\/strong>, publicados antes de la entrada en vigor de la normativa, que no cumplan completamente con todos los requisitos de accesibilidad.<\/p>\n<h2 data-section-id=\"z1wzqw\" data-start=\"2150\" data-end=\"2201\">Preparaci\u00f3n de esta declaraci\u00f3n de accesibilidad<\/h2>\n<p data-start=\"2203\" data-end=\"2265\">Esta declaraci\u00f3n se prepar\u00f3 el 09\/03\/2026.<\/p>\n<p data-start=\"2267\" data-end=\"2440\">El m\u00e9todo utilizado para preparar esta declaraci\u00f3n ha sido una <strong data-start=\"2332\" data-end=\"2357\">autoevaluaci\u00f3n interna<\/strong>, basada en revisiones t\u00e9cnicas y en herramientas autom\u00e1ticas de an\u00e1lisis de accesibilidad.<\/p>\n<p data-start=\"2442\" data-end=\"2538\">La declaraci\u00f3n ser\u00e1 revisada peri\u00f3dicamente para seguir mejorando la accesibilidad del sitio web.<\/p>\n<h2 data-section-id=\"19syaux\" data-start=\"2540\" data-end=\"2575\">Observaciones y datos de contacto<\/h2>\n<p data-start=\"2577\" data-end=\"2768\">Si encuentra dificultades para acceder a cualquier contenido de este sitio web o desea realizar alguna consulta o sugerencia relacionada con la accesibilidad, puede contactar con nosotros a trav\u00e9s de:<\/p>\n<ul data-start=\"2770\" data-end=\"2855\">\n<li data-section-id=\"10idwvy\" data-start=\"2770\" data-end=\"2824\">\n<p data-start=\"2772\" data-end=\"2824\">Correo electr\u00f3nico: <strong data-start=\"2791\" data-end=\"2824\"><a data-start=\"2793\" data-end=\"2822\" class=\"decorated-link cursor-pointer\" rel=\"noopener\">alter-entorn@alter-entorn.com<span aria-hidden=\"true\" class=\"ms-0.5 inline-block align-middle leading-none\"><svg xmlns=\"http:\/\/www.w3.org\/2000\/svg\" width=\"20\" height=\"20\" aria-hidden=\"true\" data-rtl-flip=\"\" class=\"block h-[0.75em] w-[0.75em] stroke-current stroke-[0.75]\"><use href=\"\/cdn\/assets\/sprites-core-ni7q5mnh.svg#304883\" fill=\"currentColor\"><\/use><\/svg><\/span><\/a><\/strong><\/p>\n<\/li>\n<li data-section-id=\"16ntr0x\" data-start=\"2825\" data-end=\"2855\">\n<p data-start=\"2827\" data-end=\"2855\">Tel\u00e9fono: <strong data-start=\"2836\" data-end=\"2855\">+34 977 407 788<\/strong><\/p>\n<\/li>\n<\/ul>\n<p data-start=\"2857\" data-end=\"2965\">Tambi\u00e9n puede comunicar cualquier incidencia de accesibilidad o solicitar informaci\u00f3n en formatos accesibles.<\/p>\n<h2 data-section-id=\"5m9zmr\" data-start=\"2967\" data-end=\"2993\">Procedimiento de aplicaci\u00f3n<\/h2>\n<p data-start=\"2995\" data-end=\"3270\">Si, una vez realizada una solicitud de informaci\u00f3n accesible o una queja relacionada con la accesibilidad, esta fuese desestimada o no est\u00e1 de acuerdo con la decisi\u00f3n adoptada, puede iniciar una reclamaci\u00f3n conforme al procedimiento previsto en el <strong data-start=\"3243\" data-end=\"3269\">Real Decreto 1112\/2018<\/strong>.<\/p>\n<h2 data-section-id=\"1cqbktu\" data-start=\"3277\" data-end=\"3299\">Financiaci\u00f3n europea<\/h2>\n<p data-start=\"3301\" data-end=\"3492\">Este sitio web ha sido desarrollado en el marco del <strong data-start=\"3354\" data-end=\"3378\">Programa Kit Digital<\/strong>, financiado por los fondos europeos <strong data-start=\"3408\" data-end=\"3430\">Next Generation EU<\/strong> dentro del <strong data-start=\"3440\" data-end=\"3491\">Plan de Recuperaci\u00f3n, Transformaci\u00f3n y Resiliencia<\/strong>.<\/p>\n<p><!-- \/wp:paragraph --><\/p>\n<\/div><\/div>\n<\/div>\n<\/div>\n<\/div>\n\n<div class=\"et_pb_section_3 et_pb_section et_section_regular et_block_section\"><\/div>\n\n<div class=\"et_pb_section_4 et_pb_section et_section_regular et_block_section\">\n<div class=\"et_pb_row_3 et_pb_row et_block_row\">\n<div class=\"et_pb_column_3 et_pb_column et_pb_column_4_4 et-last-child et_block_column et_pb_css_mix_blend_mode_passthrough\">\n<div class=\"et_pb_text_2 et_pb_text et_pb_bg_layout_dark et_animated et_pb_module et_block_module et_pb_text_align_center\"><div class=\"et_pb_text_inner\"><p><strong>\u00a1 Encuentra tu soluci\u00f3n microbiol\u00f3gica !<\/strong><\/p>\n<\/div><\/div>\n\n<div class=\"et_pb_module et_pb_button_module_wrapper et_pb_button_0_wrapper\"><a class=\"et_pb_button_0 et_pb_button et_pb_bg_layout_light et_animated et_pb_module et_block_module\" href=\"https:\/\/www.organicwastetreatments.com\/contacto\/\">Contacto<\/a><\/div>\n<\/div>\n<\/div>\n<\/div>","protected":false},"excerpt":{"rendered":"","protected":false},"author":3,"featured_media":0,"parent":0,"menu_order":0,"comment_status":"closed","ping_status":"closed","template":"","meta":{"footnotes":""},"class_list":["post-668","page","type-page","status-publish","hentry"],"yoast_head":"<!-- This site is optimized with the Yoast SEO plugin v27.0 - https:\/\/yoast.com\/product\/yoast-seo-wordpress\/ -->\n<title>Accesibilidad - Organic Waste Treatments<\/title>\n<meta name=\"description\" content=\"Organic Waste Treatments se compromete a hacer accesible su sitio web, de conformidad con el Real Decreto 1112\/2018, de 7 de septiembre\" \/>\n<meta name=\"robots\" content=\"index, follow, max-snippet:-1, max-image-preview:large, max-video-preview:-1\" \/>\n<link rel=\"canonical\" href=\"https:\/\/www.organicwastetreatments.com\/es\/accesibilidad\/\" \/>\n<meta property=\"og:locale\" content=\"es_ES\" \/>\n<meta property=\"og:type\" content=\"article\" \/>\n<meta property=\"og:title\" content=\"Accesibilidad - Organic Waste Treatments\" \/>\n<meta property=\"og:description\" content=\"Organic Waste Treatments se compromete a hacer accesible su sitio web, de conformidad con el Real Decreto 1112\/2018, de 7 de septiembre\" \/>\n<meta property=\"og:url\" content=\"https:\/\/www.organicwastetreatments.com\/es\/accesibilidad\/\" \/>\n<meta property=\"og:site_name\" content=\"Organic Waste Treatments\" \/>\n<meta property=\"article:modified_time\" content=\"2026-03-29T17:15:08+00:00\" \/>\n<meta name=\"twitter:card\" content=\"summary_large_image\" \/>\n<script type=\"application\/ld+json\" class=\"yoast-schema-graph\">{\"@context\":\"https:\/\/schema.org\",\"@graph\":[{\"@type\":\"WebPage\",\"@id\":\"https:\/\/www.organicwastetreatments.com\/es\/accesibilidad\/\",\"url\":\"https:\/\/www.organicwastetreatments.com\/es\/accesibilidad\/\",\"name\":\"Accesibilidad - Organic Waste Treatments\",\"isPartOf\":{\"@id\":\"https:\/\/www.organicwastetreatments.com\/es\/#website\"},\"datePublished\":\"2026-03-28T15:18:15+00:00\",\"dateModified\":\"2026-03-29T17:15:08+00:00\",\"description\":\"Organic Waste Treatments se compromete a hacer accesible su sitio web, de conformidad con el Real Decreto 1112\/2018, de 7 de septiembre\",\"breadcrumb\":{\"@id\":\"https:\/\/www.organicwastetreatments.com\/es\/accesibilidad\/#breadcrumb\"},\"inLanguage\":\"es\",\"potentialAction\":[{\"@type\":\"ReadAction\",\"target\":[\"https:\/\/www.organicwastetreatments.com\/es\/accesibilidad\/\"]}]},{\"@type\":\"BreadcrumbList\",\"@id\":\"https:\/\/www.organicwastetreatments.com\/es\/accesibilidad\/#breadcrumb\",\"itemListElement\":[{\"@type\":\"ListItem\",\"position\":1,\"name\":\"Inici\",\"item\":\"https:\/\/www.organicwastetreatments.com\/es\/\"},{\"@type\":\"ListItem\",\"position\":2,\"name\":\"Accesibilidad\"}]},{\"@type\":\"WebSite\",\"@id\":\"https:\/\/www.organicwastetreatments.com\/es\/#website\",\"url\":\"https:\/\/www.organicwastetreatments.com\/es\/\",\"name\":\"Organic Waste Treatments\",\"description\":\"\",\"potentialAction\":[{\"@type\":\"SearchAction\",\"target\":{\"@type\":\"EntryPoint\",\"urlTemplate\":\"https:\/\/www.organicwastetreatments.com\/es\/?s={search_term_string}\"},\"query-input\":{\"@type\":\"PropertyValueSpecification\",\"valueRequired\":true,\"valueName\":\"search_term_string\"}}],\"inLanguage\":\"es\"}]}<\/script>\n<!-- \/ Yoast SEO plugin. -->","yoast_head_json":{"title":"Accesibilidad - Organic Waste Treatments","description":"Organic Waste Treatments se compromete a hacer accesible su sitio web, de conformidad con el Real Decreto 1112\/2018, de 7 de septiembre","robots":{"index":"index","follow":"follow","max-snippet":"max-snippet:-1","max-image-preview":"max-image-preview:large","max-video-preview":"max-video-preview:-1"},"canonical":"https:\/\/www.organicwastetreatments.com\/es\/accesibilidad\/","og_locale":"es_ES","og_type":"article","og_title":"Accesibilidad - Organic Waste Treatments","og_description":"Organic Waste Treatments se compromete a hacer accesible su sitio web, de conformidad con el Real Decreto 1112\/2018, de 7 de septiembre","og_url":"https:\/\/www.organicwastetreatments.com\/es\/accesibilidad\/","og_site_name":"Organic Waste Treatments","article_modified_time":"2026-03-29T17:15:08+00:00","twitter_card":"summary_large_image","schema":{"@context":"https:\/\/schema.org","@graph":[{"@type":"WebPage","@id":"https:\/\/www.organicwastetreatments.com\/es\/accesibilidad\/","url":"https:\/\/www.organicwastetreatments.com\/es\/accesibilidad\/","name":"Accesibilidad - Organic Waste Treatments","isPartOf":{"@id":"https:\/\/www.organicwastetreatments.com\/es\/#website"},"datePublished":"2026-03-28T15:18:15+00:00","dateModified":"2026-03-29T17:15:08+00:00","description":"Organic Waste Treatments se compromete a hacer accesible su sitio web, de conformidad con el Real Decreto 1112\/2018, de 7 de septiembre","breadcrumb":{"@id":"https:\/\/www.organicwastetreatments.com\/es\/accesibilidad\/#breadcrumb"},"inLanguage":"es","potentialAction":[{"@type":"ReadAction","target":["https:\/\/www.organicwastetreatments.com\/es\/accesibilidad\/"]}]},{"@type":"BreadcrumbList","@id":"https:\/\/www.organicwastetreatments.com\/es\/accesibilidad\/#breadcrumb","itemListElement":[{"@type":"ListItem","position":1,"name":"Inici","item":"https:\/\/www.organicwastetreatments.com\/es\/"},{"@type":"ListItem","position":2,"name":"Accesibilidad"}]},{"@type":"WebSite","@id":"https:\/\/www.organicwastetreatments.com\/es\/#website","url":"https:\/\/www.organicwastetreatments.com\/es\/","name":"Organic Waste Treatments","description":"","potentialAction":[{"@type":"SearchAction","target":{"@type":"EntryPoint","urlTemplate":"https:\/\/www.organicwastetreatments.com\/es\/?s={search_term_string}"},"query-input":{"@type":"PropertyValueSpecification","valueRequired":true,"valueName":"search_term_string"}}],"inLanguage":"es"}]}},"_links":{"self":[{"href":"https:\/\/www.organicwastetreatments.com\/es\/wp-json\/wp\/v2\/pages\/668","targetHints":{"allow":["GET"]}}],"collection":[{"href":"https:\/\/www.organicwastetreatments.com\/es\/wp-json\/wp\/v2\/pages"}],"about":[{"href":"https:\/\/www.organicwastetreatments.com\/es\/wp-json\/wp\/v2\/types\/page"}],"author":[{"embeddable":true,"href":"https:\/\/www.organicwastetreatments.com\/es\/wp-json\/wp\/v2\/users\/3"}],"replies":[{"embeddable":true,"href":"https:\/\/www.organicwastetreatments.com\/es\/wp-json\/wp\/v2\/comments?post=668"}],"version-history":[{"count":4,"href":"https:\/\/www.organicwastetreatments.com\/es\/wp-json\/wp\/v2\/pages\/668\/revisions"}],"predecessor-version":[{"id":708,"href":"https:\/\/www.organicwastetreatments.com\/es\/wp-json\/wp\/v2\/pages\/668\/revisions\/708"}],"wp:attachment":[{"href":"https:\/\/www.organicwastetreatments.com\/es\/wp-json\/wp\/v2\/media?parent=668"}],"curies":[{"name":"wp","href":"https:\/\/api.w.org\/{rel}","templated":true}]}}