{"id":807,"date":"2026-03-28T17:18:15","date_gmt":"2026-03-28T15:18:15","guid":{"rendered":"https:\/\/www.organicwastetreatments.com\/accessibilite\/"},"modified":"2026-03-31T20:08:29","modified_gmt":"2026-03-31T18:08:29","slug":"accessibilite","status":"publish","type":"page","link":"https:\/\/www.organicwastetreatments.com\/fr\/accessibilite\/","title":{"rendered":"Accessibilit\u00e9"},"content":{"rendered":"<div class=\"et_pb_section_0 et_pb_section et_section_regular et_block_section\">\n<div class=\"et_pb_row_0 et_pb_row et_block_row\">\n<div class=\"et_pb_column_0 et_pb_column et_pb_column_4_4 et-last-child et_block_column et_pb_css_mix_blend_mode_passthrough\">\n<div class=\"et_pb_text_0 et_pb_text et_pb_bg_layout_light et_animated et_pb_module et_block_module\"><div class=\"et_pb_text_inner\"><h1>Accessibilit\u00e9<\/h1>\n<\/div><\/div>\n<\/div>\n<\/div>\n<\/div>\n\n<div class=\"et_pb_section_1 et_pb_section et_section_regular et_block_section\">\n<div class=\"et_pb_row_1 et_pb_row et-vb-row--no-module et_block_row\">\n<div class=\"et_pb_column_1 et_pb_column et_pb_column_4_4 et-last-child et_block_column et_pb_column_empty et_pb_css_mix_blend_mode_passthrough\"><\/div>\n<\/div>\n<\/div>\n\n<div class=\"et_pb_section_2 et_pb_section et_section_regular et_block_section\">\n<div class=\"et_pb_row_2 et_pb_row et_block_row\">\n<div class=\"et_pb_column_2 et_pb_column et_pb_column_4_4 et-last-child et_block_column et_pb_css_mix_blend_mode_passthrough\">\n<div class=\"et_pb_text_1 et_pb_text et_pb_bg_layout_light et_pb_module et_block_module\"><div class=\"et_pb_text_inner\"><p><!-- wp:heading --><\/p>\n<h1 data-section-id=\"j6ry58\" data-start=\"280\" data-end=\"309\">D\u00e9claration d\u2019accessibilit\u00e9<\/h1>\n<p data-start=\"311\" data-end=\"712\"><strong data-start=\"311\" data-end=\"339\">Organic Waste Treatments<\/strong> s\u2019engage \u00e0 rendre son site web accessible, conform\u00e9ment au <strong data-start=\"402\" data-end=\"446\">d\u00e9cret royal 1112\/2018 du 7 septembre<\/strong> relatif \u00e0 l\u2019accessibilit\u00e9 des sites web et des applications pour dispositifs mobiles du secteur public, ainsi qu\u2019aux exigences d\u2019accessibilit\u00e9 \u00e9tablies par la norme <strong data-start=\"610\" data-end=\"627\">UNE-EN 301549<\/strong> et les <strong data-start=\"634\" data-end=\"703\">R\u00e8gles pour l\u2019accessibilit\u00e9 des contenus Web (WCAG) 2.1 niveau AA<\/strong> du W3C.<\/p>\n<h2 data-section-id=\"4l274l\" data-start=\"714\" data-end=\"736\">\u00c9tat de conformit\u00e9<\/h2>\n<p data-start=\"738\" data-end=\"919\">Ce site web est <strong data-start=\"757\" data-end=\"811\">partiellement conforme au d\u00e9cret royal 1112\/2018<\/strong>, en raison d\u2019\u00e9ventuelles exceptions et de certains aspects en cours de r\u00e9vision et d\u2019am\u00e9lioration continue.<\/p>\n<p data-start=\"921\" data-end=\"1116\">L\u2019objectif est de garantir que toutes les personnes, quelles que soient leurs capacit\u00e9s ou le dispositif utilis\u00e9, puissent acc\u00e9der aux informations et aux services propos\u00e9s sur ce site web.<\/p>\n<h2 data-section-id=\"1l1ocs5\" data-start=\"1118\" data-end=\"1144\">Contenu non accessible<\/h2>\n<p data-start=\"1146\" data-end=\"1247\">Le contenu d\u00e9taill\u00e9 ci-dessous pourrait ne pas \u00eatre compl\u00e8tement accessible pour les raisons suivantes :<\/p>\n<h3 data-section-id=\"1mj647n\" data-start=\"1249\" data-end=\"1293\">D\u00e9faut de conformit\u00e9 avec le RD 1112\/2018<\/h3>\n<p data-start=\"1295\" data-end=\"1417\">Il pourrait exister certains \u00e9l\u00e9ments ponctuels ne respectant pas totalement toutes les exigences d\u2019accessibilit\u00e9, comme par exemple :<\/p>\n<ul data-start=\"1419\" data-end=\"1732\">\n<li data-section-id=\"rq6rb7\" data-start=\"1419\" data-end=\"1518\">\n<p data-start=\"1421\" data-end=\"1518\">Certains contenus multim\u00e9dias qui pourraient ne pas disposer de toutes les alternatives textuelles compl\u00e8tes.<\/p>\n<\/li>\n<li data-section-id=\"1mlumyh\" data-start=\"1519\" data-end=\"1600\">\n<p data-start=\"1521\" data-end=\"1600\">D\u2019\u00e9ventuelles incoh\u00e9rences mineures dans la structure s\u00e9mantique de certains contenus.<\/p>\n<\/li>\n<li data-section-id=\"18e407x\" data-start=\"1601\" data-end=\"1732\">\n<p data-start=\"1603\" data-end=\"1732\">Certains formulaires ou \u00e9l\u00e9ments interactifs qui pourraient pr\u00e9senter des limitations ponctuelles pour certaines technologies d\u2019assistance.<\/p>\n<\/li>\n<\/ul>\n<p data-start=\"1734\" data-end=\"1836\">Ces situations sont r\u00e9vis\u00e9es p\u00e9riodiquement afin d\u2019am\u00e9liorer l\u2019accessibilit\u00e9 du site web.<\/p>\n<h3 data-section-id=\"1mpnuhn\" data-start=\"1838\" data-end=\"1866\">Charge disproportionn\u00e9e<\/h3>\n<p data-start=\"1868\" data-end=\"1878\">Ne s\u2019applique pas.<\/p>\n<h3 data-section-id=\"1myrwcc\" data-start=\"1880\" data-end=\"1936\">Contenu hors du champ d\u2019application de la l\u00e9gislation applicable<\/h3>\n<p data-start=\"1938\" data-end=\"2148\">Il pourrait exister des documents en formats bureautiques, tels que des <strong data-start=\"1994\" data-end=\"2020\">PDF ou d\u2019autres documents<\/strong>, publi\u00e9s avant l\u2019entr\u00e9e en vigueur de la r\u00e9glementation, qui ne respectent pas totalement toutes les exigences d\u2019accessibilit\u00e9.<\/p>\n<h2 data-section-id=\"z1wzqw\" data-start=\"2150\" data-end=\"2201\">Pr\u00e9paration de cette d\u00e9claration d\u2019accessibilit\u00e9<\/h2>\n<p data-start=\"2203\" data-end=\"2265\">Cette d\u00e9claration a \u00e9t\u00e9 pr\u00e9par\u00e9e le 09\/03\/2026.<\/p>\n<p data-start=\"2267\" data-end=\"2440\">La m\u00e9thode utilis\u00e9e pour pr\u00e9parer cette d\u00e9claration a \u00e9t\u00e9 une <strong data-start=\"2332\" data-end=\"2357\">auto-\u00e9valuation interne<\/strong>, bas\u00e9e sur des r\u00e9visions techniques et des outils automatiques d\u2019analyse d\u2019accessibilit\u00e9.<\/p>\n<p data-start=\"2442\" data-end=\"2538\">La d\u00e9claration sera r\u00e9vis\u00e9e p\u00e9riodiquement pour continuer \u00e0 am\u00e9liorer l\u2019accessibilit\u00e9 du site web.<\/p>\n<h2 data-section-id=\"19syaux\" data-start=\"2540\" data-end=\"2575\">Observations et coordonn\u00e9es<\/h2>\n<p data-start=\"2577\" data-end=\"2768\">Si vous rencontrez des difficult\u00e9s pour acc\u00e9der \u00e0 un contenu de ce site web ou si vous souhaitez formuler une question ou une suggestion relative \u00e0 l\u2019accessibilit\u00e9, vous pouvez nous contacter via :<\/p>\n<ul data-start=\"2770\" data-end=\"2855\">\n<li data-section-id=\"10idwvy\" data-start=\"2770\" data-end=\"2824\">\n<p data-start=\"2772\" data-end=\"2824\">E-mail :  <strong data-start=\"2791\" data-end=\"2824\"><a data-start=\"2793\" data-end=\"2822\" class=\"decorated-link cursor-pointer\" rel=\"noopener\">alter-entorn@alter-entorn.com<span aria-hidden=\"true\" class=\"ms-0.5 inline-block align-middle leading-none\"><svg xmlns=\"http:\/\/www.w3.org\/2000\/svg\" width=\"20\" height=\"20\" aria-hidden=\"true\" data-rtl-flip=\"\" class=\"block h-[0.75em] w-[0.75em] stroke-current stroke-[0.75]\"><use href=\"\/cdn\/assets\/sprites-core-ni7q5mnh.svg#304883\" fill=\"currentColor\"><\/use><\/svg><\/span><\/a><\/strong><\/p>\n<\/li>\n<li data-section-id=\"16ntr0x\" data-start=\"2825\" data-end=\"2855\">\n<p data-start=\"2827\" data-end=\"2855\">T\u00e9l\u00e9phone : <strong data-start=\"2836\" data-end=\"2855\">+34 977 407 788<\/strong><\/p>\n<\/li>\n<\/ul>\n<p data-start=\"2857\" data-end=\"2965\">Vous pouvez \u00e9galement communiquer tout incident d\u2019accessibilit\u00e9 ou demander des informations dans des formats accessibles.<\/p>\n<h2 data-section-id=\"5m9zmr\" data-start=\"2967\" data-end=\"2993\">Proc\u00e9dure d\u2019application<\/h2>\n<p data-start=\"2995\" data-end=\"3270\">Si, apr\u00e8s avoir effectu\u00e9 une demande d\u2019information accessible ou une plainte li\u00e9e \u00e0 l\u2019accessibilit\u00e9, celle-ci est rejet\u00e9e ou si vous n\u2019\u00eates pas d\u2019accord avec la d\u00e9cision adopt\u00e9e, vous pouvez entamer une r\u00e9clamation conform\u00e9ment \u00e0 la proc\u00e9dure pr\u00e9vue par le <strong data-start=\"3243\" data-end=\"3269\">d\u00e9cret royal 1112\/2018<\/strong>.<\/p>\n<h2 data-section-id=\"1cqbktu\" data-start=\"3277\" data-end=\"3299\">Financement europ\u00e9en<\/h2>\n<p data-start=\"3301\" data-end=\"3492\">Ce site web a \u00e9t\u00e9 d\u00e9velopp\u00e9 dans le cadre du <strong data-start=\"3354\" data-end=\"3378\">Programme Kit Digital<\/strong>, financ\u00e9 par les fonds europ\u00e9ens <strong data-start=\"3408\" data-end=\"3430\">Next Generation EU<\/strong> au sein du <strong data-start=\"3440\" data-end=\"3491\">Plan de Relance, de Transformation et de R\u00e9silience<\/strong>.<\/p>\n<p><!-- \/wp:paragraph --><\/p>\n<\/div><\/div>\n<\/div>\n<\/div>\n<\/div>\n\n<div class=\"et_pb_section_3 et_pb_section et_section_regular et_block_section\"><\/div>\n\n<div class=\"et_pb_section_4 et_pb_section et_section_regular et_block_section\">\n<div class=\"et_pb_row_3 et_pb_row et_block_row\">\n<div class=\"et_pb_column_3 et_pb_column et_pb_column_4_4 et-last-child et_block_column et_pb_css_mix_blend_mode_passthrough\">\n<div class=\"et_pb_text_2 et_pb_text et_pb_bg_layout_dark et_animated et_pb_module et_block_module et_pb_text_align_center\"><div class=\"et_pb_text_inner\"><p><strong>Trouvez votre solution microbiologique !<\/strong><\/p>\n<\/div><\/div>\n\n<div class=\"et_pb_module et_pb_button_module_wrapper et_pb_button_0_wrapper\"><a class=\"et_pb_button_0 et_pb_button et_pb_bg_layout_light et_animated et_pb_module et_block_module\" href=\"https:\/\/www.organicwastetreatments.com\/fr\/?page_id=898\">Contact<\/a><\/div>\n<\/div>\n<\/div>\n<\/div>","protected":false},"excerpt":{"rendered":"","protected":false},"author":3,"featured_media":0,"parent":0,"menu_order":0,"comment_status":"closed","ping_status":"closed","template":"","meta":{"footnotes":""},"class_list":["post-807","page","type-page","status-publish","hentry"],"yoast_head":"<!-- This site is optimized with the Yoast SEO plugin v27.0 - https:\/\/yoast.com\/product\/yoast-seo-wordpress\/ -->\n<title>Accessibilit\u00e9 - Organic Waste Treatments<\/title>\n<meta name=\"description\" content=\"Organic Waste Treatments s\u2019engage \u00e0 rendre son site web accessible, conform\u00e9ment au d\u00e9cret royal 1112\/2018 du 7 septembre\" \/>\n<meta name=\"robots\" content=\"index, follow, max-snippet:-1, max-image-preview:large, max-video-preview:-1\" \/>\n<link rel=\"canonical\" href=\"https:\/\/www.organicwastetreatments.com\/fr\/accessibilite\/\" \/>\n<meta property=\"og:locale\" content=\"fr_FR\" \/>\n<meta property=\"og:type\" content=\"article\" \/>\n<meta property=\"og:title\" content=\"Accessibilit\u00e9 - Organic Waste Treatments\" \/>\n<meta property=\"og:description\" content=\"Organic Waste Treatments s\u2019engage \u00e0 rendre son site web accessible, conform\u00e9ment au d\u00e9cret royal 1112\/2018 du 7 septembre\" \/>\n<meta property=\"og:url\" content=\"https:\/\/www.organicwastetreatments.com\/fr\/accessibilite\/\" \/>\n<meta property=\"og:site_name\" content=\"Organic Waste Treatments\" \/>\n<meta property=\"article:modified_time\" content=\"2026-03-31T18:08:29+00:00\" \/>\n<meta name=\"twitter:card\" content=\"summary_large_image\" \/>\n<script type=\"application\/ld+json\" class=\"yoast-schema-graph\">{\"@context\":\"https:\/\/schema.org\",\"@graph\":[{\"@type\":\"WebPage\",\"@id\":\"https:\/\/www.organicwastetreatments.com\/fr\/accessibilite\/\",\"url\":\"https:\/\/www.organicwastetreatments.com\/fr\/accessibilite\/\",\"name\":\"Accessibilit\u00e9 - Organic Waste Treatments\",\"isPartOf\":{\"@id\":\"https:\/\/www.organicwastetreatments.com\/fr\/#website\"},\"datePublished\":\"2026-03-28T15:18:15+00:00\",\"dateModified\":\"2026-03-31T18:08:29+00:00\",\"description\":\"Organic Waste Treatments s\u2019engage \u00e0 rendre son site web accessible, conform\u00e9ment au d\u00e9cret royal 1112\/2018 du 7 septembre\",\"breadcrumb\":{\"@id\":\"https:\/\/www.organicwastetreatments.com\/fr\/accessibilite\/#breadcrumb\"},\"inLanguage\":\"fr-FR\",\"potentialAction\":[{\"@type\":\"ReadAction\",\"target\":[\"https:\/\/www.organicwastetreatments.com\/fr\/accessibilite\/\"]}]},{\"@type\":\"BreadcrumbList\",\"@id\":\"https:\/\/www.organicwastetreatments.com\/fr\/accessibilite\/#breadcrumb\",\"itemListElement\":[{\"@type\":\"ListItem\",\"position\":1,\"name\":\"Inici\",\"item\":\"https:\/\/www.organicwastetreatments.com\/fr\/\"},{\"@type\":\"ListItem\",\"position\":2,\"name\":\"Accessibilit\u00e9\"}]},{\"@type\":\"WebSite\",\"@id\":\"https:\/\/www.organicwastetreatments.com\/fr\/#website\",\"url\":\"https:\/\/www.organicwastetreatments.com\/fr\/\",\"name\":\"Organic Waste Treatments\",\"description\":\"\",\"potentialAction\":[{\"@type\":\"SearchAction\",\"target\":{\"@type\":\"EntryPoint\",\"urlTemplate\":\"https:\/\/www.organicwastetreatments.com\/fr\/?s={search_term_string}\"},\"query-input\":{\"@type\":\"PropertyValueSpecification\",\"valueRequired\":true,\"valueName\":\"search_term_string\"}}],\"inLanguage\":\"fr-FR\"}]}<\/script>\n<!-- \/ Yoast SEO plugin. -->","yoast_head_json":{"title":"Accessibilit\u00e9 - Organic Waste Treatments","description":"Organic Waste Treatments s\u2019engage \u00e0 rendre son site web accessible, conform\u00e9ment au d\u00e9cret royal 1112\/2018 du 7 septembre","robots":{"index":"index","follow":"follow","max-snippet":"max-snippet:-1","max-image-preview":"max-image-preview:large","max-video-preview":"max-video-preview:-1"},"canonical":"https:\/\/www.organicwastetreatments.com\/fr\/accessibilite\/","og_locale":"fr_FR","og_type":"article","og_title":"Accessibilit\u00e9 - Organic Waste Treatments","og_description":"Organic Waste Treatments s\u2019engage \u00e0 rendre son site web accessible, conform\u00e9ment au d\u00e9cret royal 1112\/2018 du 7 septembre","og_url":"https:\/\/www.organicwastetreatments.com\/fr\/accessibilite\/","og_site_name":"Organic Waste Treatments","article_modified_time":"2026-03-31T18:08:29+00:00","twitter_card":"summary_large_image","schema":{"@context":"https:\/\/schema.org","@graph":[{"@type":"WebPage","@id":"https:\/\/www.organicwastetreatments.com\/fr\/accessibilite\/","url":"https:\/\/www.organicwastetreatments.com\/fr\/accessibilite\/","name":"Accessibilit\u00e9 - Organic Waste Treatments","isPartOf":{"@id":"https:\/\/www.organicwastetreatments.com\/fr\/#website"},"datePublished":"2026-03-28T15:18:15+00:00","dateModified":"2026-03-31T18:08:29+00:00","description":"Organic Waste Treatments s\u2019engage \u00e0 rendre son site web accessible, conform\u00e9ment au d\u00e9cret royal 1112\/2018 du 7 septembre","breadcrumb":{"@id":"https:\/\/www.organicwastetreatments.com\/fr\/accessibilite\/#breadcrumb"},"inLanguage":"fr-FR","potentialAction":[{"@type":"ReadAction","target":["https:\/\/www.organicwastetreatments.com\/fr\/accessibilite\/"]}]},{"@type":"BreadcrumbList","@id":"https:\/\/www.organicwastetreatments.com\/fr\/accessibilite\/#breadcrumb","itemListElement":[{"@type":"ListItem","position":1,"name":"Inici","item":"https:\/\/www.organicwastetreatments.com\/fr\/"},{"@type":"ListItem","position":2,"name":"Accessibilit\u00e9"}]},{"@type":"WebSite","@id":"https:\/\/www.organicwastetreatments.com\/fr\/#website","url":"https:\/\/www.organicwastetreatments.com\/fr\/","name":"Organic Waste Treatments","description":"","potentialAction":[{"@type":"SearchAction","target":{"@type":"EntryPoint","urlTemplate":"https:\/\/www.organicwastetreatments.com\/fr\/?s={search_term_string}"},"query-input":{"@type":"PropertyValueSpecification","valueRequired":true,"valueName":"search_term_string"}}],"inLanguage":"fr-FR"}]}},"_links":{"self":[{"href":"https:\/\/www.organicwastetreatments.com\/fr\/wp-json\/wp\/v2\/pages\/807","targetHints":{"allow":["GET"]}}],"collection":[{"href":"https:\/\/www.organicwastetreatments.com\/fr\/wp-json\/wp\/v2\/pages"}],"about":[{"href":"https:\/\/www.organicwastetreatments.com\/fr\/wp-json\/wp\/v2\/types\/page"}],"author":[{"embeddable":true,"href":"https:\/\/www.organicwastetreatments.com\/fr\/wp-json\/wp\/v2\/users\/3"}],"replies":[{"embeddable":true,"href":"https:\/\/www.organicwastetreatments.com\/fr\/wp-json\/wp\/v2\/comments?post=807"}],"version-history":[{"count":3,"href":"https:\/\/www.organicwastetreatments.com\/fr\/wp-json\/wp\/v2\/pages\/807\/revisions"}],"predecessor-version":[{"id":944,"href":"https:\/\/www.organicwastetreatments.com\/fr\/wp-json\/wp\/v2\/pages\/807\/revisions\/944"}],"wp:attachment":[{"href":"https:\/\/www.organicwastetreatments.com\/fr\/wp-json\/wp\/v2\/media?parent=807"}],"curies":[{"name":"wp","href":"https:\/\/api.w.org\/{rel}","templated":true}]}}