{"id":813,"date":"2026-03-28T17:11:31","date_gmt":"2026-03-28T15:11:31","guid":{"rendered":"https:\/\/www.organicwastetreatments.com\/mentions-legales\/"},"modified":"2026-04-10T19:40:43","modified_gmt":"2026-04-10T17:40:43","slug":"aviso-legal","status":"publish","type":"page","link":"https:\/\/www.organicwastetreatments.com\/fr\/aviso-legal\/","title":{"rendered":"Mentions l\u00e9gales"},"content":{"rendered":"<div class=\"et_pb_section_0 et_pb_section et_section_regular et_block_section\">\n<div class=\"et_pb_row_0 et_pb_row et_block_row\">\n<div class=\"et_pb_column_0 et_pb_column et_pb_column_4_4 et-last-child et_block_column et_pb_css_mix_blend_mode_passthrough\">\n<div class=\"et_pb_text_0 et_pb_text et_pb_bg_layout_light et_animated et_pb_module et_block_module\"><div class=\"et_pb_text_inner\"><h1>Mentions l\u00e9gales<\/h1>\n<\/div><\/div>\n<\/div>\n<\/div>\n<\/div>\n\n<div class=\"et_pb_section_1 et_pb_section et_section_regular et_block_section\">\n<div class=\"et_pb_row_1 et_pb_row et-vb-row--no-module et_block_row\">\n<div class=\"et_pb_column_1 et_pb_column et_pb_column_4_4 et-last-child et_block_column et_pb_column_empty et_pb_css_mix_blend_mode_passthrough\"><\/div>\n<\/div>\n<\/div>\n\n<div class=\"et_pb_section_2 et_pb_section et_section_regular et_block_section\">\n<div class=\"et_pb_row_2 et_pb_row et_block_row\">\n<div class=\"et_pb_column_2 et_pb_column et_pb_column_4_4 et-last-child et_block_column et_pb_css_mix_blend_mode_passthrough\">\n<div class=\"et_pb_text_1 et_pb_text et_pb_bg_layout_light et_pb_module et_block_module\"><div class=\"et_pb_text_inner\"><p><!-- wp:heading --><\/p>\n<h1 data-section-id=\"sckhd3\" data-start=\"260\" data-end=\"273\">Mentions l\u00e9gales<\/h1>\n<h2 data-section-id=\"9s92c6\" data-start=\"275\" data-end=\"302\"><\/h2>\n<h2 data-section-id=\"1vt3ifa\" data-start=\"143\" data-end=\"170\">1. Donn\u00e9es d\u2019identification<\/h2>\n<p data-start=\"172\" data-end=\"403\">Conform\u00e9ment \u00e0 l\u2019obligation d\u2019information pr\u00e9vue \u00e0 l\u2019<strong data-start=\"223\" data-end=\"349\">article 10 de la Loi 34\/2002, du 11 juillet, relative aux services de la soci\u00e9t\u00e9 de l\u2019information et au commerce \u00e9lectronique (LSSI-CE)<\/strong>, il est indiqu\u00e9 que le pr\u00e9sent site web est la propri\u00e9t\u00e9 de :<\/p>\n<p data-start=\"405\" data-end=\"458\"><strong data-start=\"405\" data-end=\"417\">Titre :<\/strong> Alter Entorn S.L.<br data-start=\"435\" data-end=\"438\"><strong data-start=\"438\" data-end=\"446\">NIF :<\/strong> B43862473<\/p>\n<p data-start=\"460\" data-end=\"547\"><strong data-start=\"460\" data-end=\"480\">Bureau social :<\/strong><br data-start=\"480\" data-end=\"483\">Cam\u00ed de San Jeroni 3<br data-start=\"503\" data-end=\"506\">43740 M\u00f3ra d\u2019Ebre (Tarragone) \u2013 Espagne<\/p>\n<p data-start=\"549\" data-end=\"634\"><strong data-start=\"549\" data-end=\"561\">T\u00e9l\u00e9phone :<\/strong> +34 977 407 788<br data-start=\"577\" data-end=\"580\"><strong data-start=\"580\" data-end=\"602\">Email :<\/strong> <a data-start=\"980\" data-end=\"1009\" class=\"decorated-link cursor-pointer\" rel=\"noopener\">alter-entorn@alter-entorn.com<span aria-hidden=\"true\" class=\"ms-0.5 inline-block align-middle leading-none\"><\/span><\/a><\/p>\n<h2 data-section-id=\"1i0yn8p\" data-start=\"683\" data-end=\"696\"><\/h2>\n<h2 data-section-id=\"1i0yn8p\" data-start=\"683\" data-end=\"696\">2. Objet<\/h2>\n<p data-start=\"698\" data-end=\"875\">Les pr\u00e9sentes Mentions l\u00e9gales r\u00e9gissent l\u2019acc\u00e8s, la navigation et l\u2019utilisation du site web <strong data-start=\"764\" data-end=\"794\">organicwastetreatments.com<\/strong>, ainsi que les responsabilit\u00e9s d\u00e9coulant de l\u2019utilisation de ses contenus.<\/p>\n<p data-start=\"877\" data-end=\"1062\">L\u2019acc\u00e8s et la navigation sur ce site web conf\u00e8rent la qualit\u00e9 d\u2019<strong data-start=\"946\" data-end=\"956\">utilisateur<\/strong> et impliquent l\u2019acceptation pleine et sans r\u00e9serve de toutes les dispositions incluses dans les pr\u00e9sentes Mentions l\u00e9gales.<\/p>\n<h2 data-section-id=\"8hnpi3\" data-start=\"1069\" data-end=\"1090\"><\/h2>\n<h2 data-section-id=\"8hnpi3\" data-start=\"1069\" data-end=\"1090\">3. Conditions d\u2019utilisation<\/h2>\n<p data-start=\"1092\" data-end=\"1253\">L\u2019utilisateur s\u2019engage \u00e0 faire un usage appropri\u00e9 des contenus et des services propos\u00e9s par le site web et, \u00e0 titre indicatif mais non limitatif, \u00e0 ne pas les utiliser pour :<\/p>\n<ul data-start=\"1255\" data-end=\"1571\">\n<li data-section-id=\"7uj1uf\" data-start=\"1255\" data-end=\"1334\">\n<p data-start=\"1257\" data-end=\"1334\">R\u00e9aliser des activit\u00e9s illicites ou contraires \u00e0 la bonne foi et \u00e0 l\u2019ordre public.<\/p>\n<\/li>\n<li data-section-id=\"ip8zy6\" data-start=\"1335\" data-end=\"1461\">\n<p data-start=\"1337\" data-end=\"1461\">Diffuser des contenus ou une propagande de nature ill\u00e9gale, raciste, x\u00e9nophobe, pornographique ou portant atteinte aux droits humains.<\/p>\n<\/li>\n<li data-section-id=\"1b673f9\" data-start=\"1462\" data-end=\"1571\">\n<p data-start=\"1464\" data-end=\"1571\">Provoquer des dommages aux syst\u00e8mes physiques et logiques du titulaire du site web, de ses fournisseurs ou de tiers.<\/p>\n<\/li>\n<\/ul>\n<p data-start=\"1573\" data-end=\"1700\">Le titulaire se r\u00e9serve le droit de retirer tout commentaire ou contribution qui enfreint la l\u00e9gislation en vigueur ou qui serait inappropri\u00e9.<\/p>\n<h2 data-section-id=\"1k9h8dm\" data-start=\"1707\" data-end=\"1749\"><\/h2>\n<h2 data-section-id=\"1k9h8dm\" data-start=\"1707\" data-end=\"1749\">4. Propri\u00e9t\u00e9 intellectuelle et industrielle<\/h2>\n<p data-start=\"1751\" data-end=\"2006\">Tous les contenus du site web, y compris, \u00e0 titre indicatif mais non limitatif, <strong data-start=\"1836\" data-end=\"1922\">textes, images, graphiques, logos, ic\u00f4nes, logiciels, conception graphique et code source<\/strong>, sont la propri\u00e9t\u00e9 d\u2019<strong data-start=\"1940\" data-end=\"1961\">Alter Entorn S.L.<\/strong> ou de tiers ayant autoris\u00e9 leur utilisation.<\/p>\n<p data-start=\"2008\" data-end=\"2147\">Toute reproduction, distribution, communication publique ou transformation des contenus est interdite sans l\u2019autorisation expresse du titulaire.<\/p>\n<h2 data-section-id=\"1vrprdi\" data-start=\"2154\" data-end=\"2175\"><\/h2>\n<h2 data-section-id=\"1vrprdi\" data-start=\"2154\" data-end=\"2175\">5. Responsabilit\u00e9<\/h2>\n<p data-start=\"2177\" data-end=\"2385\">Alter Entorn S.L. ne saurait \u00eatre tenue responsable des dommages ou pr\u00e9judices pouvant d\u00e9couler de l\u2019utilisation des informations contenues sur ce site web, ni de l\u2019indisponibilit\u00e9 ou du manque de continuit\u00e9 de son fonctionnement.<\/p>\n<p data-start=\"2387\" data-end=\"2502\">De m\u00eame, le titulaire n\u2019est pas responsable du contenu des liens externes pouvant appara\u00eetre sur le site web.<\/p>\n<h2 data-section-id=\"1wqwr9r\" data-start=\"2509\" data-end=\"2531\"><\/h2>\n<h2 data-section-id=\"1wqwr9r\" data-start=\"2509\" data-end=\"2531\">6. Liens externes<\/h2>\n<p data-start=\"2533\" data-end=\"2705\">Dans le cas o\u00f9 le site web inclurait des liens vers d\u2019autres sites Internet, Alter Entorn S.L. n\u2019exercera aucun type de contr\u00f4le sur ces sites ni sur leurs contenus.<\/p>\n<p data-start=\"2707\" data-end=\"2823\">En aucun cas Alter Entorn S.L. n\u2019assumera une quelconque responsabilit\u00e9 pour les contenus de liens appartenant \u00e0 des sites web de tiers.<\/p>\n<h2 data-section-id=\"a18owc\" data-start=\"2830\" data-end=\"2854\"><\/h2>\n<h2 data-section-id=\"a18owc\" data-start=\"2830\" data-end=\"2854\">7. Protection des donn\u00e9es<\/h2>\n<p data-start=\"2856\" data-end=\"3034\">Le traitement des donn\u00e9es personnelles pouvant \u00eatre collect\u00e9es via ce site web sera r\u00e9gi par les dispositions de la <strong data-start=\"2972\" data-end=\"2998\">Politique de confidentialit\u00e9<\/strong>, disponible sur ce m\u00eame site web.<\/p>\n<h2 data-section-id=\"1r3jjk7\" data-start=\"3041\" data-end=\"3081\"><\/h2>\n<h2 data-section-id=\"1r3jjk7\" data-start=\"3041\" data-end=\"3081\">8. L\u00e9gislation applicable et juridiction<\/h2>\n<p data-start=\"3083\" data-end=\"3179\">La relation entre le titulaire du site web et l\u2019utilisateur sera r\u00e9gie par la r\u00e9glementation espagnole en vigueur.<\/p>\n<p data-start=\"3181\" data-end=\"3372\">Pour la r\u00e9solution de tout litige pouvant d\u00e9couler de l\u2019acc\u00e8s ou de l\u2019utilisation du site web, les parties se soumettront aux <strong data-start=\"3301\" data-end=\"3371\">juridictions comp\u00e9tentes conform\u00e9ment \u00e0 la l\u00e9gislation applicable<\/strong>.<\/p>\n<p><!-- \/wp:paragraph --><\/p>\n<\/div><\/div>\n<\/div>\n<\/div>\n<\/div>\n\n<div class=\"et_pb_section_3 et_pb_section et_section_regular et_block_section\"><\/div>\n\n<div class=\"et_pb_section_4 et_pb_section et_section_regular et_block_section\">\n<div class=\"et_pb_row_3 et_pb_row et_block_row\">\n<div class=\"et_pb_column_3 et_pb_column et_pb_column_4_4 et-last-child et_block_column et_pb_css_mix_blend_mode_passthrough\">\n<div class=\"et_pb_text_2 et_pb_text et_pb_bg_layout_dark et_animated et_pb_module et_block_module et_pb_text_align_center\"><div class=\"et_pb_text_inner\"><p><strong>Trouvez votre solution microbiologique !<\/strong><\/p>\n<\/div><\/div>\n\n<div class=\"et_pb_module et_pb_button_module_wrapper et_pb_button_0_wrapper\"><a class=\"et_pb_button_0 et_pb_button et_pb_bg_layout_light et_animated et_pb_module et_block_module\" href=\"https:\/\/www.organicwastetreatments.com\/fr\/contact\/\">Contact<\/a><\/div>\n<\/div>\n<\/div>\n<\/div>","protected":false},"excerpt":{"rendered":"","protected":false},"author":3,"featured_media":0,"parent":0,"menu_order":0,"comment_status":"closed","ping_status":"closed","template":"","meta":{"footnotes":""},"class_list":["post-813","page","type-page","status-publish","hentry"],"yoast_head":"<!-- This site is optimized with the Yoast SEO plugin v27.0 - https:\/\/yoast.com\/product\/yoast-seo-wordpress\/ -->\n<title>Mentions l\u00e9gales - Organic Waste Treatments<\/title>\n<meta name=\"description\" content=\"Conform\u00e9ment \u00e0 l\u2019obligation d\u2019information pr\u00e9vue \u00e0 l\u2019article 10 de la Loi 34\/2002, du 11 juillet, relative aux services de la soci\u00e9t\u00e9 de l\u2019information et au commerce \u00e9lectronique (LSSI-CE),\" \/>\n<meta name=\"robots\" content=\"index, follow, max-snippet:-1, max-image-preview:large, max-video-preview:-1\" \/>\n<link rel=\"canonical\" href=\"https:\/\/www.organicwastetreatments.com\/fr\/aviso-legal\/\" \/>\n<meta property=\"og:locale\" content=\"fr_FR\" \/>\n<meta property=\"og:type\" content=\"article\" \/>\n<meta property=\"og:title\" content=\"Mentions l\u00e9gales - Organic Waste Treatments\" \/>\n<meta property=\"og:description\" content=\"Conform\u00e9ment \u00e0 l\u2019obligation d\u2019information pr\u00e9vue \u00e0 l\u2019article 10 de la Loi 34\/2002, du 11 juillet, relative aux services de la soci\u00e9t\u00e9 de l\u2019information et au commerce \u00e9lectronique (LSSI-CE),\" \/>\n<meta property=\"og:url\" content=\"https:\/\/www.organicwastetreatments.com\/fr\/aviso-legal\/\" \/>\n<meta property=\"og:site_name\" content=\"Organic Waste Treatments\" \/>\n<meta property=\"article:modified_time\" content=\"2026-04-10T17:40:43+00:00\" \/>\n<meta name=\"twitter:card\" content=\"summary_large_image\" \/>\n<script type=\"application\/ld+json\" class=\"yoast-schema-graph\">{\"@context\":\"https:\/\/schema.org\",\"@graph\":[{\"@type\":\"WebPage\",\"@id\":\"https:\/\/www.organicwastetreatments.com\/fr\/aviso-legal\/\",\"url\":\"https:\/\/www.organicwastetreatments.com\/fr\/aviso-legal\/\",\"name\":\"Mentions l\u00e9gales - Organic Waste Treatments\",\"isPartOf\":{\"@id\":\"https:\/\/www.organicwastetreatments.com\/fr\/#website\"},\"datePublished\":\"2026-03-28T15:11:31+00:00\",\"dateModified\":\"2026-04-10T17:40:43+00:00\",\"description\":\"Conform\u00e9ment \u00e0 l\u2019obligation d\u2019information pr\u00e9vue \u00e0 l\u2019article 10 de la Loi 34\/2002, du 11 juillet, relative aux services de la soci\u00e9t\u00e9 de l\u2019information et au commerce \u00e9lectronique (LSSI-CE),\",\"breadcrumb\":{\"@id\":\"https:\/\/www.organicwastetreatments.com\/fr\/aviso-legal\/#breadcrumb\"},\"inLanguage\":\"fr-FR\",\"potentialAction\":[{\"@type\":\"ReadAction\",\"target\":[\"https:\/\/www.organicwastetreatments.com\/fr\/aviso-legal\/\"]}]},{\"@type\":\"BreadcrumbList\",\"@id\":\"https:\/\/www.organicwastetreatments.com\/fr\/aviso-legal\/#breadcrumb\",\"itemListElement\":[{\"@type\":\"ListItem\",\"position\":1,\"name\":\"Inici\",\"item\":\"https:\/\/www.organicwastetreatments.com\/fr\/\"},{\"@type\":\"ListItem\",\"position\":2,\"name\":\"Mentions l\u00e9gales\"}]},{\"@type\":\"WebSite\",\"@id\":\"https:\/\/www.organicwastetreatments.com\/fr\/#website\",\"url\":\"https:\/\/www.organicwastetreatments.com\/fr\/\",\"name\":\"Organic Waste Treatments\",\"description\":\"\",\"potentialAction\":[{\"@type\":\"SearchAction\",\"target\":{\"@type\":\"EntryPoint\",\"urlTemplate\":\"https:\/\/www.organicwastetreatments.com\/fr\/?s={search_term_string}\"},\"query-input\":{\"@type\":\"PropertyValueSpecification\",\"valueRequired\":true,\"valueName\":\"search_term_string\"}}],\"inLanguage\":\"fr-FR\"}]}<\/script>\n<!-- \/ Yoast SEO plugin. -->","yoast_head_json":{"title":"Mentions l\u00e9gales - Organic Waste Treatments","description":"Conform\u00e9ment \u00e0 l\u2019obligation d\u2019information pr\u00e9vue \u00e0 l\u2019article 10 de la Loi 34\/2002, du 11 juillet, relative aux services de la soci\u00e9t\u00e9 de l\u2019information et au commerce \u00e9lectronique (LSSI-CE),","robots":{"index":"index","follow":"follow","max-snippet":"max-snippet:-1","max-image-preview":"max-image-preview:large","max-video-preview":"max-video-preview:-1"},"canonical":"https:\/\/www.organicwastetreatments.com\/fr\/aviso-legal\/","og_locale":"fr_FR","og_type":"article","og_title":"Mentions l\u00e9gales - Organic Waste Treatments","og_description":"Conform\u00e9ment \u00e0 l\u2019obligation d\u2019information pr\u00e9vue \u00e0 l\u2019article 10 de la Loi 34\/2002, du 11 juillet, relative aux services de la soci\u00e9t\u00e9 de l\u2019information et au commerce \u00e9lectronique (LSSI-CE),","og_url":"https:\/\/www.organicwastetreatments.com\/fr\/aviso-legal\/","og_site_name":"Organic Waste Treatments","article_modified_time":"2026-04-10T17:40:43+00:00","twitter_card":"summary_large_image","schema":{"@context":"https:\/\/schema.org","@graph":[{"@type":"WebPage","@id":"https:\/\/www.organicwastetreatments.com\/fr\/aviso-legal\/","url":"https:\/\/www.organicwastetreatments.com\/fr\/aviso-legal\/","name":"Mentions l\u00e9gales - Organic Waste Treatments","isPartOf":{"@id":"https:\/\/www.organicwastetreatments.com\/fr\/#website"},"datePublished":"2026-03-28T15:11:31+00:00","dateModified":"2026-04-10T17:40:43+00:00","description":"Conform\u00e9ment \u00e0 l\u2019obligation d\u2019information pr\u00e9vue \u00e0 l\u2019article 10 de la Loi 34\/2002, du 11 juillet, relative aux services de la soci\u00e9t\u00e9 de l\u2019information et au commerce \u00e9lectronique (LSSI-CE),","breadcrumb":{"@id":"https:\/\/www.organicwastetreatments.com\/fr\/aviso-legal\/#breadcrumb"},"inLanguage":"fr-FR","potentialAction":[{"@type":"ReadAction","target":["https:\/\/www.organicwastetreatments.com\/fr\/aviso-legal\/"]}]},{"@type":"BreadcrumbList","@id":"https:\/\/www.organicwastetreatments.com\/fr\/aviso-legal\/#breadcrumb","itemListElement":[{"@type":"ListItem","position":1,"name":"Inici","item":"https:\/\/www.organicwastetreatments.com\/fr\/"},{"@type":"ListItem","position":2,"name":"Mentions l\u00e9gales"}]},{"@type":"WebSite","@id":"https:\/\/www.organicwastetreatments.com\/fr\/#website","url":"https:\/\/www.organicwastetreatments.com\/fr\/","name":"Organic Waste Treatments","description":"","potentialAction":[{"@type":"SearchAction","target":{"@type":"EntryPoint","urlTemplate":"https:\/\/www.organicwastetreatments.com\/fr\/?s={search_term_string}"},"query-input":{"@type":"PropertyValueSpecification","valueRequired":true,"valueName":"search_term_string"}}],"inLanguage":"fr-FR"}]}},"_links":{"self":[{"href":"https:\/\/www.organicwastetreatments.com\/fr\/wp-json\/wp\/v2\/pages\/813","targetHints":{"allow":["GET"]}}],"collection":[{"href":"https:\/\/www.organicwastetreatments.com\/fr\/wp-json\/wp\/v2\/pages"}],"about":[{"href":"https:\/\/www.organicwastetreatments.com\/fr\/wp-json\/wp\/v2\/types\/page"}],"author":[{"embeddable":true,"href":"https:\/\/www.organicwastetreatments.com\/fr\/wp-json\/wp\/v2\/users\/3"}],"replies":[{"embeddable":true,"href":"https:\/\/www.organicwastetreatments.com\/fr\/wp-json\/wp\/v2\/comments?post=813"}],"version-history":[{"count":6,"href":"https:\/\/www.organicwastetreatments.com\/fr\/wp-json\/wp\/v2\/pages\/813\/revisions"}],"predecessor-version":[{"id":1108,"href":"https:\/\/www.organicwastetreatments.com\/fr\/wp-json\/wp\/v2\/pages\/813\/revisions\/1108"}],"wp:attachment":[{"href":"https:\/\/www.organicwastetreatments.com\/fr\/wp-json\/wp\/v2\/media?parent=813"}],"curies":[{"name":"wp","href":"https:\/\/api.w.org\/{rel}","templated":true}]}}