{"id":816,"date":"2026-03-28T16:16:36","date_gmt":"2026-03-28T14:16:36","guid":{"rendered":"https:\/\/www.organicwastetreatments.com\/qui-sommes-nous\/"},"modified":"2026-04-02T11:14:08","modified_gmt":"2026-04-02T09:14:08","slug":"qui-sommes-nous","status":"publish","type":"page","link":"https:\/\/www.organicwastetreatments.com\/fr\/qui-sommes-nous\/","title":{"rendered":"Qui sommes-nous"},"content":{"rendered":"<div class=\"et_pb_section_0 et_pb_section et_section_regular et_block_section\">\n<div class=\"et_pb_row_0 et_pb_row et_block_row\">\n<div class=\"et_pb_column_0 et_pb_column et_pb_column_4_4 et-last-child et_block_column et_pb_css_mix_blend_mode_passthrough\">\n<div class=\"et_pb_text_0 et_pb_text et_pb_bg_layout_light et_animated et_pb_module et_block_module\"><div class=\"et_pb_text_inner\"><h1>Qui sommes-nous<\/h1>\n<\/div><\/div>\n\n<div class=\"et_pb_text_1 et_pb_text et_pb_bg_layout_light et_animated et_pb_module et_block_module\"><div class=\"et_pb_text_inner\"><p class=\"p1\"><strong>Organic waste Treatment est une entreprise orient\u00e9e vers la proposition de solutions durables dans diff\u00e9rents domaines, sp\u00e9cialis\u00e9e dans le traitement de la mati\u00e8re organique et l\u2019adaptation de celle-ci \u00e0 ses traitements ult\u00e9rieurs.<\/strong><\/p>\n<\/div><\/div>\n<\/div>\n<\/div>\n<\/div>\n\n<div class=\"et_pb_section_1 et_pb_section et_section_regular et_block_section\">\n<div class=\"et_pb_row_1 et_pb_row et-vb-row--no-module et_block_row\">\n<div class=\"et_pb_column_1 et_pb_column et_pb_column_4_4 et-last-child et_block_column et_pb_column_empty et_pb_css_mix_blend_mode_passthrough\"><\/div>\n<\/div>\n<\/div>\n\n<div class=\"et_pb_section_2 et_pb_section et_section_regular et_block_section\">\n<div class=\"et_pb_row_2 et_pb_row et_block_row\">\n<div class=\"et_pb_column_2 et_pb_column et_pb_column_4_4 et-last-child et_block_column et_pb_css_mix_blend_mode_passthrough\">\n<div class=\"et_pb_divider_0 et_pb_divider et_pb_space et_pb_divider_position_top et_animated et_pb_module\"><div class=\"et_pb_divider_internal\"><\/div><\/div>\n\n<div class=\"et_pb_text_2 et_pb_text et_pb_bg_layout_light et_animated et_pb_module et_block_module et_pb_text_align_center\"><div class=\"et_pb_text_inner\"><p class=\"p1\">Le traitement et la valorisation de la mati\u00e8re organique sont associ\u00e9s \u00e0 une s\u00e9rie de d\u00e9fis et de besoins qui trouvent une solution gr\u00e2ce \u00e0 l\u2019utilisation de la microbiologie : odeurs, mouches, processus inefficaces, co\u00fbts \u00e9nerg\u00e9tiques \u00e9lev\u00e9s\u2026<\/p>\n<\/div><\/div>\n\n<div class=\"et_pb_divider_1 et_pb_divider et_pb_space et_pb_divider_position_top et_animated et_pb_module\"><div class=\"et_pb_divider_internal\"><\/div><\/div>\n<\/div>\n<\/div>\n<\/div>\n\n<div class=\"et_pb_section_3 et_pb_section et_section_regular et_block_section\">\n<div class=\"et_pb_row_3 et_pb_row et-vb-row--no-module et_grid_row et_animated\">\n<div class=\"et_pb_column_3 et_pb_column et_block_column et_pb_column_empty et_pb_css_mix_blend_mode_passthrough\"><\/div>\n\n<div class=\"et_pb_column_4 et_pb_column et_flex_column et_pb_column_empty et_pb_css_mix_blend_mode_passthrough\"><\/div>\n\n<div class=\"et_pb_column_5 et_pb_column et-last-child et_flex_column et_pb_column_empty et_pb_css_mix_blend_mode_passthrough\"><\/div>\n<\/div>\n<\/div>\n\n<div class=\"et_pb_section_4 et_pb_section et_section_regular et_block_section\">\n<div class=\"et_pb_row_4 et_pb_row et_block_row\">\n<div class=\"et_pb_column_6 et_pb_column et_pb_column_4_4 et-last-child et_block_column et_pb_css_mix_blend_mode_passthrough\">\n<div class=\"et_pb_divider_2 et_pb_divider et_pb_space et_pb_divider_position_top et_animated et_pb_module\"><div class=\"et_pb_divider_internal\"><\/div><\/div>\n\n<div class=\"et_pb_text_3 et_pb_text et_pb_bg_layout_light et_animated et_pb_module et_block_module et_pb_text_align_center\"><div class=\"et_pb_text_inner\"><p class=\"p1\">Nous mettons \u00e0 votre disposition notre exp\u00e9rience et nos connaissances pour d\u00e9velopper les solutions les plus efficaces dans chaque cas. La r\u00e9cup\u00e9ration de mat\u00e9riaux et leur valorisation commerciale font \u00e9galement partie de notre champ d\u2019action, et par extension, toute probl\u00e9matique affectant l\u2019installation de traitement.<\/p>\n<\/div><\/div>\n\n<div class=\"et_pb_divider_3 et_pb_divider et_pb_space et_pb_divider_position_top et_animated et_pb_module\"><div class=\"et_pb_divider_internal\"><\/div><\/div>\n<\/div>\n<\/div>\n<\/div>\n\n<div class=\"et_pb_section_5 et_pb_section et_section_regular et_block_section\">\n<div class=\"et_pb_row_5 et_pb_row et-vb-row--no-module et_grid_row et_animated\">\n<div class=\"et_pb_column_7 et_pb_column et_block_column et_pb_column_empty et_pb_css_mix_blend_mode_passthrough\"><\/div>\n\n<div class=\"et_pb_column_8 et_pb_column et_flex_column et_pb_column_empty et_pb_css_mix_blend_mode_passthrough\"><\/div>\n\n<div class=\"et_pb_column_9 et_pb_column et-last-child et_flex_column et_pb_column_empty et_pb_css_mix_blend_mode_passthrough\"><\/div>\n<\/div>\n<\/div>\n\n<div class=\"et_pb_section_6 et_pb_section et_section_regular et_block_section\">\n<div class=\"et_pb_row_6 et_pb_row et_block_row\">\n<div class=\"et_pb_column_10 et_pb_column et_pb_column_4_4 et-last-child et_block_column et_pb_css_mix_blend_mode_passthrough\">\n<div class=\"et_pb_divider_4 et_pb_divider et_pb_space et_pb_divider_position_top et_animated et_pb_module\"><div class=\"et_pb_divider_internal\"><\/div><\/div>\n\n<div class=\"et_pb_text_4 et_pb_text et_pb_bg_layout_light et_animated et_pb_module et_block_module et_pb_text_align_center\"><div class=\"et_pb_text_inner\"><p class=\"p1\">Les gestionnaires de d\u00e9chets solides urbains et de l\u2019industrie alimentaire sont des clients potentiels de notre entreprise, mais aussi les secteurs agricoles, d\u2019\u00e9levage et du traitement des eaux us\u00e9es.<\/p>\n<\/div><\/div>\n\n<div class=\"et_pb_divider_5 et_pb_divider et_pb_space et_pb_divider_position_top et_animated et_pb_module\"><div class=\"et_pb_divider_internal\"><\/div><\/div>\n<\/div>\n<\/div>\n<\/div>\n\n<div class=\"et_pb_section_7 et_pb_section et_section_regular et_block_section\"><\/div>\n\n<div class=\"et_pb_section_8 et_pb_section et_section_regular et_block_section\">\n<div class=\"et_pb_row_7 et_pb_row et_block_row\">\n<div class=\"et_pb_column_11 et_pb_column et_pb_column_4_4 et-last-child et_block_column et_pb_css_mix_blend_mode_passthrough\">\n<div class=\"et_pb_text_5 et_pb_text et_pb_bg_layout_dark et_animated et_pb_module et_block_module et_pb_text_align_center\"><div class=\"et_pb_text_inner\"><p><strong>Trouvez votre solution microbiologique !<\/strong><\/p>\n<\/div><\/div>\n\n<div class=\"et_pb_module et_pb_button_module_wrapper et_pb_button_0_wrapper\"><a class=\"et_pb_button_0 et_pb_button et_pb_bg_layout_light et_animated et_pb_module et_block_module\" href=\"https:\/\/www.organicwastetreatments.com\/fr\/contact\/\">Contact<\/a><\/div>\n<\/div>\n<\/div>\n<\/div>","protected":false},"excerpt":{"rendered":"","protected":false},"author":3,"featured_media":0,"parent":0,"menu_order":0,"comment_status":"closed","ping_status":"closed","template":"","meta":{"footnotes":""},"class_list":["post-816","page","type-page","status-publish","hentry"],"yoast_head":"<!-- This site is optimized with the Yoast SEO plugin v27.0 - https:\/\/yoast.com\/product\/yoast-seo-wordpress\/ -->\n<title>Qui sommes-nous - Organic Waste Treatments<\/title>\n<meta name=\"description\" content=\"Organic waste Treatment est une entreprise orient\u00e9e vers la proposition de solutions durables dans diff\u00e9rents domaines, sp\u00e9cialis\u00e9e dans le traitement de la mati\u00e8re organique et l\u2019adaptation de celle-ci \u00e0 ses traitements ult\u00e9rieurs.\" \/>\n<meta name=\"robots\" content=\"index, follow, max-snippet:-1, max-image-preview:large, max-video-preview:-1\" \/>\n<link rel=\"canonical\" href=\"https:\/\/www.organicwastetreatments.com\/fr\/qui-sommes-nous\/\" \/>\n<meta property=\"og:locale\" content=\"fr_FR\" \/>\n<meta property=\"og:type\" content=\"article\" \/>\n<meta property=\"og:title\" content=\"Qui sommes-nous - Organic Waste Treatments\" \/>\n<meta property=\"og:description\" content=\"Organic waste Treatment est une entreprise orient\u00e9e vers la proposition de solutions durables dans diff\u00e9rents domaines, sp\u00e9cialis\u00e9e dans le traitement de la mati\u00e8re organique et l\u2019adaptation de celle-ci \u00e0 ses traitements ult\u00e9rieurs.\" \/>\n<meta property=\"og:url\" content=\"https:\/\/www.organicwastetreatments.com\/fr\/qui-sommes-nous\/\" \/>\n<meta property=\"og:site_name\" content=\"Organic Waste Treatments\" \/>\n<meta property=\"article:modified_time\" content=\"2026-04-02T09:14:08+00:00\" \/>\n<meta name=\"twitter:card\" content=\"summary_large_image\" \/>\n<script type=\"application\/ld+json\" class=\"yoast-schema-graph\">{\"@context\":\"https:\/\/schema.org\",\"@graph\":[{\"@type\":\"WebPage\",\"@id\":\"https:\/\/www.organicwastetreatments.com\/fr\/qui-sommes-nous\/\",\"url\":\"https:\/\/www.organicwastetreatments.com\/fr\/qui-sommes-nous\/\",\"name\":\"Qui sommes-nous - Organic Waste Treatments\",\"isPartOf\":{\"@id\":\"https:\/\/www.organicwastetreatments.com\/fr\/#website\"},\"datePublished\":\"2026-03-28T14:16:36+00:00\",\"dateModified\":\"2026-04-02T09:14:08+00:00\",\"description\":\"Organic waste Treatment est une entreprise orient\u00e9e vers la proposition de solutions durables dans diff\u00e9rents domaines, sp\u00e9cialis\u00e9e dans le traitement de la mati\u00e8re organique et l\u2019adaptation de celle-ci \u00e0 ses traitements ult\u00e9rieurs.\",\"breadcrumb\":{\"@id\":\"https:\/\/www.organicwastetreatments.com\/fr\/qui-sommes-nous\/#breadcrumb\"},\"inLanguage\":\"fr-FR\",\"potentialAction\":[{\"@type\":\"ReadAction\",\"target\":[\"https:\/\/www.organicwastetreatments.com\/fr\/qui-sommes-nous\/\"]}]},{\"@type\":\"BreadcrumbList\",\"@id\":\"https:\/\/www.organicwastetreatments.com\/fr\/qui-sommes-nous\/#breadcrumb\",\"itemListElement\":[{\"@type\":\"ListItem\",\"position\":1,\"name\":\"Inici\",\"item\":\"https:\/\/www.organicwastetreatments.com\/fr\/\"},{\"@type\":\"ListItem\",\"position\":2,\"name\":\"Qui sommes-nous\"}]},{\"@type\":\"WebSite\",\"@id\":\"https:\/\/www.organicwastetreatments.com\/fr\/#website\",\"url\":\"https:\/\/www.organicwastetreatments.com\/fr\/\",\"name\":\"Organic Waste Treatments\",\"description\":\"\",\"potentialAction\":[{\"@type\":\"SearchAction\",\"target\":{\"@type\":\"EntryPoint\",\"urlTemplate\":\"https:\/\/www.organicwastetreatments.com\/fr\/?s={search_term_string}\"},\"query-input\":{\"@type\":\"PropertyValueSpecification\",\"valueRequired\":true,\"valueName\":\"search_term_string\"}}],\"inLanguage\":\"fr-FR\"}]}<\/script>\n<!-- \/ Yoast SEO plugin. -->","yoast_head_json":{"title":"Qui sommes-nous - Organic Waste Treatments","description":"Organic waste Treatment est une entreprise orient\u00e9e vers la proposition de solutions durables dans diff\u00e9rents domaines, sp\u00e9cialis\u00e9e dans le traitement de la mati\u00e8re organique et l\u2019adaptation de celle-ci \u00e0 ses traitements ult\u00e9rieurs.","robots":{"index":"index","follow":"follow","max-snippet":"max-snippet:-1","max-image-preview":"max-image-preview:large","max-video-preview":"max-video-preview:-1"},"canonical":"https:\/\/www.organicwastetreatments.com\/fr\/qui-sommes-nous\/","og_locale":"fr_FR","og_type":"article","og_title":"Qui sommes-nous - Organic Waste Treatments","og_description":"Organic waste Treatment est une entreprise orient\u00e9e vers la proposition de solutions durables dans diff\u00e9rents domaines, sp\u00e9cialis\u00e9e dans le traitement de la mati\u00e8re organique et l\u2019adaptation de celle-ci \u00e0 ses traitements ult\u00e9rieurs.","og_url":"https:\/\/www.organicwastetreatments.com\/fr\/qui-sommes-nous\/","og_site_name":"Organic Waste Treatments","article_modified_time":"2026-04-02T09:14:08+00:00","twitter_card":"summary_large_image","schema":{"@context":"https:\/\/schema.org","@graph":[{"@type":"WebPage","@id":"https:\/\/www.organicwastetreatments.com\/fr\/qui-sommes-nous\/","url":"https:\/\/www.organicwastetreatments.com\/fr\/qui-sommes-nous\/","name":"Qui sommes-nous - Organic Waste Treatments","isPartOf":{"@id":"https:\/\/www.organicwastetreatments.com\/fr\/#website"},"datePublished":"2026-03-28T14:16:36+00:00","dateModified":"2026-04-02T09:14:08+00:00","description":"Organic waste Treatment est une entreprise orient\u00e9e vers la proposition de solutions durables dans diff\u00e9rents domaines, sp\u00e9cialis\u00e9e dans le traitement de la mati\u00e8re organique et l\u2019adaptation de celle-ci \u00e0 ses traitements ult\u00e9rieurs.","breadcrumb":{"@id":"https:\/\/www.organicwastetreatments.com\/fr\/qui-sommes-nous\/#breadcrumb"},"inLanguage":"fr-FR","potentialAction":[{"@type":"ReadAction","target":["https:\/\/www.organicwastetreatments.com\/fr\/qui-sommes-nous\/"]}]},{"@type":"BreadcrumbList","@id":"https:\/\/www.organicwastetreatments.com\/fr\/qui-sommes-nous\/#breadcrumb","itemListElement":[{"@type":"ListItem","position":1,"name":"Inici","item":"https:\/\/www.organicwastetreatments.com\/fr\/"},{"@type":"ListItem","position":2,"name":"Qui sommes-nous"}]},{"@type":"WebSite","@id":"https:\/\/www.organicwastetreatments.com\/fr\/#website","url":"https:\/\/www.organicwastetreatments.com\/fr\/","name":"Organic Waste Treatments","description":"","potentialAction":[{"@type":"SearchAction","target":{"@type":"EntryPoint","urlTemplate":"https:\/\/www.organicwastetreatments.com\/fr\/?s={search_term_string}"},"query-input":{"@type":"PropertyValueSpecification","valueRequired":true,"valueName":"search_term_string"}}],"inLanguage":"fr-FR"}]}},"_links":{"self":[{"href":"https:\/\/www.organicwastetreatments.com\/fr\/wp-json\/wp\/v2\/pages\/816","targetHints":{"allow":["GET"]}}],"collection":[{"href":"https:\/\/www.organicwastetreatments.com\/fr\/wp-json\/wp\/v2\/pages"}],"about":[{"href":"https:\/\/www.organicwastetreatments.com\/fr\/wp-json\/wp\/v2\/types\/page"}],"author":[{"embeddable":true,"href":"https:\/\/www.organicwastetreatments.com\/fr\/wp-json\/wp\/v2\/users\/3"}],"replies":[{"embeddable":true,"href":"https:\/\/www.organicwastetreatments.com\/fr\/wp-json\/wp\/v2\/comments?post=816"}],"version-history":[{"count":5,"href":"https:\/\/www.organicwastetreatments.com\/fr\/wp-json\/wp\/v2\/pages\/816\/revisions"}],"predecessor-version":[{"id":1015,"href":"https:\/\/www.organicwastetreatments.com\/fr\/wp-json\/wp\/v2\/pages\/816\/revisions\/1015"}],"wp:attachment":[{"href":"https:\/\/www.organicwastetreatments.com\/fr\/wp-json\/wp\/v2\/media?parent=816"}],"curies":[{"name":"wp","href":"https:\/\/api.w.org\/{rel}","templated":true}]}}