{"id":843,"date":"2026-03-26T21:21:07","date_gmt":"2026-03-26T19:21:07","guid":{"rendered":"https:\/\/www.organicwastetreatments.com\/microbiologie-elgan\/"},"modified":"2026-04-02T11:09:47","modified_gmt":"2026-04-02T09:09:47","slug":"microbiologie-elgan","status":"publish","type":"page","link":"https:\/\/www.organicwastetreatments.com\/fr\/microbiologie-elgan\/","title":{"rendered":"Microbiologie Elgan"},"content":{"rendered":"<div class=\"et_pb_section_0 et_pb_section et_section_regular et_block_section\">\n<div class=\"et_pb_row_0 et_pb_row et_block_row\">\n<div class=\"et_pb_column_0 et_pb_column et_pb_column_4_4 et-last-child et_block_column et_pb_css_mix_blend_mode_passthrough\">\n<div class=\"et_pb_text_0 et_pb_text et_pb_bg_layout_light et_animated et_pb_module et_block_module\"><div class=\"et_pb_text_inner\"><h1>Microbiologie Elgan\u00ae  <\/h1>\n<\/div><\/div>\n\n<div class=\"et_pb_text_1 et_pb_text et_pb_bg_layout_light et_animated et_pb_module et_block_module\"><div class=\"et_pb_text_inner\"><p class=\"p1\"><strong>Elgan\u00ae est une technologie microbienne avec diff\u00e9rentes applications et b\u00e9n\u00e9fices durables dans le traitement des d\u00e9chets organiques de diff\u00e9rents secteurs d\u2019activit\u00e9.<\/strong><\/p>\n<\/div><\/div>\n<\/div>\n<\/div>\n<\/div>\n\n<div class=\"et_pb_section_1 et_pb_section et_section_regular et_block_section\">\n<div class=\"et_pb_row_1 et_pb_row et-vb-row--no-module et_block_row\">\n<div class=\"et_pb_column_1 et_pb_column et_pb_column_4_4 et-last-child et_block_column et_pb_column_empty et_pb_css_mix_blend_mode_passthrough\"><\/div>\n<\/div>\n<\/div>\n\n<div class=\"et_pb_section_2 et_pb_section et_section_regular et_block_section\">\n<div class=\"et_pb_row_2 et_pb_row et_block_row\">\n<div class=\"et_pb_column_2 et_pb_column et_pb_column_4_4 et-last-child et_block_column et_pb_css_mix_blend_mode_passthrough\">\n<div class=\"et_pb_divider_0 et_pb_divider et_pb_space et_pb_divider_position_top et_animated et_pb_module\"><div class=\"et_pb_divider_internal\"><\/div><\/div>\n\n<div class=\"et_pb_text_2 et_pb_text et_pb_bg_layout_light et_animated et_pb_module et_block_module et_pb_text_align_center\"><div class=\"et_pb_text_inner\"><p class=\"p1\"><strong>La microbiologie Elgan\u00ae est \u00e0 la fois un syst\u00e8me de compostage en soi et un outil permettant de r\u00e9duire les mauvaises odeurs, les populations de mouches ou de nettoyer des surfaces tr\u00e8s sales avec de la mati\u00e8re organique incrust\u00e9e.<\/strong><\/p>\n<\/div><\/div>\n\n<div class=\"et_pb_divider_1 et_pb_divider et_pb_space et_pb_divider_position_top et_animated et_pb_module\"><div class=\"et_pb_divider_internal\"><\/div><\/div>\n<\/div>\n<\/div>\n<\/div>\n\n<div class=\"et_pb_section_3 et_pb_section et_section_regular et_block_section et_animated\"><span class=\"et_pb_background_mask\"><\/span>\n<div class=\"et_pb_row_3 et_pb_row et_block_row\">\n<div class=\"et_pb_column_3 et_pb_column et_pb_column_4_4 et-last-child et_block_column et_pb_css_mix_blend_mode_passthrough\">\n<div class=\"et_pb_text_3 et_pb_text et_pb_bg_layout_light et_animated et_pb_module et_block_module\"><div class=\"et_pb_text_inner\"><h2>Certifi\u00e9s par<br \/>\nEcocert\u00ae  <\/h2>\n<\/div><\/div>\n\n<div class=\"et_pb_text_4 et_pb_text et_pb_bg_layout_light et_animated et_pb_module et_block_module\"><div class=\"et_pb_text_inner\"><p class=\"p1\"><strong>Tous les produits sont certifi\u00e9s<\/strong> par Ecocert\u00ae Espagne et sont adapt\u00e9s \u00e0 une utilisation en agriculture biologique conform\u00e9ment aux r\u00e8glements UE n\u00b0 2018\/848 et 2021\/1165 Contr\u00f4le ECOCERT SAS<\/p>\n<\/div><\/div>\n<\/div>\n<\/div>\n<\/div>\n\n<div class=\"et_pb_section_4 et_pb_section et_section_regular et_block_section et_animated\"><span class=\"et_pb_background_mask\"><\/span>\n<div class=\"et_pb_row_4 et_pb_row et_block_row\">\n<div class=\"et_pb_column_4 et_pb_column et_pb_column_4_4 et-last-child et_block_column et_pb_css_mix_blend_mode_passthrough\">\n<div class=\"et_pb_text_5 et_pb_text et_pb_bg_layout_dark et_animated et_pb_module et_block_module\"><div class=\"et_pb_text_inner\"><h2>Sant\u00e9 et environnement<\/h2>\n<\/div><\/div>\n\n<div class=\"et_pb_text_6 et_pb_text et_pb_bg_layout_dark et_animated et_pb_module et_block_module\"><div class=\"et_pb_text_inner\"><p>Les produits se pr\u00e9sentent sous forme liquide, sont faciles \u00e0 m\u00e9langer et \u00e0 manipuler.  <\/p>\n<\/div><\/div>\n<\/div>\n<\/div>\n<\/div>\n\n<div class=\"et_pb_section_5 et_pb_section et_section_regular et_block_section\">\n<div class=\"et_pb_row_5 et_pb_row et_block_row\">\n<div class=\"et_pb_column_5 et_pb_column et_pb_column_4_4 et-last-child et_block_column et_pb_css_mix_blend_mode_passthrough\">\n<div class=\"et_pb_divider_2 et_pb_divider et_pb_space et_pb_divider_position_top et_animated et_pb_module\"><div class=\"et_pb_divider_internal\"><\/div><\/div>\n\n<div class=\"et_pb_text_7 et_pb_text et_pb_bg_layout_light et_animated et_pb_module et_block_module et_pb_text_align_center\"><div class=\"et_pb_text_inner\"><p class=\"p1\"><span style=\"font-size: x-large; font-family: 'Days One'; font-weight: normal;\"><strong>Respectueux de la sant\u00e9 et de l\u2019environnement<\/strong><\/span><\/p>\n<p class=\"p1\"><span class=\"s1\">Ils sont le r\u00e9sultat de :<\/span><\/p>\n<p class=\"p2\">- La <strong>combinaison de la microbiologie<\/strong> avec d\u2019autres produits naturels, et ils sont exempts de substances chimiques nocives.<\/p>\n<p class=\"p2\">- Le fruit du <strong>travail quotidien<\/strong> avec nos clients.<\/p>\n<p class=\"p2\"><strong>Le tout soutenu sur le terrain par une \u00e9quipe technique disposant de plus de 30 ans d\u2019exp\u00e9rience sur tous types de d\u00e9chets organiques.<\/strong><\/p>\n<p style=\"font-weight: 400;\"><span style=\"font-family: inherit; font-weight: normal; font-size: x-large;\"><strong>Nous connaissons, comprenons et g\u00e9rons vos besoins et vos d\u00e9fis !  <\/strong><\/span><\/p>\n<\/div><\/div>\n\n<div class=\"et_pb_divider_3 et_pb_divider et_pb_space et_pb_divider_position_top et_animated et_pb_module\"><div class=\"et_pb_divider_internal\"><\/div><\/div>\n<\/div>\n<\/div>\n<\/div>\n\n<div class=\"et_pb_section_6 et_pb_section et_section_regular et_block_section\"><\/div>\n\n<div class=\"et_pb_section_7 et_pb_section et_section_regular et_block_section\">\n<div class=\"et_pb_row_6 et_pb_row et_block_row\">\n<div class=\"et_pb_column_6 et_pb_column et_pb_column_4_4 et-last-child et_block_column et_pb_css_mix_blend_mode_passthrough\">\n<div class=\"et_pb_text_8 et_pb_text et_pb_bg_layout_dark et_animated et_pb_module et_block_module et_pb_text_align_center\"><div class=\"et_pb_text_inner\"><p><strong>Trouvez votre solution microbiologique !<\/strong><\/p>\n<\/div><\/div>\n\n<div class=\"et_pb_module et_pb_button_module_wrapper et_pb_button_0_wrapper\"><a class=\"et_pb_button_0 et_pb_button et_pb_bg_layout_light et_animated et_pb_module et_block_module\" href=\"https:\/\/www.organicwastetreatments.com\/fr\/contact\/\">Contact<\/a><\/div>\n<\/div>\n<\/div>\n<\/div>","protected":false},"excerpt":{"rendered":"","protected":false},"author":3,"featured_media":0,"parent":0,"menu_order":0,"comment_status":"closed","ping_status":"closed","template":"","meta":{"footnotes":""},"class_list":["post-843","page","type-page","status-publish","hentry"],"yoast_head":"<!-- This site is optimized with the Yoast SEO plugin v27.0 - https:\/\/yoast.com\/product\/yoast-seo-wordpress\/ -->\n<title>Microbiologie Elgan - Organic Waste Treatments<\/title>\n<meta name=\"description\" content=\"Elgan\u00ae est une technologie microbienne avec diff\u00e9rentes applications et b\u00e9n\u00e9fices durables dans le traitement des d\u00e9chets organiques de diff\u00e9rents secteurs d\u2019activit\u00e9.\" \/>\n<meta name=\"robots\" content=\"index, follow, max-snippet:-1, max-image-preview:large, max-video-preview:-1\" \/>\n<link rel=\"canonical\" href=\"https:\/\/www.organicwastetreatments.com\/fr\/microbiologie-elgan\/\" \/>\n<meta property=\"og:locale\" content=\"fr_FR\" \/>\n<meta property=\"og:type\" content=\"article\" \/>\n<meta property=\"og:title\" content=\"Microbiologie Elgan - Organic Waste Treatments\" \/>\n<meta property=\"og:description\" content=\"Elgan\u00ae est une technologie microbienne avec diff\u00e9rentes applications et b\u00e9n\u00e9fices durables dans le traitement des d\u00e9chets organiques de diff\u00e9rents secteurs d\u2019activit\u00e9.\" \/>\n<meta property=\"og:url\" content=\"https:\/\/www.organicwastetreatments.com\/fr\/microbiologie-elgan\/\" \/>\n<meta property=\"og:site_name\" content=\"Organic Waste Treatments\" \/>\n<meta property=\"article:modified_time\" content=\"2026-04-02T09:09:47+00:00\" \/>\n<meta name=\"twitter:card\" content=\"summary_large_image\" \/>\n<script type=\"application\/ld+json\" class=\"yoast-schema-graph\">{\"@context\":\"https:\/\/schema.org\",\"@graph\":[{\"@type\":\"WebPage\",\"@id\":\"https:\/\/www.organicwastetreatments.com\/fr\/microbiologie-elgan\/\",\"url\":\"https:\/\/www.organicwastetreatments.com\/fr\/microbiologie-elgan\/\",\"name\":\"Microbiologie Elgan - Organic Waste Treatments\",\"isPartOf\":{\"@id\":\"https:\/\/www.organicwastetreatments.com\/fr\/#website\"},\"datePublished\":\"2026-03-26T19:21:07+00:00\",\"dateModified\":\"2026-04-02T09:09:47+00:00\",\"description\":\"Elgan\u00ae est une technologie microbienne avec diff\u00e9rentes applications et b\u00e9n\u00e9fices durables dans le traitement des d\u00e9chets organiques de diff\u00e9rents secteurs d\u2019activit\u00e9.\",\"breadcrumb\":{\"@id\":\"https:\/\/www.organicwastetreatments.com\/fr\/microbiologie-elgan\/#breadcrumb\"},\"inLanguage\":\"fr-FR\",\"potentialAction\":[{\"@type\":\"ReadAction\",\"target\":[\"https:\/\/www.organicwastetreatments.com\/fr\/microbiologie-elgan\/\"]}]},{\"@type\":\"BreadcrumbList\",\"@id\":\"https:\/\/www.organicwastetreatments.com\/fr\/microbiologie-elgan\/#breadcrumb\",\"itemListElement\":[{\"@type\":\"ListItem\",\"position\":1,\"name\":\"Inici\",\"item\":\"https:\/\/www.organicwastetreatments.com\/fr\/\"},{\"@type\":\"ListItem\",\"position\":2,\"name\":\"Microbiologie Elgan\"}]},{\"@type\":\"WebSite\",\"@id\":\"https:\/\/www.organicwastetreatments.com\/fr\/#website\",\"url\":\"https:\/\/www.organicwastetreatments.com\/fr\/\",\"name\":\"Organic Waste Treatments\",\"description\":\"\",\"potentialAction\":[{\"@type\":\"SearchAction\",\"target\":{\"@type\":\"EntryPoint\",\"urlTemplate\":\"https:\/\/www.organicwastetreatments.com\/fr\/?s={search_term_string}\"},\"query-input\":{\"@type\":\"PropertyValueSpecification\",\"valueRequired\":true,\"valueName\":\"search_term_string\"}}],\"inLanguage\":\"fr-FR\"}]}<\/script>\n<!-- \/ Yoast SEO plugin. -->","yoast_head_json":{"title":"Microbiologie Elgan - Organic Waste Treatments","description":"Elgan\u00ae est une technologie microbienne avec diff\u00e9rentes applications et b\u00e9n\u00e9fices durables dans le traitement des d\u00e9chets organiques de diff\u00e9rents secteurs d\u2019activit\u00e9.","robots":{"index":"index","follow":"follow","max-snippet":"max-snippet:-1","max-image-preview":"max-image-preview:large","max-video-preview":"max-video-preview:-1"},"canonical":"https:\/\/www.organicwastetreatments.com\/fr\/microbiologie-elgan\/","og_locale":"fr_FR","og_type":"article","og_title":"Microbiologie Elgan - Organic Waste Treatments","og_description":"Elgan\u00ae est une technologie microbienne avec diff\u00e9rentes applications et b\u00e9n\u00e9fices durables dans le traitement des d\u00e9chets organiques de diff\u00e9rents secteurs d\u2019activit\u00e9.","og_url":"https:\/\/www.organicwastetreatments.com\/fr\/microbiologie-elgan\/","og_site_name":"Organic Waste Treatments","article_modified_time":"2026-04-02T09:09:47+00:00","twitter_card":"summary_large_image","schema":{"@context":"https:\/\/schema.org","@graph":[{"@type":"WebPage","@id":"https:\/\/www.organicwastetreatments.com\/fr\/microbiologie-elgan\/","url":"https:\/\/www.organicwastetreatments.com\/fr\/microbiologie-elgan\/","name":"Microbiologie Elgan - Organic Waste Treatments","isPartOf":{"@id":"https:\/\/www.organicwastetreatments.com\/fr\/#website"},"datePublished":"2026-03-26T19:21:07+00:00","dateModified":"2026-04-02T09:09:47+00:00","description":"Elgan\u00ae est une technologie microbienne avec diff\u00e9rentes applications et b\u00e9n\u00e9fices durables dans le traitement des d\u00e9chets organiques de diff\u00e9rents secteurs d\u2019activit\u00e9.","breadcrumb":{"@id":"https:\/\/www.organicwastetreatments.com\/fr\/microbiologie-elgan\/#breadcrumb"},"inLanguage":"fr-FR","potentialAction":[{"@type":"ReadAction","target":["https:\/\/www.organicwastetreatments.com\/fr\/microbiologie-elgan\/"]}]},{"@type":"BreadcrumbList","@id":"https:\/\/www.organicwastetreatments.com\/fr\/microbiologie-elgan\/#breadcrumb","itemListElement":[{"@type":"ListItem","position":1,"name":"Inici","item":"https:\/\/www.organicwastetreatments.com\/fr\/"},{"@type":"ListItem","position":2,"name":"Microbiologie Elgan"}]},{"@type":"WebSite","@id":"https:\/\/www.organicwastetreatments.com\/fr\/#website","url":"https:\/\/www.organicwastetreatments.com\/fr\/","name":"Organic Waste Treatments","description":"","potentialAction":[{"@type":"SearchAction","target":{"@type":"EntryPoint","urlTemplate":"https:\/\/www.organicwastetreatments.com\/fr\/?s={search_term_string}"},"query-input":{"@type":"PropertyValueSpecification","valueRequired":true,"valueName":"search_term_string"}}],"inLanguage":"fr-FR"}]}},"_links":{"self":[{"href":"https:\/\/www.organicwastetreatments.com\/fr\/wp-json\/wp\/v2\/pages\/843","targetHints":{"allow":["GET"]}}],"collection":[{"href":"https:\/\/www.organicwastetreatments.com\/fr\/wp-json\/wp\/v2\/pages"}],"about":[{"href":"https:\/\/www.organicwastetreatments.com\/fr\/wp-json\/wp\/v2\/types\/page"}],"author":[{"embeddable":true,"href":"https:\/\/www.organicwastetreatments.com\/fr\/wp-json\/wp\/v2\/users\/3"}],"replies":[{"embeddable":true,"href":"https:\/\/www.organicwastetreatments.com\/fr\/wp-json\/wp\/v2\/comments?post=843"}],"version-history":[{"count":5,"href":"https:\/\/www.organicwastetreatments.com\/fr\/wp-json\/wp\/v2\/pages\/843\/revisions"}],"predecessor-version":[{"id":997,"href":"https:\/\/www.organicwastetreatments.com\/fr\/wp-json\/wp\/v2\/pages\/843\/revisions\/997"}],"wp:attachment":[{"href":"https:\/\/www.organicwastetreatments.com\/fr\/wp-json\/wp\/v2\/media?parent=843"}],"curies":[{"name":"wp","href":"https:\/\/api.w.org\/{rel}","templated":true}]}}