{"id":852,"date":"2026-03-27T12:31:55","date_gmt":"2026-03-27T10:31:55","guid":{"rendered":"https:\/\/www.organicwastetreatments.com\/secteurs-et-solutions\/"},"modified":"2026-04-02T11:11:25","modified_gmt":"2026-04-02T09:11:25","slug":"secteurs-et-solutions","status":"publish","type":"page","link":"https:\/\/www.organicwastetreatments.com\/fr\/secteurs-et-solutions\/","title":{"rendered":"Secteurs et Solutions"},"content":{"rendered":"<div class=\"et_pb_section_0 et_pb_section et_section_regular et_block_section\">\n<div class=\"et_pb_row_0 et_pb_row et_block_row\">\n<div class=\"et_pb_column_0 et_pb_column et_pb_column_4_4 et-last-child et_block_column et_pb_css_mix_blend_mode_passthrough\">\n<div class=\"et_pb_text_0 et_pb_text et_pb_bg_layout_light et_animated et_pb_module et_block_module\"><div class=\"et_pb_text_inner\"><h1>Secteurs et Solutions<\/h1>\n<\/div><\/div>\n\n<div class=\"et_pb_text_1 et_pb_text et_pb_bg_layout_light et_animated et_pb_module et_block_module\"><div class=\"et_pb_text_inner\"><p><strong>Nos services s'adaptent \u00e0 diff\u00e9rents secteurs li\u00e9s \u00e0 la gestion des d\u00e9chets organiques, offrant des solutions efficaces et durables.<\/strong><\/p>\n<\/div><\/div>\n<\/div>\n<\/div>\n<\/div>\n\n<div class=\"et_pb_section_1 et_pb_section et_section_regular et_block_section\">\n<div class=\"et_pb_row_1 et_pb_row et-vb-row--no-module et_block_row\">\n<div class=\"et_pb_column_1 et_pb_column et_pb_column_4_4 et-last-child et_block_column et_pb_column_empty et_pb_css_mix_blend_mode_passthrough\"><\/div>\n<\/div>\n<\/div>\n\n<div class=\"et_pb_section_2 et_pb_section et_section_regular et_block_section\">\n<div class=\"et_pb_row_2 et_pb_row et_block_row\">\n<div class=\"et_pb_column_2 et_pb_column et_pb_column_4_4 et-last-child et_block_column et_pb_css_mix_blend_mode_passthrough\">\n<div class=\"et_pb_divider_0 et_pb_divider et_pb_space et_pb_divider_position_top et_animated et_pb_module\"><div class=\"et_pb_divider_internal\"><\/div><\/div>\n\n<div class=\"et_pb_text_2 et_pb_text et_pb_bg_layout_light et_animated et_pb_module et_block_module et_pb_text_align_center\"><div class=\"et_pb_text_inner\"><p class=\"p1\"><strong>Nous intervenons dans les usines de compostage, les \u00e9cocentres, les fermes et les syst\u00e8mes domestiques. Nous appliquons des traitements pour r\u00e9duire les odeurs, contr\u00f4ler les nuisibles et am\u00e9liorer les processus biologiques. Nous adaptons la conception en fonction des besoins sp\u00e9cifiques de chaque installation.  <\/strong><\/p>\n<\/div><\/div>\n\n<div class=\"et_pb_divider_1 et_pb_divider et_pb_space et_pb_divider_position_top et_animated et_pb_module\"><div class=\"et_pb_divider_internal\"><\/div><\/div>\n<\/div>\n<\/div>\n<\/div>\n\n<div class=\"et_pb_section_3 et_pb_section et_section_regular et_block_section\">\n<div class=\"et_pb_row_3 et_pb_row et-vb-row--no-module et_block_row\">\n<div class=\"et_pb_column_3 et_pb_column et_pb_column_4_4 et-last-child et_block_column et_pb_column_empty et_pb_css_mix_blend_mode_passthrough\"><\/div>\n<\/div>\n<\/div>\n\n<div class=\"et_pb_section_4 et_pb_section et_section_regular et_block_section\">\n<div class=\"et_pb_row_4 et_pb_row et_block_row\">\n<div class=\"et_pb_column_4 et_pb_column et_pb_column_4_4 et-last-child et_block_column et_pb_css_mix_blend_mode_passthrough\">\n<div class=\"et_pb_image_0 et_pb_image et_animated et_pb_module et_flex_module\"><span class=\"et_pb_image_wrap\"><img loading=\"lazy\" decoding=\"async\" src=\"https:\/\/www.organicwastetreatments.com\/wp-content\/uploads\/2026\/03\/Plantas-de-01-compostaje-w200.png\" alt=\"une maison et un camion de recyclage\" title=\"Usines de compostage\" width=\"200\" height=\"100\" sizes=\"(max-width: 200px) 100vw, 200px\" class=\"wp-image-417\" \/><\/span><\/div>\n\n<div class=\"et_pb_heading_0 et_pb_heading et_animated et_pb_module et_flex_module\"><div class=\"et_pb_heading_container\"><h2 class=\"et_pb_module_header\">Usines de compostage<\/h2><\/div><\/div>\n\n<div class=\"et_pb_text_3 et_pb_text et_pb_bg_layout_light et_animated et_pb_module et_flex_module\"><div class=\"et_pb_text_inner\"><p class=\"p1\"><span style=\"font-size: x-large;\"><b>Avantages de la microbiologie Elgan\u00ae pour les usines de compost en g\u00e9n\u00e9ral :<\/b><\/span><\/p>\n<p class=\"p1\"><span style=\"color: #000000;\"><strong>R\u00e9duit les mauvaises odeurs et les mouches <\/strong><\/span><\/p>\n<p class=\"p1\"><span style=\"color: #000000;\"><strong>Am\u00e9liore la qualit\u00e9 du compost <\/strong><\/span><\/p>\n<p class=\"p1\"><span style=\"color: #000000;\"><strong>Am\u00e9liore les processus de criblage<\/strong><\/span><b><\/b><\/p>\n<p class=\"p3\"><strong><span style=\"text-decoration: underline;\"><span class=\"s1\"><i>Plateforme de compost :<\/i><\/span> <\/span><\/strong><\/p>\n<p class=\"p3\"><strong>L\u2019incorporation de la microbiologie Elgan\u00ae dans un tas de d\u00e9chets (boues, fumiers, grignons d\u2019olive, \u00e9lagage, FORM, MOR\u2026),<span class=\"Apple-converted-space\"> <\/span>fournit l\u2019oxyg\u00e9nation n\u00e9cessaire pour obtenir un excellent processus de compostage, r\u00e9duisant ainsi le nombre de retournements.<\/strong><\/p>\n<p class=\"p3\">Elgan\u00ae (avec Nutri-Start\u00ae et Nutri-Active\u00ae) est un syst\u00e8me de compostage qui permet de r\u00e9duire les d\u00e9penses \u00e9nerg\u00e9tiques (moins de retournements), d\u2019optimiser la surface utile de l\u2019usine (formation de plateaux optimisant les espaces et surfaces des usines), de r\u00e9duire les mauvaises odeurs et les mouches, d\u2019am\u00e9liorer les processus de criblage (moins d\u2019obstructions, plus de compost, refus plus propre), d\u2019am\u00e9liorer la qualit\u00e9 du compost (soutient et augmente la microbiologie du tas et am\u00e9liore le compost obtenu).<\/p>\n<p class=\"p3\">Parfois, nous oublions que le compostage est un processus biologique et non m\u00e9canique.<\/p>\n<\/div><\/div>\n<\/div>\n<\/div>\n<\/div>\n\n<div class=\"et_pb_section_5 et_pb_section et_section_regular et_block_section\">\n<div class=\"et_pb_row_5 et_pb_row et-vb-row--no-module et_flex_row et_animated\">\n<div class=\"et_pb_column_5 et_pb_column et_flex_column et_pb_column_empty et_pb_css_mix_blend_mode_passthrough et_flex_column_12_24 et_flex_column_12_24_tablet et_flex_column_24_24_phone\"><\/div>\n\n<div class=\"et_pb_column_6 et_pb_column et-last-child et_flex_column et_pb_column_empty et_pb_css_mix_blend_mode_passthrough et_flex_column_12_24 et_flex_column_12_24_tablet et_flex_column_24_24_phone\"><\/div>\n<\/div>\n<\/div>\n\n<div class=\"et_pb_section_6 et_pb_section et_section_regular et_block_section\">\n<div class=\"et_pb_row_6 et_pb_row et-vb-row--no-module et_block_row\">\n<div class=\"et_pb_column_7 et_pb_column et_pb_column_4_4 et-last-child et_block_column et_pb_column_empty et_pb_css_mix_blend_mode_passthrough\"><\/div>\n<\/div>\n<\/div>\n\n<div class=\"et_pb_section_7 et_pb_section et_section_regular et_block_section\">\n<div class=\"et_pb_row_7 et_pb_row et_block_row\">\n<div class=\"et_pb_column_8 et_pb_column et_pb_column_4_4 et-last-child et_block_column et_pb_css_mix_blend_mode_passthrough\">\n<div class=\"et_pb_image_1 et_pb_image et_animated et_pb_module et_flex_module\"><span class=\"et_pb_image_wrap\"><img loading=\"lazy\" decoding=\"async\" src=\"https:\/\/www.organicwastetreatments.com\/wp-content\/uploads\/2026\/03\/02-Plantas-de-tratamiento-de-residuos-w200.png\" alt=\"une usine de traitement des d\u00e9chets et un camion\" title=\"Usines de traitement des d\u00e9chets\" width=\"200\" height=\"100\" sizes=\"(max-width: 200px) 100vw, 200px\" class=\"wp-image-419\" \/><\/span><\/div>\n\n<div class=\"et_pb_heading_1 et_pb_heading et_animated et_pb_module et_flex_module\"><div class=\"et_pb_heading_container\"><h2 class=\"et_pb_module_header\">Usines de traitement des d\u00e9chets et de transfert<\/h2><\/div><\/div>\n\n<div class=\"et_pb_text_4 et_pb_text et_pb_bg_layout_light et_animated et_pb_module et_flex_module\"><div class=\"et_pb_text_inner\"><p class=\"p1\"><span style=\"font-size: x-large;\"><strong>Microbiologie Elgan\u00ae pour la r\u00e9duction des mauvaises odeurs et des mouches<\/strong><\/span><\/p>\n<p class=\"p1\"><strong>Elgan\u00ae bloque les r\u00e9actions putr\u00e9factives responsables des mauvaises odeurs<\/strong>. <strong>De plus, son m\u00e9tabolisme permet de mieux recombiner l\u2019Azote avec le Carbone, de sorte que sa perte est bien inf\u00e9rieure.<\/strong><br \/><strong><\/strong><\/p>\n<p class=\"p1\"><strong>Applications r\u00e9ussies dans :<\/strong><\/p>\n<p class=\"p1\">Usines de compost (boues, fumiers, grignons d\u2019olive, \u00e9lagage, FORM, MOR\u2026), stations d\u2019\u00e9puration (alimentaires, textiles, papeteries, abattoirs\u2026) entre autres industries.<\/p>\n<p class=\"p1\"><strong>R\u00e9duction de la population de mouches :<\/strong> son action bloque la synth\u00e8se de chitine dans les \u0153ufs, de sorte qu\u2019ils ne progressent pas vers l\u2019\u00e2ge adulte et que le cycle biologique est interrompu.<\/p>\n<\/div><\/div>\n<\/div>\n<\/div>\n<\/div>\n\n<div class=\"et_pb_section_8 et_pb_section et_section_regular et_block_section\">\n<div class=\"et_pb_row_8 et_pb_row et-vb-row--no-module et_flex_row et_animated\">\n<div class=\"et_pb_column_9 et_pb_column et_flex_column et_pb_column_empty et_pb_css_mix_blend_mode_passthrough et_flex_column_12_24 et_flex_column_12_24_tablet et_flex_column_24_24_phone\"><\/div>\n\n<div class=\"et_pb_column_10 et_pb_column et-last-child et_flex_column et_pb_column_empty et_pb_css_mix_blend_mode_passthrough et_flex_column_12_24 et_flex_column_12_24_tablet et_flex_column_24_24_phone\"><\/div>\n<\/div>\n<\/div>\n\n<div class=\"et_pb_section_9 et_pb_section et_section_regular et_block_section\">\n<div class=\"et_pb_row_9 et_pb_row et-vb-row--no-module et_block_row\">\n<div class=\"et_pb_column_11 et_pb_column et_pb_column_4_4 et-last-child et_block_column et_pb_column_empty et_pb_css_mix_blend_mode_passthrough\"><\/div>\n<\/div>\n<\/div>\n\n<div class=\"et_pb_section_10 et_pb_section et_section_regular et_block_section\">\n<div class=\"et_pb_row_10 et_pb_row et_block_row\">\n<div class=\"et_pb_column_12 et_pb_column et_pb_column_4_4 et-last-child et_block_column et_pb_css_mix_blend_mode_passthrough\">\n<div class=\"et_pb_image_2 et_pb_image et_animated et_pb_module et_flex_module\"><span class=\"et_pb_image_wrap\"><img loading=\"lazy\" decoding=\"async\" src=\"https:\/\/www.organicwastetreatments.com\/wp-content\/uploads\/2026\/03\/03-Digestion-anaerobia-w200.png\" alt=\"usine de digestion\" title=\"Digestion ana\u00e9robie\" width=\"200\" height=\"100\" sizes=\"(max-width: 200px) 100vw, 200px\" class=\"wp-image-422\" \/><\/span><\/div>\n\n<div class=\"et_pb_heading_2 et_pb_heading et_animated et_pb_module et_flex_module\"><div class=\"et_pb_heading_container\"><h2 class=\"et_pb_module_header\">Digestion ana\u00e9robie<\/h2><\/div><\/div>\n\n<div class=\"et_pb_text_5 et_pb_text et_pb_bg_layout_light et_animated et_pb_module et_flex_module\"><div class=\"et_pb_text_inner\"><p class=\"p1\"><strong>Nous apportons des solutions pour :<\/strong><\/p>\n<p class=\"p1\">- La <strong>r\u00e9duction<\/strong> de la concentration de NH<span class=\"s1\"><sub>3<\/sub><\/span> dans les digesteurs et de H<span class=\"s1\"><sub>2<\/sub><\/span>S.<\/p>\n<p class=\"p1\">- Les probl\u00e8mes li\u00e9s \u00e0 l\u2019incapacit\u00e9 d\u2019atteindre la <strong>production nominale<\/strong> de biogaz en raison d\u2019une concentration \u00e9lev\u00e9e de NH<span class=\"s1\"><sub>3.<\/sub><sub><\/sub><\/span><\/p>\n<p class=\"p1\">- L\u2019<strong>am\u00e9lioration de la charge<\/strong> organique (optimisation des rendements).<\/p>\n<p class=\"p1\">- Traiter le <strong>digestat dans les processus<\/strong> de compostage.<\/p>\n<\/div><\/div>\n<\/div>\n<\/div>\n<\/div>\n\n<div class=\"et_pb_section_11 et_pb_section et_section_regular et_block_section\">\n<div class=\"et_pb_row_11 et_pb_row et-vb-row--no-module et_flex_row et_animated\">\n<div class=\"et_pb_column_13 et_pb_column et_flex_column et_pb_column_empty et_pb_css_mix_blend_mode_passthrough et_flex_column_12_24 et_flex_column_12_24_tablet et_flex_column_24_24_phone\"><\/div>\n\n<div class=\"et_pb_column_14 et_pb_column et-last-child et_flex_column et_pb_column_empty et_pb_css_mix_blend_mode_passthrough et_flex_column_12_24 et_flex_column_12_24_tablet et_flex_column_24_24_phone\"><\/div>\n<\/div>\n<\/div>\n\n<div class=\"et_pb_section_12 et_pb_section et_section_regular et_block_section\">\n<div class=\"et_pb_row_12 et_pb_row et-vb-row--no-module et_block_row\">\n<div class=\"et_pb_column_15 et_pb_column et_pb_column_4_4 et-last-child et_block_column et_pb_column_empty et_pb_css_mix_blend_mode_passthrough\"><\/div>\n<\/div>\n<\/div>\n\n<div class=\"et_pb_section_13 et_pb_section et_section_regular et_block_section\">\n<div class=\"et_pb_row_13 et_pb_row et_block_row\">\n<div class=\"et_pb_column_16 et_pb_column et_pb_column_4_4 et-last-child et_block_column et_pb_css_mix_blend_mode_passthrough\">\n<div class=\"et_pb_image_3 et_pb_image et_animated et_pb_module et_flex_module\"><span class=\"et_pb_image_wrap\"><img loading=\"lazy\" decoding=\"async\" src=\"https:\/\/www.organicwastetreatments.com\/wp-content\/uploads\/2026\/03\/04-Balsas-de-lixiviados-w200.png\" title=\"04-Bacs \u00e0 lixiviats-w200\" width=\"200\" height=\"100\" sizes=\"(max-width: 200px) 100vw, 200px\" class=\"wp-image-424\" alt=\"une maison et un camion de recyclage\" \/><\/span><\/div>\n\n<div class=\"et_pb_heading_3 et_pb_heading et_animated et_pb_module et_flex_module\"><div class=\"et_pb_heading_container\"><h2 class=\"et_pb_module_header\">Bassins de lixiviats et fosses septiques<\/h2><\/div><\/div>\n\n<div class=\"et_pb_text_6 et_pb_text et_pb_bg_layout_light et_animated et_pb_module et_flex_module\"><div class=\"et_pb_text_inner\"><p class=\"p1\">Pour <strong>\u00e9viter les probl\u00e8mes d\u2019odeurs, il est n\u00e9cessaire d\u2019ajouter de l\u2019oxyg\u00e8ne<\/strong> aussi bien dans les bacs \u00e0 lixiviats que dans les fosses septiques. Ce processus peut \u00eatre r\u00e9alis\u00e9 m\u00e9caniquement ou gr\u00e2ce \u00e0 l\u2019apport d\u2019Elgan\u00ae qui, <strong>en plus d\u2019apporter de l\u2019oxyg\u00e8ne, r\u00e9duira les mauvaises odeurs et le volume de s\u00e9diments au fond.<\/strong> <\/p>\n<\/div><\/div>\n<\/div>\n<\/div>\n<\/div>\n\n<div class=\"et_pb_section_14 et_pb_section et_section_regular et_block_section\">\n<div class=\"et_pb_row_14 et_pb_row et-vb-row--no-module et_flex_row et_animated\">\n<div class=\"et_pb_column_17 et_pb_column et-last-child et_flex_column et_pb_column_empty et_pb_css_mix_blend_mode_passthrough et_flex_column_12_24 et_flex_column_12_24_tablet et_flex_column_24_24_phone\"><\/div>\n<\/div>\n<\/div>\n\n<div class=\"et_pb_section_15 et_pb_section et_section_regular et_block_section\">\n<div class=\"et_pb_row_15 et_pb_row et-vb-row--no-module et_block_row\">\n<div class=\"et_pb_column_18 et_pb_column et_pb_column_4_4 et-last-child et_block_column et_pb_column_empty et_pb_css_mix_blend_mode_passthrough\"><\/div>\n<\/div>\n<\/div>\n\n<div class=\"et_pb_section_16 et_pb_section et_section_regular et_block_section\">\n<div class=\"et_pb_row_16 et_pb_row et_block_row\">\n<div class=\"et_pb_column_19 et_pb_column et_pb_column_4_4 et-last-child et_block_column et_pb_css_mix_blend_mode_passthrough\">\n<div class=\"et_pb_image_4 et_pb_image et_animated et_pb_module et_flex_module\"><span class=\"et_pb_image_wrap\"><img loading=\"lazy\" decoding=\"async\" src=\"https:\/\/www.organicwastetreatments.com\/wp-content\/uploads\/2026\/03\/Plantas-de-01-compostaje-w200.png\" alt=\"une maison et un camion de recyclage\" title=\"Usines de compostage\" width=\"200\" height=\"100\" sizes=\"(max-width: 200px) 100vw, 200px\" class=\"wp-image-417\" \/><\/span><\/div>\n\n<div class=\"et_pb_heading_4 et_pb_heading et_animated et_pb_module et_flex_module\"><div class=\"et_pb_heading_container\"><h2 class=\"et_pb_module_header\">Composter \u00e0 la maison<\/h2><\/div><\/div>\n\n<div class=\"et_pb_text_7 et_pb_text et_pb_bg_layout_light et_animated et_pb_module et_flex_module\"><div class=\"et_pb_text_inner\"><p class=\"p1\"><strong>Composter n\u2019a jamais \u00e9t\u00e9 aussi simple et agr\u00e9able ! <\/strong><\/p>\n<p class=\"p1\">Souvent, voire toujours, le compostage avec mauvaises odeurs, mouches et travail <strong>est assimil\u00e9 de la mauvaise mani\u00e8re<\/strong>. Alors nous n\u2019osons pas composter \u00e0 la maison. Eh bien, \u00e7a a une solution. Juste au moment o\u00f9 vous ajoutez vos d\u00e9chets organiques au composteur, ajoutez de l\u2019Elgan\u00ae avant de les recouvrir \u00e0 nouveau. En remuant de temps en temps, <strong>vous obtiendrez un compost sans mauvaises odeurs ni mouches, charg\u00e9 en micro-organismes et nutriments.<\/strong>   <\/p>\n<\/div><\/div>\n<\/div>\n<\/div>\n<\/div>\n\n<div class=\"et_pb_section_17 et_pb_section et_section_regular et_block_section\">\n<div class=\"et_pb_row_17 et_pb_row et-vb-row--no-module et_flex_row et_animated\">\n<div class=\"et_pb_column_20 et_pb_column et_flex_column et_pb_column_empty et_pb_css_mix_blend_mode_passthrough et_flex_column_12_24 et_flex_column_12_24_tablet et_flex_column_24_24_phone\"><\/div>\n\n<div class=\"et_pb_column_21 et_pb_column et-last-child et_flex_column et_pb_column_empty et_pb_css_mix_blend_mode_passthrough et_flex_column_12_24 et_flex_column_12_24_tablet et_flex_column_24_24_phone\"><\/div>\n<\/div>\n<\/div>\n\n<div class=\"et_pb_section_18 et_pb_section et_section_regular et_block_section\">\n<div class=\"et_pb_row_18 et_pb_row et-vb-row--no-module et_block_row\">\n<div class=\"et_pb_column_22 et_pb_column et_pb_column_4_4 et-last-child et_block_column et_pb_column_empty et_pb_css_mix_blend_mode_passthrough\"><\/div>\n<\/div>\n<\/div>\n\n<div class=\"et_pb_section_19 et_pb_section et_section_regular et_block_section\">\n<div class=\"et_pb_row_19 et_pb_row et_block_row\">\n<div class=\"et_pb_column_23 et_pb_column et_pb_column_4_4 et-last-child et_block_column et_pb_css_mix_blend_mode_passthrough\">\n<div class=\"et_pb_text_8 et_pb_text et_pb_bg_layout_dark et_animated et_pb_module et_block_module et_pb_text_align_center\"><div class=\"et_pb_text_inner\"><p><strong>Trouvez votre solution microbiologique !<\/strong><\/p>\n<\/div><\/div>\n\n<div class=\"et_pb_module et_pb_button_module_wrapper et_pb_button_0_wrapper\"><a class=\"et_pb_button_0 et_pb_button et_pb_bg_layout_light et_animated et_pb_module et_block_module\" href=\"https:\/\/www.organicwastetreatments.com\/fr\/contact\/\">Contact<\/a><\/div>\n<\/div>\n<\/div>\n<\/div>","protected":false},"excerpt":{"rendered":"","protected":false},"author":3,"featured_media":0,"parent":0,"menu_order":0,"comment_status":"closed","ping_status":"closed","template":"","meta":{"footnotes":""},"class_list":["post-852","page","type-page","status-publish","hentry"],"yoast_head":"<!-- This site is optimized with the Yoast SEO plugin v27.0 - https:\/\/yoast.com\/product\/yoast-seo-wordpress\/ -->\n<title>Secteurs et Solutions - Organic Waste Treatments<\/title>\n<meta name=\"description\" content=\"Nos services s&#039;adaptent \u00e0 diff\u00e9rents secteurs li\u00e9s \u00e0 la gestion des d\u00e9chets organiques, offrant des solutions efficaces et durables.\" \/>\n<meta name=\"robots\" content=\"index, follow, max-snippet:-1, max-image-preview:large, max-video-preview:-1\" \/>\n<link rel=\"canonical\" href=\"https:\/\/www.organicwastetreatments.com\/fr\/secteurs-et-solutions\/\" \/>\n<meta property=\"og:locale\" content=\"fr_FR\" \/>\n<meta property=\"og:type\" content=\"article\" \/>\n<meta property=\"og:title\" content=\"Secteurs et Solutions - Organic Waste Treatments\" \/>\n<meta property=\"og:description\" content=\"Nos services s&#039;adaptent \u00e0 diff\u00e9rents secteurs li\u00e9s \u00e0 la gestion des d\u00e9chets organiques, offrant des solutions efficaces et durables.\" \/>\n<meta property=\"og:url\" content=\"https:\/\/www.organicwastetreatments.com\/fr\/secteurs-et-solutions\/\" \/>\n<meta property=\"og:site_name\" content=\"Organic Waste Treatments\" \/>\n<meta property=\"article:modified_time\" content=\"2026-04-02T09:11:25+00:00\" \/>\n<meta name=\"twitter:card\" content=\"summary_large_image\" \/>\n<script type=\"application\/ld+json\" class=\"yoast-schema-graph\">{\"@context\":\"https:\/\/schema.org\",\"@graph\":[{\"@type\":\"WebPage\",\"@id\":\"https:\/\/www.organicwastetreatments.com\/fr\/secteurs-et-solutions\/\",\"url\":\"https:\/\/www.organicwastetreatments.com\/fr\/secteurs-et-solutions\/\",\"name\":\"Secteurs et Solutions - Organic Waste Treatments\",\"isPartOf\":{\"@id\":\"https:\/\/www.organicwastetreatments.com\/fr\/#website\"},\"datePublished\":\"2026-03-27T10:31:55+00:00\",\"dateModified\":\"2026-04-02T09:11:25+00:00\",\"description\":\"Nos services s'adaptent \u00e0 diff\u00e9rents secteurs li\u00e9s \u00e0 la gestion des d\u00e9chets organiques, offrant des solutions efficaces et durables.\",\"breadcrumb\":{\"@id\":\"https:\/\/www.organicwastetreatments.com\/fr\/secteurs-et-solutions\/#breadcrumb\"},\"inLanguage\":\"fr-FR\",\"potentialAction\":[{\"@type\":\"ReadAction\",\"target\":[\"https:\/\/www.organicwastetreatments.com\/fr\/secteurs-et-solutions\/\"]}]},{\"@type\":\"BreadcrumbList\",\"@id\":\"https:\/\/www.organicwastetreatments.com\/fr\/secteurs-et-solutions\/#breadcrumb\",\"itemListElement\":[{\"@type\":\"ListItem\",\"position\":1,\"name\":\"Inici\",\"item\":\"https:\/\/www.organicwastetreatments.com\/fr\/\"},{\"@type\":\"ListItem\",\"position\":2,\"name\":\"Secteurs et Solutions\"}]},{\"@type\":\"WebSite\",\"@id\":\"https:\/\/www.organicwastetreatments.com\/fr\/#website\",\"url\":\"https:\/\/www.organicwastetreatments.com\/fr\/\",\"name\":\"Organic Waste Treatments\",\"description\":\"\",\"potentialAction\":[{\"@type\":\"SearchAction\",\"target\":{\"@type\":\"EntryPoint\",\"urlTemplate\":\"https:\/\/www.organicwastetreatments.com\/fr\/?s={search_term_string}\"},\"query-input\":{\"@type\":\"PropertyValueSpecification\",\"valueRequired\":true,\"valueName\":\"search_term_string\"}}],\"inLanguage\":\"fr-FR\"}]}<\/script>\n<!-- \/ Yoast SEO plugin. -->","yoast_head_json":{"title":"Secteurs et Solutions - Organic Waste Treatments","description":"Nos services s'adaptent \u00e0 diff\u00e9rents secteurs li\u00e9s \u00e0 la gestion des d\u00e9chets organiques, offrant des solutions efficaces et durables.","robots":{"index":"index","follow":"follow","max-snippet":"max-snippet:-1","max-image-preview":"max-image-preview:large","max-video-preview":"max-video-preview:-1"},"canonical":"https:\/\/www.organicwastetreatments.com\/fr\/secteurs-et-solutions\/","og_locale":"fr_FR","og_type":"article","og_title":"Secteurs et Solutions - Organic Waste Treatments","og_description":"Nos services s'adaptent \u00e0 diff\u00e9rents secteurs li\u00e9s \u00e0 la gestion des d\u00e9chets organiques, offrant des solutions efficaces et durables.","og_url":"https:\/\/www.organicwastetreatments.com\/fr\/secteurs-et-solutions\/","og_site_name":"Organic Waste Treatments","article_modified_time":"2026-04-02T09:11:25+00:00","twitter_card":"summary_large_image","schema":{"@context":"https:\/\/schema.org","@graph":[{"@type":"WebPage","@id":"https:\/\/www.organicwastetreatments.com\/fr\/secteurs-et-solutions\/","url":"https:\/\/www.organicwastetreatments.com\/fr\/secteurs-et-solutions\/","name":"Secteurs et Solutions - Organic Waste Treatments","isPartOf":{"@id":"https:\/\/www.organicwastetreatments.com\/fr\/#website"},"datePublished":"2026-03-27T10:31:55+00:00","dateModified":"2026-04-02T09:11:25+00:00","description":"Nos services s'adaptent \u00e0 diff\u00e9rents secteurs li\u00e9s \u00e0 la gestion des d\u00e9chets organiques, offrant des solutions efficaces et durables.","breadcrumb":{"@id":"https:\/\/www.organicwastetreatments.com\/fr\/secteurs-et-solutions\/#breadcrumb"},"inLanguage":"fr-FR","potentialAction":[{"@type":"ReadAction","target":["https:\/\/www.organicwastetreatments.com\/fr\/secteurs-et-solutions\/"]}]},{"@type":"BreadcrumbList","@id":"https:\/\/www.organicwastetreatments.com\/fr\/secteurs-et-solutions\/#breadcrumb","itemListElement":[{"@type":"ListItem","position":1,"name":"Inici","item":"https:\/\/www.organicwastetreatments.com\/fr\/"},{"@type":"ListItem","position":2,"name":"Secteurs et Solutions"}]},{"@type":"WebSite","@id":"https:\/\/www.organicwastetreatments.com\/fr\/#website","url":"https:\/\/www.organicwastetreatments.com\/fr\/","name":"Organic Waste Treatments","description":"","potentialAction":[{"@type":"SearchAction","target":{"@type":"EntryPoint","urlTemplate":"https:\/\/www.organicwastetreatments.com\/fr\/?s={search_term_string}"},"query-input":{"@type":"PropertyValueSpecification","valueRequired":true,"valueName":"search_term_string"}}],"inLanguage":"fr-FR"}]}},"_links":{"self":[{"href":"https:\/\/www.organicwastetreatments.com\/fr\/wp-json\/wp\/v2\/pages\/852","targetHints":{"allow":["GET"]}}],"collection":[{"href":"https:\/\/www.organicwastetreatments.com\/fr\/wp-json\/wp\/v2\/pages"}],"about":[{"href":"https:\/\/www.organicwastetreatments.com\/fr\/wp-json\/wp\/v2\/types\/page"}],"author":[{"embeddable":true,"href":"https:\/\/www.organicwastetreatments.com\/fr\/wp-json\/wp\/v2\/users\/3"}],"replies":[{"embeddable":true,"href":"https:\/\/www.organicwastetreatments.com\/fr\/wp-json\/wp\/v2\/comments?post=852"}],"version-history":[{"count":5,"href":"https:\/\/www.organicwastetreatments.com\/fr\/wp-json\/wp\/v2\/pages\/852\/revisions"}],"predecessor-version":[{"id":1004,"href":"https:\/\/www.organicwastetreatments.com\/fr\/wp-json\/wp\/v2\/pages\/852\/revisions\/1004"}],"wp:attachment":[{"href":"https:\/\/www.organicwastetreatments.com\/fr\/wp-json\/wp\/v2\/media?parent=852"}],"curies":[{"name":"wp","href":"https:\/\/api.w.org\/{rel}","templated":true}]}}