{"id":859,"date":"2026-03-28T13:40:02","date_gmt":"2026-03-28T11:40:02","guid":{"rendered":"https:\/\/www.organicwastetreatments.com\/compost-microbiologique\/"},"modified":"2026-04-02T11:12:46","modified_gmt":"2026-04-02T09:12:46","slug":"compost-microbiologique","status":"publish","type":"page","link":"https:\/\/www.organicwastetreatments.com\/fr\/compost-microbiologique\/","title":{"rendered":"Compost microbiologique"},"content":{"rendered":"<div class=\"et_pb_section_0 et_pb_section et_section_regular et_block_section\">\n<div class=\"et_pb_row_0 et_pb_row et_block_row\">\n<div class=\"et_pb_column_0 et_pb_column et_pb_column_4_4 et-last-child et_block_column et_pb_css_mix_blend_mode_passthrough\">\n<div class=\"et_pb_text_0 et_pb_text et_pb_bg_layout_light et_animated et_pb_module et_block_module\"><div class=\"et_pb_text_inner\"><h1>Compost microbiologique<\/h1>\n<\/div><\/div>\n\n<div class=\"et_pb_text_1 et_pb_text et_pb_bg_layout_light et_animated et_pb_module et_block_module\"><div class=\"et_pb_text_inner\"><p><strong>Le compost microbiologique renforce l'activit\u00e9 biologique<\/strong> <strong>de la mati\u00e8re organique gr\u00e2ce \u00e0 des micro-organismes b\u00e9n\u00e9fiques.<\/strong><\/p>\n<\/div><\/div>\n<\/div>\n<\/div>\n<\/div>\n\n<div class=\"et_pb_section_1 et_pb_section et_section_regular et_block_section\">\n<div class=\"et_pb_row_1 et_pb_row et-vb-row--no-module et_block_row\">\n<div class=\"et_pb_column_1 et_pb_column et_pb_column_4_4 et-last-child et_block_column et_pb_column_empty et_pb_css_mix_blend_mode_passthrough\"><\/div>\n<\/div>\n<\/div>\n\n<div class=\"et_pb_section_2 et_pb_section et_section_regular et_block_section\">\n<div class=\"et_pb_row_2 et_pb_row et_block_row\">\n<div class=\"et_pb_column_2 et_pb_column et_pb_column_4_4 et-last-child et_block_column et_pb_css_mix_blend_mode_passthrough\">\n<div class=\"et_pb_divider_0 et_pb_divider et_pb_space et_pb_divider_position_top et_animated et_pb_module\"><div class=\"et_pb_divider_internal\"><\/div><\/div>\n\n<div class=\"et_pb_text_2 et_pb_text et_pb_bg_layout_light et_animated et_pb_module et_block_module et_pb_text_align_center\"><div class=\"et_pb_text_inner\"><p class=\"p1\"><strong>Il am\u00e9liore la d\u00e9composition, acc\u00e9l\u00e8re le processus de compostage et r\u00e9duit les odeurs ind\u00e9sirables.<\/strong> <strong>Il contribue \u00e0 obtenir un compost plus stable, hygi\u00e9nis\u00e9 et de meilleure qualit\u00e9. C'est une solution naturelle et efficace pour optimiser le traitement des d\u00e9chets organiques.<\/strong><\/p>\n<\/div><\/div>\n\n<div class=\"et_pb_divider_1 et_pb_divider et_pb_space et_pb_divider_position_top et_animated et_pb_module\"><div class=\"et_pb_divider_internal\"><\/div><\/div>\n<\/div>\n<\/div>\n<\/div>\n\n<div class=\"et_pb_section_3 et_pb_section et_section_regular et_block_section\">\n<div class=\"et_pb_row_3 et_pb_row et-vb-row--no-module et_block_row\">\n<div class=\"et_pb_column_3 et_pb_column et_pb_column_4_4 et-last-child et_block_column et_pb_column_empty et_pb_css_mix_blend_mode_passthrough\"><\/div>\n<\/div>\n<\/div>\n\n<div class=\"et_pb_section_4 et_pb_section et_section_regular et_block_section\">\n<div class=\"et_pb_row_4 et_pb_row et_flex_row\">\n<div class=\"et_pb_column_4 et_pb_column et_flex_column et_pb_css_mix_blend_mode_passthrough et_flex_column_12_24 et_flex_column_12_24_tablet et_flex_column_24_24_phone\">\n<div class=\"et_pb_text_3 et_pb_text et_pb_bg_layout_light et_animated et_pb_module et_block_module et_pb_text_align_center\"><div class=\"et_pb_text_inner\" data-et-mv-hidden-tablet=\"true\"><h2 class=\"p1\"><b>Avantages du compost microbiologique<\/b><b><\/b><\/h2>\n<p class=\"p1\"><strong>Le compost microbiologique, riche en micro-organismes b\u00e9n\u00e9fiques, am\u00e9liore la structure et la fertilit\u00e9 du sol<\/strong> et <strong>supprime les pathog\u00e8nes, optimisant la nutrition des plantes.<\/strong><\/p>\n<p class=\"p1\">Il agit comme amendement organique et biostimulant, retenant davantage d'eau, nourrissant de mani\u00e8re progressive et r\u00e9duisant la d\u00e9pendance aux engrais chimiques.<\/p>\n<\/div><\/div>\n<\/div>\n\n<div class=\"et_pb_column_5 et_pb_column et-last-child et_flex_column et_pb_css_mix_blend_mode_passthrough et_flex_column_12_24 et_flex_column_12_24_tablet et_flex_column_24_24_phone\">\n<div class=\"et_pb_image_0 et_pb_image et_pb_image_sticky et_animated et_pb_module et_flex_module\"><span class=\"et_pb_image_wrap\"><img loading=\"lazy\" decoding=\"async\" src=\"https:\/\/www.organicwastetreatments.com\/wp-content\/uploads\/2026\/03\/01-Compost-microbiologico.jpeg\" alt=\"photo tas de compost\" title=\"Compost microbiologique\" width=\"1600\" height=\"1200\" srcset=\"https:\/\/www.organicwastetreatments.com\/wp-content\/uploads\/2026\/03\/01-Compost-microbiologico.jpeg 1600w, https:\/\/www.organicwastetreatments.com\/wp-content\/uploads\/2026\/03\/01-Compost-microbiologico-1280x960.jpeg 1280w, https:\/\/www.organicwastetreatments.com\/wp-content\/uploads\/2026\/03\/01-Compost-microbiologico-980x735.jpeg 980w, https:\/\/www.organicwastetreatments.com\/wp-content\/uploads\/2026\/03\/01-Compost-microbiologico-480x360.jpeg 480w\" sizes=\"(min-width: 0px) and (max-width: 480px) 480px, (min-width: 481px) and (max-width: 980px) 980px, (min-width: 981px) and (max-width: 1280px) 1280px, (min-width: 1281px) 1600px, 100vw\" class=\"wp-image-577\" \/><\/span><\/div>\n<\/div>\n<\/div>\n<\/div>\n\n<div class=\"et_pb_section_5 et_pb_section et_section_regular et_block_section\">\n<div class=\"et_pb_row_5 et_pb_row et-vb-row--no-module et_block_row\">\n<div class=\"et_pb_column_6 et_pb_column et_pb_column_4_4 et-last-child et_block_column et_pb_column_empty et_pb_css_mix_blend_mode_passthrough\"><\/div>\n<\/div>\n<\/div>\n\n<div class=\"et_pb_section_6 et_pb_section et_section_regular et_block_section\">\n<div class=\"et_pb_row_6 et_pb_row et_block_row\">\n<div class=\"et_pb_column_7 et_pb_column et_pb_column_4_4 et-last-child et_block_column et_pb_css_mix_blend_mode_passthrough\">\n<div class=\"et_pb_divider_2 et_pb_divider et_pb_space et_pb_divider_position_top et_animated et_pb_module\"><div class=\"et_pb_divider_internal\"><\/div><\/div>\n\n<div class=\"et_pb_text_4 et_pb_text et_pb_bg_layout_light et_animated et_pb_module et_block_module et_pb_text_align_center\"><div class=\"et_pb_text_inner\"><h2 class=\"p1\"><b>Avantages cl\u00e9s du compost microbiologique<\/b><\/h2>\n<\/div><\/div>\n\n<div class=\"et_pb_divider_3 et_pb_divider et_pb_space et_pb_divider_position_top et_animated et_pb_module\"><div class=\"et_pb_divider_internal\"><\/div><\/div>\n<\/div>\n<\/div>\n<\/div>\n\n<div class=\"et_pb_section_7 et_pb_section et_section_regular et_block_section\">\n<div class=\"et_pb_row_7 et_pb_row et-vb-row--no-module et_block_row\">\n<div class=\"et_pb_column_8 et_pb_column et_pb_column_4_4 et-last-child et_block_column et_pb_column_empty et_pb_css_mix_blend_mode_passthrough\"><\/div>\n<\/div>\n<\/div>\n\n<div class=\"et_pb_section_8 et_pb_section et_section_regular et_block_section\">\n<div class=\"et_pb_row_8 et_pb_row et_flex_row\">\n<div class=\"et_pb_column_9 et_pb_column et_flex_column et_pb_css_mix_blend_mode_passthrough et_flex_column_12_24 et_flex_column_12_24_tablet et_flex_column_24_24_phone\">\n<div class=\"et_pb_text_5 et_pb_text et_pb_bg_layout_light et_animated et_pb_module et_block_module et_pb_text_align_center\"><div class=\"et_pb_text_inner\" data-et-mv-hidden-tablet=\"true\"><h2 class=\"p1\"><b>Sant\u00e9 du sol et nutriments<\/b><b><\/b><\/h2>\n<p class=\"p1\">- <strong>Am\u00e9liore la structure, l'a\u00e9ration et la capacit\u00e9 de r\u00e9tention d'eau<\/strong>, agissant comme une \u00e9ponge et favorisant le d\u00e9veloppement racinaire. Augmente la mati\u00e8re organique et active la microbiologie du sol. <\/p>\n<p class=\"p2\">- <strong>L'engrais organique microbiologique favorise la prolif\u00e9ration de bact\u00e9ries<\/strong> et de champignons b\u00e9n\u00e9fiques pour le sol et aide \u00e0 l'assimilation des nutriments.<\/p>\n<p class=\"p2\">- <strong>Corrige les effets de l'utilisation excessive d'engrais de synth\u00e8se chimique<\/strong>, \u00e9vite la d\u00e9gradation du sol et la d\u00e9sertification.<\/p>\n<p class=\"p2\">- <strong>R\u00e9\u00e9quilibre les sols<\/strong>, les maintient exempts de pathog\u00e8nes, am\u00e9liore l'a\u00e9ration, \u00e9vite le compactage et am\u00e9liore le d\u00e9veloppement racinaire des arbres.<\/p>\n<\/div><\/div>\n<\/div>\n\n<div class=\"et_pb_column_10 et_pb_column et-last-child et_flex_column et_pb_css_mix_blend_mode_passthrough et_flex_column_12_24 et_flex_column_12_24_tablet et_flex_column_24_24_phone\">\n<div class=\"et_pb_image_1 et_pb_image et_animated et_pb_module et_flex_module\"><span class=\"et_pb_image_wrap\"><img loading=\"lazy\" decoding=\"async\" src=\"https:\/\/www.organicwastetreatments.com\/wp-content\/uploads\/2026\/03\/09-Compost-microbiologico.jpeg\" alt=\"photo grue compost\" title=\"Compost microbiologique\" width=\"369\" height=\"338\" srcset=\"https:\/\/www.organicwastetreatments.com\/wp-content\/uploads\/2026\/03\/09-Compost-microbiologico.jpeg 369w, https:\/\/www.organicwastetreatments.com\/wp-content\/uploads\/2026\/03\/09-Compost-microbiologico-300x275.jpeg 300w\" sizes=\"(max-width: 369px) 100vw, 369px\" class=\"wp-image-611 wp-image-604\" \/><\/span><\/div>\n<\/div>\n<\/div>\n<\/div>\n\n<div class=\"et_pb_section_9 et_pb_section et_section_regular et_block_section\">\n<div class=\"et_pb_row_9 et_pb_row et-vb-row--no-module et_block_row\">\n<div class=\"et_pb_column_11 et_pb_column et_pb_column_4_4 et-last-child et_block_column et_pb_column_empty et_pb_css_mix_blend_mode_passthrough\"><\/div>\n<\/div>\n<\/div>\n\n<div class=\"et_pb_section_10 et_pb_section et_section_regular et_block_section\">\n<div class=\"et_pb_row_10 et_pb_row et_flex_row\">\n<div class=\"et_pb_column_12 et_pb_column et_flex_column et_pb_css_mix_blend_mode_passthrough et_flex_column_12_24 et_flex_column_12_24_tablet et_flex_column_24_24_phone\">\n<div class=\"et_pb_text_6 et_pb_text et_pb_bg_layout_light et_animated et_pb_module et_block_module et_pb_text_align_center\"><div class=\"et_pb_text_inner\"><h2 class=\"p1\"><b>Nutrition v\u00e9g\u00e9tale<\/b><\/h2>\n<p class=\"p1\">- <strong>Lib\u00e8re les nutriments de mani\u00e8re lente<\/strong>, y compris les micronutriments, et facilite l'absorption de min\u00e9raux insolubles <span class=\"s1\">bloqu\u00e9s dans le sol pour les rendre assimilables par les plantes<\/span>, am\u00e9liorant le rendement des cultures.<\/p>\n<p class=\"p2\">- <strong>Favorise la pr\u00e9sence de micro-organismes<\/strong> utiles pour l'alimentation de la plante.<\/p>\n<p class=\"p2\">- <strong>Les engrais organiques microbiologiques am\u00e9liorent la structure du sol<\/strong>, permettent la fixation du carbone et favorisent la capacit\u00e9 de la culture \u00e0 retenir les nutriments et l'eau.<\/p>\n<p class=\"p2\">- <strong>Augmentent la production des cultures<\/strong> et am\u00e9liorent le stress hydrique.<\/p>\n<\/div><\/div>\n<\/div>\n\n<div class=\"et_pb_column_13 et_pb_column et-last-child et_flex_column et_pb_css_mix_blend_mode_passthrough et_flex_column_12_24 et_flex_column_12_24_tablet et_flex_column_24_24_phone\">\n<div class=\"et_pb_image_2 et_pb_image et_pb_image_sticky et_animated et_pb_module et_flex_module\"><span class=\"et_pb_image_wrap\"><img loading=\"lazy\" decoding=\"async\" src=\"https:\/\/www.organicwastetreatments.com\/wp-content\/uploads\/2026\/03\/06-Compost-microbiologico.jpeg\" alt=\"photo plantes avec compost\" title=\"Compost microbiologique\" width=\"480\" height=\"453\" srcset=\"https:\/\/www.organicwastetreatments.com\/wp-content\/uploads\/2026\/03\/06-Compost-microbiologico.jpeg 480w, https:\/\/www.organicwastetreatments.com\/wp-content\/uploads\/2026\/03\/06-Compost-microbiologico-300x283.jpeg 300w\" sizes=\"(max-width: 480px) 100vw, 480px\" class=\"wp-image-599\" \/><\/span><\/div>\n<\/div>\n<\/div>\n<\/div>\n\n<div class=\"et_pb_section_11 et_pb_section et_section_regular et_block_section\">\n<div class=\"et_pb_row_11 et_pb_row et-vb-row--no-module et_block_row\">\n<div class=\"et_pb_column_14 et_pb_column et_pb_column_4_4 et-last-child et_block_column et_pb_column_empty et_pb_css_mix_blend_mode_passthrough\"><\/div>\n<\/div>\n<\/div>\n\n<div class=\"et_pb_section_12 et_pb_section et_section_regular et_block_section\">\n<div class=\"et_pb_row_12 et_pb_row et_flex_row\">\n<div class=\"et_pb_column_15 et_pb_column et_flex_column et_pb_css_mix_blend_mode_passthrough et_flex_column_12_24 et_flex_column_12_24_tablet et_flex_column_24_24_phone\">\n<div class=\"et_pb_text_7 et_pb_text et_pb_bg_layout_light et_animated et_pb_module et_block_module et_pb_text_align_center\"><div class=\"et_pb_text_inner\"><h2 class=\"p1\"><b>Suppression des maladies<\/b><b><\/b><\/h2>\n<p class=\"p1\"><strong>Sa charge biologique \u00e9lev\u00e9e agit comme barri\u00e8re naturelle<\/strong> contre les pathog\u00e8nes du sol, r\u00e9duisant le besoin de pesticides chimiques.<\/p>\n<p class=\"p2\">- Apporte une diversit\u00e9 biologique.<\/p>\n<p class=\"p2\">- R\u00e9\u00e9quilibre la flore locale et, par dominance du milieu, \u00e9vite l'utilisation de fongicides.<\/p>\n<h2 class=\"p1\" b=\"\"><strong><\/strong><\/h2>\n<h2 class=\"p1\" b=\"\"><strong>Durabilit\u00e9 :<\/strong><\/h2>\n<p class=\"p1\"><strong>Favorise un cycle de nutriments ferm\u00e9<\/strong>, id\u00e9al pour l'agriculture biologique en apportant un humus riche en enzymes et hormones.<\/p>\n<p class=\"p2\">- Les engrais organiques microbiologiques ne contaminent pas les eaux souterraines.<\/p>\n<p class=\"p2\">- Permettent de r\u00e9cup\u00e9rer des sols devenus infertiles avec le temps ou des sols contamin\u00e9s par des produits chimiques et des champignons pathog\u00e8nes.<\/p>\n<p class=\"p1\"><strong>Ce type de compost transforme des sols inertes ou d\u00e9grad\u00e9s en \u00e9cosyst\u00e8mes vivants, spongieux et productifs, augmentant la r\u00e9silience face \u00e0 la s\u00e9cheresse et r\u00e9duisant l'\u00e9rosion.<\/strong><\/p>\n<\/div><\/div>\n<\/div>\n\n<div class=\"et_pb_column_16 et_pb_column et-last-child et_flex_column et_pb_css_mix_blend_mode_passthrough et_flex_column_12_24 et_flex_column_12_24_tablet et_flex_column_24_24_phone\">\n<div class=\"et_pb_image_3 et_pb_image et_animated et_pb_module et_flex_module\"><span class=\"et_pb_image_wrap\"><img loading=\"lazy\" decoding=\"async\" src=\"https:\/\/www.organicwastetreatments.com\/wp-content\/uploads\/2026\/03\/08-Compost-microbiologico.jpeg\" alt=\"photo pousses de feuilles\" title=\"Compost microbiologique\" width=\"671\" height=\"790\" srcset=\"https:\/\/www.organicwastetreatments.com\/wp-content\/uploads\/2026\/03\/08-Compost-microbiologico.jpeg 671w, https:\/\/www.organicwastetreatments.com\/wp-content\/uploads\/2026\/03\/08-Compost-microbiologico-480x565.jpeg 480w\" sizes=\"(min-width: 0px) and (max-width: 480px) 480px, (min-width: 481px) 671px, 100vw\" class=\"wp-image-608 wp-image-580 wp-image-612\" \/><\/span><\/div>\n<\/div>\n<\/div>\n<\/div>\n\n<div class=\"et_pb_section_13 et_pb_section et_section_regular et_block_section\">\n<div class=\"et_pb_row_13 et_pb_row et_block_row\">\n<div class=\"et_pb_column_17 et_pb_column et_pb_column_4_4 et-last-child et_block_column et_pb_css_mix_blend_mode_passthrough\">\n<div class=\"et_pb_text_8 et_pb_text et_pb_bg_layout_dark et_animated et_pb_module et_block_module et_pb_text_align_center\"><div class=\"et_pb_text_inner\"><p><strong>Trouvez votre solution microbiologique !<\/strong><\/p>\n<\/div><\/div>\n\n<div class=\"et_pb_module et_pb_button_module_wrapper et_pb_button_0_wrapper\"><a class=\"et_pb_button_0 et_pb_button et_pb_bg_layout_light et_animated et_pb_module et_block_module\" href=\"https:\/\/www.organicwastetreatments.com\/fr\/contact\/\">Contact<\/a><\/div>\n<\/div>\n<\/div>\n<\/div>","protected":false},"excerpt":{"rendered":"","protected":false},"author":3,"featured_media":0,"parent":0,"menu_order":0,"comment_status":"closed","ping_status":"closed","template":"","meta":{"footnotes":""},"class_list":["post-859","page","type-page","status-publish","hentry"],"yoast_head":"<!-- This site is optimized with the Yoast SEO plugin v27.0 - https:\/\/yoast.com\/product\/yoast-seo-wordpress\/ -->\n<title>Compost microbiologique - Organic Waste Treatments<\/title>\n<meta name=\"description\" content=\"Le compost microbiologique renforce l&#039;activit\u00e9 biologique de la mati\u00e8re organique gr\u00e2ce \u00e0 des micro-organismes b\u00e9n\u00e9fiques.\" \/>\n<meta name=\"robots\" content=\"index, follow, max-snippet:-1, max-image-preview:large, max-video-preview:-1\" \/>\n<link rel=\"canonical\" href=\"https:\/\/www.organicwastetreatments.com\/fr\/compost-microbiologique\/\" \/>\n<meta property=\"og:locale\" content=\"fr_FR\" \/>\n<meta property=\"og:type\" content=\"article\" \/>\n<meta property=\"og:title\" content=\"Compost microbiologique - Organic Waste Treatments\" \/>\n<meta property=\"og:description\" content=\"Le compost microbiologique renforce l&#039;activit\u00e9 biologique de la mati\u00e8re organique gr\u00e2ce \u00e0 des micro-organismes b\u00e9n\u00e9fiques.\" \/>\n<meta property=\"og:url\" content=\"https:\/\/www.organicwastetreatments.com\/fr\/compost-microbiologique\/\" \/>\n<meta property=\"og:site_name\" content=\"Organic Waste Treatments\" \/>\n<meta property=\"article:modified_time\" content=\"2026-04-02T09:12:46+00:00\" \/>\n<meta name=\"twitter:card\" content=\"summary_large_image\" \/>\n<script type=\"application\/ld+json\" class=\"yoast-schema-graph\">{\"@context\":\"https:\/\/schema.org\",\"@graph\":[{\"@type\":\"WebPage\",\"@id\":\"https:\/\/www.organicwastetreatments.com\/fr\/compost-microbiologique\/\",\"url\":\"https:\/\/www.organicwastetreatments.com\/fr\/compost-microbiologique\/\",\"name\":\"Compost microbiologique - Organic Waste Treatments\",\"isPartOf\":{\"@id\":\"https:\/\/www.organicwastetreatments.com\/fr\/#website\"},\"datePublished\":\"2026-03-28T11:40:02+00:00\",\"dateModified\":\"2026-04-02T09:12:46+00:00\",\"description\":\"Le compost microbiologique renforce l'activit\u00e9 biologique de la mati\u00e8re organique gr\u00e2ce \u00e0 des micro-organismes b\u00e9n\u00e9fiques.\",\"breadcrumb\":{\"@id\":\"https:\/\/www.organicwastetreatments.com\/fr\/compost-microbiologique\/#breadcrumb\"},\"inLanguage\":\"fr-FR\",\"potentialAction\":[{\"@type\":\"ReadAction\",\"target\":[\"https:\/\/www.organicwastetreatments.com\/fr\/compost-microbiologique\/\"]}]},{\"@type\":\"BreadcrumbList\",\"@id\":\"https:\/\/www.organicwastetreatments.com\/fr\/compost-microbiologique\/#breadcrumb\",\"itemListElement\":[{\"@type\":\"ListItem\",\"position\":1,\"name\":\"Inici\",\"item\":\"https:\/\/www.organicwastetreatments.com\/fr\/\"},{\"@type\":\"ListItem\",\"position\":2,\"name\":\"Compost microbiologique\"}]},{\"@type\":\"WebSite\",\"@id\":\"https:\/\/www.organicwastetreatments.com\/fr\/#website\",\"url\":\"https:\/\/www.organicwastetreatments.com\/fr\/\",\"name\":\"Organic Waste Treatments\",\"description\":\"\",\"potentialAction\":[{\"@type\":\"SearchAction\",\"target\":{\"@type\":\"EntryPoint\",\"urlTemplate\":\"https:\/\/www.organicwastetreatments.com\/fr\/?s={search_term_string}\"},\"query-input\":{\"@type\":\"PropertyValueSpecification\",\"valueRequired\":true,\"valueName\":\"search_term_string\"}}],\"inLanguage\":\"fr-FR\"}]}<\/script>\n<!-- \/ Yoast SEO plugin. -->","yoast_head_json":{"title":"Compost microbiologique - Organic Waste Treatments","description":"Le compost microbiologique renforce l'activit\u00e9 biologique de la mati\u00e8re organique gr\u00e2ce \u00e0 des micro-organismes b\u00e9n\u00e9fiques.","robots":{"index":"index","follow":"follow","max-snippet":"max-snippet:-1","max-image-preview":"max-image-preview:large","max-video-preview":"max-video-preview:-1"},"canonical":"https:\/\/www.organicwastetreatments.com\/fr\/compost-microbiologique\/","og_locale":"fr_FR","og_type":"article","og_title":"Compost microbiologique - Organic Waste Treatments","og_description":"Le compost microbiologique renforce l'activit\u00e9 biologique de la mati\u00e8re organique gr\u00e2ce \u00e0 des micro-organismes b\u00e9n\u00e9fiques.","og_url":"https:\/\/www.organicwastetreatments.com\/fr\/compost-microbiologique\/","og_site_name":"Organic Waste Treatments","article_modified_time":"2026-04-02T09:12:46+00:00","twitter_card":"summary_large_image","schema":{"@context":"https:\/\/schema.org","@graph":[{"@type":"WebPage","@id":"https:\/\/www.organicwastetreatments.com\/fr\/compost-microbiologique\/","url":"https:\/\/www.organicwastetreatments.com\/fr\/compost-microbiologique\/","name":"Compost microbiologique - Organic Waste Treatments","isPartOf":{"@id":"https:\/\/www.organicwastetreatments.com\/fr\/#website"},"datePublished":"2026-03-28T11:40:02+00:00","dateModified":"2026-04-02T09:12:46+00:00","description":"Le compost microbiologique renforce l'activit\u00e9 biologique de la mati\u00e8re organique gr\u00e2ce \u00e0 des micro-organismes b\u00e9n\u00e9fiques.","breadcrumb":{"@id":"https:\/\/www.organicwastetreatments.com\/fr\/compost-microbiologique\/#breadcrumb"},"inLanguage":"fr-FR","potentialAction":[{"@type":"ReadAction","target":["https:\/\/www.organicwastetreatments.com\/fr\/compost-microbiologique\/"]}]},{"@type":"BreadcrumbList","@id":"https:\/\/www.organicwastetreatments.com\/fr\/compost-microbiologique\/#breadcrumb","itemListElement":[{"@type":"ListItem","position":1,"name":"Inici","item":"https:\/\/www.organicwastetreatments.com\/fr\/"},{"@type":"ListItem","position":2,"name":"Compost microbiologique"}]},{"@type":"WebSite","@id":"https:\/\/www.organicwastetreatments.com\/fr\/#website","url":"https:\/\/www.organicwastetreatments.com\/fr\/","name":"Organic Waste Treatments","description":"","potentialAction":[{"@type":"SearchAction","target":{"@type":"EntryPoint","urlTemplate":"https:\/\/www.organicwastetreatments.com\/fr\/?s={search_term_string}"},"query-input":{"@type":"PropertyValueSpecification","valueRequired":true,"valueName":"search_term_string"}}],"inLanguage":"fr-FR"}]}},"_links":{"self":[{"href":"https:\/\/www.organicwastetreatments.com\/fr\/wp-json\/wp\/v2\/pages\/859","targetHints":{"allow":["GET"]}}],"collection":[{"href":"https:\/\/www.organicwastetreatments.com\/fr\/wp-json\/wp\/v2\/pages"}],"about":[{"href":"https:\/\/www.organicwastetreatments.com\/fr\/wp-json\/wp\/v2\/types\/page"}],"author":[{"embeddable":true,"href":"https:\/\/www.organicwastetreatments.com\/fr\/wp-json\/wp\/v2\/users\/3"}],"replies":[{"embeddable":true,"href":"https:\/\/www.organicwastetreatments.com\/fr\/wp-json\/wp\/v2\/comments?post=859"}],"version-history":[{"count":5,"href":"https:\/\/www.organicwastetreatments.com\/fr\/wp-json\/wp\/v2\/pages\/859\/revisions"}],"predecessor-version":[{"id":1009,"href":"https:\/\/www.organicwastetreatments.com\/fr\/wp-json\/wp\/v2\/pages\/859\/revisions\/1009"}],"wp:attachment":[{"href":"https:\/\/www.organicwastetreatments.com\/fr\/wp-json\/wp\/v2\/media?parent=859"}],"curies":[{"name":"wp","href":"https:\/\/api.w.org\/{rel}","templated":true}]}}