{"id":868,"date":"2025-11-27T17:05:45","date_gmt":"2025-11-27T15:05:45","guid":{"rendered":"https:\/\/www.organicwastetreatments.com\/politique-de-confidentialite\/"},"modified":"2026-04-02T11:19:50","modified_gmt":"2026-04-02T09:19:50","slug":"politique-de-confidentialite","status":"publish","type":"page","link":"https:\/\/www.organicwastetreatments.com\/fr\/politique-de-confidentialite\/","title":{"rendered":"Politique de confidentialit\u00e9"},"content":{"rendered":"<div class=\"et_pb_section_0 et_pb_section et_section_regular et_block_section\">\n<div class=\"et_pb_row_0 et_pb_row et_block_row\">\n<div class=\"et_pb_column_0 et_pb_column et_pb_column_4_4 et-last-child et_block_column et_pb_css_mix_blend_mode_passthrough\">\n<div class=\"et_pb_text_0 et_pb_text et_pb_bg_layout_light et_animated et_pb_module et_block_module\"><div class=\"et_pb_text_inner\"><h1>Politique de confidentialit\u00e9<\/h1>\n<\/div><\/div>\n<\/div>\n<\/div>\n<\/div>\n\n<div class=\"et_pb_section_1 et_pb_section et_section_regular et_block_section\">\n<div class=\"et_pb_row_1 et_pb_row et-vb-row--no-module et_block_row\">\n<div class=\"et_pb_column_1 et_pb_column et_pb_column_4_4 et-last-child et_block_column et_pb_column_empty et_pb_css_mix_blend_mode_passthrough\"><\/div>\n<\/div>\n<\/div>\n\n<div class=\"et_pb_section_2 et_pb_section et_section_regular et_block_section\">\n<div class=\"et_pb_row_2 et_pb_row et_block_row\">\n<div class=\"et_pb_column_2 et_pb_column et_pb_column_4_4 et-last-child et_block_column et_pb_css_mix_blend_mode_passthrough\">\n<div class=\"et_pb_text_1 et_pb_text et_pb_bg_layout_light et_pb_module et_block_module\"><div class=\"et_pb_text_inner\"><p><!-- wp:heading --><\/p>\n<h2 data-section-id=\"kt5j8d\" data-start=\"443\" data-end=\"476\">1. Responsable du traitement<\/h2>\n<p data-start=\"478\" data-end=\"800\">En conformit\u00e9 avec les dispositions du <strong data-start=\"516\" data-end=\"588\">R\u00e8glement (UE) 2016\/679 du Parlement europ\u00e9en et du Conseil (RGPD)<\/strong> et de la <strong data-start=\"597\" data-end=\"701\">Loi organique 3\/2018 relative \u00e0 la protection des donn\u00e9es personnelles et \u00e0 la garantie des droits num\u00e9riques (LOPDGDD)<\/strong>, les utilisateurs du pr\u00e9sent site web sont inform\u00e9s du traitement de leurs donn\u00e9es personnelles.<\/p>\n<p data-start=\"802\" data-end=\"833\"><strong data-start=\"802\" data-end=\"833\">Responsable du traitement<\/strong><\/p>\n<p data-start=\"835\" data-end=\"930\"><strong data-start=\"835\" data-end=\"856\">Alter Entorn S.L.<\/strong><br data-start=\"856\" data-end=\"859\">Cam\u00ed de San Jeroni 3<br data-start=\"879\" data-end=\"882\">43740 M\u00f3ra d\u2019Ebre (Tarragone)<br data-start=\"911\" data-end=\"914\">NIF : B43862473<\/p>\n<p data-start=\"4163\" data-end=\"4214\">T\u00e9l\u00e9phone : +34 977 407 788<\/p>\n<p data-start=\"4163\" data-end=\"4214\">E-mail : <a data-start=\"980\" data-end=\"1009\" class=\"decorated-link cursor-pointer\" rel=\"noopener\">alter-entorn@alter-entorn.com<span aria-hidden=\"true\" class=\"ms-0.5 inline-block align-middle leading-none\"><\/span><\/a><\/p>\n<h2 data-section-id=\"9tuxnu\" data-start=\"1018\" data-end=\"1062\"><\/h2>\n<h2 data-section-id=\"9tuxnu\" data-start=\"1018\" data-end=\"1062\">2. Finalit\u00e9 du traitement des donn\u00e9es<\/h2>\n<p data-start=\"1064\" data-end=\"1188\">Les donn\u00e9es personnelles que l\u2019utilisateur fournit via ce site web pourront \u00eatre trait\u00e9es aux fins suivantes :<\/p>\n<ul data-start=\"1190\" data-end=\"1602\">\n<li data-section-id=\"1e3ysvx\" data-start=\"1190\" data-end=\"1302\">\n<p data-start=\"1192\" data-end=\"1302\">R\u00e9pondre aux demandes ou sollicitations effectu\u00e9es via les formulaires de contact ou par e-mail.<\/p>\n<\/li>\n<li data-section-id=\"t33x3n\" data-start=\"1303\" data-end=\"1368\">\n<p data-start=\"1305\" data-end=\"1368\">G\u00e9rer la relation commerciale ou professionnelle avec l\u2019utilisateur.<\/p>\n<\/li>\n<li data-section-id=\"hfc83h\" data-start=\"1369\" data-end=\"1507\">\n<p data-start=\"1371\" data-end=\"1507\">Envoyer des informations relatives aux services propos\u00e9s par l\u2019entreprise, lorsqu\u2019il existe un consentement pr\u00e9alable ou une relation contractuelle.<\/p>\n<\/li>\n<li data-section-id=\"1pegneo\" data-start=\"1508\" data-end=\"1602\">\n<p data-start=\"1510\" data-end=\"1602\">Am\u00e9liorer la navigation et l\u2019exp\u00e9rience de l\u2019utilisateur sur le web gr\u00e2ce \u00e0 des outils d\u2019analyse.<\/p>\n<\/li>\n<\/ul>\n<p>&nbsp;<\/p>\n<h2 data-section-id=\"ixqx2s\" data-start=\"1609\" data-end=\"1647\">3. L\u00e9gitimation du traitement<\/h2>\n<p data-start=\"1649\" data-end=\"1710\">La base juridique du traitement des donn\u00e9es personnelles est :<\/p>\n<ul data-start=\"1712\" data-end=\"2092\">\n<li data-section-id=\"ao9cqg\" data-start=\"1712\" data-end=\"1830\">\n<p data-start=\"1714\" data-end=\"1830\"><strong data-start=\"1714\" data-end=\"1747\">Le consentement de l\u2019utilisateur<\/strong>, accord\u00e9 en cochant les cases correspondantes dans les formulaires du site web.<\/p>\n<\/li>\n<li data-section-id=\"1rh2qiu\" data-start=\"1831\" data-end=\"1981\">\n<p data-start=\"1833\" data-end=\"1981\"><strong data-start=\"1833\" data-end=\"1908\">L\u2019ex\u00e9cution d\u2019un contrat ou l\u2019application de mesures pr\u00e9contractuelles<\/strong>, lorsque l\u2019utilisateur demande des informations sur les services propos\u00e9s.<\/p>\n<\/li>\n<li data-section-id=\"wzhwft\" data-start=\"1982\" data-end=\"2092\">\n<p data-start=\"1984\" data-end=\"2092\"><strong data-start=\"1984\" data-end=\"2023\">L\u2019int\u00e9r\u00eat l\u00e9gitime du responsable<\/strong>, pour am\u00e9liorer la qualit\u00e9 du service et le fonctionnement du site web.<\/p>\n<\/li>\n<\/ul>\n<h2 data-section-id=\"1130t2d\" data-start=\"2099\" data-end=\"2130\"><\/h2>\n<h2 data-section-id=\"1130t2d\" data-start=\"2099\" data-end=\"2130\">4. Conservation des donn\u00e9es<\/h2>\n<p data-start=\"2132\" data-end=\"2405\">Les donn\u00e9es personnelles seront conserv\u00e9es uniquement pendant le temps n\u00e9cessaire pour atteindre la finalit\u00e9 pour laquelle elles ont \u00e9t\u00e9 collect\u00e9es et pour d\u00e9terminer les \u00e9ventuelles responsabilit\u00e9s d\u00e9coulant du traitement, en plus des p\u00e9riodes \u00e9tablies par la r\u00e9glementation applicable.<\/p>\n<h2 data-section-id=\"1o5pdps\" data-start=\"2412\" data-end=\"2444\"><\/h2>\n<h2 data-section-id=\"1o5pdps\" data-start=\"2412\" data-end=\"2444\">5. Destinataires des donn\u00e9es<\/h2>\n<p data-start=\"2446\" data-end=\"2538\">De mani\u00e8re g\u00e9n\u00e9rale, les donn\u00e9es personnelles ne seront pas c\u00e9d\u00e9es \u00e0 des tiers, sauf obligation l\u00e9gale.<\/p>\n<p data-start=\"2540\" data-end=\"2905\">Toutefois, certains prestataires de services assurant un support technique ou des services li\u00e9s au site web (par exemple, l\u2019h\u00e9bergement ou des outils d\u2019analyse web) peuvent avoir acc\u00e8s aux donn\u00e9es en qualit\u00e9 de <strong data-start=\"2763\" data-end=\"2793\">sous-traitants<\/strong>, sous les garanties correspondantes de confidentialit\u00e9 et de respect de la r\u00e9glementation sur la protection des donn\u00e9es.<\/p>\n<h2 data-section-id=\"1oa1oc8\" data-start=\"2912\" data-end=\"2942\"><\/h2>\n<h2 data-section-id=\"1oa1oc8\" data-start=\"2912\" data-end=\"2942\">6. Droits des utilisateurs<\/h2>\n<p data-start=\"2944\" data-end=\"3014\">L\u2019utilisateur peut exercer \u00e0 tout moment les droits suivants :<\/p>\n<ul data-start=\"3016\" data-end=\"3362\">\n<li data-section-id=\"i67tx6\" data-start=\"3016\" data-end=\"3065\">\n<p data-start=\"3018\" data-end=\"3065\">Droit d\u2019<strong data-start=\"3029\" data-end=\"3039\">acc\u00e8s<\/strong> \u00e0 ses donn\u00e9es personnelles.<\/p>\n<\/li>\n<li data-section-id=\"bwwp5m\" data-start=\"3066\" data-end=\"3118\">\n<p data-start=\"3068\" data-end=\"3118\">Droit de <strong data-start=\"3079\" data-end=\"3096\">rectification<\/strong> des donn\u00e9es inexactes.<\/p>\n<\/li>\n<li data-section-id=\"62r1r4\" data-start=\"3119\" data-end=\"3190\">\n<p data-start=\"3121\" data-end=\"3190\">Droit de <strong data-start=\"3132\" data-end=\"3145\">suppression<\/strong> de ses donn\u00e9es lorsqu\u2019elles ne sont plus n\u00e9cessaires.<\/p>\n<\/li>\n<li data-section-id=\"phk4n8\" data-start=\"3191\" data-end=\"3250\">\n<p data-start=\"3193\" data-end=\"3250\">Droit de <strong data-start=\"3204\" data-end=\"3234\">limitation du traitement<\/strong> de ses donn\u00e9es.<\/p>\n<\/li>\n<li data-section-id=\"gw5wwz\" data-start=\"3251\" data-end=\"3295\">\n<p data-start=\"3253\" data-end=\"3295\">Droit d\u2019<strong data-start=\"3264\" data-end=\"3277\">opposition<\/strong> au traitement.<\/p>\n<\/li>\n<li data-section-id=\"dqsbij\" data-start=\"3296\" data-end=\"3362\">\n<p data-start=\"3298\" data-end=\"3362\">Droit \u00e0 la <strong data-start=\"3311\" data-end=\"3340\">portabilit\u00e9 des donn\u00e9es<\/strong> lorsqu\u2019il est applicable.<\/p>\n<\/li>\n<\/ul>\n<p data-start=\"3364\" data-end=\"3472\">Pour exercer ces droits, l\u2019utilisateur peut envoyer une demande indiquant le droit qu\u2019il souhaite exercer \u00e0 : E-mail : <a data-start=\"980\" data-end=\"1009\" class=\"decorated-link cursor-pointer\" rel=\"noopener\">alter-entorn@alter-entorn.com<\/a><\/p>\n<p data-start=\"3364\" data-end=\"3472\">Il a \u00e9galement le droit de pr\u00e9senter une r\u00e9clamation aupr\u00e8s de l\u2019<strong data-start=\"3567\" data-end=\"3617\">Agence Espagnole de Protection des Donn\u00e9es (AEPD)<\/strong> s\u2019il consid\u00e8re que le traitement de ses donn\u00e9es n\u2019est pas conforme \u00e0 la r\u00e9glementation en vigueur.<\/p>\n<h2 data-section-id=\"18gelfi\" data-start=\"3706\" data-end=\"3734\"><\/h2>\n<h2 data-section-id=\"18gelfi\" data-start=\"3706\" data-end=\"3734\">7. S\u00e9curit\u00e9 des donn\u00e9es<\/h2>\n<p data-start=\"3736\" data-end=\"3930\">Alter Entorn S.L. adopte les mesures techniques et organisationnelles n\u00e9cessaires pour garantir la s\u00e9curit\u00e9 des donn\u00e9es personnelles et \u00e9viter leur alt\u00e9ration, perte, traitement ou acc\u00e8s non autoris\u00e9.<\/p>\n<h2 data-section-id=\"1oo7yfu\" data-start=\"3937\" data-end=\"3979\"><\/h2>\n<h2 data-section-id=\"1oo7yfu\" data-start=\"3937\" data-end=\"3979\">8. Modifications de la politique de confidentialit\u00e9<\/h2>\n<p data-start=\"3981\" data-end=\"4161\">Alter Entorn S.L. se r\u00e9serve le droit de modifier la pr\u00e9sente Politique de confidentialit\u00e9 pour l\u2019adapter aux nouveaut\u00e9s l\u00e9gislatives ou jurisprudentielles, ainsi qu\u2019aux pratiques du secteur.<\/p>\n<p><!-- \/wp:paragraph --><\/p>\n<\/div><\/div>\n<\/div>\n<\/div>\n<\/div>\n\n<div class=\"et_pb_section_3 et_pb_section et_section_regular et_block_section\"><\/div>\n\n<div class=\"et_pb_section_4 et_pb_section et_section_regular et_block_section\">\n<div class=\"et_pb_row_3 et_pb_row et_block_row\">\n<div class=\"et_pb_column_3 et_pb_column et_pb_column_4_4 et-last-child et_block_column et_pb_css_mix_blend_mode_passthrough\">\n<div class=\"et_pb_text_2 et_pb_text et_pb_bg_layout_dark et_animated et_pb_module et_block_module et_pb_text_align_center\"><div class=\"et_pb_text_inner\"><p><strong>Trouvez votre solution microbiologique !<\/strong><\/p>\n<\/div><\/div>\n\n<div class=\"et_pb_module et_pb_button_module_wrapper et_pb_button_0_wrapper\"><a class=\"et_pb_button_0 et_pb_button et_pb_bg_layout_light et_animated et_pb_module et_block_module\" href=\"https:\/\/www.organicwastetreatments.com\/fr\/contact\/\">Contact<\/a><\/div>\n<\/div>\n<\/div>\n<\/div>","protected":false},"excerpt":{"rendered":"","protected":false},"author":1,"featured_media":0,"parent":0,"menu_order":0,"comment_status":"closed","ping_status":"closed","template":"","meta":{"footnotes":""},"class_list":["post-868","page","type-page","status-publish","hentry"],"yoast_head":"<!-- This site is optimized with the Yoast SEO plugin v27.0 - https:\/\/yoast.com\/product\/yoast-seo-wordpress\/ -->\n<title>Politique de confidentialit\u00e9 - Organic Waste Treatments<\/title>\n<meta name=\"description\" content=\"En conformit\u00e9 avec les dispositions du R\u00e8glement (UE) 2016\/679 du Parlement europ\u00e9en et du Conseil (RGPD) et de la Loi organique 3\/2018 relative \u00e0 la protection des donn\u00e9es personnelles\" \/>\n<meta name=\"robots\" content=\"index, follow, max-snippet:-1, max-image-preview:large, max-video-preview:-1\" \/>\n<link rel=\"canonical\" href=\"https:\/\/www.organicwastetreatments.com\/fr\/politique-de-confidentialite\/\" \/>\n<meta property=\"og:locale\" content=\"fr_FR\" \/>\n<meta property=\"og:type\" content=\"article\" \/>\n<meta property=\"og:title\" content=\"Politique de confidentialit\u00e9 - Organic Waste Treatments\" \/>\n<meta property=\"og:description\" content=\"En conformit\u00e9 avec les dispositions du R\u00e8glement (UE) 2016\/679 du Parlement europ\u00e9en et du Conseil (RGPD) et de la Loi organique 3\/2018 relative \u00e0 la protection des donn\u00e9es personnelles\" \/>\n<meta property=\"og:url\" content=\"https:\/\/www.organicwastetreatments.com\/fr\/politique-de-confidentialite\/\" \/>\n<meta property=\"og:site_name\" content=\"Organic Waste Treatments\" \/>\n<meta property=\"article:modified_time\" content=\"2026-04-02T09:19:50+00:00\" \/>\n<meta name=\"twitter:card\" content=\"summary_large_image\" \/>\n<script type=\"application\/ld+json\" class=\"yoast-schema-graph\">{\"@context\":\"https:\/\/schema.org\",\"@graph\":[{\"@type\":\"WebPage\",\"@id\":\"https:\/\/www.organicwastetreatments.com\/fr\/politique-de-confidentialite\/\",\"url\":\"https:\/\/www.organicwastetreatments.com\/fr\/politique-de-confidentialite\/\",\"name\":\"Politique de confidentialit\u00e9 - Organic Waste Treatments\",\"isPartOf\":{\"@id\":\"https:\/\/www.organicwastetreatments.com\/fr\/#website\"},\"datePublished\":\"2025-11-27T15:05:45+00:00\",\"dateModified\":\"2026-04-02T09:19:50+00:00\",\"description\":\"En conformit\u00e9 avec les dispositions du R\u00e8glement (UE) 2016\/679 du Parlement europ\u00e9en et du Conseil (RGPD) et de la Loi organique 3\/2018 relative \u00e0 la protection des donn\u00e9es personnelles\",\"breadcrumb\":{\"@id\":\"https:\/\/www.organicwastetreatments.com\/fr\/politique-de-confidentialite\/#breadcrumb\"},\"inLanguage\":\"fr-FR\",\"potentialAction\":[{\"@type\":\"ReadAction\",\"target\":[\"https:\/\/www.organicwastetreatments.com\/fr\/politique-de-confidentialite\/\"]}]},{\"@type\":\"BreadcrumbList\",\"@id\":\"https:\/\/www.organicwastetreatments.com\/fr\/politique-de-confidentialite\/#breadcrumb\",\"itemListElement\":[{\"@type\":\"ListItem\",\"position\":1,\"name\":\"Inici\",\"item\":\"https:\/\/www.organicwastetreatments.com\/fr\/\"},{\"@type\":\"ListItem\",\"position\":2,\"name\":\"Politique de confidentialit\u00e9\"}]},{\"@type\":\"WebSite\",\"@id\":\"https:\/\/www.organicwastetreatments.com\/fr\/#website\",\"url\":\"https:\/\/www.organicwastetreatments.com\/fr\/\",\"name\":\"Organic Waste Treatments\",\"description\":\"\",\"potentialAction\":[{\"@type\":\"SearchAction\",\"target\":{\"@type\":\"EntryPoint\",\"urlTemplate\":\"https:\/\/www.organicwastetreatments.com\/fr\/?s={search_term_string}\"},\"query-input\":{\"@type\":\"PropertyValueSpecification\",\"valueRequired\":true,\"valueName\":\"search_term_string\"}}],\"inLanguage\":\"fr-FR\"}]}<\/script>\n<!-- \/ Yoast SEO plugin. -->","yoast_head_json":{"title":"Politique de confidentialit\u00e9 - Organic Waste Treatments","description":"En conformit\u00e9 avec les dispositions du R\u00e8glement (UE) 2016\/679 du Parlement europ\u00e9en et du Conseil (RGPD) et de la Loi organique 3\/2018 relative \u00e0 la protection des donn\u00e9es personnelles","robots":{"index":"index","follow":"follow","max-snippet":"max-snippet:-1","max-image-preview":"max-image-preview:large","max-video-preview":"max-video-preview:-1"},"canonical":"https:\/\/www.organicwastetreatments.com\/fr\/politique-de-confidentialite\/","og_locale":"fr_FR","og_type":"article","og_title":"Politique de confidentialit\u00e9 - Organic Waste Treatments","og_description":"En conformit\u00e9 avec les dispositions du R\u00e8glement (UE) 2016\/679 du Parlement europ\u00e9en et du Conseil (RGPD) et de la Loi organique 3\/2018 relative \u00e0 la protection des donn\u00e9es personnelles","og_url":"https:\/\/www.organicwastetreatments.com\/fr\/politique-de-confidentialite\/","og_site_name":"Organic Waste Treatments","article_modified_time":"2026-04-02T09:19:50+00:00","twitter_card":"summary_large_image","schema":{"@context":"https:\/\/schema.org","@graph":[{"@type":"WebPage","@id":"https:\/\/www.organicwastetreatments.com\/fr\/politique-de-confidentialite\/","url":"https:\/\/www.organicwastetreatments.com\/fr\/politique-de-confidentialite\/","name":"Politique de confidentialit\u00e9 - Organic Waste Treatments","isPartOf":{"@id":"https:\/\/www.organicwastetreatments.com\/fr\/#website"},"datePublished":"2025-11-27T15:05:45+00:00","dateModified":"2026-04-02T09:19:50+00:00","description":"En conformit\u00e9 avec les dispositions du R\u00e8glement (UE) 2016\/679 du Parlement europ\u00e9en et du Conseil (RGPD) et de la Loi organique 3\/2018 relative \u00e0 la protection des donn\u00e9es personnelles","breadcrumb":{"@id":"https:\/\/www.organicwastetreatments.com\/fr\/politique-de-confidentialite\/#breadcrumb"},"inLanguage":"fr-FR","potentialAction":[{"@type":"ReadAction","target":["https:\/\/www.organicwastetreatments.com\/fr\/politique-de-confidentialite\/"]}]},{"@type":"BreadcrumbList","@id":"https:\/\/www.organicwastetreatments.com\/fr\/politique-de-confidentialite\/#breadcrumb","itemListElement":[{"@type":"ListItem","position":1,"name":"Inici","item":"https:\/\/www.organicwastetreatments.com\/fr\/"},{"@type":"ListItem","position":2,"name":"Politique de confidentialit\u00e9"}]},{"@type":"WebSite","@id":"https:\/\/www.organicwastetreatments.com\/fr\/#website","url":"https:\/\/www.organicwastetreatments.com\/fr\/","name":"Organic Waste Treatments","description":"","potentialAction":[{"@type":"SearchAction","target":{"@type":"EntryPoint","urlTemplate":"https:\/\/www.organicwastetreatments.com\/fr\/?s={search_term_string}"},"query-input":{"@type":"PropertyValueSpecification","valueRequired":true,"valueName":"search_term_string"}}],"inLanguage":"fr-FR"}]}},"_links":{"self":[{"href":"https:\/\/www.organicwastetreatments.com\/fr\/wp-json\/wp\/v2\/pages\/868","targetHints":{"allow":["GET"]}}],"collection":[{"href":"https:\/\/www.organicwastetreatments.com\/fr\/wp-json\/wp\/v2\/pages"}],"about":[{"href":"https:\/\/www.organicwastetreatments.com\/fr\/wp-json\/wp\/v2\/types\/page"}],"author":[{"embeddable":true,"href":"https:\/\/www.organicwastetreatments.com\/fr\/wp-json\/wp\/v2\/users\/1"}],"replies":[{"embeddable":true,"href":"https:\/\/www.organicwastetreatments.com\/fr\/wp-json\/wp\/v2\/comments?post=868"}],"version-history":[{"count":7,"href":"https:\/\/www.organicwastetreatments.com\/fr\/wp-json\/wp\/v2\/pages\/868\/revisions"}],"predecessor-version":[{"id":1029,"href":"https:\/\/www.organicwastetreatments.com\/fr\/wp-json\/wp\/v2\/pages\/868\/revisions\/1029"}],"wp:attachment":[{"href":"https:\/\/www.organicwastetreatments.com\/fr\/wp-json\/wp\/v2\/media?parent=868"}],"curies":[{"name":"wp","href":"https:\/\/api.w.org\/{rel}","templated":true}]}}