{"id":892,"date":"2026-03-28T16:12:59","date_gmt":"2026-03-28T14:12:59","guid":{"rendered":"https:\/\/www.organicwastetreatments.com\/accueil\/"},"modified":"2026-04-02T11:18:34","modified_gmt":"2026-04-02T09:18:34","slug":"accueil","status":"publish","type":"page","link":"https:\/\/www.organicwastetreatments.com\/fr\/","title":{"rendered":"Accueil"},"content":{"rendered":"<div class=\"et_pb_section_0 et_pb_section et_section_regular et_block_section\">\n<div class=\"et_pb_row_0 et_pb_row et_block_row\">\n<div class=\"et_pb_column_0 et_pb_column et_pb_column_4_4 et-last-child et_block_column et_pb_css_mix_blend_mode_passthrough\">\n<div class=\"et_pb_text_0 et_pb_text et_pb_bg_layout_light et_animated et_pb_module et_block_module\"><div class=\"et_pb_text_inner\"><h1>Organic Waste Treatments<\/h1>\n<\/div><\/div>\n\n<div class=\"et_pb_text_1 et_pb_text et_pb_bg_layout_light et_animated et_pb_module et_block_module\"><div class=\"et_pb_text_inner\"><p class=\"p1\">Technologie microbienne avec diff\u00e9rentes applications et b\u00e9n\u00e9fices durables dans le traitement des d\u00e9chets organiques.<\/p>\n<\/div><\/div>\n\n<div class=\"et_pb_module et_pb_button_module_wrapper et_pb_button_0_wrapper\"><a class=\"et_pb_button_0 et_pb_button et_pb_bg_layout_light et_animated et_pb_module et_block_module\" href=\"https:\/\/www.organicwastetreatments.com\/fr\/contact\/\">ContACT<\/a><\/div>\n<\/div>\n<\/div>\n<\/div>\n\n<div class=\"et_pb_section_1 et_pb_section et_section_regular et_block_section\">\n<div class=\"et_pb_row_1 et_pb_row et-vb-row--no-module et_block_row\">\n<div class=\"et_pb_column_1 et_pb_column et_pb_column_4_4 et-last-child et_block_column et_pb_column_empty et_pb_css_mix_blend_mode_passthrough\"><\/div>\n<\/div>\n<\/div>\n\n<div class=\"et_pb_section_2 et_pb_section et_section_regular et_block_section\">\n<div class=\"et_pb_row_2 et_pb_row et_block_row\">\n<div class=\"et_pb_column_2 et_pb_column et_pb_column_4_4 et-last-child et_block_column et_pb_css_mix_blend_mode_passthrough\">\n<div class=\"et_pb_divider_0 et_pb_divider et_pb_space et_pb_divider_position_top et_animated et_pb_module\"><div class=\"et_pb_divider_internal\"><\/div><\/div>\n\n<div class=\"et_pb_text_2 et_pb_text et_pb_bg_layout_light et_animated et_pb_module et_block_module et_pb_text_align_center\"><div class=\"et_pb_text_inner\"><p>Organic Waste Treatments est une entreprise visant \u00e0 proposer des solutions durables dans diff\u00e9rents domaines, sp\u00e9cialis\u00e9e dans le traitement de la mati\u00e8re organique et son adaptation aux traitements ult\u00e9rieurs.<\/p>\n<\/div><\/div>\n\n<div class=\"et_pb_divider_1 et_pb_divider et_pb_space et_pb_divider_position_top et_animated et_pb_module\"><div class=\"et_pb_divider_internal\"><\/div><\/div>\n\n<div class=\"et_pb_module et_pb_button_module_wrapper et_pb_button_1_wrapper\"><a class=\"et_pb_button_1 et_pb_button et_pb_bg_layout_light et_animated et_pb_module et_block_module\" href=\"https:\/\/www.organicwastetreatments.com\/fr\/qui-sommes-nous\/\">qui sommes-nous<\/a><\/div>\n<\/div>\n<\/div>\n<\/div>\n\n<div class=\"et_pb_section_3 et_pb_section et_section_regular et_block_section\">\n<div class=\"et_pb_row_3 et_pb_row et_block_row\">\n<div class=\"et_pb_column_3 et_pb_column et_pb_column_4_4 et-last-child et_block_column et_pb_css_mix_blend_mode_passthrough\">\n<div class=\"et_pb_text_3 et_pb_text et_pb_bg_layout_dark et_animated et_pb_module et_block_module\"><div class=\"et_pb_text_inner\"><h2>Microbiologie Elgan\u00ae<\/h2>\n<\/div><\/div>\n\n<div class=\"et_pb_text_4 et_pb_text et_pb_bg_layout_dark et_animated et_pb_module et_block_module\"><div class=\"et_pb_text_inner\"><p>Elgan\u00ae est une technologie microbienne avec diff\u00e9rentes applications et b\u00e9n\u00e9fices durables dans le traitement des d\u00e9chets organiques de diff\u00e9rents secteurs d\u2019activit\u00e9.<\/p>\n<\/div><\/div>\n\n<div class=\"et_pb_module et_pb_button_module_wrapper et_pb_button_2_wrapper\"><a class=\"et_pb_button_2 et_pb_button et_pb_bg_layout_light et_animated et_pb_module et_block_module\" href=\"https:\/\/www.organicwastetreatments.com\/fr\/microbiologie-elgan\/\">Microbiologie Elgan<\/a><\/div>\n<\/div>\n<\/div>\n<\/div>\n\n<div class=\"et_pb_section_4 et_pb_section et_section_regular et_block_section\">\n<div class=\"et_pb_row_4 et_pb_row et_block_row\">\n<div class=\"et_pb_column_4 et_pb_column et_pb_column_4_4 et-last-child et_block_column et_pb_css_mix_blend_mode_passthrough\">\n<div class=\"et_pb_text_5 et_pb_text et_pb_bg_layout_light et_animated et_pb_module et_block_module\"><div class=\"et_pb_text_inner\"><h2>Secteurs et Solutions<\/h2>\n<\/div><\/div>\n\n<div class=\"et_pb_divider_2 et_pb_divider et_pb_space et_pb_divider_position_top et_animated et_pb_module\"><div class=\"et_pb_divider_internal\"><\/div><\/div>\n<\/div>\n<\/div>\n\n<div class=\"et_pb_row_5 et_pb_row et_block_row\">\n<div class=\"et_pb_column_5 et_pb_column et_pb_column_1_3 et_block_column et_pb_css_mix_blend_mode_passthrough\">\n<div class=\"et_pb_blurb_0 et_pb_blurb et_pb_bg_layout_light et_pb_blurb_position_top et_animated et_pb_module et_block_module\"><div class=\"et_pb_blurb_content\"><div class=\"et_pb_main_blurb_image\"><span class=\"et_pb_image_wrap et_pb_only_image_mode_wrap\"><img loading=\"lazy\" decoding=\"async\" src=\"https:\/\/www.organicwastetreatments.com\/wp-content\/uploads\/2026\/03\/Plantas-de-01-compostaje-w200.png\" alt=\"una casa y un cami\u00f3n de reciclaje\" width=\"200\" height=\"100\" sizes=\"(max-width: 200px) 100vw, 200px\" class=\"et-waypoint et_pb_animation_top et_pb_animation_top_tablet et_pb_animation_top_phone wp-image-417\" title=\"Plantas de compostaje\" \/><\/span><\/div><div class=\"et_pb_blurb_container\"><h4 class=\"et_pb_module_header\">Usines de compostage<\/h4><div class=\"et_pb_blurb_description\"><p>Les b\u00e9n\u00e9fices de la microbiologie Elgan\u00ae pour les usines de compostage en g\u00e9n\u00e9ral...<\/p>\n<\/div><\/div><\/div><\/div>\n<\/div>\n\n<div class=\"et_pb_column_6 et_pb_column et_pb_column_1_3 et_block_column et_pb_css_mix_blend_mode_passthrough\">\n<div class=\"et_pb_blurb_1 et_pb_blurb et_pb_bg_layout_light et_pb_blurb_position_top et_animated et_pb_module et_block_module\"><div class=\"et_pb_blurb_content\"><div class=\"et_pb_main_blurb_image\"><span class=\"et_pb_image_wrap et_pb_only_image_mode_wrap\"><img loading=\"lazy\" decoding=\"async\" src=\"https:\/\/www.organicwastetreatments.com\/wp-content\/uploads\/2026\/03\/02-Plantas-de-tratamiento-de-residuos-w200.png\" alt=\"una planta de residuos y un cami\u00f3n\" width=\"200\" height=\"100\" sizes=\"(max-width: 200px) 100vw, 200px\" class=\"et-waypoint et_pb_animation_top et_pb_animation_top_tablet et_pb_animation_top_phone wp-image-419\" title=\"Plantas de tratamiento de residuos\" \/><\/span><\/div><div class=\"et_pb_blurb_container\"><h4 class=\"et_pb_module_header\">Usines de traitement des d\u00e9chets et de transfert<\/h4><div class=\"et_pb_blurb_description\"><p>Microbiologie Elgan\u00ae pour la r\u00e9duction des mauvaises odeurs et des mouches.<\/p>\n<\/div><\/div><\/div><\/div>\n<\/div>\n\n<div class=\"et_pb_column_7 et_pb_column et_pb_column_1_3 et-last-child et_block_column et_pb_css_mix_blend_mode_passthrough\">\n<div class=\"et_pb_blurb_2 et_pb_blurb et_pb_bg_layout_light et_pb_blurb_position_top et_animated et_pb_module et_block_module\"><div class=\"et_pb_blurb_content\"><div class=\"et_pb_main_blurb_image\"><span class=\"et_pb_image_wrap et_pb_only_image_mode_wrap\"><img loading=\"lazy\" decoding=\"async\" src=\"https:\/\/www.organicwastetreatments.com\/wp-content\/uploads\/2026\/03\/03-Digestion-anaerobia-w200.png\" alt=\"f\u00e1brica de digesti\u00f3n\" width=\"200\" height=\"100\" sizes=\"(max-width: 200px) 100vw, 200px\" class=\"et-waypoint et_pb_animation_top et_pb_animation_top_tablet et_pb_animation_top_phone wp-image-422\" title=\"Digestio\u0301n anaerobia\" \/><\/span><\/div><div class=\"et_pb_blurb_container\"><h4 class=\"et_pb_module_header\">Digestion ana\u00e9robie<\/h4><div class=\"et_pb_blurb_description\"><p>Nous apportons des solutions pour :<br \/>\nLa r\u00e9duction de la concentration de NH3 dans les digesteurs et de H2S.<\/p>\n<\/div><\/div><\/div><\/div>\n<\/div>\n<\/div>\n\n<div class=\"et_pb_row_6 et_pb_row et_block_row\">\n<div class=\"et_pb_column_8 et_pb_column et_pb_column_1_2 et_block_column et_pb_css_mix_blend_mode_passthrough\">\n<div class=\"et_pb_blurb_3 et_pb_blurb et_pb_bg_layout_light et_pb_blurb_position_top et_animated et_pb_module et_block_module\"><div class=\"et_pb_blurb_content\"><div class=\"et_pb_main_blurb_image\"><span class=\"et_pb_image_wrap et_pb_only_image_mode_wrap\"><img loading=\"lazy\" decoding=\"async\" src=\"https:\/\/www.organicwastetreatments.com\/wp-content\/uploads\/2026\/03\/04-Balsas-de-lixiviados-w200.png\" width=\"200\" height=\"100\" sizes=\"(max-width: 200px) 100vw, 200px\" class=\"et-waypoint et_pb_animation_top et_pb_animation_top_tablet et_pb_animation_top_phone wp-image-424\" title=\"04-Balsas de lixiviados-w200\" \/><\/span><\/div><div class=\"et_pb_blurb_container\"><h4 class=\"et_pb_module_header\">Bassins de lixiviats et fosses septiques<\/h4><div class=\"et_pb_blurb_description\"><p>Pour \u00e9viter les probl\u00e8mes d\u2019odeurs, il est n\u00e9cessaire d\u2019ajouter de l\u2019oxyg\u00e8ne aussi bien dans les bassins de lixiviats que dans les fosses septiques.<\/p>\n<\/div><\/div><\/div><\/div>\n<\/div>\n\n<div class=\"et_pb_column_9 et_pb_column et_pb_column_1_2 et-last-child et_block_column et_pb_css_mix_blend_mode_passthrough\">\n<div class=\"et_pb_blurb_4 et_pb_blurb et_pb_bg_layout_light et_pb_blurb_position_top et_animated et_pb_module et_block_module\"><div class=\"et_pb_blurb_content\"><div class=\"et_pb_main_blurb_image\"><span class=\"et_pb_image_wrap et_pb_only_image_mode_wrap\"><img loading=\"lazy\" decoding=\"async\" src=\"https:\/\/www.organicwastetreatments.com\/wp-content\/uploads\/2026\/03\/05-Compostar-en-casa-w200.png\" width=\"200\" height=\"100\" sizes=\"(max-width: 200px) 100vw, 200px\" class=\"et-waypoint et_pb_animation_top et_pb_animation_top_tablet et_pb_animation_top_phone wp-image-425\" title=\"05-Compostar en casa-w200\" \/><\/span><\/div><div class=\"et_pb_blurb_container\"><h4 class=\"et_pb_module_header\">Composter \u00e0 la maison<\/h4><div class=\"et_pb_blurb_description\"><p>Souvent, pour ne pas dire toujours, le compostage est assimil\u00e9 \u00e0 tort aux mauvaises odeurs, aux mouches et au travail.<\/p>\n<\/div><\/div><\/div><\/div>\n<\/div>\n<\/div>\n\n<div class=\"et_pb_row_7 et_pb_row et_block_row\">\n<div class=\"et_pb_column_10 et_pb_column et_pb_column_4_4 et-last-child et_block_column et_pb_css_mix_blend_mode_passthrough\">\n<div class=\"et_pb_module et_pb_button_module_wrapper et_pb_button_3_wrapper\"><a class=\"et_pb_button_3 et_pb_button et_pb_bg_layout_light et_animated et_pb_module et_block_module\" href=\"https:\/\/www.organicwastetreatments.com\/fr\/secteurs-et-solutions\/\">Secteurs et Solutions<\/a><\/div>\n<\/div>\n<\/div>\n<\/div>\n\n<div class=\"et_pb_section_5 et_pb_section et_section_regular et_block_section\">\n<div class=\"et_pb_row_8 et_pb_row et_block_row\">\n<div class=\"et_pb_column_11 et_pb_column et_pb_column_4_4 et-last-child et_block_column et_pb_css_mix_blend_mode_passthrough\">\n<div class=\"et_pb_text_6 et_pb_text et_pb_bg_layout_dark et_animated et_pb_module et_block_module\"><div class=\"et_pb_text_inner\"><h2>Compost microbiologique<\/h2>\n<\/div><\/div>\n\n<div class=\"et_pb_text_7 et_pb_text et_pb_bg_layout_dark et_animated et_pb_module et_block_module\"><div class=\"et_pb_text_inner\"><p>Elgan\u00ae est une technologie microbienne avec diff\u00e9rentes applications et b\u00e9n\u00e9fices durables dans le traitement des d\u00e9chets organiques de diff\u00e9rents secteurs d\u2019activit\u00e9.<\/p>\n<\/div><\/div>\n\n<div class=\"et_pb_module et_pb_button_module_wrapper et_pb_button_4_wrapper\"><a class=\"et_pb_button_4 et_pb_button et_pb_bg_layout_light et_animated et_pb_module et_block_module\" href=\"https:\/\/www.organicwastetreatments.com\/fr\/compost-microbiologique\/\">Compost microbiologique<\/a><\/div>\n<\/div>\n<\/div>\n<\/div>\n\n<div class=\"et_pb_section_6 et_pb_section et_section_regular et_block_section\">\n<div class=\"et_pb_row_9 et_pb_row et_block_row\">\n<div class=\"et_pb_column_12 et_pb_column et_pb_column_4_4 et-last-child et_block_column et_pb_css_mix_blend_mode_passthrough\">\n<div class=\"et_pb_text_8 et_pb_text et_pb_bg_layout_light et_animated et_pb_module et_block_module\"><div class=\"et_pb_text_inner\"><h2>Des d\u00e9chets \u00e0 la mati\u00e8re premi\u00e8re<\/h2>\n<\/div><\/div>\n\n<div class=\"et_pb_divider_3 et_pb_divider et_pb_space et_pb_divider_position_top et_animated et_pb_module\"><div class=\"et_pb_divider_internal\"><\/div><\/div>\n<\/div>\n<\/div>\n\n<div class=\"et_pb_row_10 et_pb_row et_flex_row\">\n<div class=\"et_pb_column_13 et_pb_column et-last-child et_flex_column et_pb_css_mix_blend_mode_passthrough et_flex_column_24_24 et_flex_column_24_24_tablet et_flex_column_24_24_phone\">\n<div class=\"et_pb_video_0 et_pb_video et_animated et_pb_module et_flex_module\"><div class=\"et_pb_video_box\"><video controls><source type=\"video\/mp4\" src=\"https:\/\/www.organicwastetreatments.com\/wp-content\/uploads\/2026\/02\/ORGANICWASTETREATMENTS-Limpieza-y-desincrustacion-de-excremento-360p.mp4\" \/><\/video><\/div><\/div>\n<\/div>\n<\/div>\n\n<div class=\"et_pb_row_11 et_pb_row et_flex_row\">\n<div class=\"et_pb_column_14 et_pb_column et-last-child et_flex_column et_pb_css_mix_blend_mode_passthrough et_flex_column_24_24 et_flex_column_24_24_tablet et_flex_column_24_24_phone\">\n<div class=\"et_pb_text_9 et_pb_text et_pb_bg_layout_light et_pb_module et_flex_module\"><div class=\"et_pb_text_inner\"><p>Transcription de la vid\u00e9o : D\u00e9monstration de nettoyage de restes organiques dans une installation industrielle par l\u2019application d\u2019un traitement biologique avec pulv\u00e9risateur manuel.<\/p>\n<\/div><\/div>\n<\/div>\n<\/div>\n\n<div class=\"et_pb_row_12 et_pb_row et_flex_row\">\n<div class=\"et_pb_column_15 et_pb_column et-last-child et_flex_column et_pb_css_mix_blend_mode_passthrough et_flex_column_24_24 et_flex_column_24_24_tablet et_flex_column_24_24_phone\">\n<div class=\"et_pb_text_10 et_pb_text et_pb_bg_layout_light et_pb_module et_block_module\"><div class=\"et_pb_text_inner\"><p>Nous traitons la mati\u00e8re organique dans les usines de compostage, les \u00e9coparcs, les fermes et les stations d\u2019\u00e9puration pour r\u00e9duire les odeurs, la consommation d\u2019\u00e9nergie et le temps de traitement.<\/p>\n<\/div><\/div>\n<\/div>\n<\/div>\n\n<div class=\"et_pb_row_13 et_pb_row et_block_row et_animated\">\n<div class=\"et_pb_column_16 et_pb_column et_pb_column_1_3 et_block_column et_pb_css_mix_blend_mode_passthrough\">\n<div class=\"et_pb_text_11 et_pb_text et_pb_bg_layout_light et_pb_module et_block_module\"><div class=\"et_pb_text_inner\"><h5>Impact social<\/h5>\n<p>Jusqu\u2019\u00e0 90 % d\u2019odeurs et de mouches en moins, am\u00e9lioration des conditions de travail, meilleure image.<\/p>\n<\/div><\/div>\n<\/div>\n\n<div class=\"et_pb_column_17 et_pb_column et_pb_column_1_3 et_block_column et_pb_css_mix_blend_mode_passthrough\">\n<div class=\"et_pb_text_12 et_pb_text et_pb_bg_layout_light et_pb_module et_block_module\"><div class=\"et_pb_text_inner\"><h5>Impact \u00e9conomique et environnemental<\/h5>\n<p>Moins de retournement et moins d\u2019\u00e9missions, r\u00e9duction du temps des processus de compostage.<\/p>\n<\/div><\/div>\n<\/div>\n\n<div class=\"et_pb_column_18 et_pb_column et_pb_column_1_3 et-last-child et_block_column et_pb_css_mix_blend_mode_passthrough\">\n<div class=\"et_pb_text_13 et_pb_text et_pb_bg_layout_light et_pb_module et_block_module\"><div class=\"et_pb_text_inner\"><h5>Produits certifi\u00e9s<\/h5>\n<p>Certifi\u00e9 par ECOCERT\u00ae, s\u00fbr pour les personnes et l\u2019environnement.<\/p>\n<\/div><\/div>\n<\/div>\n<\/div>\n<\/div>\n\n<div class=\"et_pb_section_7 et_pb_section et_section_regular et_block_section\">\n<div class=\"et_pb_row_14 et_pb_row et_block_row\">\n<div class=\"et_pb_column_19 et_pb_column et_pb_column_4_4 et-last-child et_block_column et_pb_css_mix_blend_mode_passthrough\">\n<div class=\"et_pb_text_14 et_pb_text et_pb_bg_layout_dark et_animated et_pb_module et_block_module et_pb_text_align_center\"><div class=\"et_pb_text_inner\"><p><strong>Trouvez votre solution microbiologique !<\/strong><\/p>\n<\/div><\/div>\n\n<div class=\"et_pb_module et_pb_button_module_wrapper et_pb_button_5_wrapper\"><a class=\"et_pb_button_5 et_pb_button et_pb_bg_layout_light et_animated et_pb_module et_block_module\" href=\"https:\/\/www.organicwastetreatments.com\/fr\/contact\/\">Contact<\/a><\/div>\n<\/div>\n<\/div>\n<\/div>","protected":false},"excerpt":{"rendered":"","protected":false},"author":3,"featured_media":0,"parent":0,"menu_order":0,"comment_status":"closed","ping_status":"closed","template":"","meta":{"footnotes":""},"class_list":["post-892","page","type-page","status-publish","hentry"],"yoast_head":"<!-- This site is optimized with the Yoast SEO plugin v27.0 - https:\/\/yoast.com\/product\/yoast-seo-wordpress\/ -->\n<title>Bienvenue - Organic Waste Treatments<\/title>\n<meta name=\"description\" content=\"Technologie microbienne avec diff\u00e9rentes applications et b\u00e9n\u00e9fices durables dans le traitement des d\u00e9chets organiques.\" \/>\n<meta name=\"robots\" content=\"index, follow, max-snippet:-1, max-image-preview:large, max-video-preview:-1\" \/>\n<link rel=\"canonical\" href=\"https:\/\/www.organicwastetreatments.com\/fr\/\" \/>\n<meta property=\"og:locale\" content=\"fr_FR\" \/>\n<meta property=\"og:type\" content=\"article\" \/>\n<meta property=\"og:title\" content=\"Bienvenue - Organic Waste Treatments\" \/>\n<meta property=\"og:description\" content=\"Technologie microbienne avec diff\u00e9rentes applications et b\u00e9n\u00e9fices durables dans le traitement des d\u00e9chets organiques.\" \/>\n<meta property=\"og:url\" content=\"https:\/\/www.organicwastetreatments.com\/fr\/\" \/>\n<meta property=\"og:site_name\" content=\"Organic Waste Treatments\" \/>\n<meta property=\"article:modified_time\" content=\"2026-04-02T09:18:34+00:00\" \/>\n<meta name=\"twitter:card\" content=\"summary_large_image\" \/>\n<script type=\"application\/ld+json\" class=\"yoast-schema-graph\">{\"@context\":\"https:\/\/schema.org\",\"@graph\":[{\"@type\":\"WebPage\",\"@id\":\"https:\/\/www.organicwastetreatments.com\/fr\/\",\"url\":\"https:\/\/www.organicwastetreatments.com\/fr\/\",\"name\":\"Bienvenue - Organic Waste Treatments\",\"isPartOf\":{\"@id\":\"https:\/\/www.organicwastetreatments.com\/fr\/#website\"},\"datePublished\":\"2026-03-28T14:12:59+00:00\",\"dateModified\":\"2026-04-02T09:18:34+00:00\",\"description\":\"Technologie microbienne avec diff\u00e9rentes applications et b\u00e9n\u00e9fices durables dans le traitement des d\u00e9chets organiques.\",\"breadcrumb\":{\"@id\":\"https:\/\/www.organicwastetreatments.com\/fr\/#breadcrumb\"},\"inLanguage\":\"fr-FR\",\"potentialAction\":[{\"@type\":\"ReadAction\",\"target\":[\"https:\/\/www.organicwastetreatments.com\/fr\/\"]}]},{\"@type\":\"BreadcrumbList\",\"@id\":\"https:\/\/www.organicwastetreatments.com\/fr\/#breadcrumb\",\"itemListElement\":[{\"@type\":\"ListItem\",\"position\":1,\"name\":\"Inici\",\"item\":\"https:\/\/www.organicwastetreatments.com\/fr\/\"},{\"@type\":\"ListItem\",\"position\":2,\"name\":\"Accueil\"}]},{\"@type\":\"WebSite\",\"@id\":\"https:\/\/www.organicwastetreatments.com\/fr\/#website\",\"url\":\"https:\/\/www.organicwastetreatments.com\/fr\/\",\"name\":\"Organic Waste Treatments\",\"description\":\"\",\"potentialAction\":[{\"@type\":\"SearchAction\",\"target\":{\"@type\":\"EntryPoint\",\"urlTemplate\":\"https:\/\/www.organicwastetreatments.com\/fr\/?s={search_term_string}\"},\"query-input\":{\"@type\":\"PropertyValueSpecification\",\"valueRequired\":true,\"valueName\":\"search_term_string\"}}],\"inLanguage\":\"fr-FR\"}]}<\/script>\n<!-- \/ Yoast SEO plugin. -->","yoast_head_json":{"title":"Bienvenue - Organic Waste Treatments","description":"Technologie microbienne avec diff\u00e9rentes applications et b\u00e9n\u00e9fices durables dans le traitement des d\u00e9chets organiques.","robots":{"index":"index","follow":"follow","max-snippet":"max-snippet:-1","max-image-preview":"max-image-preview:large","max-video-preview":"max-video-preview:-1"},"canonical":"https:\/\/www.organicwastetreatments.com\/fr\/","og_locale":"fr_FR","og_type":"article","og_title":"Bienvenue - Organic Waste Treatments","og_description":"Technologie microbienne avec diff\u00e9rentes applications et b\u00e9n\u00e9fices durables dans le traitement des d\u00e9chets organiques.","og_url":"https:\/\/www.organicwastetreatments.com\/fr\/","og_site_name":"Organic Waste Treatments","article_modified_time":"2026-04-02T09:18:34+00:00","twitter_card":"summary_large_image","schema":{"@context":"https:\/\/schema.org","@graph":[{"@type":"WebPage","@id":"https:\/\/www.organicwastetreatments.com\/fr\/","url":"https:\/\/www.organicwastetreatments.com\/fr\/","name":"Bienvenue - Organic Waste Treatments","isPartOf":{"@id":"https:\/\/www.organicwastetreatments.com\/fr\/#website"},"datePublished":"2026-03-28T14:12:59+00:00","dateModified":"2026-04-02T09:18:34+00:00","description":"Technologie microbienne avec diff\u00e9rentes applications et b\u00e9n\u00e9fices durables dans le traitement des d\u00e9chets organiques.","breadcrumb":{"@id":"https:\/\/www.organicwastetreatments.com\/fr\/#breadcrumb"},"inLanguage":"fr-FR","potentialAction":[{"@type":"ReadAction","target":["https:\/\/www.organicwastetreatments.com\/fr\/"]}]},{"@type":"BreadcrumbList","@id":"https:\/\/www.organicwastetreatments.com\/fr\/#breadcrumb","itemListElement":[{"@type":"ListItem","position":1,"name":"Inici","item":"https:\/\/www.organicwastetreatments.com\/fr\/"},{"@type":"ListItem","position":2,"name":"Accueil"}]},{"@type":"WebSite","@id":"https:\/\/www.organicwastetreatments.com\/fr\/#website","url":"https:\/\/www.organicwastetreatments.com\/fr\/","name":"Organic Waste Treatments","description":"","potentialAction":[{"@type":"SearchAction","target":{"@type":"EntryPoint","urlTemplate":"https:\/\/www.organicwastetreatments.com\/fr\/?s={search_term_string}"},"query-input":{"@type":"PropertyValueSpecification","valueRequired":true,"valueName":"search_term_string"}}],"inLanguage":"fr-FR"}]}},"_links":{"self":[{"href":"https:\/\/www.organicwastetreatments.com\/fr\/wp-json\/wp\/v2\/pages\/892","targetHints":{"allow":["GET"]}}],"collection":[{"href":"https:\/\/www.organicwastetreatments.com\/fr\/wp-json\/wp\/v2\/pages"}],"about":[{"href":"https:\/\/www.organicwastetreatments.com\/fr\/wp-json\/wp\/v2\/types\/page"}],"author":[{"embeddable":true,"href":"https:\/\/www.organicwastetreatments.com\/fr\/wp-json\/wp\/v2\/users\/3"}],"replies":[{"embeddable":true,"href":"https:\/\/www.organicwastetreatments.com\/fr\/wp-json\/wp\/v2\/comments?post=892"}],"version-history":[{"count":9,"href":"https:\/\/www.organicwastetreatments.com\/fr\/wp-json\/wp\/v2\/pages\/892\/revisions"}],"predecessor-version":[{"id":1026,"href":"https:\/\/www.organicwastetreatments.com\/fr\/wp-json\/wp\/v2\/pages\/892\/revisions\/1026"}],"wp:attachment":[{"href":"https:\/\/www.organicwastetreatments.com\/fr\/wp-json\/wp\/v2\/media?parent=892"}],"curies":[{"name":"wp","href":"https:\/\/api.w.org\/{rel}","templated":true}]}}